{"id":19782,"date":"2022-07-01T10:15:10","date_gmt":"2022-07-01T10:15:10","guid":{"rendered":"https:\/\/coateel.it\/gamma-produttiva\/"},"modified":"2025-06-11T10:00:49","modified_gmt":"2025-06-11T10:00:49","slug":"produktpalette","status":"publish","type":"page","link":"https:\/\/coateel.it\/de\/produktpalette\/","title":{"rendered":"Coateel &#8211; Gamma produttiva &#8211; DE"},"content":{"rendered":"<div class=\"wpb-content-wrapper\"><p>[vc_row full_width=&#8220;stretch_row_content_no_spaces&#8220; css=&#8220;.vc_custom_1656671287658{margin-bottom: 2em !important;background-image: url(https:\/\/coateel.it\/wp-content\/uploads\/2022\/07\/Marcegaglia-Coateel-product-range.jpg?id=19188) !important;background-position: center !important;background-repeat: no-repeat !important;background-size: cover !important;}&#8220; el_id=&#8220;desk&#8220;][vc_column css=&#8220;.vc_custom_1588591974425{padding-top: 10em !important;padding-bottom: 10em !important;background-position: center !important;background-repeat: no-repeat !important;background-size: cover !important;}&#8220; el_id=&#8220;desk&#8220; offset=&#8220;vc_hidden-sm vc_hidden-xs&#8220;][\/vc_column][\/vc_row][vc_row full_width=&#8220;stretch_row_content_no_spaces&#8220; css=&#8220;.vc_custom_1656671306848{margin-bottom: 2em !important;padding-top: 5em !important;padding-bottom: 5em !important;background-image: url(https:\/\/coateel.it\/wp-content\/uploads\/2022\/07\/Marcegaglia-Coateel-product-range-mobile.jpg?id=19190) !important;background-position: center !important;background-repeat: no-repeat !important;background-size: cover !important;}&#8220; el_id=&#8220;resp&#8220;][vc_column css=&#8220;.vc_custom_1588592239658{background-position: center !important;background-repeat: no-repeat !important;background-size: cover !important;}&#8220; el_id=&#8220;resp&#8220; offset=&#8220;vc_hidden-lg vc_hidden-md&#8220;][\/vc_column][\/vc_row][vc_row full_width=&#8220;stretch_row&#8220; css=&#8220;.vc_custom_1585049350308{margin-bottom: 2em !important;background-position: center !important;background-repeat: no-repeat !important;background-size: cover !important;}&#8220;][vc_column width=&#8220;1\/2&#8243; css=&#8220;.vc_custom_1656515777122{margin-right: 500px !important;}&#8220;][vc_column_text]<\/p>\n<h2><span style=\"color: #609657;\">DIE PERFEKTE BESCHICHTUNG F\u00dcR IHRE BED\u00dcRFNISSE<\/span><\/h2>\n<p>[\/vc_column_text][vc_empty_space height=&#8220;30px&#8220;][vc_column_text]COATEEL<sup>\u00ae<\/sup> ist das Ergebnis unserer <strong>Innovationsf\u00e4higkeit<\/strong> in Kombination mit <strong>technischem<\/strong> <strong>Fachwissen<\/strong> und <strong>Produktionsflexibilit\u00e4t<\/strong>, um die Kundenbed\u00fcrfnisse z\u00fcgig zu erf\u00fcllen.<br \/>\n<strong>Synergien<\/strong> zwischen verschiedenen Schichten, die zusammenwirken, um das verzinkte Kohlenstoffstahl-Basissubstrat zu verst\u00e4rken, sorgen f\u00fcr maximale Leistung in Bezug auf Korrosions- und UV-Best\u00e4ndigkeit, Brillanz, Elastizit\u00e4t und Haltbarkeit sowie eine umfassende Farbpalette.<br \/>\nUnser spezialisiertes Team steht Ihnen zur Verf\u00fcgung, um die effektivste L\u00f6sung in Partnerschaft mit dem Kunden zu studieren, basierend auf der finalen Anwendung.[\/vc_column_text][vc_empty_space height=&#8220;30px&#8220;][vc_column_text]COATEEL<sup>\u00ae<\/sup> wird in Ravenna, Italien, in <strong>Marcegaglias gr\u00f6\u00dftem metallverarbeitenden Werk<\/strong> produziert, dem wichtigsten logistischen und intermodalen Drehkreuz aller industriellen Aktivit\u00e4ten des Konzerns, was dank eines gro\u00dfen Investitionsplans, der sich in den letzten zwanzig Jahren verf\u00fcnffacht hat und zu einer Verdoppelung der COATEEL<sup>\u00ae<\/sup> -Kapazit\u00e4ten in der Coil- und Blechproduktion gef\u00fchrt hat, auf die f\u00fchrenden Industrie-4.0-Technologien angepasst wurde.[\/vc_column_text][\/vc_column][vc_column width=&#8220;1\/2&#8243;][vc_empty_space height=&#8220;60&#8243;][vc_row_inner][vc_column_inner][vc_single_image image=&#8220;19786&#8243; img_size=&#8220;550&#215;351&#8243;][\/vc_column_inner][\/vc_row_inner][vc_empty_space height=&#8220;50&#8243;][vc_row_inner][vc_column_inner width=&#8220;1\/3&#8243;][vc_single_image image=&#8220;19991&#8243; img_size=&#8220;30px&#8220; alignment=&#8220;right&#8220; onclick=&#8220;custom_link&#8220; img_link_target=&#8220;_blank&#8220; link=&#8220;https:\/\/coateel.it\/wp-content\/uploads\/2025\/06\/Marcegaglia-Coateel-coating-system-overview-1.pdf&#8220;][\/vc_column_inner][vc_column_inner width=&#8220;2\/3&#8243;][vc_column_text]<span style=\"color: #609657;\">COATING SYSTEM OVERVIEW<\/span>[\/vc_column_text][\/vc_column_inner][\/vc_row_inner][\/vc_column][\/vc_row][vc_row][vc_column][vc_empty_space height=&#8220;50&#8243;][\/vc_column][\/vc_row][vc_row full_width=&#8220;stretch_row&#8220; css=&#8220;.vc_custom_1585049350308{margin-bottom: 2em !important;background-position: center !important;background-repeat: no-repeat !important;background-size: cover !important;}&#8220;][vc_column width=&#8220;1\/2&#8243;][vc_row_inner][vc_column_inner][vc_single_image image=&#8220;19793&#8243; img_size=&#8220;full&#8220;][\/vc_column_inner][\/vc_row_inner][vc_empty_space height=&#8220;50&#8243;][\/vc_column][vc_column width=&#8220;1\/2&#8243; css=&#8220;.vc_custom_1656515777122{margin-right: 500px !important;}&#8220;][vc_column_text]<\/p>\n<p style=\"line-height: 20px;\"><span style=\"font-size: 16px;\"><span style=\"color: #609657;\"><strong>\u00dcBERZUGSFILM<\/strong><\/span><\/span><br \/>\n<span style=\"color: #609657;\">F\u00fcr jeden Produktbedarf eine andere Farbe.<\/span><\/p>\n<p>[\/vc_column_text][vc_empty_space height=&#8220;10&#8243;][vc_column_text]<\/p>\n<p style=\"line-height: 16px;\"><span style=\"font-size: 14px;\"><strong>PE<\/strong> Polyester<\/span><br \/>\n<span style=\"font-size: 14px;\"><strong>PE PA<\/strong> Polyester-Polyamid<\/span><br \/>\n<span style=\"font-size: 14px;\"><strong>PE MOD<\/strong> modifiziertes Polyester<\/span><br \/>\n<span style=\"font-size: 14px;\"><strong>PE FLEX<\/strong> langkettiges Polyester<\/span><br \/>\n<span style=\"font-size: 14px;\"><strong>PVDF<\/strong> Polyvinylidenfluorid<\/span><br \/>\n<span style=\"font-size: 14px;\"><strong>PUR<\/strong> Polyurethan<\/span><br \/>\n<span style=\"font-size: 14px;\"><strong>PUR PA<\/strong> Polyurethan mit Polyamid verst\u00e4rkt <\/span><br \/>\n<span style=\"font-size: 14px;\"><strong>PUR MOD<\/strong> modifiziertes Polyurethan<\/span><br \/>\n<span style=\"font-size: 14px;\"><strong>SPE<\/strong> Super Polyester<\/span><br \/>\n<span style=\"font-size: 14px;\"><strong>SPE PA<\/strong> Super Polyester-Polyamid<\/span><br \/>\n<span style=\"font-size: 14px;\"><strong>SPE PUR<\/strong> Super Polyester-Polyurethan<\/span><br \/>\n<span style=\"font-size: 14px;\"><strong>PLASTISOL<\/strong> Polyvinylchlorid PVC<\/span><\/p>\n<p>[\/vc_column_text][vc_empty_space height=&#8220;50&#8243;][vc_column_text]<\/p>\n<p style=\"line-height: 20px;\"><span style=\"font-size: 16px;\"><span style=\"color: #609657;\"><strong>GRUNDIERUNG<\/strong><\/span><\/span><br \/>\n<span style=\"color: #609657;\">Je nach Endanwendung werden verschiedene Arten von Korrosionsschutzgrundierungen verwendet, um die Korrosionsbest\u00e4ndigkeit zu erh\u00f6hen \u2013 auch in Extremsituationen.<\/span><\/p>\n<p>[\/vc_column_text][vc_empty_space height=&#8220;10&#8243;][vc_column_text]<\/p>\n<p style=\"line-height: 16px;\"><span style=\"font-size: 14px;\"><strong>PE<\/strong> Epoxid-Polyester-Grundierung <\/span><br \/>\n<span style=\"font-size: 14px;\"><strong>PUR<\/strong> Polyurethan-Grundierung<\/span><br \/>\n<span style=\"font-size: 14px;\"><strong>ACR<\/strong> Acryl-Grundierung<\/span><span style=\"font-size: 14px;\"><br \/>\n<\/span><\/p>\n<p>[\/vc_column_text][vc_empty_space height=&#8220;50&#8243;][vc_column_text]<\/p>\n<p style=\"line-height: 20px;\"><span style=\"font-size: 16px;\"><span style=\"color: #609657;\"><strong>SUBSTRAT<\/strong><\/span><\/span><br \/>\n<span style=\"color: #609657;\">Verzinkter Stahl mit einer gro\u00dfen Auswahl in Qualit\u00e4t und hervorragende Umformeigenschaften, Marcegaglias Garantie f\u00fcr die Haltbarkeit der Produkte und Schutz vor Korrosion.<\/span><\/p>\n<p>[\/vc_column_text][vc_empty_space height=&#8220;10&#8243;][vc_column_text]<\/p>\n<p style=\"line-height: 16px;\"><span style=\"font-size: 14px;\">Z100, Z140, Z200, Z225, Z275<\/span><span style=\"font-size: 14px;\"><br \/>\n<\/span><\/p>\n<p>[\/vc_column_text][vc_empty_space height=&#8220;50&#8243;][vc_column_text]<\/p>\n<p style=\"line-height: 20px;\"><span style=\"font-size: 16px;\"><span style=\"color: #609657;\"><strong>R\u00dcCKSEITENBESCHICHTUNG<\/strong><\/span><\/span><br \/>\n<span style=\"color: #609657;\">Basisbeschichtung (5\/7, 10 oder 12 \u03bcm) aus Epoxypolyester, der die Haftung auf PUR-PIR-Sch\u00e4umen und Polyurethanklebstoffen gew\u00e4hrleistet.<br \/>\nTempor\u00e4re Best\u00e4ndigkeit gegen chemische Aggression, gute Verarbeitbarkeit.<\/span><\/p>\n<p>[\/vc_column_text][\/vc_column][\/vc_row][vc_row][vc_column][vc_empty_space height=&#8220;50&#8243;][\/vc_column][\/vc_row]<\/p>\n<\/div>","protected":false},"excerpt":{"rendered":"<p>[vc_column css=&#8220;.vc_custom_1588591974425{padding-top: 10em !important;padding-bottom: 10em !important;background-position: center &#8230; <\/p>\n","protected":false},"author":1,"featured_media":0,"parent":0,"menu_order":0,"comment_status":"closed","ping_status":"closed","template":"","meta":{"footnotes":""},"class_list":["post-19782","page","type-page","status-publish","hentry"],"yoast_head":"<!-- This site is optimized with the Yoast SEO plugin v27.4 - https:\/\/yoast.com\/product\/yoast-seo-wordpress\/ -->\n<title>Die Perfekte Beschichtung f\u00fcr Ihre Bed\u00fcrfnisse | Marcegaglia Coateel\u00ae<\/title>\n<meta name=\"description\" content=\"COATEEL\u00ae ist das Ergebnis unserer Innovationsf\u00e4higkeit mit technischem Fachwissen und Produktionsflexibilit\u00e4t, um die Kundenbed\u00fcrfnisse z\u00fcgig zu erf\u00fcllen.\" \/>\n<meta name=\"robots\" content=\"index, follow, max-snippet:-1, max-image-preview:large, max-video-preview:-1\" \/>\n<link rel=\"canonical\" href=\"https:\/\/coateel.it\/de\/produktpalette\/\" \/>\n<meta property=\"og:locale\" content=\"de_DE\" \/>\n<meta property=\"og:type\" content=\"article\" \/>\n<meta property=\"og:title\" content=\"Die Perfekte Beschichtung f\u00fcr Ihre Bed\u00fcrfnisse | Marcegaglia Coateel\u00ae\" \/>\n<meta property=\"og:description\" content=\"COATEEL\u00ae ist das Ergebnis unserer Innovationsf\u00e4higkeit mit technischem Fachwissen und Produktionsflexibilit\u00e4t, um die Kundenbed\u00fcrfnisse z\u00fcgig zu erf\u00fcllen.\" \/>\n<meta property=\"og:url\" content=\"https:\/\/coateel.it\/de\/produktpalette\/\" \/>\n<meta property=\"og:site_name\" content=\"Marcegaglia Coateel\" \/>\n<meta property=\"article:modified_time\" content=\"2025-06-11T10:00:49+00:00\" \/>\n<meta property=\"og:image\" content=\"https:\/\/coateel.it\/wp-content\/uploads\/2024\/03\/Marcegaglia-Coateel-yoast.jpg\" \/>\n\t<meta property=\"og:image:width\" content=\"1200\" \/>\n\t<meta property=\"og:image:height\" content=\"675\" \/>\n\t<meta property=\"og:image:type\" content=\"image\/jpeg\" \/>\n<meta name=\"twitter:card\" content=\"summary_large_image\" \/>\n<meta name=\"twitter:label1\" content=\"Gesch\u00e4tzte Lesezeit\" \/>\n\t<meta name=\"twitter:data1\" content=\"3\u00a0Minuten\" \/>\n<script type=\"application\/ld+json\" class=\"yoast-schema-graph\">{\"@context\":\"https:\\\/\\\/schema.org\",\"@graph\":[{\"@type\":\"WebPage\",\"@id\":\"https:\\\/\\\/coateel.it\\\/de\\\/produktpalette\\\/\",\"url\":\"https:\\\/\\\/coateel.it\\\/de\\\/produktpalette\\\/\",\"name\":\"Die Perfekte Beschichtung f\u00fcr Ihre Bed\u00fcrfnisse | Marcegaglia Coateel\u00ae\",\"isPartOf\":{\"@id\":\"https:\\\/\\\/coateel.it\\\/de\\\/#website\"},\"datePublished\":\"2022-07-01T10:15:10+00:00\",\"dateModified\":\"2025-06-11T10:00:49+00:00\",\"description\":\"COATEEL\u00ae ist das Ergebnis unserer Innovationsf\u00e4higkeit mit technischem Fachwissen und Produktionsflexibilit\u00e4t, um die Kundenbed\u00fcrfnisse z\u00fcgig zu erf\u00fcllen.\",\"breadcrumb\":{\"@id\":\"https:\\\/\\\/coateel.it\\\/de\\\/produktpalette\\\/#breadcrumb\"},\"inLanguage\":\"de\",\"potentialAction\":[{\"@type\":\"ReadAction\",\"target\":[\"https:\\\/\\\/coateel.it\\\/de\\\/produktpalette\\\/\"]}]},{\"@type\":\"BreadcrumbList\",\"@id\":\"https:\\\/\\\/coateel.it\\\/de\\\/produktpalette\\\/#breadcrumb\",\"itemListElement\":[{\"@type\":\"ListItem\",\"position\":1,\"name\":\"Home\",\"item\":\"https:\\\/\\\/coateel.it\\\/de\\\/\"},{\"@type\":\"ListItem\",\"position\":2,\"name\":\"Coateel &#8211; Gamma produttiva &#8211; DE\"}]},{\"@type\":\"WebSite\",\"@id\":\"https:\\\/\\\/coateel.it\\\/de\\\/#website\",\"url\":\"https:\\\/\\\/coateel.it\\\/de\\\/\",\"name\":\"Marcegaglia Coateel\",\"description\":\"Our colors, your life\",\"publisher\":{\"@id\":\"https:\\\/\\\/coateel.it\\\/de\\\/#organization\"},\"potentialAction\":[{\"@type\":\"SearchAction\",\"target\":{\"@type\":\"EntryPoint\",\"urlTemplate\":\"https:\\\/\\\/coateel.it\\\/de\\\/?s={search_term_string}\"},\"query-input\":{\"@type\":\"PropertyValueSpecification\",\"valueRequired\":true,\"valueName\":\"search_term_string\"}}],\"inLanguage\":\"de\"},{\"@type\":\"Organization\",\"@id\":\"https:\\\/\\\/coateel.it\\\/de\\\/#organization\",\"name\":\"Marcegaglia Coateel\",\"alternateName\":\"Coateel\",\"url\":\"https:\\\/\\\/coateel.it\\\/de\\\/\",\"logo\":{\"@type\":\"ImageObject\",\"inLanguage\":\"de\",\"@id\":\"https:\\\/\\\/coateel.it\\\/de\\\/#\\\/schema\\\/logo\\\/image\\\/\",\"url\":\"https:\\\/\\\/coateel.it\\\/wp-content\\\/uploads\\\/2023\\\/08\\\/favicon_marcegaglia-carbon-steel_512x512.jpg\",\"contentUrl\":\"https:\\\/\\\/coateel.it\\\/wp-content\\\/uploads\\\/2023\\\/08\\\/favicon_marcegaglia-carbon-steel_512x512.jpg\",\"width\":512,\"height\":512,\"caption\":\"Marcegaglia Coateel\"},\"image\":{\"@id\":\"https:\\\/\\\/coateel.it\\\/de\\\/#\\\/schema\\\/logo\\\/image\\\/\"}}]}<\/script>\n<!-- \/ Yoast SEO plugin. -->","yoast_head_json":{"title":"Die Perfekte Beschichtung f\u00fcr Ihre Bed\u00fcrfnisse | Marcegaglia Coateel\u00ae","description":"COATEEL\u00ae ist das Ergebnis unserer Innovationsf\u00e4higkeit mit technischem Fachwissen und Produktionsflexibilit\u00e4t, um die Kundenbed\u00fcrfnisse z\u00fcgig zu erf\u00fcllen.","robots":{"index":"index","follow":"follow","max-snippet":"max-snippet:-1","max-image-preview":"max-image-preview:large","max-video-preview":"max-video-preview:-1"},"canonical":"https:\/\/coateel.it\/de\/produktpalette\/","og_locale":"de_DE","og_type":"article","og_title":"Die Perfekte Beschichtung f\u00fcr Ihre Bed\u00fcrfnisse | Marcegaglia Coateel\u00ae","og_description":"COATEEL\u00ae ist das Ergebnis unserer Innovationsf\u00e4higkeit mit technischem Fachwissen und Produktionsflexibilit\u00e4t, um die Kundenbed\u00fcrfnisse z\u00fcgig zu erf\u00fcllen.","og_url":"https:\/\/coateel.it\/de\/produktpalette\/","og_site_name":"Marcegaglia Coateel","article_modified_time":"2025-06-11T10:00:49+00:00","og_image":[{"width":1200,"height":675,"url":"https:\/\/coateel.it\/wp-content\/uploads\/2024\/03\/Marcegaglia-Coateel-yoast.jpg","type":"image\/jpeg"}],"twitter_card":"summary_large_image","twitter_misc":{"Gesch\u00e4tzte Lesezeit":"3\u00a0Minuten"},"schema":{"@context":"https:\/\/schema.org","@graph":[{"@type":"WebPage","@id":"https:\/\/coateel.it\/de\/produktpalette\/","url":"https:\/\/coateel.it\/de\/produktpalette\/","name":"Die Perfekte Beschichtung f\u00fcr Ihre Bed\u00fcrfnisse | Marcegaglia Coateel\u00ae","isPartOf":{"@id":"https:\/\/coateel.it\/de\/#website"},"datePublished":"2022-07-01T10:15:10+00:00","dateModified":"2025-06-11T10:00:49+00:00","description":"COATEEL\u00ae ist das Ergebnis unserer Innovationsf\u00e4higkeit mit technischem Fachwissen und Produktionsflexibilit\u00e4t, um die Kundenbed\u00fcrfnisse z\u00fcgig zu erf\u00fcllen.","breadcrumb":{"@id":"https:\/\/coateel.it\/de\/produktpalette\/#breadcrumb"},"inLanguage":"de","potentialAction":[{"@type":"ReadAction","target":["https:\/\/coateel.it\/de\/produktpalette\/"]}]},{"@type":"BreadcrumbList","@id":"https:\/\/coateel.it\/de\/produktpalette\/#breadcrumb","itemListElement":[{"@type":"ListItem","position":1,"name":"Home","item":"https:\/\/coateel.it\/de\/"},{"@type":"ListItem","position":2,"name":"Coateel &#8211; Gamma produttiva &#8211; DE"}]},{"@type":"WebSite","@id":"https:\/\/coateel.it\/de\/#website","url":"https:\/\/coateel.it\/de\/","name":"Marcegaglia Coateel","description":"Our colors, your life","publisher":{"@id":"https:\/\/coateel.it\/de\/#organization"},"potentialAction":[{"@type":"SearchAction","target":{"@type":"EntryPoint","urlTemplate":"https:\/\/coateel.it\/de\/?s={search_term_string}"},"query-input":{"@type":"PropertyValueSpecification","valueRequired":true,"valueName":"search_term_string"}}],"inLanguage":"de"},{"@type":"Organization","@id":"https:\/\/coateel.it\/de\/#organization","name":"Marcegaglia Coateel","alternateName":"Coateel","url":"https:\/\/coateel.it\/de\/","logo":{"@type":"ImageObject","inLanguage":"de","@id":"https:\/\/coateel.it\/de\/#\/schema\/logo\/image\/","url":"https:\/\/coateel.it\/wp-content\/uploads\/2023\/08\/favicon_marcegaglia-carbon-steel_512x512.jpg","contentUrl":"https:\/\/coateel.it\/wp-content\/uploads\/2023\/08\/favicon_marcegaglia-carbon-steel_512x512.jpg","width":512,"height":512,"caption":"Marcegaglia Coateel"},"image":{"@id":"https:\/\/coateel.it\/de\/#\/schema\/logo\/image\/"}}]}},"_links":{"self":[{"href":"https:\/\/coateel.it\/de\/wp-json\/wp\/v2\/pages\/19782","targetHints":{"allow":["GET"]}}],"collection":[{"href":"https:\/\/coateel.it\/de\/wp-json\/wp\/v2\/pages"}],"about":[{"href":"https:\/\/coateel.it\/de\/wp-json\/wp\/v2\/types\/page"}],"author":[{"embeddable":true,"href":"https:\/\/coateel.it\/de\/wp-json\/wp\/v2\/users\/1"}],"replies":[{"embeddable":true,"href":"https:\/\/coateel.it\/de\/wp-json\/wp\/v2\/comments?post=19782"}],"version-history":[{"count":7,"href":"https:\/\/coateel.it\/de\/wp-json\/wp\/v2\/pages\/19782\/revisions"}],"predecessor-version":[{"id":24008,"href":"https:\/\/coateel.it\/de\/wp-json\/wp\/v2\/pages\/19782\/revisions\/24008"}],"wp:attachment":[{"href":"https:\/\/coateel.it\/de\/wp-json\/wp\/v2\/media?parent=19782"}],"curies":[{"name":"wp","href":"https:\/\/api.w.org\/{rel}","templated":true}]}}