{"id":19851,"date":"2020-12-04T08:47:55","date_gmt":"2020-12-04T08:47:55","guid":{"rendered":"https:\/\/coateel.it\/prodotti-piani-in-acciaio-preverniciato-stoccaggio-e-movimentazione\/"},"modified":"2023-01-17T09:54:53","modified_gmt":"2023-01-17T09:54:53","slug":"lagerung-und-abwicklung","status":"publish","type":"page","link":"https:\/\/coateel.it\/de\/lagerung-und-abwicklung\/","title":{"rendered":"Stoccaggio e movimentazione &#8211; DE"},"content":{"rendered":"<div class=\"wpb-content-wrapper\"><p>[vc_row full_width=&#8220;stretch_row_content_no_spaces&#8220; css=&#8220;.vc_custom_1666624720321{margin-bottom: 2em !important;background-image: url(https:\/\/coateel.it\/wp-content\/uploads\/2022\/10\/Marcegaglia-carbon-steel-PPGI-pre-painted-products-storage-handling.jpg?id=19857) !important;background-position: center !important;background-repeat: no-repeat !important;background-size: cover !important;}&#8220; el_id=&#8220;desk&#8220;][vc_column css=&#8220;.vc_custom_1588591974425{padding-top: 10em !important;padding-bottom: 10em !important;background-position: center !important;background-repeat: no-repeat !important;background-size: cover !important;}&#8220; el_id=&#8220;desk&#8220; offset=&#8220;vc_hidden-sm vc_hidden-xs&#8220;][\/vc_column][\/vc_row][vc_row full_width=&#8220;stretch_row_content_no_spaces&#8220; css=&#8220;.vc_custom_1666624740048{margin-bottom: 2em !important;padding-top: 5em !important;padding-bottom: 5em !important;background-image: url(https:\/\/coateel.it\/wp-content\/uploads\/2022\/10\/Marcegaglia-carbon-steel-PPGI-pre-painted-products-storage-handling_1400x700.jpg?id=19860) !important;background-position: center !important;background-repeat: no-repeat !important;background-size: cover !important;}&#8220; el_id=&#8220;resp&#8220;][vc_column css=&#8220;.vc_custom_1588592239658{background-position: center !important;background-repeat: no-repeat !important;background-size: cover !important;}&#8220; el_id=&#8220;resp&#8220; offset=&#8220;vc_hidden-lg vc_hidden-md&#8220;][\/vc_column][\/vc_row][vc_row css=&#8220;.vc_custom_1607071455096{padding-bottom: 2em !important;}&#8220;][vc_column][vc_column_text]<\/p>\n<h2><span style=\"color: #609657;\">LAGERUNG UND ABWICKLUNG<\/span><\/h2>\n<p>[\/vc_column_text][vc_empty_space height=&#8220;20px&#8220;][vc_row_inner][vc_column_inner][vc_column_text]<\/p>\n<p class=\"testo\">Um die Haltbarkeit zu erh\u00f6hen und die Integrit\u00e4t der Materialien zu gew\u00e4hrleisten, ist es ratsam, dass bei Lagerung und Abwicklung einige <strong>grundlegende Richtlinien<\/strong> befolgt werden.<\/p>\n<p>[\/vc_column_text][\/vc_column_inner][\/vc_row_inner][vc_empty_space height=&#8220;20px&#8220;][vc_row_inner][vc_column_inner width=&#8220;1\/2&#8243;][vc_column_text]<\/p>\n<p class=\"testo\"><span style=\"color: #d06d2c;\"><strong>LAGERUNG<\/strong><\/span><\/p>\n<ul>\n<li class=\"testo\">Lagerung in geschlossenen R\u00e4umen (empfohlen): Bel\u00fcftung und milde Temperatur sicherstellen<\/li>\n<li class=\"testo\">Lagerung im Freien: nicht empfohlen<\/li>\n<li class=\"testo\">Sch\u00fctzen Sie Produkte vor Feuchtigkeit, D\u00e4mpfen, Regen und jeglicher Kondensationsgefahr<\/li>\n<li class=\"testo\">Kontakt mit \u00e4tzenden Stoffen (Chemikalien, L\u00f6sungsmittel, giftige D\u00e4mpfe) vermeiden<\/li>\n<li class=\"testo\">Langzeitlagerung: systematische und regelm\u00e4\u00dfige \u00dcberpr\u00fcfung der Abwesenheit von Feuchtigkeit<\/li>\n<li class=\"testo\">Sorgen Sie f\u00fcr einen Freiraum von mindestens 15 cm zwischen dem Verpackungsboden und dem Boden, um eine gute Bel\u00fcftung zu gew\u00e4hrleisten<\/li>\n<li class=\"testo\">St\u00fctzen Sie lange St\u00fccke mit zus\u00e4tzlichen Bl\u00f6cken ab, die in den Zwischenl\u00e4ngen positioniert sind, um zu verhindern, dass sie sich falten<\/li>\n<li class=\"testo\">Das Kunststoffgeh\u00e4use, falls verwendet, sollte das Produkt nicht vollst\u00e4ndig umh\u00fcllen<\/li>\n<li class=\"testo\">Schutzfolien auf Metalloberfl\u00e4chen m\u00fcssen so schnell wie m\u00f6glich und sp\u00e4testens innerhalb der vom Hersteller angegebenen Frist entfernt werden (maximal 30 Tage, gilt nicht f\u00fcr Coils oder B\u00fcndel)<\/li>\n<li class=\"testo\">Bodenlagerung: Verwenden Sie Schutzfilz, wechseln Sie die lackierten Seiten ab<br \/>\n(Boden: R\u00fcckseite nach unten)<\/li>\n<\/ul>\n<p>[\/vc_column_text][\/vc_column_inner][vc_column_inner width=&#8220;1\/2&#8243;][vc_column_text]<\/p>\n<p class=\"testo\"><span style=\"color: #d06d2c;\"><strong>ABWICKLUNG<\/strong><\/span><\/p>\n<ul>\n<li class=\"testo\">Bei der Abwicklung mit Gabelstaplern: Schutz an den Gabeln verwenden<\/li>\n<li class=\"testo\">Manuelle Abwicklung von langen Teilen: Mindestens zwei Personen m\u00fcssen mit sauberen und trockenen Handschuhen beteiligt sein<\/li>\n<li class=\"testo\">Mechanische Bewegung: Pneumatische oder magnetische Saugn\u00e4pfe verwenden<\/li>\n<\/ul>\n<p>[\/vc_column_text][\/vc_column_inner][\/vc_row_inner][\/vc_column][\/vc_row]<\/p>\n<\/div>","protected":false},"excerpt":{"rendered":"<p>[vc_column css=&#8220;.vc_custom_1588591974425{padding-top: 10em !important;padding-bottom: 10em !important;background-position: center &#8230; <\/p>\n","protected":false},"author":1,"featured_media":0,"parent":0,"menu_order":0,"comment_status":"closed","ping_status":"closed","template":"","meta":{"footnotes":""},"class_list":["post-19851","page","type-page","status-publish","hentry"],"yoast_head":"<!-- This site is optimized with the Yoast SEO plugin v27.4 - https:\/\/yoast.com\/product\/yoast-seo-wordpress\/ -->\n<title>Lagerung und Handhabung | Marcegaglia Coateel\u00ae<\/title>\n<meta name=\"description\" content=\"Um die Haltbarkeit zu erh\u00f6hen und die Integrit\u00e4t der Materialien zu gew\u00e4hrleisten, ist es ratsam, einige grundlegende Richtlinien befolgt werden.\" \/>\n<meta name=\"robots\" content=\"index, follow, max-snippet:-1, max-image-preview:large, max-video-preview:-1\" \/>\n<link rel=\"canonical\" href=\"https:\/\/coateel.it\/de\/lagerung-und-abwicklung\/\" \/>\n<meta property=\"og:locale\" content=\"de_DE\" \/>\n<meta property=\"og:type\" content=\"article\" \/>\n<meta property=\"og:title\" content=\"Lagerung und Handhabung | Marcegaglia Coateel\u00ae\" \/>\n<meta property=\"og:description\" content=\"Um die Haltbarkeit zu erh\u00f6hen und die Integrit\u00e4t der Materialien zu gew\u00e4hrleisten, ist es ratsam, einige grundlegende Richtlinien befolgt werden.\" \/>\n<meta property=\"og:url\" content=\"https:\/\/coateel.it\/de\/lagerung-und-abwicklung\/\" \/>\n<meta property=\"og:site_name\" content=\"Marcegaglia Coateel\" \/>\n<meta property=\"article:modified_time\" content=\"2023-01-17T09:54:53+00:00\" \/>\n<meta property=\"og:image\" content=\"https:\/\/coateel.it\/wp-content\/uploads\/2024\/03\/Marcegaglia-Coateel-yoast.jpg\" \/>\n\t<meta property=\"og:image:width\" content=\"1200\" \/>\n\t<meta property=\"og:image:height\" content=\"675\" \/>\n\t<meta property=\"og:image:type\" content=\"image\/jpeg\" \/>\n<meta name=\"twitter:card\" content=\"summary_large_image\" \/>\n<meta name=\"twitter:label1\" content=\"Gesch\u00e4tzte Lesezeit\" \/>\n\t<meta name=\"twitter:data1\" content=\"2\u00a0Minuten\" \/>\n<script type=\"application\/ld+json\" class=\"yoast-schema-graph\">{\"@context\":\"https:\\\/\\\/schema.org\",\"@graph\":[{\"@type\":\"WebPage\",\"@id\":\"https:\\\/\\\/coateel.it\\\/de\\\/lagerung-und-abwicklung\\\/\",\"url\":\"https:\\\/\\\/coateel.it\\\/de\\\/lagerung-und-abwicklung\\\/\",\"name\":\"Lagerung und Handhabung | Marcegaglia Coateel\u00ae\",\"isPartOf\":{\"@id\":\"https:\\\/\\\/coateel.it\\\/de\\\/#website\"},\"datePublished\":\"2020-12-04T08:47:55+00:00\",\"dateModified\":\"2023-01-17T09:54:53+00:00\",\"description\":\"Um die Haltbarkeit zu erh\u00f6hen und die Integrit\u00e4t der Materialien zu gew\u00e4hrleisten, ist es ratsam, einige grundlegende Richtlinien befolgt werden.\",\"breadcrumb\":{\"@id\":\"https:\\\/\\\/coateel.it\\\/de\\\/lagerung-und-abwicklung\\\/#breadcrumb\"},\"inLanguage\":\"de\",\"potentialAction\":[{\"@type\":\"ReadAction\",\"target\":[\"https:\\\/\\\/coateel.it\\\/de\\\/lagerung-und-abwicklung\\\/\"]}]},{\"@type\":\"BreadcrumbList\",\"@id\":\"https:\\\/\\\/coateel.it\\\/de\\\/lagerung-und-abwicklung\\\/#breadcrumb\",\"itemListElement\":[{\"@type\":\"ListItem\",\"position\":1,\"name\":\"Home\",\"item\":\"https:\\\/\\\/coateel.it\\\/de\\\/\"},{\"@type\":\"ListItem\",\"position\":2,\"name\":\"Stoccaggio e movimentazione &#8211; DE\"}]},{\"@type\":\"WebSite\",\"@id\":\"https:\\\/\\\/coateel.it\\\/de\\\/#website\",\"url\":\"https:\\\/\\\/coateel.it\\\/de\\\/\",\"name\":\"Marcegaglia Coateel\",\"description\":\"Our colors, your life\",\"publisher\":{\"@id\":\"https:\\\/\\\/coateel.it\\\/de\\\/#organization\"},\"potentialAction\":[{\"@type\":\"SearchAction\",\"target\":{\"@type\":\"EntryPoint\",\"urlTemplate\":\"https:\\\/\\\/coateel.it\\\/de\\\/?s={search_term_string}\"},\"query-input\":{\"@type\":\"PropertyValueSpecification\",\"valueRequired\":true,\"valueName\":\"search_term_string\"}}],\"inLanguage\":\"de\"},{\"@type\":\"Organization\",\"@id\":\"https:\\\/\\\/coateel.it\\\/de\\\/#organization\",\"name\":\"Marcegaglia Coateel\",\"alternateName\":\"Coateel\",\"url\":\"https:\\\/\\\/coateel.it\\\/de\\\/\",\"logo\":{\"@type\":\"ImageObject\",\"inLanguage\":\"de\",\"@id\":\"https:\\\/\\\/coateel.it\\\/de\\\/#\\\/schema\\\/logo\\\/image\\\/\",\"url\":\"https:\\\/\\\/coateel.it\\\/wp-content\\\/uploads\\\/2023\\\/08\\\/favicon_marcegaglia-carbon-steel_512x512.jpg\",\"contentUrl\":\"https:\\\/\\\/coateel.it\\\/wp-content\\\/uploads\\\/2023\\\/08\\\/favicon_marcegaglia-carbon-steel_512x512.jpg\",\"width\":512,\"height\":512,\"caption\":\"Marcegaglia Coateel\"},\"image\":{\"@id\":\"https:\\\/\\\/coateel.it\\\/de\\\/#\\\/schema\\\/logo\\\/image\\\/\"}}]}<\/script>\n<!-- \/ Yoast SEO plugin. -->","yoast_head_json":{"title":"Lagerung und Handhabung | Marcegaglia Coateel\u00ae","description":"Um die Haltbarkeit zu erh\u00f6hen und die Integrit\u00e4t der Materialien zu gew\u00e4hrleisten, ist es ratsam, einige grundlegende Richtlinien befolgt werden.","robots":{"index":"index","follow":"follow","max-snippet":"max-snippet:-1","max-image-preview":"max-image-preview:large","max-video-preview":"max-video-preview:-1"},"canonical":"https:\/\/coateel.it\/de\/lagerung-und-abwicklung\/","og_locale":"de_DE","og_type":"article","og_title":"Lagerung und Handhabung | Marcegaglia Coateel\u00ae","og_description":"Um die Haltbarkeit zu erh\u00f6hen und die Integrit\u00e4t der Materialien zu gew\u00e4hrleisten, ist es ratsam, einige grundlegende Richtlinien befolgt werden.","og_url":"https:\/\/coateel.it\/de\/lagerung-und-abwicklung\/","og_site_name":"Marcegaglia Coateel","article_modified_time":"2023-01-17T09:54:53+00:00","og_image":[{"width":1200,"height":675,"url":"https:\/\/coateel.it\/wp-content\/uploads\/2024\/03\/Marcegaglia-Coateel-yoast.jpg","type":"image\/jpeg"}],"twitter_card":"summary_large_image","twitter_misc":{"Gesch\u00e4tzte Lesezeit":"2\u00a0Minuten"},"schema":{"@context":"https:\/\/schema.org","@graph":[{"@type":"WebPage","@id":"https:\/\/coateel.it\/de\/lagerung-und-abwicklung\/","url":"https:\/\/coateel.it\/de\/lagerung-und-abwicklung\/","name":"Lagerung und Handhabung | Marcegaglia Coateel\u00ae","isPartOf":{"@id":"https:\/\/coateel.it\/de\/#website"},"datePublished":"2020-12-04T08:47:55+00:00","dateModified":"2023-01-17T09:54:53+00:00","description":"Um die Haltbarkeit zu erh\u00f6hen und die Integrit\u00e4t der Materialien zu gew\u00e4hrleisten, ist es ratsam, einige grundlegende Richtlinien befolgt werden.","breadcrumb":{"@id":"https:\/\/coateel.it\/de\/lagerung-und-abwicklung\/#breadcrumb"},"inLanguage":"de","potentialAction":[{"@type":"ReadAction","target":["https:\/\/coateel.it\/de\/lagerung-und-abwicklung\/"]}]},{"@type":"BreadcrumbList","@id":"https:\/\/coateel.it\/de\/lagerung-und-abwicklung\/#breadcrumb","itemListElement":[{"@type":"ListItem","position":1,"name":"Home","item":"https:\/\/coateel.it\/de\/"},{"@type":"ListItem","position":2,"name":"Stoccaggio e movimentazione &#8211; DE"}]},{"@type":"WebSite","@id":"https:\/\/coateel.it\/de\/#website","url":"https:\/\/coateel.it\/de\/","name":"Marcegaglia Coateel","description":"Our colors, your life","publisher":{"@id":"https:\/\/coateel.it\/de\/#organization"},"potentialAction":[{"@type":"SearchAction","target":{"@type":"EntryPoint","urlTemplate":"https:\/\/coateel.it\/de\/?s={search_term_string}"},"query-input":{"@type":"PropertyValueSpecification","valueRequired":true,"valueName":"search_term_string"}}],"inLanguage":"de"},{"@type":"Organization","@id":"https:\/\/coateel.it\/de\/#organization","name":"Marcegaglia Coateel","alternateName":"Coateel","url":"https:\/\/coateel.it\/de\/","logo":{"@type":"ImageObject","inLanguage":"de","@id":"https:\/\/coateel.it\/de\/#\/schema\/logo\/image\/","url":"https:\/\/coateel.it\/wp-content\/uploads\/2023\/08\/favicon_marcegaglia-carbon-steel_512x512.jpg","contentUrl":"https:\/\/coateel.it\/wp-content\/uploads\/2023\/08\/favicon_marcegaglia-carbon-steel_512x512.jpg","width":512,"height":512,"caption":"Marcegaglia Coateel"},"image":{"@id":"https:\/\/coateel.it\/de\/#\/schema\/logo\/image\/"}}]}},"_links":{"self":[{"href":"https:\/\/coateel.it\/de\/wp-json\/wp\/v2\/pages\/19851","targetHints":{"allow":["GET"]}}],"collection":[{"href":"https:\/\/coateel.it\/de\/wp-json\/wp\/v2\/pages"}],"about":[{"href":"https:\/\/coateel.it\/de\/wp-json\/wp\/v2\/types\/page"}],"author":[{"embeddable":true,"href":"https:\/\/coateel.it\/de\/wp-json\/wp\/v2\/users\/1"}],"replies":[{"embeddable":true,"href":"https:\/\/coateel.it\/de\/wp-json\/wp\/v2\/comments?post=19851"}],"version-history":[{"count":4,"href":"https:\/\/coateel.it\/de\/wp-json\/wp\/v2\/pages\/19851\/revisions"}],"predecessor-version":[{"id":19864,"href":"https:\/\/coateel.it\/de\/wp-json\/wp\/v2\/pages\/19851\/revisions\/19864"}],"wp:attachment":[{"href":"https:\/\/coateel.it\/de\/wp-json\/wp\/v2\/media?parent=19851"}],"curies":[{"name":"wp","href":"https:\/\/api.w.org\/{rel}","templated":true}]}}