{"id":19907,"date":"2020-07-15T15:02:58","date_gmt":"2020-07-15T15:02:58","guid":{"rendered":"https:\/\/coateel.it\/prodotti-piani-in-acciaio-preverniciato-imballi-standard-coils\/"},"modified":"2023-01-17T09:48:05","modified_gmt":"2023-01-17T09:48:05","slug":"standardverpackung-coils","status":"publish","type":"page","link":"https:\/\/coateel.it\/de\/standardverpackung-coils\/","title":{"rendered":"Imballaggi standard &#8211; Coils preverniciati &#8211; DE"},"content":{"rendered":"<div class=\"wpb-content-wrapper\"><p>[vc_row full_width=&#8220;stretch_row_content_no_spaces&#8220; css=&#8220;.vc_custom_1588593877038{margin-bottom: 2em !important;background-image: url(https:\/\/coateel.it\/wp-content\/uploads\/2020\/04\/marcegaglia_poland-carbon-steel-pre-painted-steel-banner-1920&#215;306-1.jpg?id=10183) !important;background-position: center !important;background-repeat: no-repeat !important;background-size: cover !important;}&#8220; el_id=&#8220;desk&#8220;][vc_column css=&#8220;.vc_custom_1588591974425{padding-top: 10em !important;padding-bottom: 10em !important;background-position: center !important;background-repeat: no-repeat !important;background-size: cover !important;}&#8220; el_id=&#8220;desk&#8220; offset=&#8220;vc_hidden-sm vc_hidden-xs&#8220;][\/vc_column][\/vc_row][vc_row full_width=&#8220;stretch_row_content_no_spaces&#8220; css=&#8220;.vc_custom_1594632974795{margin-bottom: 2em !important;padding-top: 5em !important;padding-bottom: 5em !important;background-image: url(https:\/\/coateel.it\/wp-content\/uploads\/2020\/07\/marcegaglia_poland-carbon-steel-pre-painted-steel-banner-1400&#215;700-1.jpg?id=14377) !important;background-position: center !important;background-repeat: no-repeat !important;background-size: cover !important;}&#8220; el_id=&#8220;resp&#8220;][vc_column css=&#8220;.vc_custom_1588592239658{background-position: center !important;background-repeat: no-repeat !important;background-size: cover !important;}&#8220; el_id=&#8220;resp&#8220; offset=&#8220;vc_hidden-lg vc_hidden-md&#8220;][\/vc_column][\/vc_row][vc_row full_width=&#8220;stretch_row&#8220; css=&#8220;.vc_custom_1585049350308{margin-bottom: 2em !important;background-position: center !important;background-repeat: no-repeat !important;background-size: cover !important;}&#8220;][vc_column width=&#8220;1\/2&#8243;][vc_column_text]<\/p>\n<h2><span style=\"color: #609657;\">VORLACKIERTE COILS<br \/>\n<span style=\"font-size: 16px;\">STANDARDVERPACKUNG<\/span><br \/>\n<\/span><\/h2>\n<p>[\/vc_column_text][vc_empty_space height=&#8220;20px&#8220;][vc_column_text]Marcegaglia bietet eine breite Vielfalt an Standardverpackungen f\u00fcr bandbeschichtete Erzeugnisse an.[\/vc_column_text][vc_empty_space height=&#8220;30&#8243;][vc_row_inner el_id=&#8220;resp&#8220; css=&#8220;.vc_custom_1594632999623{margin-bottom: 1em !important;}&#8220;][vc_column_inner width=&#8220;1\/3&#8243; offset=&#8220;vc_col-xs-4&#8243;][vc_single_image image=&#8220;19991&#8243; img_size=&#8220;30&#8243; alignment=&#8220;right&#8220; onclick=&#8220;custom_link&#8220; img_link_target=&#8220;_blank&#8220; link=&#8220;https:\/\/coateel.it\/wp-content\/uploads\/2022\/10\/Marcegaglia-Coateel-standard-packaging-coils_DE.pdf&#8220;][\/vc_column_inner][vc_column_inner width=&#8220;2\/3&#8243; offset=&#8220;vc_col-xs-4&#8243;][vc_column_text css=&#8220;.vc_custom_1666689746328{margin-left: 0px !important;border-left-width: 0px !important;padding-left: 0px !important;}&#8220;]<span style=\"color: #609657;\">STANDARDVERPACKUNG COILS<\/span>[\/vc_column_text][\/vc_column_inner][\/vc_row_inner][\/vc_column][vc_column width=&#8220;1\/2&#8243;][vc_empty_space height=&#8220;60&#8243;][vc_row_inner el_id=&#8220;desk&#8220;][vc_column_inner width=&#8220;1\/3&#8243;][vc_single_image image=&#8220;19991&#8243; img_size=&#8220;30&#8243; alignment=&#8220;right&#8220; onclick=&#8220;custom_link&#8220; img_link_target=&#8220;_blank&#8220; link=&#8220;https:\/\/coateel.it\/wp-content\/uploads\/2022\/10\/Marcegaglia-Coateel-standard-packaging-coils_DE.pdf&#8220;][\/vc_column_inner][vc_column_inner width=&#8220;2\/3&#8243; css=&#8220;.vc_custom_1656932548234{margin-left: 0px !important;border-left-width: 0px !important;padding-left: 0px !important;}&#8220;][vc_column_text css=&#8220;.vc_custom_1666689753496{margin-left: 0px !important;border-left-width: 0px !important;padding-left: 0px !important;}&#8220;]<span style=\"color: #609657;\">STANDARDVERPACKUNG COILS<\/span>[\/vc_column_text][\/vc_column_inner][\/vc_row_inner][\/vc_column][\/vc_row][vc_row][vc_column width=&#8220;1\/2&#8243;]<div id=\"cz_27769\" data-arrows='{\"open\":\"fa fa-angle-down\",\"close\":\"fa fa-angle-up\"}' class=\"cz_27769 cz_acc clr\"><div><div id=\"\"><span class=\"cz_acc_child\"><div>PV1 - PV4 - PV7<\/div><\/span><div class=\"cz_acc_child_content clr\">[vc_column_text]\u2022 Innenh\u00fclse aus 8 mm starkem Karton <span style=\"color: #aaaaaa; font-size: 7px;\"><sup>a)<\/sup><\/span><br \/>\n\u2022 Inneneckschutz mit Stahlkragen <span style=\"color: #aaaaaa; font-size: 7px;\"><sup>b)<\/sup><\/span><br \/>\n\u2022 Au\u00dfeneckenschutz mit Stahlkragen<br \/>\n\u2022 Befestigung des Au\u00dfeneckenschutzes mit verschwei\u00dftem umlaufendem Kunststoffgurt<br \/>\n\u2022 17 mm radialer Stahlgurt in 120\u00b0-Anordnung x3[\/vc_column_text][vc_empty_space height=&#8220;20&#8243;][vc_column_text]<span style=\"font-size: 12px; color: #666666;\">a) PV1-PV4: auf Anfrage<\/span><br \/>\n<span style=\"font-size: 12px; color: #666666;\">b) PV4-PV7: mit verst\u00e4rkter Dicke von 2,50 mm<br \/>\nPV1: Begaster Holzsattel &#8211; PV4-PV7: Lagerbeschr\u00e4nkungen: \u00dcberlappende Blechb\u00e4nder sind w\u00e4hrend der Lagerung ausdr\u00fccklich verboten; zus\u00e4tzlich zu einem identifizierenden Etikett wird das Packpersonal auch ein farbiges Etikett auf dem Ring des Blechbands anbringen<br \/>\n<\/span>[\/vc_column_text]<\/div><\/div><div id=\"\"><span class=\"cz_acc_child\"><div>PV2 - PV5 - PV8<small>POLYETHYLEN\/HARZBESCHICHTETES PAPIER<\/small><\/div><\/span><div class=\"cz_acc_child_content clr\">[vc_column_text]\u2022 Innenh\u00fclse aus 8 mm starkem Karton <span style=\"color: #aaaaaa;\"><sup>a)<\/sup><\/span><br \/>\n\u2022 Polyethylen oder harzbeschichtetes Papier f\u00fcr \u00e4u\u00dferen Coil-\/Ringschutz<br \/>\n\u2022 Inneneckschutz mit Stahlkragen <span style=\"color: #aaaaaa;\"><sup>b)<\/sup><\/span><br \/>\n\u2022 Au\u00dfeneckenschutz mit Stahlkragen<br \/>\n\u2022 Befestigung des Au\u00dfeneckenschutzes mit versiegeltem umlaufendem Kunststoffgurt<br \/>\n\u2022 17 mm radialer Gurt x3 bei 120\u00b0 angeordnet[\/vc_column_text][vc_empty_space height=&#8220;20&#8243;][vc_column_text]<\/p>\n<p class=\"testo\"><span style=\"font-size: 12px; color: #666666;\">a) PV2-PV5: auf Anfrage <\/span><br \/>\n<span style=\"font-size: 12px; color: #666666;\">b)PV5-PV8: mit verst\u00e4rkter Dicke von 2,50 mm<br \/>\nPV5-PV8: Lagerbeschr\u00e4nkungen: \u00dcberlappende Blechb\u00e4nder sind w\u00e4hrend der Lagerung ausdr\u00fccklich verboten; zus\u00e4tzlich zu einem identifizierenden Etikett wird das Packpersonal auch ein farbiges Etikett auf dem Ring des Blechbands anbringen<br \/>\n<\/span><\/p>\n<p>[\/vc_column_text]<\/div><\/div><div id=\"\"><span class=\"cz_acc_child\"><div>PV11<\/div><\/span><div class=\"cz_acc_child_content clr\">[vc_column_text]\u2022 Innenh\u00fclse aus 8 mm starkem Karton<br \/>\n\u2022 Polyethylen oder harzbeschichtetes Papier f\u00fcr externen Coil-\/Ringschutz<br \/>\n\u2022 Inneneckschutz mit Stahlkragen mit 2,50 mm Verst\u00e4rkung<br \/>\n\u2022 Au\u00dfeneckenschutz mit Stahlkragen<br \/>\n\u2022 Befestigung des Innen- und Au\u00dfeneckenschutzes mit umlaufendem Gurt und radialem Eisengurt x3 in 120\u00b0-Winkeln<br \/>\n\u2022 Kontaktbefestigung des Coils mit verschwei\u00dftem umlaufendem Kunststoffgurt<br \/>\n\u2022 mit dem Gabelstapler verschiebbare Coil-Halterungss\u00e4ttel aus Holz<br \/>\n\u2022 4\/5 mm Gummiband zwischen dem Band und dem Sattel[\/vc_column_text]<\/div><\/div><div id=\"\"><span class=\"cz_acc_child\"><div>PV3-PV3S - PV6 - PV9 \/ PV3M - PV6M - PV9M<small>MARITIM \/ MARITIM MIT DOPPELTEM SCHUTZ<\/small><\/div><\/span><div class=\"cz_acc_child_content clr\">[vc_column_text]\u2022 Innenh\u00fclse aus 8 mm starkem Karton<br \/>\n\u2022 Polyethylen oder harzbeschichtetes Papier f\u00fcr externen Coil-\/Ringschutz<br \/>\n\u2022 Au\u00dfenmantel aus Stahl <span style=\"color: #aaaaaa;\"><sup>a)<\/sup><\/span><br \/>\n\u2022 \u00e4u\u00dferer Stahlplattenschutz <span style=\"color: #aaaaaa;\"><sup>b)<\/sup><\/span><br \/>\n\u2022 Inneneckschutz mit Stahlkragen <span style=\"color: #aaaaaa;\"><sup>c)<\/sup><\/span><br \/>\n\u2022 Sto\u00dfscheibe aus Stahl<br \/>\n\u2022 \u00e4u\u00dferer Eckschutz mit Stahlkragen <span style=\"color: #aaaaaa;\"><sup>d)<\/sup><\/span><br \/>\n\u2022 Befestigung des \u00e4u\u00dferen Eckschutzes mit umlaufendem Gurt x3 und radialem Stahlgurt x4[\/vc_column_text][vc_empty_space height=&#8220;20&#8243;][vc_column_text]<span style=\"font-size: 12px; color: #666666;\">a) F\u00fcr PV6 und PV9<\/span><br \/>\n<span style=\"font-size: 12px; color: #666666;\">b) F\u00fcr PV3-PV3S<\/span><br \/>\n<span style=\"font-size: 12px; color: #666666;\">c) PV6-PV9: mit verst\u00e4rkter Dicke von 2,50 mm<\/span><br \/>\n<span style=\"font-size: 12px; color: #666666;\">d) PV3M, PV6M und PV9M: gelochter Stahlkragen<\/span><br \/>\n<span style=\"font-size: 12px; color: #666666;\">d) F\u00fcr PV3M, PV6M und PV9M<br \/>\nPV3S: Begaster Holzsattel &#8211; PV6-PV9-PV6M-PV9M: Lagerbeschr\u00e4nkungen: \u00dcberlappende Blechb\u00e4nder sind w\u00e4hrend der Lagerung ausdr\u00fccklich verboten; zus\u00e4tzlich zu einem identifizierenden Etikett wird das Packpersonal auch ein farbiges Etikett auf dem Ring des Blechbands anbringen<br \/>\n<\/span>[\/vc_column_text]<\/div><\/div><div id=\"\"><span class=\"cz_acc_child\"><div>PV12<small>MARITIME VERTIKALE ACHSE<\/small><\/div><\/span><div class=\"cz_acc_child_content clr\">[vc_column_text]\u2022 Innenh\u00fclse aus 8 mm starkem Karton<br \/>\n\u2022 Inneneckenschutz mit Stahlkragen<br \/>\n\u2022 Au\u00dfeneckenschutz mit Stahlkragen<br \/>\n\u2022 Befestigung des Au\u00dfeneckenschutz mit verschwei\u00dftem umlaufendem Kunststoffband<br \/>\n\u2022 17 mm radialer Stahlgurt x3 bei 120\u00b0 angeordnet<br \/>\n\u2022 Vertikalachsloch<br \/>\n\u2022 ausschlie\u00dflich palettiert auf begastem und gebrandmarktem Holz<br \/>\n\u2022 Befestigung des Bandes an der Palette mit 4 Gurten, 1 pro Seite[\/vc_column_text][vc_empty_space height=&#8220;20&#8243;][vc_column_text]<span style=\"font-size: 12px; color: #666666;\">Lagerbeschr\u00e4nkungen: \u00dcberlappende Blechb\u00e4nder sind w\u00e4hrend der Lagerung ausdr\u00fccklich verboten; zus\u00e4tzlich zu einem identifizierenden Etikett wird das Packpersonal auch ein farbiges Etikett auf dem Ring des Blechbands anbringen<br \/>\n<\/span>[\/vc_column_text]<\/div><\/div><div id=\"\"><span class=\"cz_acc_child\"><div>PV15<small>MARITIME<\/small><\/div><\/span><div class=\"cz_acc_child_content clr\">[vc_column_text]\u2022 Innenh\u00fclse aus 8 mm starkem Karton<br \/>\n\u2022 Polyethylen oder harzbeschichtetes Papier f\u00fcr externen Coil-\/Ringschutz<br \/>\n\u2022 Inneneckschutz mit Stahlkragen mit einer Verst\u00e4rkung von 2,50 mm<br \/>\n\u2022 Au\u00dfeneckenschutz mit Stahlkragen<br \/>\n\u2022 4\/5 mm Gummiband unter der \u00e4u\u00dferen Stahlecke<br \/>\n\u2022 Innen- und Au\u00dfenh\u00fclle aus Stahl<br \/>\n\u2022 Stahlringschutz<br \/>\n\u2022 Befestigung der Metallkiste mit 3 radialen Eisengurten bei 120\u00b0<br \/>\n\u2022 Kontaktbefestigung des Coils mit umlaufendem Kunststoffgurt[\/vc_column_text][vc_empty_space height=&#8220;20&#8243;][vc_column_text]<span style=\"font-size: 12px; color: #666666;\">Lagerbeschr\u00e4nkungen: \u00dcberlappende Blechb\u00e4nder sind w\u00e4hrend der Lagerung ausdr\u00fccklich verboten; zus\u00e4tzlich zu einem identifizierenden Etikett wird das Packpersonal auch ein farbiges Etikett auf dem Ring des Blechbands anbringen<br \/>\n<\/span>[\/vc_column_text]<\/div><\/div><div id=\"\"><span class=\"cz_acc_child\"><div>PV18<small>MARITIM VERSIEGELTER DOPPELTER ECKSCHUTZ <\/small><\/div><\/span><div class=\"cz_acc_child_content clr\">[vc_column_text]\u2022 Eckschutz aus Kunststoff f\u00fcr Innenecken<br \/>\n\u2022 Eckschutz aus Kunststoff f\u00fcr die Au\u00dfenecken: Machen Sie Einschnitte, um die Haftung zum Produkt zu gew\u00e4hrleisten<br \/>\n\u2022 Zweischichtiges Polypropylen f\u00fcr externen Coil-\/Ringschutz<br \/>\n\u2022 Innenlochschutz aus gewelltem Kunststoff: Das Loch muss mit breitem Klebeband an der Innenecke verschlossen werden<br \/>\n\u2022 Metallkistenverpackung mit innerem und \u00e4u\u00dferem Stahlblechschutz, mit umlaufendem Gurt befestigt<br \/>\n\u2022 Schutz des Ringes mit Stahlscheibe<br \/>\n\u2022 Inneneckenschutz mit Stahlkragen<br \/>\n\u2022 perforierter Stahlkragen zum Schutz der Au\u00dfenecke<br \/>\n\u2022 Au\u00dfenkragen mit mindestens 2 umlaufenden Gurten<br \/>\n\u2022 Befestigung durch mindestens 3 radiale Gurte, die bei 120\u00b0 angeordnet sind[\/vc_column_text][vc_empty_space height=&#8220;20&#8243;][vc_column_text]<span style=\"font-size: 12px; color: #666666;\">Lagerbeschr\u00e4nkungen: \u00dcberlappende Blechb\u00e4nder sind w\u00e4hrend der Lagerung ausdr\u00fccklich verboten; zus\u00e4tzlich zu einem identifizierenden Etikett wird das Packpersonal auch ein farbiges Etikett auf dem Ring des Blechbands anbringen<br \/>\n<\/span>[\/vc_column_text]<\/div><\/div><\/div><\/div>[\/vc_column][vc_column width=&#8220;1\/2&#8243;]<div id=\"cz_49900\" class=\"cz_49900 slick arrows_mlr no_dots arrows_inner\" data-slick='{\"selector\":\"\",\"slidesToShow\":1,\"slidesToScroll\":1,\"rows\":1,\"fade\":false,\"vertical\":false,\"verticalSwiping\":false,\"infinite\":true,\"speed\":1000,\"swipeToSlide\":true,\"centerMode\":false,\"centerPadding\":\"\",\"variableWidth\":false,\"autoplay\":true,\"autoplaySpeed\":4000,\"dots\":true,\"counts\":false,\"adaptiveHeight\":false,\"responsive\":[{\"breakpoint\":769,\"settings\":{\"slidesToShow\":1,\"slidesToScroll\":1,\"infinite\":true,\"touchMove\":true}},{\"breakpoint\":481,\"settings\":{\"slidesToShow\":1,\"slidesToScroll\":1,\"infinite\":true,\"touchMove\":true}}]}' data-slick-prev=\"fa fa-chevron-left\" data-slick-next=\"fa fa-chevron-right\">[vc_single_image image=&#8220;19908&#8243; img_size=&#8220;full&#8220;][vc_single_image image=&#8220;19910&#8243; img_size=&#8220;full&#8220;][vc_single_image image=&#8220;19911&#8243; img_size=&#8220;full&#8220;][vc_single_image image=&#8220;19912&#8243; img_size=&#8220;full&#8220;]<\/div><div><\/div>[vc_empty_space height=&#8220;30px&#8220;][\/vc_column][\/vc_row][vc_row][vc_column][vc_empty_space height=&#8220;50&#8243;][\/vc_column][\/vc_row]<\/p>\n<\/div>","protected":false},"excerpt":{"rendered":"<p>[vc_column css=&#8220;.vc_custom_1588591974425{padding-top: 10em !important;padding-bottom: 10em !important;background-position: center &#8230; <\/p>\n","protected":false},"author":2,"featured_media":0,"parent":0,"menu_order":0,"comment_status":"closed","ping_status":"closed","template":"","meta":{"footnotes":""},"class_list":["post-19907","page","type-page","status-publish","hentry"],"yoast_head":"<!-- This site is optimized with the Yoast SEO plugin v27.4 - https:\/\/yoast.com\/product\/yoast-seo-wordpress\/ -->\n<title>Standardverpackung Vorlackierte Coils | Marcegaglia Coateel\u00ae<\/title>\n<meta name=\"description\" content=\"Marcegaglia Carbon Steel bietet eine breite Vielfalt an Standardverpackungen f\u00fcr Vorlackierte Coils.\" \/>\n<meta name=\"robots\" content=\"index, follow, max-snippet:-1, max-image-preview:large, max-video-preview:-1\" \/>\n<link rel=\"canonical\" href=\"https:\/\/coateel.it\/de\/standardverpackung-coils\/\" \/>\n<meta property=\"og:locale\" content=\"de_DE\" \/>\n<meta property=\"og:type\" content=\"article\" \/>\n<meta property=\"og:title\" content=\"Standardverpackung Vorlackierte Coils | Marcegaglia Coateel\u00ae\" \/>\n<meta property=\"og:description\" content=\"Marcegaglia Carbon Steel bietet eine breite Vielfalt an Standardverpackungen f\u00fcr Vorlackierte Coils.\" \/>\n<meta property=\"og:url\" content=\"https:\/\/coateel.it\/de\/standardverpackung-coils\/\" \/>\n<meta property=\"og:site_name\" content=\"Marcegaglia Coateel\" \/>\n<meta property=\"article:modified_time\" content=\"2023-01-17T09:48:05+00:00\" \/>\n<meta property=\"og:image\" content=\"https:\/\/coateel.it\/wp-content\/uploads\/2024\/03\/Marcegaglia-Coateel-yoast.jpg\" \/>\n\t<meta property=\"og:image:width\" content=\"1200\" \/>\n\t<meta property=\"og:image:height\" content=\"675\" \/>\n\t<meta property=\"og:image:type\" content=\"image\/jpeg\" \/>\n<meta name=\"twitter:card\" content=\"summary_large_image\" \/>\n<meta name=\"twitter:label1\" content=\"Gesch\u00e4tzte Lesezeit\" \/>\n\t<meta name=\"twitter:data1\" content=\"4\u00a0Minuten\" \/>\n<script type=\"application\/ld+json\" class=\"yoast-schema-graph\">{\"@context\":\"https:\\\/\\\/schema.org\",\"@graph\":[{\"@type\":\"WebPage\",\"@id\":\"https:\\\/\\\/coateel.it\\\/de\\\/standardverpackung-coils\\\/\",\"url\":\"https:\\\/\\\/coateel.it\\\/de\\\/standardverpackung-coils\\\/\",\"name\":\"Standardverpackung Vorlackierte Coils | Marcegaglia Coateel\u00ae\",\"isPartOf\":{\"@id\":\"https:\\\/\\\/coateel.it\\\/de\\\/#website\"},\"datePublished\":\"2020-07-15T15:02:58+00:00\",\"dateModified\":\"2023-01-17T09:48:05+00:00\",\"description\":\"Marcegaglia Carbon Steel bietet eine breite Vielfalt an Standardverpackungen f\u00fcr Vorlackierte Coils.\",\"breadcrumb\":{\"@id\":\"https:\\\/\\\/coateel.it\\\/de\\\/standardverpackung-coils\\\/#breadcrumb\"},\"inLanguage\":\"de\",\"potentialAction\":[{\"@type\":\"ReadAction\",\"target\":[\"https:\\\/\\\/coateel.it\\\/de\\\/standardverpackung-coils\\\/\"]}]},{\"@type\":\"BreadcrumbList\",\"@id\":\"https:\\\/\\\/coateel.it\\\/de\\\/standardverpackung-coils\\\/#breadcrumb\",\"itemListElement\":[{\"@type\":\"ListItem\",\"position\":1,\"name\":\"Home\",\"item\":\"https:\\\/\\\/coateel.it\\\/de\\\/\"},{\"@type\":\"ListItem\",\"position\":2,\"name\":\"Imballaggi standard &#8211; Coils preverniciati &#8211; DE\"}]},{\"@type\":\"WebSite\",\"@id\":\"https:\\\/\\\/coateel.it\\\/de\\\/#website\",\"url\":\"https:\\\/\\\/coateel.it\\\/de\\\/\",\"name\":\"Marcegaglia Coateel\",\"description\":\"Our colors, your life\",\"publisher\":{\"@id\":\"https:\\\/\\\/coateel.it\\\/de\\\/#organization\"},\"potentialAction\":[{\"@type\":\"SearchAction\",\"target\":{\"@type\":\"EntryPoint\",\"urlTemplate\":\"https:\\\/\\\/coateel.it\\\/de\\\/?s={search_term_string}\"},\"query-input\":{\"@type\":\"PropertyValueSpecification\",\"valueRequired\":true,\"valueName\":\"search_term_string\"}}],\"inLanguage\":\"de\"},{\"@type\":\"Organization\",\"@id\":\"https:\\\/\\\/coateel.it\\\/de\\\/#organization\",\"name\":\"Marcegaglia Coateel\",\"alternateName\":\"Coateel\",\"url\":\"https:\\\/\\\/coateel.it\\\/de\\\/\",\"logo\":{\"@type\":\"ImageObject\",\"inLanguage\":\"de\",\"@id\":\"https:\\\/\\\/coateel.it\\\/de\\\/#\\\/schema\\\/logo\\\/image\\\/\",\"url\":\"https:\\\/\\\/coateel.it\\\/wp-content\\\/uploads\\\/2023\\\/08\\\/favicon_marcegaglia-carbon-steel_512x512.jpg\",\"contentUrl\":\"https:\\\/\\\/coateel.it\\\/wp-content\\\/uploads\\\/2023\\\/08\\\/favicon_marcegaglia-carbon-steel_512x512.jpg\",\"width\":512,\"height\":512,\"caption\":\"Marcegaglia Coateel\"},\"image\":{\"@id\":\"https:\\\/\\\/coateel.it\\\/de\\\/#\\\/schema\\\/logo\\\/image\\\/\"}}]}<\/script>\n<!-- \/ Yoast SEO plugin. -->","yoast_head_json":{"title":"Standardverpackung Vorlackierte Coils | Marcegaglia Coateel\u00ae","description":"Marcegaglia Carbon Steel bietet eine breite Vielfalt an Standardverpackungen f\u00fcr Vorlackierte Coils.","robots":{"index":"index","follow":"follow","max-snippet":"max-snippet:-1","max-image-preview":"max-image-preview:large","max-video-preview":"max-video-preview:-1"},"canonical":"https:\/\/coateel.it\/de\/standardverpackung-coils\/","og_locale":"de_DE","og_type":"article","og_title":"Standardverpackung Vorlackierte Coils | Marcegaglia Coateel\u00ae","og_description":"Marcegaglia Carbon Steel bietet eine breite Vielfalt an Standardverpackungen f\u00fcr Vorlackierte Coils.","og_url":"https:\/\/coateel.it\/de\/standardverpackung-coils\/","og_site_name":"Marcegaglia Coateel","article_modified_time":"2023-01-17T09:48:05+00:00","og_image":[{"width":1200,"height":675,"url":"https:\/\/coateel.it\/wp-content\/uploads\/2024\/03\/Marcegaglia-Coateel-yoast.jpg","type":"image\/jpeg"}],"twitter_card":"summary_large_image","twitter_misc":{"Gesch\u00e4tzte Lesezeit":"4\u00a0Minuten"},"schema":{"@context":"https:\/\/schema.org","@graph":[{"@type":"WebPage","@id":"https:\/\/coateel.it\/de\/standardverpackung-coils\/","url":"https:\/\/coateel.it\/de\/standardverpackung-coils\/","name":"Standardverpackung Vorlackierte Coils | Marcegaglia Coateel\u00ae","isPartOf":{"@id":"https:\/\/coateel.it\/de\/#website"},"datePublished":"2020-07-15T15:02:58+00:00","dateModified":"2023-01-17T09:48:05+00:00","description":"Marcegaglia Carbon Steel bietet eine breite Vielfalt an Standardverpackungen f\u00fcr Vorlackierte Coils.","breadcrumb":{"@id":"https:\/\/coateel.it\/de\/standardverpackung-coils\/#breadcrumb"},"inLanguage":"de","potentialAction":[{"@type":"ReadAction","target":["https:\/\/coateel.it\/de\/standardverpackung-coils\/"]}]},{"@type":"BreadcrumbList","@id":"https:\/\/coateel.it\/de\/standardverpackung-coils\/#breadcrumb","itemListElement":[{"@type":"ListItem","position":1,"name":"Home","item":"https:\/\/coateel.it\/de\/"},{"@type":"ListItem","position":2,"name":"Imballaggi standard &#8211; Coils preverniciati &#8211; DE"}]},{"@type":"WebSite","@id":"https:\/\/coateel.it\/de\/#website","url":"https:\/\/coateel.it\/de\/","name":"Marcegaglia Coateel","description":"Our colors, your life","publisher":{"@id":"https:\/\/coateel.it\/de\/#organization"},"potentialAction":[{"@type":"SearchAction","target":{"@type":"EntryPoint","urlTemplate":"https:\/\/coateel.it\/de\/?s={search_term_string}"},"query-input":{"@type":"PropertyValueSpecification","valueRequired":true,"valueName":"search_term_string"}}],"inLanguage":"de"},{"@type":"Organization","@id":"https:\/\/coateel.it\/de\/#organization","name":"Marcegaglia Coateel","alternateName":"Coateel","url":"https:\/\/coateel.it\/de\/","logo":{"@type":"ImageObject","inLanguage":"de","@id":"https:\/\/coateel.it\/de\/#\/schema\/logo\/image\/","url":"https:\/\/coateel.it\/wp-content\/uploads\/2023\/08\/favicon_marcegaglia-carbon-steel_512x512.jpg","contentUrl":"https:\/\/coateel.it\/wp-content\/uploads\/2023\/08\/favicon_marcegaglia-carbon-steel_512x512.jpg","width":512,"height":512,"caption":"Marcegaglia Coateel"},"image":{"@id":"https:\/\/coateel.it\/de\/#\/schema\/logo\/image\/"}}]}},"_links":{"self":[{"href":"https:\/\/coateel.it\/de\/wp-json\/wp\/v2\/pages\/19907","targetHints":{"allow":["GET"]}}],"collection":[{"href":"https:\/\/coateel.it\/de\/wp-json\/wp\/v2\/pages"}],"about":[{"href":"https:\/\/coateel.it\/de\/wp-json\/wp\/v2\/types\/page"}],"author":[{"embeddable":true,"href":"https:\/\/coateel.it\/de\/wp-json\/wp\/v2\/users\/2"}],"replies":[{"embeddable":true,"href":"https:\/\/coateel.it\/de\/wp-json\/wp\/v2\/comments?post=19907"}],"version-history":[{"count":5,"href":"https:\/\/coateel.it\/de\/wp-json\/wp\/v2\/pages\/19907\/revisions"}],"predecessor-version":[{"id":20919,"href":"https:\/\/coateel.it\/de\/wp-json\/wp\/v2\/pages\/19907\/revisions\/20919"}],"wp:attachment":[{"href":"https:\/\/coateel.it\/de\/wp-json\/wp\/v2\/media?parent=19907"}],"curies":[{"name":"wp","href":"https:\/\/api.w.org\/{rel}","templated":true}]}}