{"id":19916,"date":"2021-02-12T10:36:45","date_gmt":"2021-02-12T10:36:45","guid":{"rendered":"https:\/\/coateel.it\/prodotti-piani-in-acciaio-preverniciato-imballi-standard-nastri\/"},"modified":"2023-01-17T09:50:44","modified_gmt":"2023-01-17T09:50:44","slug":"vorlackierte-bandstahl-standardverpackung","status":"publish","type":"page","link":"https:\/\/coateel.it\/de\/vorlackierte-bandstahl-standardverpackung\/","title":{"rendered":"Imballaggi standard &#8211; Nastri preverniciati &#8211; DE"},"content":{"rendered":"<div class=\"wpb-content-wrapper\"><p>[vc_row full_width=&#8220;stretch_row_content_no_spaces&#8220; css=&#8220;.vc_custom_1656946419817{margin-bottom: 2em !important;background-image: url(https:\/\/coateel.it\/wp-content\/uploads\/2022\/07\/Marcegaglia-Coateel-standard-packaging-strips-header.jpg?id=19314) !important;background-position: center !important;background-repeat: no-repeat !important;background-size: cover !important;}&#8220; el_id=&#8220;desk&#8220;][vc_column css=&#8220;.vc_custom_1588591974425{padding-top: 10em !important;padding-bottom: 10em !important;background-position: center !important;background-repeat: no-repeat !important;background-size: cover !important;}&#8220; el_id=&#8220;desk&#8220; offset=&#8220;vc_hidden-sm vc_hidden-xs&#8220;][\/vc_column][\/vc_row][vc_row full_width=&#8220;stretch_row_content_no_spaces&#8220; css=&#8220;.vc_custom_1656946439177{margin-bottom: 2em !important;padding-top: 5em !important;padding-bottom: 5em !important;background-image: url(https:\/\/coateel.it\/wp-content\/uploads\/2022\/07\/Marcegaglia-Coateel-standard-packaging-strips-header-mobile.jpg?id=19316) !important;background-position: center !important;background-repeat: no-repeat !important;background-size: cover !important;}&#8220; el_id=&#8220;resp&#8220;][vc_column css=&#8220;.vc_custom_1588592239658{background-position: center !important;background-repeat: no-repeat !important;background-size: cover !important;}&#8220; el_id=&#8220;resp&#8220; offset=&#8220;vc_hidden-lg vc_hidden-md&#8220;][\/vc_column][\/vc_row][vc_row full_width=&#8220;stretch_row&#8220; css=&#8220;.vc_custom_1585049350308{margin-bottom: 2em !important;background-position: center !important;background-repeat: no-repeat !important;background-size: cover !important;}&#8220;][vc_column width=&#8220;1\/2&#8243;][vc_column_text]<\/p>\n<h2><span style=\"color: #609657;\">VORLACKIERTE BANDSTAHL<br \/>\n<span style=\"font-size: 16px;\">STANDARDVERPACKUNG<\/span><br \/>\n<\/span><\/h2>\n<p>[\/vc_column_text][vc_empty_space height=&#8220;20px&#8220;][vc_column_text]Marcegaglia bietet eine breite Vielfalt an Standardverpackungen f\u00fcr bandstahl Erzeugnisse an.[\/vc_column_text][vc_empty_space height=&#8220;30&#8243;][vc_row_inner el_id=&#8220;resp&#8220; css=&#8220;.vc_custom_1594632999623{margin-bottom: 1em !important;}&#8220;][vc_column_inner width=&#8220;1\/3&#8243; offset=&#8220;vc_col-xs-4&#8243;][vc_single_image image=&#8220;19991&#8243; img_size=&#8220;30&#8243; alignment=&#8220;right&#8220; onclick=&#8220;custom_link&#8220; img_link_target=&#8220;_blank&#8220; link=&#8220;https:\/\/coateel.it\/wp-content\/uploads\/2022\/10\/Marcegaglia-Coateel-standard-packaging-strips_DE.pdf&#8220;][\/vc_column_inner][vc_column_inner width=&#8220;2\/3&#8243; offset=&#8220;vc_col-xs-4&#8243;][vc_column_text]<span style=\"color: #609657;\">STANDARDVERPACKUNG &#8211; VORLACKIERTE BANDSTAHL<\/span>[\/vc_column_text][\/vc_column_inner][\/vc_row_inner][\/vc_column][vc_column width=&#8220;1\/2&#8243;][vc_empty_space height=&#8220;60&#8243;][vc_row_inner el_id=&#8220;desk&#8220;][vc_column_inner width=&#8220;1\/3&#8243;][vc_single_image image=&#8220;19991&#8243; img_size=&#8220;30&#8243; alignment=&#8220;right&#8220; onclick=&#8220;custom_link&#8220; img_link_target=&#8220;_blank&#8220; link=&#8220;https:\/\/coateel.it\/wp-content\/uploads\/2022\/10\/Marcegaglia-Coateel-standard-packaging-strips_DE.pdf&#8220;][\/vc_column_inner][vc_column_inner width=&#8220;2\/3&#8243; css=&#8220;.vc_custom_1656939074275{margin-left: 0px !important;border-left-width: 0px !important;padding-left: 0px !important;}&#8220;][vc_column_text]<span style=\"color: #609657;\">STANDARDVERPACKUNG &#8211; VORLACKIERTE BANDSTAHL<\/span>[\/vc_column_text][\/vc_column_inner][\/vc_row_inner][\/vc_column][\/vc_row][vc_row][vc_column width=&#8220;1\/2&#8243;]<div id=\"cz_93638\" data-arrows='{\"open\":\"fa fa-angle-down\",\"close\":\"fa fa-angle-up\"}' class=\"cz_93638 cz_acc clr\"><div><div id=\"\"><span class=\"cz_acc_child\"><div>BN1<\/div><\/span><div class=\"cz_acc_child_content clr\">[vc_column_text]Rekonstituierte Verpackungsb\u00e4nder<br \/>\nmit horizontaler Achse f\u00fcr die Verladung auf Lastwagen<\/p>\n<p><strong>max. Gewicht: 8.000 kg<\/strong>[\/vc_column_text][vc_empty_space height=&#8220;20&#8243;][vc_column_text]<span style=\"font-size: 12px; color: #666666;\">Bitte beachten Sie die Tabelle f\u00fcr alle Funktionen wie Holztrenner, Papier, usw.<\/span><br \/>\n<span style=\"font-size: 12px; color: #666666;\">Kapazit\u00e4t bezieht sich auf eine einzelne Palette.<br \/>\n<\/span><span style=\"font-size: 12px; color: #666666;\"> Stapeln und Sichern liegt in der Verantwortung des Kunden.<\/span>[\/vc_column_text]<\/div><\/div><div id=\"\"><span class=\"cz_acc_child\"><div>BN2<\/div><\/span><div class=\"cz_acc_child_content clr\">[vc_column_text]Rekonstituierte Verpackung<br \/>\nmit horizontaler Achse auf Sattelleisten f\u00fcr Gabelstaplerbeladung<\/p>\n<p>max. Durchmesser: 1.250 mm<br \/>\nmin. Breite: 400 mm<br \/>\n<strong>max. Gewicht: 5.000 kg<\/strong>[\/vc_column_text][vc_empty_space height=&#8220;20&#8243;][vc_column_text]<span style=\"font-size: 12px; color: #666666;\">Bitte beachten Sie die Tabelle f\u00fcr alle Funktionen wie Holztrenner, Papier, usw.<\/span><br \/>\n<span style=\"font-size: 12px; color: #666666;\">Kapazit\u00e4t bezieht sich auf eine einzelne Palette.<br \/>\n<\/span><span style=\"font-size: 12px; color: #666666;\"> Stapeln und Sichern liegt in der Verantwortung des Kunden.<\/span>[\/vc_column_text]<\/div><\/div><div id=\"\"><span class=\"cz_acc_child\"><div>BN3<\/div><\/span><div class=\"cz_acc_child_content clr\">[vc_column_text]Palette mit einer Mindesth\u00f6he von 80 mm, Form und Gr\u00f6\u00dfe der Palette sind abh\u00e4ngig vom Au\u00dfendurchmesser des Bandstahls<\/p>\n<p><strong>max. Gewicht: 4.500 kg<\/strong><\/p>\n<p><span style=\"color: #609657;\"><strong>B7<\/strong><\/span> (700\u00d7700) oder <span style=\"color: #609657;\"><strong>B9<\/strong><\/span> (900\u00d7900)[\/vc_column_text]<\/div><\/div><div id=\"\"><span class=\"cz_acc_child\"><div>BN5<\/div><\/span><div class=\"cz_acc_child_content clr\">[vc_column_text]Verpackt nach Kundenspezifikation[\/vc_column_text][vc_empty_space height=&#8220;20&#8243;][vc_column_text]<span style=\"font-size: 12px; color: #666666;\">Mit der QK des Werks abzustimmen<\/span>[\/vc_column_text]<\/div><\/div><div id=\"\"><span class=\"cz_acc_child\"><div>BN7<\/div><\/span><div class=\"cz_acc_child_content clr\">[vc_column_text]<\/p>\n<p class=\"testo\">Verpackung bestehend aus 2 Holzst\u00fccken, Mindesth\u00f6he 90 mm, an den Blechb\u00e4ndern angeschnallt<\/p>\n<p><strong>max. Gewicht: 3.000 kg<\/strong>[\/vc_column_text]<\/div><\/div><div id=\"\"><span class=\"cz_acc_child\"><div>BN9<\/div><\/span><div class=\"cz_acc_child_content clr\">[vc_column_text]<\/p>\n<p class=\"testo\">Palette mit freiem Mittelloch<\/p>\n<p><strong>max. Gewicht: 4.500 kg<\/strong><\/p>\n<p><strong><span style=\"color: #609657;\">BN9<\/span><\/strong> (900\u00d7900)[\/vc_column_text]<\/div><\/div><\/div><\/div>[\/vc_column][vc_column width=&#8220;1\/2&#8243;]<div id=\"cz_55204\" class=\"cz_55204 slick arrows_mlr no_dots arrows_inner\" data-slick='{\"selector\":\"\",\"slidesToShow\":1,\"slidesToScroll\":1,\"rows\":1,\"fade\":false,\"vertical\":false,\"verticalSwiping\":false,\"infinite\":false,\"speed\":1000,\"swipeToSlide\":true,\"centerMode\":false,\"centerPadding\":\"\",\"variableWidth\":false,\"autoplay\":true,\"autoplaySpeed\":4000,\"dots\":true,\"counts\":false,\"adaptiveHeight\":false,\"responsive\":[{\"breakpoint\":769,\"settings\":{\"slidesToShow\":1,\"slidesToScroll\":1,\"infinite\":true,\"touchMove\":true}},{\"breakpoint\":481,\"settings\":{\"slidesToShow\":1,\"slidesToScroll\":1,\"infinite\":true,\"touchMove\":true}}]}' data-slick-prev=\"fa fa-chevron-left\" data-slick-next=\"fa fa-chevron-right\">[vc_single_image image=&#8220;19917&#8243; img_size=&#8220;full&#8220;][vc_single_image image=&#8220;19922&#8243; img_size=&#8220;full&#8220;][vc_single_image image=&#8220;19920&#8243; img_size=&#8220;full&#8220;][vc_single_image image=&#8220;19921&#8243; img_size=&#8220;full&#8220;]<\/div><div><\/div>[vc_empty_space height=&#8220;30px&#8220;][\/vc_column][\/vc_row][vc_row][vc_column][vc_empty_space height=&#8220;50&#8243;][\/vc_column][\/vc_row]<\/p>\n<\/div>","protected":false},"excerpt":{"rendered":"<p>[vc_column css=&#8220;.vc_custom_1588591974425{padding-top: 10em !important;padding-bottom: 10em !important;background-position: center &#8230; <\/p>\n","protected":false},"author":1,"featured_media":0,"parent":0,"menu_order":0,"comment_status":"closed","ping_status":"closed","template":"","meta":{"footnotes":""},"class_list":["post-19916","page","type-page","status-publish","hentry"],"yoast_head":"<!-- This site is optimized with the Yoast SEO plugin v27.5 - https:\/\/yoast.com\/product\/yoast-seo-wordpress\/ -->\n<title>Standardverpackung Vorlackierte Bandstahl | Marcegaglia Coateel\u00ae<\/title>\n<meta name=\"description\" content=\"Marcegaglia Carbon Steel bietet eine breite Vielfalt an Standardverpackungen f\u00fcr Vorlackierte Bandstahl.\" \/>\n<meta name=\"robots\" content=\"index, follow, max-snippet:-1, max-image-preview:large, max-video-preview:-1\" \/>\n<link rel=\"canonical\" href=\"https:\/\/coateel.it\/de\/vorlackierte-bandstahl-standardverpackung\/\" \/>\n<meta property=\"og:locale\" content=\"de_DE\" \/>\n<meta property=\"og:type\" content=\"article\" \/>\n<meta property=\"og:title\" content=\"Standardverpackung Vorlackierte Bandstahl | Marcegaglia Coateel\u00ae\" \/>\n<meta property=\"og:description\" content=\"Marcegaglia Carbon Steel bietet eine breite Vielfalt an Standardverpackungen f\u00fcr Vorlackierte Bandstahl.\" \/>\n<meta property=\"og:url\" content=\"https:\/\/coateel.it\/de\/vorlackierte-bandstahl-standardverpackung\/\" \/>\n<meta property=\"og:site_name\" content=\"Marcegaglia Coateel\" \/>\n<meta property=\"article:modified_time\" content=\"2023-01-17T09:50:44+00:00\" \/>\n<meta property=\"og:image\" content=\"https:\/\/coateel.it\/wp-content\/uploads\/2024\/03\/Marcegaglia-Coateel-yoast.jpg\" \/>\n\t<meta property=\"og:image:width\" content=\"1200\" \/>\n\t<meta property=\"og:image:height\" content=\"675\" \/>\n\t<meta property=\"og:image:type\" content=\"image\/jpeg\" \/>\n<meta name=\"twitter:card\" content=\"summary_large_image\" \/>\n<meta name=\"twitter:label1\" content=\"Gesch\u00e4tzte Lesezeit\" \/>\n\t<meta name=\"twitter:data1\" content=\"2\u00a0Minuten\" \/>\n<script type=\"application\/ld+json\" class=\"yoast-schema-graph\">{\"@context\":\"https:\\\/\\\/schema.org\",\"@graph\":[{\"@type\":\"WebPage\",\"@id\":\"https:\\\/\\\/coateel.it\\\/de\\\/vorlackierte-bandstahl-standardverpackung\\\/\",\"url\":\"https:\\\/\\\/coateel.it\\\/de\\\/vorlackierte-bandstahl-standardverpackung\\\/\",\"name\":\"Standardverpackung Vorlackierte Bandstahl | Marcegaglia Coateel\u00ae\",\"isPartOf\":{\"@id\":\"https:\\\/\\\/coateel.it\\\/de\\\/#website\"},\"datePublished\":\"2021-02-12T10:36:45+00:00\",\"dateModified\":\"2023-01-17T09:50:44+00:00\",\"description\":\"Marcegaglia Carbon Steel bietet eine breite Vielfalt an Standardverpackungen f\u00fcr Vorlackierte Bandstahl.\",\"breadcrumb\":{\"@id\":\"https:\\\/\\\/coateel.it\\\/de\\\/vorlackierte-bandstahl-standardverpackung\\\/#breadcrumb\"},\"inLanguage\":\"de\",\"potentialAction\":[{\"@type\":\"ReadAction\",\"target\":[\"https:\\\/\\\/coateel.it\\\/de\\\/vorlackierte-bandstahl-standardverpackung\\\/\"]}]},{\"@type\":\"BreadcrumbList\",\"@id\":\"https:\\\/\\\/coateel.it\\\/de\\\/vorlackierte-bandstahl-standardverpackung\\\/#breadcrumb\",\"itemListElement\":[{\"@type\":\"ListItem\",\"position\":1,\"name\":\"Home\",\"item\":\"https:\\\/\\\/coateel.it\\\/de\\\/\"},{\"@type\":\"ListItem\",\"position\":2,\"name\":\"Imballaggi standard &#8211; Nastri preverniciati &#8211; DE\"}]},{\"@type\":\"WebSite\",\"@id\":\"https:\\\/\\\/coateel.it\\\/de\\\/#website\",\"url\":\"https:\\\/\\\/coateel.it\\\/de\\\/\",\"name\":\"Marcegaglia Coateel\",\"description\":\"Our colors, your life\",\"publisher\":{\"@id\":\"https:\\\/\\\/coateel.it\\\/de\\\/#organization\"},\"potentialAction\":[{\"@type\":\"SearchAction\",\"target\":{\"@type\":\"EntryPoint\",\"urlTemplate\":\"https:\\\/\\\/coateel.it\\\/de\\\/?s={search_term_string}\"},\"query-input\":{\"@type\":\"PropertyValueSpecification\",\"valueRequired\":true,\"valueName\":\"search_term_string\"}}],\"inLanguage\":\"de\"},{\"@type\":\"Organization\",\"@id\":\"https:\\\/\\\/coateel.it\\\/de\\\/#organization\",\"name\":\"Marcegaglia Coateel\",\"alternateName\":\"Coateel\",\"url\":\"https:\\\/\\\/coateel.it\\\/de\\\/\",\"logo\":{\"@type\":\"ImageObject\",\"inLanguage\":\"de\",\"@id\":\"https:\\\/\\\/coateel.it\\\/de\\\/#\\\/schema\\\/logo\\\/image\\\/\",\"url\":\"https:\\\/\\\/coateel.it\\\/wp-content\\\/uploads\\\/2023\\\/08\\\/favicon_marcegaglia-carbon-steel_512x512.jpg\",\"contentUrl\":\"https:\\\/\\\/coateel.it\\\/wp-content\\\/uploads\\\/2023\\\/08\\\/favicon_marcegaglia-carbon-steel_512x512.jpg\",\"width\":512,\"height\":512,\"caption\":\"Marcegaglia Coateel\"},\"image\":{\"@id\":\"https:\\\/\\\/coateel.it\\\/de\\\/#\\\/schema\\\/logo\\\/image\\\/\"}}]}<\/script>\n<!-- \/ Yoast SEO plugin. -->","yoast_head_json":{"title":"Standardverpackung Vorlackierte Bandstahl | Marcegaglia Coateel\u00ae","description":"Marcegaglia Carbon Steel bietet eine breite Vielfalt an Standardverpackungen f\u00fcr Vorlackierte Bandstahl.","robots":{"index":"index","follow":"follow","max-snippet":"max-snippet:-1","max-image-preview":"max-image-preview:large","max-video-preview":"max-video-preview:-1"},"canonical":"https:\/\/coateel.it\/de\/vorlackierte-bandstahl-standardverpackung\/","og_locale":"de_DE","og_type":"article","og_title":"Standardverpackung Vorlackierte Bandstahl | Marcegaglia Coateel\u00ae","og_description":"Marcegaglia Carbon Steel bietet eine breite Vielfalt an Standardverpackungen f\u00fcr Vorlackierte Bandstahl.","og_url":"https:\/\/coateel.it\/de\/vorlackierte-bandstahl-standardverpackung\/","og_site_name":"Marcegaglia Coateel","article_modified_time":"2023-01-17T09:50:44+00:00","og_image":[{"width":1200,"height":675,"url":"https:\/\/coateel.it\/wp-content\/uploads\/2024\/03\/Marcegaglia-Coateel-yoast.jpg","type":"image\/jpeg"}],"twitter_card":"summary_large_image","twitter_misc":{"Gesch\u00e4tzte Lesezeit":"2\u00a0Minuten"},"schema":{"@context":"https:\/\/schema.org","@graph":[{"@type":"WebPage","@id":"https:\/\/coateel.it\/de\/vorlackierte-bandstahl-standardverpackung\/","url":"https:\/\/coateel.it\/de\/vorlackierte-bandstahl-standardverpackung\/","name":"Standardverpackung Vorlackierte Bandstahl | Marcegaglia Coateel\u00ae","isPartOf":{"@id":"https:\/\/coateel.it\/de\/#website"},"datePublished":"2021-02-12T10:36:45+00:00","dateModified":"2023-01-17T09:50:44+00:00","description":"Marcegaglia Carbon Steel bietet eine breite Vielfalt an Standardverpackungen f\u00fcr Vorlackierte Bandstahl.","breadcrumb":{"@id":"https:\/\/coateel.it\/de\/vorlackierte-bandstahl-standardverpackung\/#breadcrumb"},"inLanguage":"de","potentialAction":[{"@type":"ReadAction","target":["https:\/\/coateel.it\/de\/vorlackierte-bandstahl-standardverpackung\/"]}]},{"@type":"BreadcrumbList","@id":"https:\/\/coateel.it\/de\/vorlackierte-bandstahl-standardverpackung\/#breadcrumb","itemListElement":[{"@type":"ListItem","position":1,"name":"Home","item":"https:\/\/coateel.it\/de\/"},{"@type":"ListItem","position":2,"name":"Imballaggi standard &#8211; Nastri preverniciati &#8211; DE"}]},{"@type":"WebSite","@id":"https:\/\/coateel.it\/de\/#website","url":"https:\/\/coateel.it\/de\/","name":"Marcegaglia Coateel","description":"Our colors, your life","publisher":{"@id":"https:\/\/coateel.it\/de\/#organization"},"potentialAction":[{"@type":"SearchAction","target":{"@type":"EntryPoint","urlTemplate":"https:\/\/coateel.it\/de\/?s={search_term_string}"},"query-input":{"@type":"PropertyValueSpecification","valueRequired":true,"valueName":"search_term_string"}}],"inLanguage":"de"},{"@type":"Organization","@id":"https:\/\/coateel.it\/de\/#organization","name":"Marcegaglia Coateel","alternateName":"Coateel","url":"https:\/\/coateel.it\/de\/","logo":{"@type":"ImageObject","inLanguage":"de","@id":"https:\/\/coateel.it\/de\/#\/schema\/logo\/image\/","url":"https:\/\/coateel.it\/wp-content\/uploads\/2023\/08\/favicon_marcegaglia-carbon-steel_512x512.jpg","contentUrl":"https:\/\/coateel.it\/wp-content\/uploads\/2023\/08\/favicon_marcegaglia-carbon-steel_512x512.jpg","width":512,"height":512,"caption":"Marcegaglia Coateel"},"image":{"@id":"https:\/\/coateel.it\/de\/#\/schema\/logo\/image\/"}}]}},"_links":{"self":[{"href":"https:\/\/coateel.it\/de\/wp-json\/wp\/v2\/pages\/19916","targetHints":{"allow":["GET"]}}],"collection":[{"href":"https:\/\/coateel.it\/de\/wp-json\/wp\/v2\/pages"}],"about":[{"href":"https:\/\/coateel.it\/de\/wp-json\/wp\/v2\/types\/page"}],"author":[{"embeddable":true,"href":"https:\/\/coateel.it\/de\/wp-json\/wp\/v2\/users\/1"}],"replies":[{"embeddable":true,"href":"https:\/\/coateel.it\/de\/wp-json\/wp\/v2\/comments?post=19916"}],"version-history":[{"count":5,"href":"https:\/\/coateel.it\/de\/wp-json\/wp\/v2\/pages\/19916\/revisions"}],"predecessor-version":[{"id":20921,"href":"https:\/\/coateel.it\/de\/wp-json\/wp\/v2\/pages\/19916\/revisions\/20921"}],"wp:attachment":[{"href":"https:\/\/coateel.it\/de\/wp-json\/wp\/v2\/media?parent=19916"}],"curies":[{"name":"wp","href":"https:\/\/api.w.org\/{rel}","templated":true}]}}