{"id":20247,"date":"2022-06-30T13:52:03","date_gmt":"2022-06-30T13:52:03","guid":{"rendered":"https:\/\/coateel.it\/sistema-verniciante-digital\/"},"modified":"2024-10-22T12:57:07","modified_gmt":"2024-10-22T12:57:07","slug":"digitale-beschichtungssysteme","status":"publish","type":"page","link":"https:\/\/coateel.it\/de\/digitale-beschichtungssysteme\/","title":{"rendered":"Coateel &#8211; Sistema verniciante &#8211; Digital &#8211; DE"},"content":{"rendered":"<div class=\"wpb-content-wrapper\"><p>[vc_row full_width=&#8220;stretch_row_content_no_spaces&#8220; css=&#8220;.vc_custom_1729601547270{margin-bottom: 2em !important;background-image: url(https:\/\/coateel.it\/wp-content\/uploads\/2024\/10\/Marcegaglia-Coateel-digital-coating-system-header.jpg?id=23688) !important;background-position: center !important;background-repeat: no-repeat !important;background-size: cover !important;}&#8220; el_id=&#8220;desk&#8220;][vc_column css=&#8220;.vc_custom_1588591974425{padding-top: 10em !important;padding-bottom: 10em !important;background-position: center !important;background-repeat: no-repeat !important;background-size: cover !important;}&#8220; el_id=&#8220;desk&#8220; offset=&#8220;vc_hidden-sm vc_hidden-xs&#8220;][\/vc_column][\/vc_row][vc_row full_width=&#8220;stretch_row_content_no_spaces&#8220; css=&#8220;.vc_custom_1729601563685{margin-bottom: 2em !important;padding-top: 5em !important;padding-bottom: 5em !important;background-image: url(https:\/\/coateel.it\/wp-content\/uploads\/2024\/10\/Marcegaglia-Coateel-digital-coating-system-header-mobile.jpg?id=23695) !important;background-position: center !important;background-repeat: no-repeat !important;background-size: cover !important;}&#8220; el_id=&#8220;resp&#8220;][vc_column css=&#8220;.vc_custom_1588592239658{background-position: center !important;background-repeat: no-repeat !important;background-size: cover !important;}&#8220; el_id=&#8220;resp&#8220; offset=&#8220;vc_hidden-lg vc_hidden-md&#8220;][\/vc_column][\/vc_row][vc_row full_width=&#8220;stretch_row&#8220; css=&#8220;.vc_custom_1585049350308{margin-bottom: 2em !important;background-position: center !important;background-repeat: no-repeat !important;background-size: cover !important;}&#8220;][vc_column width=&#8220;1\/2&#8243; css=&#8220;.vc_custom_1656515777122{margin-right: 500px !important;}&#8220;][vc_column_text]<\/p>\n<h2><span style=\"color: #d06d2c;\">DIGITALE BESCHICHTUNGSSYSTEME<\/span><\/h2>\n<p>[\/vc_column_text][vc_empty_space height=&#8220;30px&#8220;][vc_column_text]<strong>VOLLST\u00c4NDIG ANPASSBARE L\u00d6SUNG<\/strong><br \/>\nAngesichts der Markttrends zur <strong>Produktanpassung<\/strong> haben wir eine <strong>innovative High-Tech-L\u00f6sung<\/strong> entwickelt, die den <strong>Digitaldruck<\/strong> mit der kontinuierlichen Verarbeitung von Stahl-Coils in <strong>gro\u00dfem Ma\u00dfstab<\/strong> integriert.<\/p>\n<p><strong><span style=\"color: #d06d2c;\">Marcegaglia Digital Print<\/span><\/strong> ist die neueste Entwicklung von COATEEL<sup>\u00ae<\/sup>, die eine vollst\u00e4ndige Individualisierung der Oberfl\u00e4che und des sensorischen Erscheinungsbildes von Stahl erm\u00f6glicht, um die Grenzen der Phantasie zu \u00fcberschreiten und so die Stahlwelt der Architektur und dem Design n\u00e4her zu bringen.[\/vc_column_text][vc_empty_space height=&#8220;30px&#8220;][vc_row_inner][vc_column_inner width=&#8220;1\/3&#8243;][vc_column_text]<span style=\"font-size: 10px;\"><a href=\"https:\/\/coateel.it\/wp-content\/uploads\/2022\/10\/Marcegaglia-Coateel-digital-coating-system-CPMD-DE.pdf\" target=\"_blank\" rel=\"noopener\"><img decoding=\"async\" class=\"alignnone wp-image-18998 size-full\" src=\"https:\/\/coateel.it\/wp-content\/uploads\/2022\/06\/CMPD-cromatica-icona.png\" alt=\"\" width=\"62\" height=\"81\" \/><\/a><span style=\"font-size: 11px;\">TECHNISCHES DATENBLATT<\/span><br \/>\n<\/span>[\/vc_column_text][\/vc_column_inner][vc_column_inner width=&#8220;1\/3&#8243;][vc_empty_space height=&#8220;40px&#8220;][vc_column_text]<span style=\"font-size: 10px;\"><a href=\"https:\/\/www.marcegagliadigitalprint.it\/\" target=\"_blank\" rel=\"noopener\"><strong><span style=\"color: #d06d2c; font-size: 12px;\"><img decoding=\"async\" class=\"alignnone size-full wp-image-19010\" src=\"https:\/\/coateel.it\/wp-content\/uploads\/2022\/06\/website-icona-1.png\" alt=\"\" width=\"40\" height=\"40\" \/><\/span><\/strong><\/a><span style=\"color: #d06d2c; font-size: 11px;\">DIE WEBSEITE BESUCHEN<\/span><br \/>\n<\/span>[\/vc_column_text][\/vc_column_inner][vc_column_inner width=&#8220;1\/3&#8243;][\/vc_column_inner][\/vc_row_inner][\/vc_column][vc_column width=&#8220;1\/2&#8243;][vc_empty_space height=&#8220;60&#8243;][vc_single_image image=&#8220;20264&#8243; img_size=&#8220;full&#8220; alignment=&#8220;center&#8220; onclick=&#8220;custom_link&#8220;][vc_empty_space height=&#8220;30&#8243;][vc_single_image image=&#8220;20255&#8243; img_size=&#8220;full&#8220; alignment=&#8220;center&#8220;][\/vc_column][\/vc_row][vc_row][vc_column width=&#8220;1\/2&#8243;][vc_single_image image=&#8220;20256&#8243; img_size=&#8220;full&#8220;][\/vc_column][vc_column width=&#8220;1\/2&#8243;][vc_empty_space][vc_images_carousel images=&#8220;23343,20261,20260,23650,23657,23664,23671,23678&#8243; img_size=&#8220;377&#215;218&#8243; onclick=&#8220;link_no&#8220; autoplay=&#8220;yes&#8220; hide_pagination_control=&#8220;yes&#8220; wrap=&#8220;yes&#8220; el_id=&#8220;slider_coateel&#8220;][\/vc_column][\/vc_row][vc_row][vc_column][vc_single_image image=&#8220;23643&#8243; img_size=&#8220;full&#8220;][\/vc_column][\/vc_row]<\/p>\n<\/div>","protected":false},"excerpt":{"rendered":"<p>[vc_column css=&#8220;.vc_custom_1588591974425{padding-top: 10em !important;padding-bottom: 10em !important;background-position: center &#8230; <\/p>\n","protected":false},"author":1,"featured_media":0,"parent":0,"menu_order":0,"comment_status":"closed","ping_status":"closed","template":"","meta":{"footnotes":""},"class_list":["post-20247","page","type-page","status-publish","hentry"],"yoast_head":"<!-- This site is optimized with the Yoast SEO plugin v27.5 - https:\/\/yoast.com\/product\/yoast-seo-wordpress\/ -->\n<title>Digitale Beschichtungssysteme | Marcegaglia Coateel\u00ae<\/title>\n<meta name=\"description\" content=\"Eine innovative High-Tech-L\u00f6sung, die den Digitaldruck mit der kontinuierlichen Verarbeitung von Stahl-Coils in gro\u00dfem Ma\u00dfstab integriert.\" \/>\n<meta name=\"robots\" content=\"index, follow, max-snippet:-1, max-image-preview:large, max-video-preview:-1\" \/>\n<link rel=\"canonical\" href=\"https:\/\/coateel.it\/de\/digitale-beschichtungssysteme\/\" \/>\n<meta property=\"og:locale\" content=\"de_DE\" \/>\n<meta property=\"og:type\" content=\"article\" \/>\n<meta property=\"og:title\" content=\"Digitale Beschichtungssysteme | Marcegaglia Coateel\u00ae\" \/>\n<meta property=\"og:description\" content=\"Eine innovative High-Tech-L\u00f6sung, die den Digitaldruck mit der kontinuierlichen Verarbeitung von Stahl-Coils in gro\u00dfem Ma\u00dfstab integriert.\" \/>\n<meta property=\"og:url\" content=\"https:\/\/coateel.it\/de\/digitale-beschichtungssysteme\/\" \/>\n<meta property=\"og:site_name\" content=\"Marcegaglia Coateel\" \/>\n<meta property=\"article:modified_time\" content=\"2024-10-22T12:57:07+00:00\" \/>\n<meta property=\"og:image\" content=\"https:\/\/coateel.it\/wp-content\/uploads\/2022\/06\/CMPD-cromatica-icona.png\" \/>\n<meta name=\"twitter:card\" content=\"summary_large_image\" \/>\n<meta name=\"twitter:label1\" content=\"Gesch\u00e4tzte Lesezeit\" \/>\n\t<meta name=\"twitter:data1\" content=\"2\u00a0Minuten\" \/>\n<script type=\"application\/ld+json\" class=\"yoast-schema-graph\">{\"@context\":\"https:\\\/\\\/schema.org\",\"@graph\":[{\"@type\":\"WebPage\",\"@id\":\"https:\\\/\\\/coateel.it\\\/de\\\/digitale-beschichtungssysteme\\\/\",\"url\":\"https:\\\/\\\/coateel.it\\\/de\\\/digitale-beschichtungssysteme\\\/\",\"name\":\"Digitale Beschichtungssysteme | Marcegaglia Coateel\u00ae\",\"isPartOf\":{\"@id\":\"https:\\\/\\\/coateel.it\\\/de\\\/#website\"},\"primaryImageOfPage\":{\"@id\":\"https:\\\/\\\/coateel.it\\\/de\\\/digitale-beschichtungssysteme\\\/#primaryimage\"},\"image\":{\"@id\":\"https:\\\/\\\/coateel.it\\\/de\\\/digitale-beschichtungssysteme\\\/#primaryimage\"},\"thumbnailUrl\":\"https:\\\/\\\/coateel.it\\\/wp-content\\\/uploads\\\/2022\\\/06\\\/CMPD-cromatica-icona.png\",\"datePublished\":\"2022-06-30T13:52:03+00:00\",\"dateModified\":\"2024-10-22T12:57:07+00:00\",\"description\":\"Eine innovative High-Tech-L\u00f6sung, die den Digitaldruck mit der kontinuierlichen Verarbeitung von Stahl-Coils in gro\u00dfem Ma\u00dfstab integriert.\",\"breadcrumb\":{\"@id\":\"https:\\\/\\\/coateel.it\\\/de\\\/digitale-beschichtungssysteme\\\/#breadcrumb\"},\"inLanguage\":\"de\",\"potentialAction\":[{\"@type\":\"ReadAction\",\"target\":[\"https:\\\/\\\/coateel.it\\\/de\\\/digitale-beschichtungssysteme\\\/\"]}]},{\"@type\":\"ImageObject\",\"inLanguage\":\"de\",\"@id\":\"https:\\\/\\\/coateel.it\\\/de\\\/digitale-beschichtungssysteme\\\/#primaryimage\",\"url\":\"https:\\\/\\\/coateel.it\\\/wp-content\\\/uploads\\\/2022\\\/06\\\/CMPD-cromatica-icona.png\",\"contentUrl\":\"https:\\\/\\\/coateel.it\\\/wp-content\\\/uploads\\\/2022\\\/06\\\/CMPD-cromatica-icona.png\"},{\"@type\":\"BreadcrumbList\",\"@id\":\"https:\\\/\\\/coateel.it\\\/de\\\/digitale-beschichtungssysteme\\\/#breadcrumb\",\"itemListElement\":[{\"@type\":\"ListItem\",\"position\":1,\"name\":\"Home\",\"item\":\"https:\\\/\\\/coateel.it\\\/de\\\/\"},{\"@type\":\"ListItem\",\"position\":2,\"name\":\"Coateel &#8211; Sistema verniciante &#8211; Digital &#8211; DE\"}]},{\"@type\":\"WebSite\",\"@id\":\"https:\\\/\\\/coateel.it\\\/de\\\/#website\",\"url\":\"https:\\\/\\\/coateel.it\\\/de\\\/\",\"name\":\"Marcegaglia Coateel\",\"description\":\"Our colors, your life\",\"publisher\":{\"@id\":\"https:\\\/\\\/coateel.it\\\/de\\\/#organization\"},\"potentialAction\":[{\"@type\":\"SearchAction\",\"target\":{\"@type\":\"EntryPoint\",\"urlTemplate\":\"https:\\\/\\\/coateel.it\\\/de\\\/?s={search_term_string}\"},\"query-input\":{\"@type\":\"PropertyValueSpecification\",\"valueRequired\":true,\"valueName\":\"search_term_string\"}}],\"inLanguage\":\"de\"},{\"@type\":\"Organization\",\"@id\":\"https:\\\/\\\/coateel.it\\\/de\\\/#organization\",\"name\":\"Marcegaglia Coateel\",\"alternateName\":\"Coateel\",\"url\":\"https:\\\/\\\/coateel.it\\\/de\\\/\",\"logo\":{\"@type\":\"ImageObject\",\"inLanguage\":\"de\",\"@id\":\"https:\\\/\\\/coateel.it\\\/de\\\/#\\\/schema\\\/logo\\\/image\\\/\",\"url\":\"https:\\\/\\\/coateel.it\\\/wp-content\\\/uploads\\\/2023\\\/08\\\/favicon_marcegaglia-carbon-steel_512x512.jpg\",\"contentUrl\":\"https:\\\/\\\/coateel.it\\\/wp-content\\\/uploads\\\/2023\\\/08\\\/favicon_marcegaglia-carbon-steel_512x512.jpg\",\"width\":512,\"height\":512,\"caption\":\"Marcegaglia Coateel\"},\"image\":{\"@id\":\"https:\\\/\\\/coateel.it\\\/de\\\/#\\\/schema\\\/logo\\\/image\\\/\"}}]}<\/script>\n<!-- \/ Yoast SEO plugin. -->","yoast_head_json":{"title":"Digitale Beschichtungssysteme | Marcegaglia Coateel\u00ae","description":"Eine innovative High-Tech-L\u00f6sung, die den Digitaldruck mit der kontinuierlichen Verarbeitung von Stahl-Coils in gro\u00dfem Ma\u00dfstab integriert.","robots":{"index":"index","follow":"follow","max-snippet":"max-snippet:-1","max-image-preview":"max-image-preview:large","max-video-preview":"max-video-preview:-1"},"canonical":"https:\/\/coateel.it\/de\/digitale-beschichtungssysteme\/","og_locale":"de_DE","og_type":"article","og_title":"Digitale Beschichtungssysteme | Marcegaglia Coateel\u00ae","og_description":"Eine innovative High-Tech-L\u00f6sung, die den Digitaldruck mit der kontinuierlichen Verarbeitung von Stahl-Coils in gro\u00dfem Ma\u00dfstab integriert.","og_url":"https:\/\/coateel.it\/de\/digitale-beschichtungssysteme\/","og_site_name":"Marcegaglia Coateel","article_modified_time":"2024-10-22T12:57:07+00:00","og_image":[{"url":"https:\/\/coateel.it\/wp-content\/uploads\/2022\/06\/CMPD-cromatica-icona.png","type":"","width":"","height":""}],"twitter_card":"summary_large_image","twitter_misc":{"Gesch\u00e4tzte Lesezeit":"2\u00a0Minuten"},"schema":{"@context":"https:\/\/schema.org","@graph":[{"@type":"WebPage","@id":"https:\/\/coateel.it\/de\/digitale-beschichtungssysteme\/","url":"https:\/\/coateel.it\/de\/digitale-beschichtungssysteme\/","name":"Digitale Beschichtungssysteme | Marcegaglia Coateel\u00ae","isPartOf":{"@id":"https:\/\/coateel.it\/de\/#website"},"primaryImageOfPage":{"@id":"https:\/\/coateel.it\/de\/digitale-beschichtungssysteme\/#primaryimage"},"image":{"@id":"https:\/\/coateel.it\/de\/digitale-beschichtungssysteme\/#primaryimage"},"thumbnailUrl":"https:\/\/coateel.it\/wp-content\/uploads\/2022\/06\/CMPD-cromatica-icona.png","datePublished":"2022-06-30T13:52:03+00:00","dateModified":"2024-10-22T12:57:07+00:00","description":"Eine innovative High-Tech-L\u00f6sung, die den Digitaldruck mit der kontinuierlichen Verarbeitung von Stahl-Coils in gro\u00dfem Ma\u00dfstab integriert.","breadcrumb":{"@id":"https:\/\/coateel.it\/de\/digitale-beschichtungssysteme\/#breadcrumb"},"inLanguage":"de","potentialAction":[{"@type":"ReadAction","target":["https:\/\/coateel.it\/de\/digitale-beschichtungssysteme\/"]}]},{"@type":"ImageObject","inLanguage":"de","@id":"https:\/\/coateel.it\/de\/digitale-beschichtungssysteme\/#primaryimage","url":"https:\/\/coateel.it\/wp-content\/uploads\/2022\/06\/CMPD-cromatica-icona.png","contentUrl":"https:\/\/coateel.it\/wp-content\/uploads\/2022\/06\/CMPD-cromatica-icona.png"},{"@type":"BreadcrumbList","@id":"https:\/\/coateel.it\/de\/digitale-beschichtungssysteme\/#breadcrumb","itemListElement":[{"@type":"ListItem","position":1,"name":"Home","item":"https:\/\/coateel.it\/de\/"},{"@type":"ListItem","position":2,"name":"Coateel &#8211; Sistema verniciante &#8211; Digital &#8211; DE"}]},{"@type":"WebSite","@id":"https:\/\/coateel.it\/de\/#website","url":"https:\/\/coateel.it\/de\/","name":"Marcegaglia Coateel","description":"Our colors, your life","publisher":{"@id":"https:\/\/coateel.it\/de\/#organization"},"potentialAction":[{"@type":"SearchAction","target":{"@type":"EntryPoint","urlTemplate":"https:\/\/coateel.it\/de\/?s={search_term_string}"},"query-input":{"@type":"PropertyValueSpecification","valueRequired":true,"valueName":"search_term_string"}}],"inLanguage":"de"},{"@type":"Organization","@id":"https:\/\/coateel.it\/de\/#organization","name":"Marcegaglia Coateel","alternateName":"Coateel","url":"https:\/\/coateel.it\/de\/","logo":{"@type":"ImageObject","inLanguage":"de","@id":"https:\/\/coateel.it\/de\/#\/schema\/logo\/image\/","url":"https:\/\/coateel.it\/wp-content\/uploads\/2023\/08\/favicon_marcegaglia-carbon-steel_512x512.jpg","contentUrl":"https:\/\/coateel.it\/wp-content\/uploads\/2023\/08\/favicon_marcegaglia-carbon-steel_512x512.jpg","width":512,"height":512,"caption":"Marcegaglia Coateel"},"image":{"@id":"https:\/\/coateel.it\/de\/#\/schema\/logo\/image\/"}}]}},"_links":{"self":[{"href":"https:\/\/coateel.it\/de\/wp-json\/wp\/v2\/pages\/20247","targetHints":{"allow":["GET"]}}],"collection":[{"href":"https:\/\/coateel.it\/de\/wp-json\/wp\/v2\/pages"}],"about":[{"href":"https:\/\/coateel.it\/de\/wp-json\/wp\/v2\/types\/page"}],"author":[{"embeddable":true,"href":"https:\/\/coateel.it\/de\/wp-json\/wp\/v2\/users\/1"}],"replies":[{"embeddable":true,"href":"https:\/\/coateel.it\/de\/wp-json\/wp\/v2\/comments?post=20247"}],"version-history":[{"count":5,"href":"https:\/\/coateel.it\/de\/wp-json\/wp\/v2\/pages\/20247\/revisions"}],"predecessor-version":[{"id":23715,"href":"https:\/\/coateel.it\/de\/wp-json\/wp\/v2\/pages\/20247\/revisions\/23715"}],"wp:attachment":[{"href":"https:\/\/coateel.it\/de\/wp-json\/wp\/v2\/media?parent=20247"}],"curies":[{"name":"wp","href":"https:\/\/api.w.org\/{rel}","templated":true}]}}