{"id":21022,"date":"2022-07-01T10:15:10","date_gmt":"2022-07-01T10:15:10","guid":{"rendered":"https:\/\/coateel.it\/gamma-produttiva\/"},"modified":"2025-06-11T10:06:36","modified_gmt":"2025-06-11T10:06:36","slug":"gama-de-productos","status":"publish","type":"page","link":"https:\/\/coateel.it\/es\/gama-de-productos\/","title":{"rendered":"Coateel &#8211; Gamma produttiva &#8211; ES"},"content":{"rendered":"<div class=\"wpb-content-wrapper\"><p>[vc_row full_width=\u00bbstretch_row_content_no_spaces\u00bb css=\u00bb.vc_custom_1656671287658{margin-bottom: 2em !important;background-image: url(https:\/\/coateel.it\/wp-content\/uploads\/2022\/07\/Marcegaglia-Coateel-product-range.jpg?id=19188) !important;background-position: center !important;background-repeat: no-repeat !important;background-size: cover !important;}\u00bb el_id=\u00bbdesk\u00bb][vc_column css=\u00bb.vc_custom_1588591974425{padding-top: 10em !important;padding-bottom: 10em !important;background-position: center !important;background-repeat: no-repeat !important;background-size: cover !important;}\u00bb el_id=\u00bbdesk\u00bb offset=\u00bbvc_hidden-sm vc_hidden-xs\u00bb][\/vc_column][\/vc_row][vc_row full_width=\u00bbstretch_row_content_no_spaces\u00bb css=\u00bb.vc_custom_1656671306848{margin-bottom: 2em !important;padding-top: 5em !important;padding-bottom: 5em !important;background-image: url(https:\/\/coateel.it\/wp-content\/uploads\/2022\/07\/Marcegaglia-Coateel-product-range-mobile.jpg?id=19190) !important;background-position: center !important;background-repeat: no-repeat !important;background-size: cover !important;}\u00bb el_id=\u00bbresp\u00bb][vc_column css=\u00bb.vc_custom_1588592239658{background-position: center !important;background-repeat: no-repeat !important;background-size: cover !important;}\u00bb el_id=\u00bbresp\u00bb offset=\u00bbvc_hidden-lg vc_hidden-md\u00bb][\/vc_column][\/vc_row][vc_row full_width=\u00bbstretch_row\u00bb css=\u00bb.vc_custom_1585049350308{margin-bottom: 2em !important;background-position: center !important;background-repeat: no-repeat !important;background-size: cover !important;}\u00bb][vc_column width=\u00bb1\/2&#8243; css=\u00bb.vc_custom_1656515777122{margin-right: 500px !important;}\u00bb][vc_column_text]<\/p>\n<h2><span style=\"color: #609657;\">EL RECUBRIMIENTO PERFECTO PARA SUS NECESIDADES<\/span><\/h2>\n<p>[\/vc_column_text][vc_empty_space height=\u00bb30px\u00bb][vc_column_text]COATEEL<sup>\u00ae<\/sup> es el resultado de nuestra <strong>capacidad para innovar<\/strong> combinada con la <strong>experiencia t\u00e9cnica<\/strong> y la <strong>flexibilidad de producci\u00f3n<\/strong> para responder r\u00e1pidamente a las necesidades de los clientes. La <strong>sinergia<\/strong> entre varias capas diferentes que interact\u00faan para reforzar el sustrato base del acero al carbono galvanizado garantiza el m\u00e1ximo rendimiento en materia de resistencia a la corrosi\u00f3n y a los rayos UV, brillo, elasticidad y durabilidad, as\u00ed como una amplia gama de colores. Nuestro equipo especializado est\u00e1 disponible para estudiar la soluci\u00f3n m\u00e1s eficaz junto con el cliente en funci\u00f3n de la aplicaci\u00f3n final.[\/vc_column_text][vc_empty_space height=\u00bb30px\u00bb][vc_column_text]COATEEL<sup>\u00ae<\/sup>\u00a0se produce en R\u00e1vena (Italia), en <strong>la mayor planta metal\u00fargica de Marcegaglia<\/strong>, el principal centro log\u00edstico e intermodal de todas las actividades industriales del grupo. Esta planta se ha actualizado con las tecnolog\u00edas punteras de la Industria 4.0 gracias a un importante plan de inversiones, que se ha visto multiplicado por cinco en los \u00faltimos veinte a\u00f1os y que ha provocado que se duplique la capacidad de producci\u00f3n de bobinas y l\u00e1minas met\u00e1licas de COATEEL<sup>\u00ae<\/sup>.[\/vc_column_text][\/vc_column][vc_column width=\u00bb1\/2&#8243;][vc_empty_space height=\u00bb60&#8243;][vc_row_inner][vc_column_inner][vc_single_image image=\u00bb21026&#8243; img_size=\u00bb550&#215;351&#8243;][\/vc_column_inner][\/vc_row_inner][vc_empty_space height=\u00bb50&#8243;][vc_row_inner][vc_column_inner width=\u00bb1\/3&#8243;][vc_single_image image=\u00bb21174&#8243; img_size=\u00bb30px\u00bb alignment=\u00bbright\u00bb onclick=\u00bbcustom_link\u00bb img_link_target=\u00bb_blank\u00bb link=\u00bbhttps:\/\/coateel.it\/wp-content\/uploads\/2025\/06\/Marcegaglia-Coateel-coating-system-overview-ES.pdf\u00bb][\/vc_column_inner][vc_column_inner width=\u00bb2\/3&#8243;][vc_column_text]<span style=\"color: #609657;\">COATING SYSTEM OVERVIEW<\/span>[\/vc_column_text][\/vc_column_inner][\/vc_row_inner][\/vc_column][\/vc_row][vc_row][vc_column][vc_empty_space height=\u00bb50&#8243;][\/vc_column][\/vc_row][vc_row full_width=\u00bbstretch_row\u00bb css=\u00bb.vc_custom_1585049350308{margin-bottom: 2em !important;background-position: center !important;background-repeat: no-repeat !important;background-size: cover !important;}\u00bb][vc_column width=\u00bb1\/2&#8243;][vc_row_inner][vc_column_inner][vc_single_image image=\u00bb21035&#8243; img_size=\u00bbfull\u00bb][\/vc_column_inner][\/vc_row_inner][vc_empty_space height=\u00bb50&#8243;][\/vc_column][vc_column width=\u00bb1\/2&#8243; css=\u00bb.vc_custom_1656515777122{margin-right: 500px !important;}\u00bb][vc_column_text]<\/p>\n<p style=\"line-height: 20px;\"><span style=\"font-size: 16px;\"><span style=\"color: #609657;\"><strong>PEL\u00cdCULA DE ACABADO<\/strong><\/span><\/span><br \/>\n<span style=\"color: #609657;\">Una pintura diferente para cada necesidad de producto.<\/span><\/p>\n<p>[\/vc_column_text][vc_empty_space height=\u00bb10&#8243;][vc_column_text]<\/p>\n<p style=\"line-height: 16px;\"><span style=\"font-size: 14px;\"><strong>PE<\/strong> poli\u00e9ster<\/span><br \/>\n<span style=\"font-size: 14px;\"><strong>PE PA<\/strong> poli\u00e9ster-poliamida<\/span><br \/>\n<span style=\"font-size: 14px;\"><strong>PE MOD<\/strong> poli\u00e9ster modificado<\/span><br \/>\n<span style=\"font-size: 14px;\"><strong>PE FLEX<\/strong> poli\u00e9ster de cadena larga<\/span><br \/>\n<span style=\"font-size: 14px;\"><strong>PVDF<\/strong> fluoruro de polivinilideno<\/span><br \/>\n<span style=\"font-size: 14px;\"><strong>PUR<\/strong> poliuretano<\/span><br \/>\n<span style=\"font-size: 14px;\"><strong>PUR PA<\/strong> poliuretano reforzado con poliamida<\/span><br \/>\n<span style=\"font-size: 14px;\"><strong>PUR MOD<\/strong> poliuretano modificado<\/span><br \/>\n<span style=\"font-size: 14px;\"><strong>SPE<\/strong> superpoli\u00e9ster<\/span><br \/>\n<span style=\"font-size: 14px;\"><strong>SPE PA<\/strong> superpoli\u00e9ster-poliamida<\/span><br \/>\n<span style=\"font-size: 14px;\"><strong>SPE PUR<\/strong> superpoli\u00e9ster-poliuretano<\/span><br \/>\n<span style=\"font-size: 14px;\"><strong>PLASTISOL<\/strong> cloruro de polivinilo PVC<\/span><\/p>\n<p>[\/vc_column_text][vc_empty_space height=\u00bb50&#8243;][vc_column_text]<\/p>\n<p style=\"line-height: 20px;\"><span style=\"font-size: 16px;\"><span style=\"color: #609657;\"><strong>IMPRIMACI\u00d3N<\/strong><\/span><\/span><br \/>\n<span style=\"color: #609657;\">En funci\u00f3n de la aplicaci\u00f3n final, se utilizan varios tipos de imprimaci\u00f3n anticorrosiva para aumentar la resistencia a la corrosi\u00f3n, incluso en situaciones extremas.<\/span><\/p>\n<p>[\/vc_column_text][vc_empty_space height=\u00bb10&#8243;][vc_column_text]<\/p>\n<p style=\"line-height: 16px;\"><span style=\"font-size: 14px;\"><strong>PE<\/strong> imprimaci\u00f3n epoxi-poli\u00e9ster<\/span><br \/>\n<span style=\"font-size: 14px;\"><strong>PUR<\/strong> imprimaci\u00f3n de poliuretano<\/span><br \/>\n<span style=\"font-size: 14px;\"><strong>ACR<\/strong> imprimaci\u00f3n acr\u00edlica<\/span><span style=\"font-size: 14px;\"><br \/>\n<\/span><\/p>\n<p>[\/vc_column_text][vc_empty_space height=\u00bb50&#8243;][vc_column_text]<\/p>\n<p style=\"line-height: 20px;\"><span style=\"font-size: 16px;\"><span style=\"color: #609657;\"><strong>SOPORTE<\/strong><\/span><\/span><br \/>\n<span style=\"color: #609657;\">Acero galvanizado con una amplia selecci\u00f3n en t\u00e9rminos de calidad y excelencia de las propiedades de conformaci\u00f3n: una garant\u00eda Marcegaglia de la durabilidad del producto acabado a lo largo del tiempo y la protecci\u00f3n contra la corrosi\u00f3n.<\/span><\/p>\n<p>[\/vc_column_text][vc_empty_space height=\u00bb10&#8243;][vc_column_text]<\/p>\n<p style=\"line-height: 16px;\"><span style=\"font-size: 14px;\">Z100, Z140, Z200, Z225, Z275<\/span><span style=\"font-size: 14px;\"><br \/>\n<\/span><\/p>\n<p>[\/vc_column_text][vc_empty_space height=\u00bb50&#8243;][vc_column_text]<\/p>\n<p style=\"line-height: 20px;\"><span style=\"font-size: 16px;\"><span style=\"color: #609657;\"><strong>CAPA POSTERIOR<\/strong><\/span><\/span><br \/>\n<span style=\"color: #609657;\">Capa base (5\/7, 10 o 12 \u00b5m) en epoxi-poli\u00e9ster, que garantiza la adhesi\u00f3n a las espumas PUR-PIR y a las colas de poliuretano.<br \/>\nResistencia temporal a las agresiones qu\u00edmicas. Buena trabajabilidad.<\/span><\/p>\n<p>[\/vc_column_text][\/vc_column][\/vc_row][vc_row][vc_column][vc_empty_space height=\u00bb50&#8243;][\/vc_column][\/vc_row]<\/p>\n<\/div>","protected":false},"excerpt":{"rendered":"<p>[vc_column css=\u00bb.vc_custom_1588591974425{padding-top: 10em !important;padding-bottom: 10em !important;background-position: center &#8230; <\/p>\n","protected":false},"author":1,"featured_media":0,"parent":0,"menu_order":0,"comment_status":"closed","ping_status":"closed","template":"","meta":{"footnotes":""},"class_list":["post-21022","page","type-page","status-publish","hentry"],"yoast_head":"<!-- This site is optimized with the Yoast SEO plugin v27.4 - https:\/\/yoast.com\/product\/yoast-seo-wordpress\/ -->\n<title>El recubrimiento perfecto para sus necesidades | Marcegaglia Coateel\u00ae<\/title>\n<meta name=\"description\" content=\"COATEEL\u00ae es el resultado de nuestra capacidad para innovar, experiencia t\u00e9cnica y flexibilidad de producci\u00f3n, en el prepintado de metales.\" \/>\n<meta name=\"robots\" content=\"index, follow, max-snippet:-1, max-image-preview:large, max-video-preview:-1\" \/>\n<link rel=\"canonical\" href=\"https:\/\/coateel.it\/es\/gama-de-productos\/\" \/>\n<meta property=\"og:locale\" content=\"es_ES\" \/>\n<meta property=\"og:type\" content=\"article\" \/>\n<meta property=\"og:title\" content=\"El recubrimiento perfecto para sus necesidades | Marcegaglia Coateel\u00ae\" \/>\n<meta property=\"og:description\" content=\"COATEEL\u00ae es el resultado de nuestra capacidad para innovar, experiencia t\u00e9cnica y flexibilidad de producci\u00f3n, en el prepintado de metales.\" \/>\n<meta property=\"og:url\" content=\"https:\/\/coateel.it\/es\/gama-de-productos\/\" \/>\n<meta property=\"og:site_name\" content=\"Marcegaglia Coateel\" \/>\n<meta property=\"article:modified_time\" content=\"2025-06-11T10:06:36+00:00\" \/>\n<meta property=\"og:image\" content=\"https:\/\/coateel.it\/wp-content\/uploads\/2024\/03\/Marcegaglia-Coateel-yoast.jpg\" \/>\n\t<meta property=\"og:image:width\" content=\"1200\" \/>\n\t<meta property=\"og:image:height\" content=\"675\" \/>\n\t<meta property=\"og:image:type\" content=\"image\/jpeg\" \/>\n<meta name=\"twitter:card\" content=\"summary_large_image\" \/>\n<meta name=\"twitter:label1\" content=\"Tiempo de lectura\" \/>\n\t<meta name=\"twitter:data1\" content=\"3 minutos\" \/>\n<script type=\"application\/ld+json\" class=\"yoast-schema-graph\">{\"@context\":\"https:\\\/\\\/schema.org\",\"@graph\":[{\"@type\":\"WebPage\",\"@id\":\"https:\\\/\\\/coateel.it\\\/es\\\/gama-de-productos\\\/\",\"url\":\"https:\\\/\\\/coateel.it\\\/es\\\/gama-de-productos\\\/\",\"name\":\"El recubrimiento perfecto para sus necesidades | Marcegaglia Coateel\u00ae\",\"isPartOf\":{\"@id\":\"https:\\\/\\\/coateel.it\\\/es\\\/#website\"},\"datePublished\":\"2022-07-01T10:15:10+00:00\",\"dateModified\":\"2025-06-11T10:06:36+00:00\",\"description\":\"COATEEL\u00ae es el resultado de nuestra capacidad para innovar, experiencia t\u00e9cnica y flexibilidad de producci\u00f3n, en el prepintado de metales.\",\"breadcrumb\":{\"@id\":\"https:\\\/\\\/coateel.it\\\/es\\\/gama-de-productos\\\/#breadcrumb\"},\"inLanguage\":\"es\",\"potentialAction\":[{\"@type\":\"ReadAction\",\"target\":[\"https:\\\/\\\/coateel.it\\\/es\\\/gama-de-productos\\\/\"]}]},{\"@type\":\"BreadcrumbList\",\"@id\":\"https:\\\/\\\/coateel.it\\\/es\\\/gama-de-productos\\\/#breadcrumb\",\"itemListElement\":[{\"@type\":\"ListItem\",\"position\":1,\"name\":\"Home\",\"item\":\"https:\\\/\\\/coateel.it\\\/es\\\/\"},{\"@type\":\"ListItem\",\"position\":2,\"name\":\"Coateel &#8211; Gamma produttiva &#8211; ES\"}]},{\"@type\":\"WebSite\",\"@id\":\"https:\\\/\\\/coateel.it\\\/es\\\/#website\",\"url\":\"https:\\\/\\\/coateel.it\\\/es\\\/\",\"name\":\"Marcegaglia Coateel\",\"description\":\"Our colors, your life\",\"publisher\":{\"@id\":\"https:\\\/\\\/coateel.it\\\/es\\\/#organization\"},\"potentialAction\":[{\"@type\":\"SearchAction\",\"target\":{\"@type\":\"EntryPoint\",\"urlTemplate\":\"https:\\\/\\\/coateel.it\\\/es\\\/?s={search_term_string}\"},\"query-input\":{\"@type\":\"PropertyValueSpecification\",\"valueRequired\":true,\"valueName\":\"search_term_string\"}}],\"inLanguage\":\"es\"},{\"@type\":\"Organization\",\"@id\":\"https:\\\/\\\/coateel.it\\\/es\\\/#organization\",\"name\":\"Marcegaglia Coateel\",\"alternateName\":\"Coateel\",\"url\":\"https:\\\/\\\/coateel.it\\\/es\\\/\",\"logo\":{\"@type\":\"ImageObject\",\"inLanguage\":\"es\",\"@id\":\"https:\\\/\\\/coateel.it\\\/es\\\/#\\\/schema\\\/logo\\\/image\\\/\",\"url\":\"https:\\\/\\\/coateel.it\\\/wp-content\\\/uploads\\\/2023\\\/08\\\/favicon_marcegaglia-carbon-steel_512x512.jpg\",\"contentUrl\":\"https:\\\/\\\/coateel.it\\\/wp-content\\\/uploads\\\/2023\\\/08\\\/favicon_marcegaglia-carbon-steel_512x512.jpg\",\"width\":512,\"height\":512,\"caption\":\"Marcegaglia Coateel\"},\"image\":{\"@id\":\"https:\\\/\\\/coateel.it\\\/es\\\/#\\\/schema\\\/logo\\\/image\\\/\"}}]}<\/script>\n<!-- \/ Yoast SEO plugin. -->","yoast_head_json":{"title":"El recubrimiento perfecto para sus necesidades | Marcegaglia Coateel\u00ae","description":"COATEEL\u00ae es el resultado de nuestra capacidad para innovar, experiencia t\u00e9cnica y flexibilidad de producci\u00f3n, en el prepintado de metales.","robots":{"index":"index","follow":"follow","max-snippet":"max-snippet:-1","max-image-preview":"max-image-preview:large","max-video-preview":"max-video-preview:-1"},"canonical":"https:\/\/coateel.it\/es\/gama-de-productos\/","og_locale":"es_ES","og_type":"article","og_title":"El recubrimiento perfecto para sus necesidades | Marcegaglia Coateel\u00ae","og_description":"COATEEL\u00ae es el resultado de nuestra capacidad para innovar, experiencia t\u00e9cnica y flexibilidad de producci\u00f3n, en el prepintado de metales.","og_url":"https:\/\/coateel.it\/es\/gama-de-productos\/","og_site_name":"Marcegaglia Coateel","article_modified_time":"2025-06-11T10:06:36+00:00","og_image":[{"width":1200,"height":675,"url":"https:\/\/coateel.it\/wp-content\/uploads\/2024\/03\/Marcegaglia-Coateel-yoast.jpg","type":"image\/jpeg"}],"twitter_card":"summary_large_image","twitter_misc":{"Tiempo de lectura":"3 minutos"},"schema":{"@context":"https:\/\/schema.org","@graph":[{"@type":"WebPage","@id":"https:\/\/coateel.it\/es\/gama-de-productos\/","url":"https:\/\/coateel.it\/es\/gama-de-productos\/","name":"El recubrimiento perfecto para sus necesidades | Marcegaglia Coateel\u00ae","isPartOf":{"@id":"https:\/\/coateel.it\/es\/#website"},"datePublished":"2022-07-01T10:15:10+00:00","dateModified":"2025-06-11T10:06:36+00:00","description":"COATEEL\u00ae es el resultado de nuestra capacidad para innovar, experiencia t\u00e9cnica y flexibilidad de producci\u00f3n, en el prepintado de metales.","breadcrumb":{"@id":"https:\/\/coateel.it\/es\/gama-de-productos\/#breadcrumb"},"inLanguage":"es","potentialAction":[{"@type":"ReadAction","target":["https:\/\/coateel.it\/es\/gama-de-productos\/"]}]},{"@type":"BreadcrumbList","@id":"https:\/\/coateel.it\/es\/gama-de-productos\/#breadcrumb","itemListElement":[{"@type":"ListItem","position":1,"name":"Home","item":"https:\/\/coateel.it\/es\/"},{"@type":"ListItem","position":2,"name":"Coateel &#8211; Gamma produttiva &#8211; ES"}]},{"@type":"WebSite","@id":"https:\/\/coateel.it\/es\/#website","url":"https:\/\/coateel.it\/es\/","name":"Marcegaglia Coateel","description":"Our colors, your life","publisher":{"@id":"https:\/\/coateel.it\/es\/#organization"},"potentialAction":[{"@type":"SearchAction","target":{"@type":"EntryPoint","urlTemplate":"https:\/\/coateel.it\/es\/?s={search_term_string}"},"query-input":{"@type":"PropertyValueSpecification","valueRequired":true,"valueName":"search_term_string"}}],"inLanguage":"es"},{"@type":"Organization","@id":"https:\/\/coateel.it\/es\/#organization","name":"Marcegaglia Coateel","alternateName":"Coateel","url":"https:\/\/coateel.it\/es\/","logo":{"@type":"ImageObject","inLanguage":"es","@id":"https:\/\/coateel.it\/es\/#\/schema\/logo\/image\/","url":"https:\/\/coateel.it\/wp-content\/uploads\/2023\/08\/favicon_marcegaglia-carbon-steel_512x512.jpg","contentUrl":"https:\/\/coateel.it\/wp-content\/uploads\/2023\/08\/favicon_marcegaglia-carbon-steel_512x512.jpg","width":512,"height":512,"caption":"Marcegaglia Coateel"},"image":{"@id":"https:\/\/coateel.it\/es\/#\/schema\/logo\/image\/"}}]}},"_links":{"self":[{"href":"https:\/\/coateel.it\/es\/wp-json\/wp\/v2\/pages\/21022","targetHints":{"allow":["GET"]}}],"collection":[{"href":"https:\/\/coateel.it\/es\/wp-json\/wp\/v2\/pages"}],"about":[{"href":"https:\/\/coateel.it\/es\/wp-json\/wp\/v2\/types\/page"}],"author":[{"embeddable":true,"href":"https:\/\/coateel.it\/es\/wp-json\/wp\/v2\/users\/1"}],"replies":[{"embeddable":true,"href":"https:\/\/coateel.it\/es\/wp-json\/wp\/v2\/comments?post=21022"}],"version-history":[{"count":7,"href":"https:\/\/coateel.it\/es\/wp-json\/wp\/v2\/pages\/21022\/revisions"}],"predecessor-version":[{"id":24035,"href":"https:\/\/coateel.it\/es\/wp-json\/wp\/v2\/pages\/21022\/revisions\/24035"}],"wp:attachment":[{"href":"https:\/\/coateel.it\/es\/wp-json\/wp\/v2\/media?parent=21022"}],"curies":[{"name":"wp","href":"https:\/\/api.w.org\/{rel}","templated":true}]}}