{"id":21104,"date":"2021-02-12T10:36:45","date_gmt":"2021-02-12T10:36:45","guid":{"rendered":"https:\/\/coateel.it\/prodotti-piani-in-acciaio-preverniciato-imballi-standard-nastri\/"},"modified":"2023-01-17T08:46:19","modified_gmt":"2023-01-17T08:46:19","slug":"embalaje-estandar-tiras-prepintadas","status":"publish","type":"page","link":"https:\/\/coateel.it\/es\/embalaje-estandar-tiras-prepintadas\/","title":{"rendered":"Imballaggi standard &#8211; Nastri preverniciati &#8211; ES"},"content":{"rendered":"<div class=\"wpb-content-wrapper\"><p>[vc_row full_width=\u00bbstretch_row_content_no_spaces\u00bb css=\u00bb.vc_custom_1656946419817{margin-bottom: 2em !important;background-image: url(https:\/\/coateel.it\/wp-content\/uploads\/2022\/07\/Marcegaglia-Coateel-standard-packaging-strips-header.jpg?id=19314) !important;background-position: center !important;background-repeat: no-repeat !important;background-size: cover !important;}\u00bb el_id=\u00bbdesk\u00bb][vc_column css=\u00bb.vc_custom_1588591974425{padding-top: 10em !important;padding-bottom: 10em !important;background-position: center !important;background-repeat: no-repeat !important;background-size: cover !important;}\u00bb el_id=\u00bbdesk\u00bb offset=\u00bbvc_hidden-sm vc_hidden-xs\u00bb][\/vc_column][\/vc_row][vc_row full_width=\u00bbstretch_row_content_no_spaces\u00bb css=\u00bb.vc_custom_1656946439177{margin-bottom: 2em !important;padding-top: 5em !important;padding-bottom: 5em !important;background-image: url(https:\/\/coateel.it\/wp-content\/uploads\/2022\/07\/Marcegaglia-Coateel-standard-packaging-strips-header-mobile.jpg?id=19316) !important;background-position: center !important;background-repeat: no-repeat !important;background-size: cover !important;}\u00bb el_id=\u00bbresp\u00bb][vc_column css=\u00bb.vc_custom_1588592239658{background-position: center !important;background-repeat: no-repeat !important;background-size: cover !important;}\u00bb el_id=\u00bbresp\u00bb offset=\u00bbvc_hidden-lg vc_hidden-md\u00bb][\/vc_column][\/vc_row][vc_row full_width=\u00bbstretch_row\u00bb css=\u00bb.vc_custom_1585049350308{margin-bottom: 2em !important;background-position: center !important;background-repeat: no-repeat !important;background-size: cover !important;}\u00bb][vc_column width=\u00bb1\/2&#8243;][vc_column_text]<\/p>\n<h2><span style=\"color: #609657;\">TIRAS PREPINTADAS<br \/>\n<span style=\"font-size: 16px;\">EMBALAJE EST\u00c1NDAR<\/span><br \/>\n<\/span><\/h2>\n<p>[\/vc_column_text][vc_empty_space height=\u00bb20px\u00bb][vc_column_text]Marcegaglia Carbon Steel ofrece una amplia gama de embalajes est\u00e1ndar para sus productos prepintados.[\/vc_column_text][vc_empty_space height=\u00bb30&#8243;][vc_row_inner el_id=\u00bbresp\u00bb css=\u00bb.vc_custom_1594632999623{margin-bottom: 1em !important;}\u00bb][vc_column_inner width=\u00bb1\/3&#8243; offset=\u00bbvc_col-xs-4&#8243;][vc_single_image image=\u00bb21174&#8243; img_size=\u00bb30&#8243; alignment=\u00bbright\u00bb onclick=\u00bbcustom_link\u00bb img_link_target=\u00bb_blank\u00bb link=\u00bbhttps:\/\/coateel.it\/wp-content\/uploads\/2022\/11\/Marcegaglia-Coateel-standard-packaging-strips-ES.pdf\u00bb][\/vc_column_inner][vc_column_inner width=\u00bb2\/3&#8243; offset=\u00bbvc_col-xs-4&#8243;][vc_column_text]<span style=\"color: #609657;\">EMBALAJE EST\u00c1NDAR &#8211; TIRAS<\/span>[\/vc_column_text][\/vc_column_inner][\/vc_row_inner][\/vc_column][vc_column width=\u00bb1\/2&#8243;][vc_empty_space height=\u00bb60&#8243;][vc_row_inner el_id=\u00bbdesk\u00bb][vc_column_inner width=\u00bb1\/3&#8243;][vc_single_image image=\u00bb21174&#8243; img_size=\u00bb30&#8243; alignment=\u00bbright\u00bb onclick=\u00bbcustom_link\u00bb img_link_target=\u00bb_blank\u00bb link=\u00bbhttps:\/\/coateel.it\/wp-content\/uploads\/2022\/11\/Marcegaglia-Coateel-standard-packaging-strips-ES.pdf\u00bb][\/vc_column_inner][vc_column_inner width=\u00bb2\/3&#8243; css=\u00bb.vc_custom_1656939074275{margin-left: 0px !important;border-left-width: 0px !important;padding-left: 0px !important;}\u00bb][vc_column_text]<span style=\"color: #609657;\">EMBALAJE EST\u00c1NDAR &#8211; TIRAS<\/span>[\/vc_column_text][\/vc_column_inner][\/vc_row_inner][\/vc_column][\/vc_row][vc_row][vc_column width=\u00bb1\/2&#8243;]<div id=\"cz_93638\" data-arrows='{\"open\":\"fa fa-angle-down\",\"close\":\"fa fa-angle-up\"}' class=\"cz_93638 cz_acc clr\"><div><div id=\"\"><span class=\"cz_acc_child\"><div>BN1<\/div><\/span><div class=\"cz_acc_child_content clr\">[vc_column_text]Embalaje con eje horizontal<br \/>\ncon tiras reconstituidas ara carga en cami\u00f3n<\/p>\n<p><strong>Peso m\u00e1x.: 8.000 kg<\/strong>[\/vc_column_text][vc_empty_space height=\u00bb20&#8243;][vc_column_text]<span style=\"font-size: 12px; color: #666666;\">Consulte la tabla para conocer cualquier caracter\u00edstica, como separadores de madera, papel,etc.<\/span><br \/>\n<span style=\"font-size: 12px; color: #666666;\">La capacidad hace referencia a un \u00fanico pal\u00e9.<br \/>\n<\/span><span style=\"font-size: 12px; color: #666666;\"> El apilamiento y aseguramiento son responsabilidad del cliente.<\/span>[\/vc_column_text]<\/div><\/div><div id=\"\"><span class=\"cz_acc_child\"><div>BN2<\/div><\/span><div class=\"cz_acc_child_content clr\">[vc_column_text]Embalaje con eje horizontal con tiras<br \/>\nreconstituidas en pal\u00e9 para carga con carretilla elevadora<\/p>\n<p>Di\u00e1metro m\u00e1x.: 1.250 mm<br \/>\nAncho m\u00edn.: 400 mm<br \/>\n<strong>Peso m\u00e1x.: 5.000 kg<\/strong>[\/vc_column_text][vc_empty_space height=\u00bb20&#8243;][vc_column_text]<span style=\"font-size: 12px; color: #666666;\">Consulte la tabla para conocer cualquier caracter\u00edstica, como separadores de madera, papel,etc.<\/span><br \/>\n<span style=\"font-size: 12px; color: #666666;\">La capacidad hace referencia a un \u00fanico pal\u00e9.<br \/>\n<\/span><span style=\"font-size: 12px; color: #666666;\"> El apilamiento y aseguramiento son responsabilidad del cliente.<\/span>[\/vc_column_text]<\/div><\/div><div id=\"\"><span class=\"cz_acc_child\"><div>BN3<\/div><\/span><div class=\"cz_acc_child_content clr\">[vc_column_text]Pal\u00e9 con una altura m\u00ednima de 80\u00a0mm, forma y tama\u00f1o del pal\u00e9 seg\u00fan el di\u00e1metro exterior de las tiras<\/p>\n<p><strong>Peso m\u00e1x.: 4.500 kg<\/strong><\/p>\n<p><span style=\"color: #609657;\"><strong>B7<\/strong><\/span> (700\u00d7700) o <span style=\"color: #609657;\"><strong>B9<\/strong><\/span> (900\u00d7900)[\/vc_column_text]<\/div><\/div><div id=\"\"><span class=\"cz_acc_child\"><div>BN5<\/div><\/span><div class=\"cz_acc_child_content clr\">[vc_column_text]Embalado seg\u00fan las especificaciones del cliente.[\/vc_column_text][vc_empty_space height=\u00bb20&#8243;][vc_column_text]<span style=\"font-size: 12px; color: #666666;\">A convenir con el departamento de control de calidad de la planta.<\/span>[\/vc_column_text]<\/div><\/div><div id=\"\"><span class=\"cz_acc_child\"><div>BN7<\/div><\/span><div class=\"cz_acc_child_content clr\">[vc_column_text]<\/p>\n<p class=\"testo\">El embalaje incluye 2 piezas de madera, con una altura m\u00ednima de 90 mm, flejadas a las tiras.<\/p>\n<p><strong>Peso m\u00e1x.: 3.000 kg<\/strong>[\/vc_column_text]<\/div><\/div><div id=\"\"><span class=\"cz_acc_child\"><div>BN9<\/div><\/span><div class=\"cz_acc_child_content clr\">[vc_column_text]<\/p>\n<p class=\"testo\">Pal\u00e9 con orificio central libe.<\/p>\n<p><strong>Peso m\u00e1x.: 4.500 kg<\/strong><\/p>\n<p><strong><span style=\"color: #609657;\">BN9<\/span><\/strong> (900\u00d7900)[\/vc_column_text]<\/div><\/div><\/div><\/div>[\/vc_column][vc_column width=\u00bb1\/2&#8243;]<div id=\"cz_55204\" class=\"cz_55204 slick arrows_mlr no_dots arrows_inner\" data-slick='{\"selector\":\"\",\"slidesToShow\":1,\"slidesToScroll\":1,\"rows\":1,\"fade\":false,\"vertical\":false,\"verticalSwiping\":false,\"infinite\":false,\"speed\":1000,\"swipeToSlide\":true,\"centerMode\":false,\"centerPadding\":\"\",\"variableWidth\":false,\"autoplay\":true,\"autoplaySpeed\":4000,\"dots\":true,\"counts\":false,\"adaptiveHeight\":false,\"responsive\":[{\"breakpoint\":769,\"settings\":{\"slidesToShow\":1,\"slidesToScroll\":1,\"infinite\":true,\"touchMove\":true}},{\"breakpoint\":481,\"settings\":{\"slidesToShow\":1,\"slidesToScroll\":1,\"infinite\":true,\"touchMove\":true}}]}' data-slick-prev=\"fa fa-chevron-left\" data-slick-next=\"fa fa-chevron-right\">[vc_single_image image=\u00bb21105&#8243; img_size=\u00bbfull\u00bb][vc_single_image image=\u00bb21110&#8243; img_size=\u00bbfull\u00bb][vc_single_image image=\u00bb21108&#8243; img_size=\u00bbfull\u00bb][vc_single_image image=\u00bb21109&#8243; img_size=\u00bbfull\u00bb]<\/div><div><\/div>[vc_empty_space height=\u00bb30px\u00bb][\/vc_column][\/vc_row][vc_row][vc_column][vc_empty_space height=\u00bb50&#8243;][\/vc_column][\/vc_row]<\/p>\n<\/div>","protected":false},"excerpt":{"rendered":"<p>[vc_column css=\u00bb.vc_custom_1588591974425{padding-top: 10em !important;padding-bottom: 10em !important;background-position: center &#8230; <\/p>\n","protected":false},"author":1,"featured_media":0,"parent":0,"menu_order":0,"comment_status":"closed","ping_status":"closed","template":"","meta":{"footnotes":""},"class_list":["post-21104","page","type-page","status-publish","hentry"],"yoast_head":"<!-- This site is optimized with the Yoast SEO plugin v27.3 - https:\/\/yoast.com\/product\/yoast-seo-wordpress\/ -->\n<title>Embalaje est\u00e1ndar tiras prepintadas | Marcegaglia Coateel\u00ae<\/title>\n<meta name=\"description\" content=\"Una amplia gama de embalajes est\u00e1ndar Marcegaglia Carbon Steeel, para asegurar y garantizar la m\u00e1xima protecci\u00f3n.\" \/>\n<meta name=\"robots\" content=\"index, follow, max-snippet:-1, max-image-preview:large, max-video-preview:-1\" \/>\n<link rel=\"canonical\" href=\"https:\/\/coateel.it\/es\/embalaje-estandar-tiras-prepintadas\/\" \/>\n<meta property=\"og:locale\" content=\"es_ES\" \/>\n<meta property=\"og:type\" content=\"article\" \/>\n<meta property=\"og:title\" content=\"Embalaje est\u00e1ndar tiras prepintadas | Marcegaglia Coateel\u00ae\" \/>\n<meta property=\"og:description\" content=\"Una amplia gama de embalajes est\u00e1ndar Marcegaglia Carbon Steeel, para asegurar y garantizar la m\u00e1xima protecci\u00f3n.\" \/>\n<meta property=\"og:url\" content=\"https:\/\/coateel.it\/es\/embalaje-estandar-tiras-prepintadas\/\" \/>\n<meta property=\"og:site_name\" content=\"Marcegaglia Coateel\" \/>\n<meta property=\"article:modified_time\" content=\"2023-01-17T08:46:19+00:00\" \/>\n<meta property=\"og:image\" content=\"https:\/\/coateel.it\/wp-content\/uploads\/2024\/03\/Marcegaglia-Coateel-yoast.jpg\" \/>\n\t<meta property=\"og:image:width\" content=\"1200\" \/>\n\t<meta property=\"og:image:height\" content=\"675\" \/>\n\t<meta property=\"og:image:type\" content=\"image\/jpeg\" \/>\n<meta name=\"twitter:card\" content=\"summary_large_image\" \/>\n<meta name=\"twitter:label1\" content=\"Tiempo de lectura\" \/>\n\t<meta name=\"twitter:data1\" content=\"2 minutos\" \/>\n<script type=\"application\/ld+json\" class=\"yoast-schema-graph\">{\"@context\":\"https:\\\/\\\/schema.org\",\"@graph\":[{\"@type\":\"WebPage\",\"@id\":\"https:\\\/\\\/coateel.it\\\/es\\\/embalaje-estandar-tiras-prepintadas\\\/\",\"url\":\"https:\\\/\\\/coateel.it\\\/es\\\/embalaje-estandar-tiras-prepintadas\\\/\",\"name\":\"Embalaje est\u00e1ndar tiras prepintadas | Marcegaglia Coateel\u00ae\",\"isPartOf\":{\"@id\":\"https:\\\/\\\/coateel.it\\\/es\\\/#website\"},\"datePublished\":\"2021-02-12T10:36:45+00:00\",\"dateModified\":\"2023-01-17T08:46:19+00:00\",\"description\":\"Una amplia gama de embalajes est\u00e1ndar Marcegaglia Carbon Steeel, para asegurar y garantizar la m\u00e1xima protecci\u00f3n.\",\"breadcrumb\":{\"@id\":\"https:\\\/\\\/coateel.it\\\/es\\\/embalaje-estandar-tiras-prepintadas\\\/#breadcrumb\"},\"inLanguage\":\"es\",\"potentialAction\":[{\"@type\":\"ReadAction\",\"target\":[\"https:\\\/\\\/coateel.it\\\/es\\\/embalaje-estandar-tiras-prepintadas\\\/\"]}]},{\"@type\":\"BreadcrumbList\",\"@id\":\"https:\\\/\\\/coateel.it\\\/es\\\/embalaje-estandar-tiras-prepintadas\\\/#breadcrumb\",\"itemListElement\":[{\"@type\":\"ListItem\",\"position\":1,\"name\":\"Home\",\"item\":\"https:\\\/\\\/coateel.it\\\/es\\\/\"},{\"@type\":\"ListItem\",\"position\":2,\"name\":\"Imballaggi standard &#8211; Nastri preverniciati &#8211; ES\"}]},{\"@type\":\"WebSite\",\"@id\":\"https:\\\/\\\/coateel.it\\\/es\\\/#website\",\"url\":\"https:\\\/\\\/coateel.it\\\/es\\\/\",\"name\":\"Marcegaglia Coateel\",\"description\":\"Our colors, your life\",\"publisher\":{\"@id\":\"https:\\\/\\\/coateel.it\\\/es\\\/#organization\"},\"potentialAction\":[{\"@type\":\"SearchAction\",\"target\":{\"@type\":\"EntryPoint\",\"urlTemplate\":\"https:\\\/\\\/coateel.it\\\/es\\\/?s={search_term_string}\"},\"query-input\":{\"@type\":\"PropertyValueSpecification\",\"valueRequired\":true,\"valueName\":\"search_term_string\"}}],\"inLanguage\":\"es\"},{\"@type\":\"Organization\",\"@id\":\"https:\\\/\\\/coateel.it\\\/es\\\/#organization\",\"name\":\"Marcegaglia Coateel\",\"alternateName\":\"Coateel\",\"url\":\"https:\\\/\\\/coateel.it\\\/es\\\/\",\"logo\":{\"@type\":\"ImageObject\",\"inLanguage\":\"es\",\"@id\":\"https:\\\/\\\/coateel.it\\\/es\\\/#\\\/schema\\\/logo\\\/image\\\/\",\"url\":\"https:\\\/\\\/coateel.it\\\/wp-content\\\/uploads\\\/2023\\\/08\\\/favicon_marcegaglia-carbon-steel_512x512.jpg\",\"contentUrl\":\"https:\\\/\\\/coateel.it\\\/wp-content\\\/uploads\\\/2023\\\/08\\\/favicon_marcegaglia-carbon-steel_512x512.jpg\",\"width\":512,\"height\":512,\"caption\":\"Marcegaglia Coateel\"},\"image\":{\"@id\":\"https:\\\/\\\/coateel.it\\\/es\\\/#\\\/schema\\\/logo\\\/image\\\/\"}}]}<\/script>\n<!-- \/ Yoast SEO plugin. -->","yoast_head_json":{"title":"Embalaje est\u00e1ndar tiras prepintadas | Marcegaglia Coateel\u00ae","description":"Una amplia gama de embalajes est\u00e1ndar Marcegaglia Carbon Steeel, para asegurar y garantizar la m\u00e1xima protecci\u00f3n.","robots":{"index":"index","follow":"follow","max-snippet":"max-snippet:-1","max-image-preview":"max-image-preview:large","max-video-preview":"max-video-preview:-1"},"canonical":"https:\/\/coateel.it\/es\/embalaje-estandar-tiras-prepintadas\/","og_locale":"es_ES","og_type":"article","og_title":"Embalaje est\u00e1ndar tiras prepintadas | Marcegaglia Coateel\u00ae","og_description":"Una amplia gama de embalajes est\u00e1ndar Marcegaglia Carbon Steeel, para asegurar y garantizar la m\u00e1xima protecci\u00f3n.","og_url":"https:\/\/coateel.it\/es\/embalaje-estandar-tiras-prepintadas\/","og_site_name":"Marcegaglia Coateel","article_modified_time":"2023-01-17T08:46:19+00:00","og_image":[{"width":1200,"height":675,"url":"https:\/\/coateel.it\/wp-content\/uploads\/2024\/03\/Marcegaglia-Coateel-yoast.jpg","type":"image\/jpeg"}],"twitter_card":"summary_large_image","twitter_misc":{"Tiempo de lectura":"2 minutos"},"schema":{"@context":"https:\/\/schema.org","@graph":[{"@type":"WebPage","@id":"https:\/\/coateel.it\/es\/embalaje-estandar-tiras-prepintadas\/","url":"https:\/\/coateel.it\/es\/embalaje-estandar-tiras-prepintadas\/","name":"Embalaje est\u00e1ndar tiras prepintadas | Marcegaglia Coateel\u00ae","isPartOf":{"@id":"https:\/\/coateel.it\/es\/#website"},"datePublished":"2021-02-12T10:36:45+00:00","dateModified":"2023-01-17T08:46:19+00:00","description":"Una amplia gama de embalajes est\u00e1ndar Marcegaglia Carbon Steeel, para asegurar y garantizar la m\u00e1xima protecci\u00f3n.","breadcrumb":{"@id":"https:\/\/coateel.it\/es\/embalaje-estandar-tiras-prepintadas\/#breadcrumb"},"inLanguage":"es","potentialAction":[{"@type":"ReadAction","target":["https:\/\/coateel.it\/es\/embalaje-estandar-tiras-prepintadas\/"]}]},{"@type":"BreadcrumbList","@id":"https:\/\/coateel.it\/es\/embalaje-estandar-tiras-prepintadas\/#breadcrumb","itemListElement":[{"@type":"ListItem","position":1,"name":"Home","item":"https:\/\/coateel.it\/es\/"},{"@type":"ListItem","position":2,"name":"Imballaggi standard &#8211; Nastri preverniciati &#8211; ES"}]},{"@type":"WebSite","@id":"https:\/\/coateel.it\/es\/#website","url":"https:\/\/coateel.it\/es\/","name":"Marcegaglia Coateel","description":"Our colors, your life","publisher":{"@id":"https:\/\/coateel.it\/es\/#organization"},"potentialAction":[{"@type":"SearchAction","target":{"@type":"EntryPoint","urlTemplate":"https:\/\/coateel.it\/es\/?s={search_term_string}"},"query-input":{"@type":"PropertyValueSpecification","valueRequired":true,"valueName":"search_term_string"}}],"inLanguage":"es"},{"@type":"Organization","@id":"https:\/\/coateel.it\/es\/#organization","name":"Marcegaglia Coateel","alternateName":"Coateel","url":"https:\/\/coateel.it\/es\/","logo":{"@type":"ImageObject","inLanguage":"es","@id":"https:\/\/coateel.it\/es\/#\/schema\/logo\/image\/","url":"https:\/\/coateel.it\/wp-content\/uploads\/2023\/08\/favicon_marcegaglia-carbon-steel_512x512.jpg","contentUrl":"https:\/\/coateel.it\/wp-content\/uploads\/2023\/08\/favicon_marcegaglia-carbon-steel_512x512.jpg","width":512,"height":512,"caption":"Marcegaglia Coateel"},"image":{"@id":"https:\/\/coateel.it\/es\/#\/schema\/logo\/image\/"}}]}},"_links":{"self":[{"href":"https:\/\/coateel.it\/es\/wp-json\/wp\/v2\/pages\/21104","targetHints":{"allow":["GET"]}}],"collection":[{"href":"https:\/\/coateel.it\/es\/wp-json\/wp\/v2\/pages"}],"about":[{"href":"https:\/\/coateel.it\/es\/wp-json\/wp\/v2\/types\/page"}],"author":[{"embeddable":true,"href":"https:\/\/coateel.it\/es\/wp-json\/wp\/v2\/users\/1"}],"replies":[{"embeddable":true,"href":"https:\/\/coateel.it\/es\/wp-json\/wp\/v2\/comments?post=21104"}],"version-history":[{"count":5,"href":"https:\/\/coateel.it\/es\/wp-json\/wp\/v2\/pages\/21104\/revisions"}],"predecessor-version":[{"id":21912,"href":"https:\/\/coateel.it\/es\/wp-json\/wp\/v2\/pages\/21104\/revisions\/21912"}],"wp:attachment":[{"href":"https:\/\/coateel.it\/es\/wp-json\/wp\/v2\/media?parent=21104"}],"curies":[{"name":"wp","href":"https:\/\/api.w.org\/{rel}","templated":true}]}}