{"id":21123,"date":"2021-02-12T10:42:22","date_gmt":"2021-02-12T10:42:22","guid":{"rendered":"https:\/\/coateel.it\/prodotti-piani-in-acciaio-preverniciato-imballi-standard-lamiere\/"},"modified":"2023-01-17T08:47:30","modified_gmt":"2023-01-17T08:47:30","slug":"embalaje-estandar-laminas-prepintadas","status":"publish","type":"page","link":"https:\/\/coateel.it\/es\/embalaje-estandar-laminas-prepintadas\/","title":{"rendered":"Imballaggi standard &#8211; Lamiere preverniciati &#8211; ES"},"content":{"rendered":"<div class=\"wpb-content-wrapper\"><p>[vc_row full_width=\u00bbstretch_row_content_no_spaces\u00bb css=\u00bb.vc_custom_1656946584811{margin-bottom: 2em !important;background-image: url(https:\/\/coateel.it\/wp-content\/uploads\/2022\/07\/Marcegaglia-Coateel-standard-packaging-sheets-header.jpg?id=19321) !important;background-position: center !important;background-repeat: no-repeat !important;background-size: cover !important;}\u00bb el_id=\u00bbdesk\u00bb][vc_column css=\u00bb.vc_custom_1588591974425{padding-top: 10em !important;padding-bottom: 10em !important;background-position: center !important;background-repeat: no-repeat !important;background-size: cover !important;}\u00bb el_id=\u00bbdesk\u00bb offset=\u00bbvc_hidden-sm vc_hidden-xs\u00bb][\/vc_column][\/vc_row][vc_row full_width=\u00bbstretch_row_content_no_spaces\u00bb css=\u00bb.vc_custom_1656946598326{margin-bottom: 2em !important;padding-top: 5em !important;padding-bottom: 5em !important;background-image: url(https:\/\/coateel.it\/wp-content\/uploads\/2022\/07\/Marcegaglia-Coateel-standard-packaging-sheets-header-mobile.jpg?id=19319) !important;background-position: center !important;background-repeat: no-repeat !important;background-size: cover !important;}\u00bb el_id=\u00bbresp\u00bb][vc_column css=\u00bb.vc_custom_1588592239658{background-position: center !important;background-repeat: no-repeat !important;background-size: cover !important;}\u00bb el_id=\u00bbresp\u00bb offset=\u00bbvc_hidden-lg vc_hidden-md\u00bb][\/vc_column][\/vc_row][vc_row full_width=\u00bbstretch_row\u00bb css=\u00bb.vc_custom_1585049350308{margin-bottom: 2em !important;background-position: center !important;background-repeat: no-repeat !important;background-size: cover !important;}\u00bb][vc_column width=\u00bb1\/2&#8243;][vc_column_text]<\/p>\n<h2><span style=\"color: #609657;\">L\u00c1MINAS PREPINTADAS<br \/>\n<span style=\"font-size: 16px;\">EMBALAJE EST\u00c1NDAR<\/span><br \/>\n<\/span><\/h2>\n<p>[\/vc_column_text][vc_empty_space height=\u00bb20px\u00bb][vc_column_text]Marcegaglia Carbon Steel ofrece una amplia gama de embalajes est\u00e1ndar para sus productos prepintados.[\/vc_column_text][vc_empty_space height=\u00bb30&#8243;][vc_row_inner el_id=\u00bbresp\u00bb css=\u00bb.vc_custom_1594632999623{margin-bottom: 1em !important;}\u00bb][vc_column_inner width=\u00bb1\/3&#8243; offset=\u00bbvc_col-xs-4&#8243;][vc_single_image image=\u00bb21174&#8243; img_size=\u00bb30&#8243; alignment=\u00bbright\u00bb onclick=\u00bbcustom_link\u00bb img_link_target=\u00bb_blank\u00bb link=\u00bbhttps:\/\/coateel.it\/wp-content\/uploads\/2022\/11\/Marcegaglia-Coateel-standard-packaging-sheets-ES.pdf\u00bb][\/vc_column_inner][vc_column_inner width=\u00bb2\/3&#8243; offset=\u00bbvc_col-xs-4&#8243;][vc_column_text css=\u00bb.vc_custom_1668442645120{margin-left: 0px !important;border-left-width: 0px !important;padding-left: 0px !important;}\u00bb]<span style=\"color: #609657;\">EMBALAJE EST\u00c1NDAR &#8211; L\u00c1MINAS<\/span>[\/vc_column_text][\/vc_column_inner][\/vc_row_inner][\/vc_column][vc_column width=\u00bb1\/2&#8243;][vc_empty_space height=\u00bb60&#8243;][vc_row_inner el_id=\u00bbdesk\u00bb][vc_column_inner width=\u00bb1\/3&#8243;][vc_single_image image=\u00bb21174&#8243; img_size=\u00bb30&#8243; alignment=\u00bbright\u00bb onclick=\u00bbcustom_link\u00bb img_link_target=\u00bb_blank\u00bb link=\u00bbhttps:\/\/coateel.it\/wp-content\/uploads\/2022\/11\/Marcegaglia-Coateel-standard-packaging-sheets-ES.pdf\u00bb][\/vc_column_inner][vc_column_inner width=\u00bb2\/3&#8243;][vc_column_text css=\u00bb.vc_custom_1668442633626{margin-left: 0px !important;border-left-width: 0px !important;padding-left: 0px !important;}\u00bb]<span style=\"color: #609657;\">EMBALAJE EST\u00c1NDAR &#8211; L\u00c1MINAS<\/span>[\/vc_column_text][\/vc_column_inner][\/vc_row_inner][\/vc_column][\/vc_row][vc_row][vc_column width=\u00bb1\/2&#8243;]<div id=\"cz_11254\" data-arrows='{\"open\":\"fa fa-angle-down\",\"close\":\"fa fa-angle-up\"}' class=\"cz_11254 cz_acc clr\"><div><div id=\"\"><span class=\"cz_acc_child\"><div>BL3 C<\/div><\/span><div class=\"cz_acc_child_content clr\">[vc_column_text]\u2022 Todos los formatos<br \/>\n\u2022 Uso de vigas de madera (m\u00ednimo 3)<br \/>\n\u2022 1 fleje por viga<br \/>\n\u2022 Esquinas para espesores \u2264 2 mm; para espesores &gt; 2 mm, esquinas a pedido<br \/>\n\u2022 +C: uso de l\u00e1minas de papel<br \/>\n\u2022 +M: uso de l\u00e1minas de papel y cajas met\u00e1licas para env\u00edo por mar[\/vc_column_text]<\/div><\/div><div id=\"\"><span class=\"cz_acc_child\"><div>BL5 I<\/div><\/span><div class=\"cz_acc_child_content clr\">[vc_column_text]\u2022 Todos los formatos<br \/>\n\u2022 L\u00e1minas en pales<br \/>\n\u2022 Flejado en cruz (1 por viga del pal\u00e9) y longitudinal (de como m\u00ednimo 1 fleje)<br \/>\n\u2022 Esquinas para todos los espesores<br \/>\n\u2022 +C: uso de l\u00e1minas de papel<br \/>\n\u2022 +M: uso de l\u00e1minas de papel y cajas met\u00e1licas para env\u00edo por mar[\/vc_column_text]<\/div><\/div><div id=\"\"><span class=\"cz_acc_child\"><div>BL5 P<\/div><\/span><div class=\"cz_acc_child_content clr\">[vc_column_text]\u2022 Todos los formatos<br \/>\n\u2022 L\u00e1minas en pales (pal\u00e9 est\u00e1ndar de Marcegaglia)<br \/>\n\u2022 Protecciones cruzadas de los bordes (1 por viga del pal\u00e9)<br \/>\n\u2022 Esquinas para todos los espesores<br \/>\n\u2022 +C: uso de l\u00e1minas de papel<br \/>\n\u2022 +M: uso de l\u00e1minas de papel y cajas met\u00e1licas para env\u00edo por mar[\/vc_column_text]<\/div><\/div><div id=\"\"><span class=\"cz_acc_child\"><div>BL6<\/div><\/span><div class=\"cz_acc_child_content clr\">[vc_column_text]\u2022 Embalaje de acuerdo con el dise\u00f1o espec\u00edfico del cliente[\/vc_column_text]<\/div><\/div><\/div><\/div>[\/vc_column][vc_column width=\u00bb1\/2&#8243;]<div id=\"cz_82666\" class=\"cz_82666 slick arrows_mlr no_dots arrows_inner\" data-slick='{\"selector\":\"\",\"slidesToShow\":1,\"slidesToScroll\":1,\"rows\":1,\"fade\":false,\"vertical\":false,\"verticalSwiping\":false,\"infinite\":true,\"speed\":1000,\"swipeToSlide\":true,\"centerMode\":false,\"centerPadding\":\"\",\"variableWidth\":false,\"autoplay\":true,\"autoplaySpeed\":4000,\"dots\":true,\"counts\":false,\"adaptiveHeight\":false,\"responsive\":[{\"breakpoint\":769,\"settings\":{\"slidesToShow\":1,\"slidesToScroll\":1,\"infinite\":true,\"touchMove\":true}},{\"breakpoint\":481,\"settings\":{\"slidesToShow\":1,\"slidesToScroll\":1,\"infinite\":true,\"touchMove\":true}}]}' data-slick-prev=\"fa fa-chevron-left\" data-slick-next=\"fa fa-chevron-right\">[vc_single_image image=\u00bb21132&#8243; img_size=\u00bbfull\u00bb][vc_single_image image=\u00bb21133&#8243; img_size=\u00bbfull\u00bb][vc_single_image image=\u00bb21127&#8243; img_size=\u00bbfull\u00bb][vc_single_image image=\u00bb21128&#8243; img_size=\u00bbfull\u00bb][vc_single_image image=\u00bb21129&#8243; img_size=\u00bbfull\u00bb][vc_single_image image=\u00bb21134&#8243; img_size=\u00bbfull\u00bb]<\/div><div><\/div>[vc_empty_space height=\u00bb30px\u00bb][\/vc_column][\/vc_row][vc_row][vc_column][vc_empty_space height=\u00bb50&#8243;][\/vc_column][\/vc_row]<\/p>\n<\/div>","protected":false},"excerpt":{"rendered":"<p>[vc_column css=\u00bb.vc_custom_1588591974425{padding-top: 10em !important;padding-bottom: 10em !important;background-position: center &#8230; <\/p>\n","protected":false},"author":1,"featured_media":0,"parent":0,"menu_order":0,"comment_status":"closed","ping_status":"closed","template":"","meta":{"footnotes":""},"class_list":["post-21123","page","type-page","status-publish","hentry"],"yoast_head":"<!-- This site is optimized with the Yoast SEO plugin v27.3 - https:\/\/yoast.com\/product\/yoast-seo-wordpress\/ -->\n<title>Embalaje est\u00e1ndar l\u00e1minas prepintadas | Marcegaglia Coateel\u00ae<\/title>\n<meta name=\"description\" content=\"Una amplia gama de embalajes est\u00e1ndar Marcegaglia Carbon Steeel, para asegurar y garantizar la m\u00e1xima protecci\u00f3n.\" \/>\n<meta name=\"robots\" content=\"index, follow, max-snippet:-1, max-image-preview:large, max-video-preview:-1\" \/>\n<link rel=\"canonical\" href=\"https:\/\/coateel.it\/es\/embalaje-estandar-laminas-prepintadas\/\" \/>\n<meta property=\"og:locale\" content=\"es_ES\" \/>\n<meta property=\"og:type\" content=\"article\" \/>\n<meta property=\"og:title\" content=\"Embalaje est\u00e1ndar l\u00e1minas prepintadas | Marcegaglia Coateel\u00ae\" \/>\n<meta property=\"og:description\" content=\"Una amplia gama de embalajes est\u00e1ndar Marcegaglia Carbon Steeel, para asegurar y garantizar la m\u00e1xima protecci\u00f3n.\" \/>\n<meta property=\"og:url\" content=\"https:\/\/coateel.it\/es\/embalaje-estandar-laminas-prepintadas\/\" \/>\n<meta property=\"og:site_name\" content=\"Marcegaglia Coateel\" \/>\n<meta property=\"article:modified_time\" content=\"2023-01-17T08:47:30+00:00\" \/>\n<meta property=\"og:image\" content=\"https:\/\/coateel.it\/wp-content\/uploads\/2024\/03\/Marcegaglia-Coateel-yoast.jpg\" \/>\n\t<meta property=\"og:image:width\" content=\"1200\" \/>\n\t<meta property=\"og:image:height\" content=\"675\" \/>\n\t<meta property=\"og:image:type\" content=\"image\/jpeg\" \/>\n<meta name=\"twitter:card\" content=\"summary_large_image\" \/>\n<meta name=\"twitter:label1\" content=\"Tiempo de lectura\" \/>\n\t<meta name=\"twitter:data1\" content=\"2 minutos\" \/>\n<script type=\"application\/ld+json\" class=\"yoast-schema-graph\">{\"@context\":\"https:\\\/\\\/schema.org\",\"@graph\":[{\"@type\":\"WebPage\",\"@id\":\"https:\\\/\\\/coateel.it\\\/es\\\/embalaje-estandar-laminas-prepintadas\\\/\",\"url\":\"https:\\\/\\\/coateel.it\\\/es\\\/embalaje-estandar-laminas-prepintadas\\\/\",\"name\":\"Embalaje est\u00e1ndar l\u00e1minas prepintadas | Marcegaglia Coateel\u00ae\",\"isPartOf\":{\"@id\":\"https:\\\/\\\/coateel.it\\\/es\\\/#website\"},\"datePublished\":\"2021-02-12T10:42:22+00:00\",\"dateModified\":\"2023-01-17T08:47:30+00:00\",\"description\":\"Una amplia gama de embalajes est\u00e1ndar Marcegaglia Carbon Steeel, para asegurar y garantizar la m\u00e1xima protecci\u00f3n.\",\"breadcrumb\":{\"@id\":\"https:\\\/\\\/coateel.it\\\/es\\\/embalaje-estandar-laminas-prepintadas\\\/#breadcrumb\"},\"inLanguage\":\"es\",\"potentialAction\":[{\"@type\":\"ReadAction\",\"target\":[\"https:\\\/\\\/coateel.it\\\/es\\\/embalaje-estandar-laminas-prepintadas\\\/\"]}]},{\"@type\":\"BreadcrumbList\",\"@id\":\"https:\\\/\\\/coateel.it\\\/es\\\/embalaje-estandar-laminas-prepintadas\\\/#breadcrumb\",\"itemListElement\":[{\"@type\":\"ListItem\",\"position\":1,\"name\":\"Home\",\"item\":\"https:\\\/\\\/coateel.it\\\/es\\\/\"},{\"@type\":\"ListItem\",\"position\":2,\"name\":\"Imballaggi standard &#8211; Lamiere preverniciati &#8211; ES\"}]},{\"@type\":\"WebSite\",\"@id\":\"https:\\\/\\\/coateel.it\\\/es\\\/#website\",\"url\":\"https:\\\/\\\/coateel.it\\\/es\\\/\",\"name\":\"Marcegaglia Coateel\",\"description\":\"Our colors, your life\",\"publisher\":{\"@id\":\"https:\\\/\\\/coateel.it\\\/es\\\/#organization\"},\"potentialAction\":[{\"@type\":\"SearchAction\",\"target\":{\"@type\":\"EntryPoint\",\"urlTemplate\":\"https:\\\/\\\/coateel.it\\\/es\\\/?s={search_term_string}\"},\"query-input\":{\"@type\":\"PropertyValueSpecification\",\"valueRequired\":true,\"valueName\":\"search_term_string\"}}],\"inLanguage\":\"es\"},{\"@type\":\"Organization\",\"@id\":\"https:\\\/\\\/coateel.it\\\/es\\\/#organization\",\"name\":\"Marcegaglia Coateel\",\"alternateName\":\"Coateel\",\"url\":\"https:\\\/\\\/coateel.it\\\/es\\\/\",\"logo\":{\"@type\":\"ImageObject\",\"inLanguage\":\"es\",\"@id\":\"https:\\\/\\\/coateel.it\\\/es\\\/#\\\/schema\\\/logo\\\/image\\\/\",\"url\":\"https:\\\/\\\/coateel.it\\\/wp-content\\\/uploads\\\/2023\\\/08\\\/favicon_marcegaglia-carbon-steel_512x512.jpg\",\"contentUrl\":\"https:\\\/\\\/coateel.it\\\/wp-content\\\/uploads\\\/2023\\\/08\\\/favicon_marcegaglia-carbon-steel_512x512.jpg\",\"width\":512,\"height\":512,\"caption\":\"Marcegaglia Coateel\"},\"image\":{\"@id\":\"https:\\\/\\\/coateel.it\\\/es\\\/#\\\/schema\\\/logo\\\/image\\\/\"}}]}<\/script>\n<!-- \/ Yoast SEO plugin. -->","yoast_head_json":{"title":"Embalaje est\u00e1ndar l\u00e1minas prepintadas | Marcegaglia Coateel\u00ae","description":"Una amplia gama de embalajes est\u00e1ndar Marcegaglia Carbon Steeel, para asegurar y garantizar la m\u00e1xima protecci\u00f3n.","robots":{"index":"index","follow":"follow","max-snippet":"max-snippet:-1","max-image-preview":"max-image-preview:large","max-video-preview":"max-video-preview:-1"},"canonical":"https:\/\/coateel.it\/es\/embalaje-estandar-laminas-prepintadas\/","og_locale":"es_ES","og_type":"article","og_title":"Embalaje est\u00e1ndar l\u00e1minas prepintadas | Marcegaglia Coateel\u00ae","og_description":"Una amplia gama de embalajes est\u00e1ndar Marcegaglia Carbon Steeel, para asegurar y garantizar la m\u00e1xima protecci\u00f3n.","og_url":"https:\/\/coateel.it\/es\/embalaje-estandar-laminas-prepintadas\/","og_site_name":"Marcegaglia Coateel","article_modified_time":"2023-01-17T08:47:30+00:00","og_image":[{"width":1200,"height":675,"url":"https:\/\/coateel.it\/wp-content\/uploads\/2024\/03\/Marcegaglia-Coateel-yoast.jpg","type":"image\/jpeg"}],"twitter_card":"summary_large_image","twitter_misc":{"Tiempo de lectura":"2 minutos"},"schema":{"@context":"https:\/\/schema.org","@graph":[{"@type":"WebPage","@id":"https:\/\/coateel.it\/es\/embalaje-estandar-laminas-prepintadas\/","url":"https:\/\/coateel.it\/es\/embalaje-estandar-laminas-prepintadas\/","name":"Embalaje est\u00e1ndar l\u00e1minas prepintadas | Marcegaglia Coateel\u00ae","isPartOf":{"@id":"https:\/\/coateel.it\/es\/#website"},"datePublished":"2021-02-12T10:42:22+00:00","dateModified":"2023-01-17T08:47:30+00:00","description":"Una amplia gama de embalajes est\u00e1ndar Marcegaglia Carbon Steeel, para asegurar y garantizar la m\u00e1xima protecci\u00f3n.","breadcrumb":{"@id":"https:\/\/coateel.it\/es\/embalaje-estandar-laminas-prepintadas\/#breadcrumb"},"inLanguage":"es","potentialAction":[{"@type":"ReadAction","target":["https:\/\/coateel.it\/es\/embalaje-estandar-laminas-prepintadas\/"]}]},{"@type":"BreadcrumbList","@id":"https:\/\/coateel.it\/es\/embalaje-estandar-laminas-prepintadas\/#breadcrumb","itemListElement":[{"@type":"ListItem","position":1,"name":"Home","item":"https:\/\/coateel.it\/es\/"},{"@type":"ListItem","position":2,"name":"Imballaggi standard &#8211; Lamiere preverniciati &#8211; ES"}]},{"@type":"WebSite","@id":"https:\/\/coateel.it\/es\/#website","url":"https:\/\/coateel.it\/es\/","name":"Marcegaglia Coateel","description":"Our colors, your life","publisher":{"@id":"https:\/\/coateel.it\/es\/#organization"},"potentialAction":[{"@type":"SearchAction","target":{"@type":"EntryPoint","urlTemplate":"https:\/\/coateel.it\/es\/?s={search_term_string}"},"query-input":{"@type":"PropertyValueSpecification","valueRequired":true,"valueName":"search_term_string"}}],"inLanguage":"es"},{"@type":"Organization","@id":"https:\/\/coateel.it\/es\/#organization","name":"Marcegaglia Coateel","alternateName":"Coateel","url":"https:\/\/coateel.it\/es\/","logo":{"@type":"ImageObject","inLanguage":"es","@id":"https:\/\/coateel.it\/es\/#\/schema\/logo\/image\/","url":"https:\/\/coateel.it\/wp-content\/uploads\/2023\/08\/favicon_marcegaglia-carbon-steel_512x512.jpg","contentUrl":"https:\/\/coateel.it\/wp-content\/uploads\/2023\/08\/favicon_marcegaglia-carbon-steel_512x512.jpg","width":512,"height":512,"caption":"Marcegaglia Coateel"},"image":{"@id":"https:\/\/coateel.it\/es\/#\/schema\/logo\/image\/"}}]}},"_links":{"self":[{"href":"https:\/\/coateel.it\/es\/wp-json\/wp\/v2\/pages\/21123","targetHints":{"allow":["GET"]}}],"collection":[{"href":"https:\/\/coateel.it\/es\/wp-json\/wp\/v2\/pages"}],"about":[{"href":"https:\/\/coateel.it\/es\/wp-json\/wp\/v2\/types\/page"}],"author":[{"embeddable":true,"href":"https:\/\/coateel.it\/es\/wp-json\/wp\/v2\/users\/1"}],"replies":[{"embeddable":true,"href":"https:\/\/coateel.it\/es\/wp-json\/wp\/v2\/comments?post=21123"}],"version-history":[{"count":5,"href":"https:\/\/coateel.it\/es\/wp-json\/wp\/v2\/pages\/21123\/revisions"}],"predecessor-version":[{"id":21911,"href":"https:\/\/coateel.it\/es\/wp-json\/wp\/v2\/pages\/21123\/revisions\/21911"}],"wp:attachment":[{"href":"https:\/\/coateel.it\/es\/wp-json\/wp\/v2\/media?parent=21123"}],"curies":[{"name":"wp","href":"https:\/\/api.w.org\/{rel}","templated":true}]}}