{"id":20342,"date":"2022-07-01T10:15:10","date_gmt":"2022-07-01T10:15:10","guid":{"rendered":"https:\/\/coateel.it\/gamma-produttiva\/"},"modified":"2025-11-18T08:36:07","modified_gmt":"2025-11-18T08:36:07","slug":"gamme-de-produits","status":"publish","type":"page","link":"https:\/\/coateel.it\/fr\/gamme-de-produits\/","title":{"rendered":"Coateel &#8211; Gamma produttiva &#8211; FR"},"content":{"rendered":"<div class=\"wpb-content-wrapper\"><p>[vc_row full_width=\u00a0\u00bbstretch_row_content_no_spaces\u00a0\u00bb css=\u00a0\u00bb.vc_custom_1656671287658{margin-bottom: 2em !important;background-image: url(https:\/\/coateel.it\/wp-content\/uploads\/2022\/07\/Marcegaglia-Coateel-product-range.jpg?id=19188) !important;background-position: center !important;background-repeat: no-repeat !important;background-size: cover !important;}\u00a0\u00bb el_id=\u00a0\u00bbdesk\u00a0\u00bb][vc_column css=\u00a0\u00bb.vc_custom_1588591974425{padding-top: 10em !important;padding-bottom: 10em !important;background-position: center !important;background-repeat: no-repeat !important;background-size: cover !important;}\u00a0\u00bb el_id=\u00a0\u00bbdesk\u00a0\u00bb offset=\u00a0\u00bbvc_hidden-sm vc_hidden-xs\u00a0\u00bb][\/vc_column][\/vc_row][vc_row full_width=\u00a0\u00bbstretch_row_content_no_spaces\u00a0\u00bb css=\u00a0\u00bb.vc_custom_1656671306848{margin-bottom: 2em !important;padding-top: 5em !important;padding-bottom: 5em !important;background-image: url(https:\/\/coateel.it\/wp-content\/uploads\/2022\/07\/Marcegaglia-Coateel-product-range-mobile.jpg?id=19190) !important;background-position: center !important;background-repeat: no-repeat !important;background-size: cover !important;}\u00a0\u00bb el_id=\u00a0\u00bbresp\u00a0\u00bb][vc_column css=\u00a0\u00bb.vc_custom_1588592239658{background-position: center !important;background-repeat: no-repeat !important;background-size: cover !important;}\u00a0\u00bb el_id=\u00a0\u00bbresp\u00a0\u00bb offset=\u00a0\u00bbvc_hidden-lg vc_hidden-md\u00a0\u00bb][\/vc_column][\/vc_row][vc_row full_width=\u00a0\u00bbstretch_row\u00a0\u00bb css=\u00a0\u00bb.vc_custom_1585049350308{margin-bottom: 2em !important;background-position: center !important;background-repeat: no-repeat !important;background-size: cover !important;}\u00a0\u00bb][vc_column width=\u00a0\u00bb1\/2&Prime; css=\u00a0\u00bb.vc_custom_1656515777122{margin-right: 500px !important;}\u00a0\u00bb][vc_column_text]<\/p>\n<h2><span style=\"color: #609657;\">LE REV\u00caTEMENT PARFAIT POUR VOS BESOINS<\/span><\/h2>\n<p>[\/vc_column_text][vc_empty_space height=\u00a0\u00bb30px\u00a0\u00bb][vc_column_text]COATEEL<sup>\u00ae<\/sup> est le r\u00e9sultat de notre capacit\u00e9 d&rsquo;<strong>innovation<\/strong> associ\u00e9e \u00e0 une <strong>expertise technique<\/strong> et \u00e0 une <strong>flexibilit\u00e9 de production<\/strong> pour r\u00e9pondre rapidement aux besoins des clients.<br \/>\nLa <strong>synergie<\/strong> entre plusieurs couches diff\u00e9rentes qui interagissent pour renforcer le substrat de base en acier au carbone galvanis\u00e9 assure des performances maximales en termes de r\u00e9sistance \u00e0 la corrosion et aux UV, de brillance, d&rsquo;\u00e9lasticit\u00e9 et de durabilit\u00e9, ainsi qu&rsquo;une large gamme de couleurs.<br \/>\nNotre \u00e9quipe sp\u00e9cialis\u00e9e est disponible pour \u00e9tudier la solution la plus efficace en collaboration avec le client, en fonction de l&rsquo;application finale.[\/vc_column_text][vc_empty_space height=\u00a0\u00bb30px\u00a0\u00bb][vc_column_text]COATEEL<sup>\u00ae<\/sup> est produit \u00e0 Ravenne, en Italie, dans <strong>la plus grande usine m\u00e9tallurgique de Marcegaglia<\/strong>, la principale plate-forme logistique et intermodale de toutes les activit\u00e9s industrielles du groupe, qui a \u00e9t\u00e9 mise \u00e0 jour aux technologies de pointe de l&rsquo;industrie 4.0 gr\u00e2ce \u00e0 un important plan d&rsquo;investissement, multipli\u00e9 par cinq au cours des vingt derni\u00e8res ann\u00e9es, et qui a permis de doubler les capacit\u00e9s de production de bobines et de t\u00f4les de COATEEL<sup>\u00ae<\/sup>.[\/vc_column_text][\/vc_column][vc_column width=\u00a0\u00bb1\/2&Prime;][vc_empty_space height=\u00a0\u00bb60&Prime;][vc_row_inner][vc_column_inner][vc_single_image image=\u00a0\u00bb20346&Prime; img_size=\u00a0\u00bb550&#215;351&Prime;][\/vc_column_inner][\/vc_row_inner][vc_empty_space height=\u00a0\u00bb50&Prime;][vc_row_inner][vc_column_inner width=\u00a0\u00bb1\/3&Prime;][vc_single_image image=\u00a0\u00bb20489&Prime; img_size=\u00a0\u00bb30px\u00a0\u00bb alignment=\u00a0\u00bbright\u00a0\u00bb onclick=\u00a0\u00bbcustom_link\u00a0\u00bb img_link_target=\u00a0\u00bb_blank\u00a0\u00bb css=\u00a0\u00bb\u00a0\u00bb link=\u00a0\u00bbhttps:\/\/coateel.it\/wp-content\/uploads\/2025\/06\/Marcegaglia-Coateel-coating-system-overview-fr.pdf\u00a0\u00bb][\/vc_column_inner][vc_column_inner width=\u00a0\u00bb2\/3&Prime;][vc_column_text]<span style=\"color: #609657;\">COATING SYSTEM OVERVIEW<\/span>[\/vc_column_text][\/vc_column_inner][\/vc_row_inner][\/vc_column][\/vc_row][vc_row][vc_column][vc_empty_space height=\u00a0\u00bb50&Prime;][\/vc_column][\/vc_row][vc_row full_width=\u00a0\u00bbstretch_row\u00a0\u00bb css=\u00a0\u00bb.vc_custom_1585049350308{margin-bottom: 2em !important;background-position: center !important;background-repeat: no-repeat !important;background-size: cover !important;}\u00a0\u00bb][vc_column width=\u00a0\u00bb1\/2&Prime;][vc_row_inner][vc_column_inner][vc_single_image image=\u00a0\u00bb20353&Prime; img_size=\u00a0\u00bbfull\u00a0\u00bb][\/vc_column_inner][\/vc_row_inner][vc_empty_space height=\u00a0\u00bb50&Prime;][\/vc_column][vc_column width=\u00a0\u00bb1\/2&Prime; css=\u00a0\u00bb.vc_custom_1656515777122{margin-right: 500px !important;}\u00a0\u00bb][vc_column_text]<\/p>\n<p style=\"line-height: 20px;\"><span style=\"font-size: 16px;\"><span style=\"color: #609657;\"><strong>FILM DE FINITION<\/strong><\/span><\/span><br \/>\n<span style=\"color: #609657;\">Une peinture diff\u00e9rente pour chaque besoin de produit.<\/span><\/p>\n<p>[\/vc_column_text][vc_empty_space height=\u00a0\u00bb10&Prime;][vc_column_text]<\/p>\n<p style=\"line-height: 16px;\"><span style=\"font-size: 14px;\"><strong>PE<\/strong> polyester<\/span><br \/>\n<span style=\"font-size: 14px;\"><strong>PE PA<\/strong> polyester-polyamide<\/span><br \/>\n<span style=\"font-size: 14px;\"><strong>PE MOD<\/strong> polyester modifi\u00e9<\/span><br \/>\n<span style=\"font-size: 14px;\"><strong>PE FLEX<\/strong> polyester longue cha\u00eene<\/span><br \/>\n<span style=\"font-size: 14px;\"><strong>PVDF<\/strong> fluorure de polyvinylid\u00e8ne<\/span><br \/>\n<span style=\"font-size: 14px;\"><strong>PUR<\/strong> polyur\u00e9thane<\/span><br \/>\n<span style=\"font-size: 14px;\"><strong>PUR PA<\/strong> polyur\u00e9thane renforc\u00e9 de polyamide<\/span><br \/>\n<span style=\"font-size: 14px;\"><strong>PUR MOD<\/strong> polyur\u00e9thane modifi\u00e9<\/span><br \/>\n<span style=\"font-size: 14px;\"><strong>SPE<\/strong> superpolyester<\/span><br \/>\n<span style=\"font-size: 14px;\"><strong>SPE PA<\/strong> super polyester-polyamide<\/span><br \/>\n<span style=\"font-size: 14px;\"><strong>SPE PUR<\/strong> super polyester-polyur\u00e9thane<\/span><br \/>\n<span style=\"font-size: 14px;\"><strong>PLASTISOL<\/strong> chlorure de polyvinyle PVC<\/span><\/p>\n<p>[\/vc_column_text][vc_empty_space height=\u00a0\u00bb50&Prime;][vc_column_text]<\/p>\n<p style=\"line-height: 20px;\"><span style=\"font-size: 16px;\"><span style=\"color: #609657;\"><strong>PRIMER<\/strong><\/span><\/span><br \/>\n<span style=\"color: #609657;\">Selon l&rsquo;application finale, diff\u00e9rents types d&rsquo;appr\u00eats anticorrosion sont utilis\u00e9s pour accro\u00eetre la r\u00e9sistance \u00e0 la corrosion, y compris dans des situations extr\u00eames.<\/span><\/p>\n<p>[\/vc_column_text][vc_empty_space height=\u00a0\u00bb10&Prime;][vc_column_text]<\/p>\n<p style=\"line-height: 16px;\"><span style=\"font-size: 14px;\"><strong>PE<\/strong> appr\u00eat \u00e9poxy-polyester<\/span><br \/>\n<span style=\"font-size: 14px;\"><strong>PUR<\/strong> appr\u00eat polyur\u00e9thane<\/span><br \/>\n<span style=\"font-size: 14px;\"><strong>ACR<\/strong> appr\u00eat acrylique<\/span><span style=\"font-size: 14px;\"><br \/>\n<\/span><\/p>\n<p>[\/vc_column_text][vc_empty_space height=\u00a0\u00bb50&Prime;][vc_column_text]<\/p>\n<p style=\"line-height: 20px;\"><span style=\"font-size: 16px;\"><span style=\"color: #609657;\"><strong>SUBSTRAT<\/strong><\/span><\/span><br \/>\n<span style=\"color: #609657;\">Acier galvanis\u00e9 avec un large choix en termes de qualit\u00e9 et d&rsquo;excellence des propri\u00e9t\u00e9s de formage, une garantie Marcegaglia de la durabilit\u00e9 du produit fini dans le temps et de la protection contre la corrosion.<\/span><\/p>\n<p>[\/vc_column_text][vc_empty_space height=\u00a0\u00bb10&Prime;][vc_column_text]<\/p>\n<p style=\"line-height: 16px;\"><span style=\"font-size: 14px;\">Z100, Z140, Z200, Z225, Z275<\/span><span style=\"font-size: 14px;\"><br \/>\n<\/span><\/p>\n<p>[\/vc_column_text][vc_empty_space height=\u00a0\u00bb50&Prime;][vc_column_text]<\/p>\n<p style=\"line-height: 20px;\"><span style=\"font-size: 16px;\"><span style=\"color: #609657;\"><strong>BACK COAT<\/strong><\/span><\/span><br \/>\n<span style=\"color: #609657;\">Rev\u00eatement arri\u00e8re (5\/7, 10 ou 12 \u00b5m) en \u00e9poxy-polyester, garantissant l&rsquo;adh\u00e9sion aux mousses PUR-PIR et aux colles polyur\u00e9thanes. R\u00e9sistance temporaire aux agressions chimiques, bonne maniabilit\u00e9.<\/span><\/p>\n<p>[\/vc_column_text][\/vc_column][\/vc_row][vc_row][vc_column][vc_empty_space height=\u00a0\u00bb50&Prime;][\/vc_column][\/vc_row]<\/p>\n<\/div>","protected":false},"excerpt":{"rendered":"<p>[vc_column css=\u00a0\u00bb.vc_custom_1588591974425{padding-top: 10em !important;padding-bottom: 10em !important;background-position: center &#8230; <\/p>\n","protected":false},"author":1,"featured_media":0,"parent":0,"menu_order":0,"comment_status":"closed","ping_status":"closed","template":"","meta":{"footnotes":""},"class_list":["post-20342","page","type-page","status-publish","hentry"],"yoast_head":"<!-- This site is optimized with the Yoast SEO plugin v27.4 - https:\/\/yoast.com\/product\/yoast-seo-wordpress\/ -->\n<title>Le rev\u00eatement parfait pour vos besoins | Marcegaglia Coateel\u00ae<\/title>\n<meta name=\"description\" content=\"COATEEL\u00ae est le r\u00e9sultat de notre capacit\u00e9 d\u2019innovation, expertise technique et flexibilit\u00e9 de production en mati\u00e8re de rev\u00eatement de l&#039;acier.\" \/>\n<meta name=\"robots\" content=\"index, follow, max-snippet:-1, max-image-preview:large, max-video-preview:-1\" \/>\n<link rel=\"canonical\" href=\"https:\/\/coateel.it\/fr\/gamme-de-produits\/\" \/>\n<meta property=\"og:locale\" content=\"fr_FR\" \/>\n<meta property=\"og:type\" content=\"article\" \/>\n<meta property=\"og:title\" content=\"Le rev\u00eatement parfait pour vos besoins | Marcegaglia Coateel\u00ae\" \/>\n<meta property=\"og:description\" content=\"COATEEL\u00ae est le r\u00e9sultat de notre capacit\u00e9 d\u2019innovation, expertise technique et flexibilit\u00e9 de production en mati\u00e8re de rev\u00eatement de l&#039;acier.\" \/>\n<meta property=\"og:url\" content=\"https:\/\/coateel.it\/fr\/gamme-de-produits\/\" \/>\n<meta property=\"og:site_name\" content=\"Marcegaglia Coateel\" \/>\n<meta property=\"article:modified_time\" content=\"2025-11-18T08:36:07+00:00\" \/>\n<meta property=\"og:image\" content=\"https:\/\/coateel.it\/wp-content\/uploads\/2024\/03\/Marcegaglia-Coateel-yoast.jpg\" \/>\n\t<meta property=\"og:image:width\" content=\"1200\" \/>\n\t<meta property=\"og:image:height\" content=\"675\" \/>\n\t<meta property=\"og:image:type\" content=\"image\/jpeg\" \/>\n<meta name=\"twitter:card\" content=\"summary_large_image\" \/>\n<meta name=\"twitter:label1\" content=\"Dur\u00e9e de lecture estim\u00e9e\" \/>\n\t<meta name=\"twitter:data1\" content=\"3 minutes\" \/>\n<script type=\"application\/ld+json\" class=\"yoast-schema-graph\">{\"@context\":\"https:\\\/\\\/schema.org\",\"@graph\":[{\"@type\":\"WebPage\",\"@id\":\"https:\\\/\\\/coateel.it\\\/fr\\\/gamme-de-produits\\\/\",\"url\":\"https:\\\/\\\/coateel.it\\\/fr\\\/gamme-de-produits\\\/\",\"name\":\"Le rev\u00eatement parfait pour vos besoins | Marcegaglia Coateel\u00ae\",\"isPartOf\":{\"@id\":\"https:\\\/\\\/coateel.it\\\/fr\\\/#website\"},\"datePublished\":\"2022-07-01T10:15:10+00:00\",\"dateModified\":\"2025-11-18T08:36:07+00:00\",\"description\":\"COATEEL\u00ae est le r\u00e9sultat de notre capacit\u00e9 d\u2019innovation, expertise technique et flexibilit\u00e9 de production en mati\u00e8re de rev\u00eatement de l'acier.\",\"breadcrumb\":{\"@id\":\"https:\\\/\\\/coateel.it\\\/fr\\\/gamme-de-produits\\\/#breadcrumb\"},\"inLanguage\":\"fr-FR\",\"potentialAction\":[{\"@type\":\"ReadAction\",\"target\":[\"https:\\\/\\\/coateel.it\\\/fr\\\/gamme-de-produits\\\/\"]}]},{\"@type\":\"BreadcrumbList\",\"@id\":\"https:\\\/\\\/coateel.it\\\/fr\\\/gamme-de-produits\\\/#breadcrumb\",\"itemListElement\":[{\"@type\":\"ListItem\",\"position\":1,\"name\":\"Home\",\"item\":\"https:\\\/\\\/coateel.it\\\/fr\\\/\"},{\"@type\":\"ListItem\",\"position\":2,\"name\":\"Coateel &#8211; Gamma produttiva &#8211; FR\"}]},{\"@type\":\"WebSite\",\"@id\":\"https:\\\/\\\/coateel.it\\\/fr\\\/#website\",\"url\":\"https:\\\/\\\/coateel.it\\\/fr\\\/\",\"name\":\"Marcegaglia Coateel\",\"description\":\"Our colors, your life\",\"publisher\":{\"@id\":\"https:\\\/\\\/coateel.it\\\/fr\\\/#organization\"},\"potentialAction\":[{\"@type\":\"SearchAction\",\"target\":{\"@type\":\"EntryPoint\",\"urlTemplate\":\"https:\\\/\\\/coateel.it\\\/fr\\\/?s={search_term_string}\"},\"query-input\":{\"@type\":\"PropertyValueSpecification\",\"valueRequired\":true,\"valueName\":\"search_term_string\"}}],\"inLanguage\":\"fr-FR\"},{\"@type\":\"Organization\",\"@id\":\"https:\\\/\\\/coateel.it\\\/fr\\\/#organization\",\"name\":\"Marcegaglia Coateel\",\"alternateName\":\"Coateel\",\"url\":\"https:\\\/\\\/coateel.it\\\/fr\\\/\",\"logo\":{\"@type\":\"ImageObject\",\"inLanguage\":\"fr-FR\",\"@id\":\"https:\\\/\\\/coateel.it\\\/fr\\\/#\\\/schema\\\/logo\\\/image\\\/\",\"url\":\"https:\\\/\\\/coateel.it\\\/wp-content\\\/uploads\\\/2023\\\/08\\\/favicon_marcegaglia-carbon-steel_512x512.jpg\",\"contentUrl\":\"https:\\\/\\\/coateel.it\\\/wp-content\\\/uploads\\\/2023\\\/08\\\/favicon_marcegaglia-carbon-steel_512x512.jpg\",\"width\":512,\"height\":512,\"caption\":\"Marcegaglia Coateel\"},\"image\":{\"@id\":\"https:\\\/\\\/coateel.it\\\/fr\\\/#\\\/schema\\\/logo\\\/image\\\/\"}}]}<\/script>\n<!-- \/ Yoast SEO plugin. -->","yoast_head_json":{"title":"Le rev\u00eatement parfait pour vos besoins | Marcegaglia Coateel\u00ae","description":"COATEEL\u00ae est le r\u00e9sultat de notre capacit\u00e9 d\u2019innovation, expertise technique et flexibilit\u00e9 de production en mati\u00e8re de rev\u00eatement de l'acier.","robots":{"index":"index","follow":"follow","max-snippet":"max-snippet:-1","max-image-preview":"max-image-preview:large","max-video-preview":"max-video-preview:-1"},"canonical":"https:\/\/coateel.it\/fr\/gamme-de-produits\/","og_locale":"fr_FR","og_type":"article","og_title":"Le rev\u00eatement parfait pour vos besoins | Marcegaglia Coateel\u00ae","og_description":"COATEEL\u00ae est le r\u00e9sultat de notre capacit\u00e9 d\u2019innovation, expertise technique et flexibilit\u00e9 de production en mati\u00e8re de rev\u00eatement de l'acier.","og_url":"https:\/\/coateel.it\/fr\/gamme-de-produits\/","og_site_name":"Marcegaglia Coateel","article_modified_time":"2025-11-18T08:36:07+00:00","og_image":[{"width":1200,"height":675,"url":"https:\/\/coateel.it\/wp-content\/uploads\/2024\/03\/Marcegaglia-Coateel-yoast.jpg","type":"image\/jpeg"}],"twitter_card":"summary_large_image","twitter_misc":{"Dur\u00e9e de lecture estim\u00e9e":"3 minutes"},"schema":{"@context":"https:\/\/schema.org","@graph":[{"@type":"WebPage","@id":"https:\/\/coateel.it\/fr\/gamme-de-produits\/","url":"https:\/\/coateel.it\/fr\/gamme-de-produits\/","name":"Le rev\u00eatement parfait pour vos besoins | Marcegaglia Coateel\u00ae","isPartOf":{"@id":"https:\/\/coateel.it\/fr\/#website"},"datePublished":"2022-07-01T10:15:10+00:00","dateModified":"2025-11-18T08:36:07+00:00","description":"COATEEL\u00ae est le r\u00e9sultat de notre capacit\u00e9 d\u2019innovation, expertise technique et flexibilit\u00e9 de production en mati\u00e8re de rev\u00eatement de l'acier.","breadcrumb":{"@id":"https:\/\/coateel.it\/fr\/gamme-de-produits\/#breadcrumb"},"inLanguage":"fr-FR","potentialAction":[{"@type":"ReadAction","target":["https:\/\/coateel.it\/fr\/gamme-de-produits\/"]}]},{"@type":"BreadcrumbList","@id":"https:\/\/coateel.it\/fr\/gamme-de-produits\/#breadcrumb","itemListElement":[{"@type":"ListItem","position":1,"name":"Home","item":"https:\/\/coateel.it\/fr\/"},{"@type":"ListItem","position":2,"name":"Coateel &#8211; Gamma produttiva &#8211; FR"}]},{"@type":"WebSite","@id":"https:\/\/coateel.it\/fr\/#website","url":"https:\/\/coateel.it\/fr\/","name":"Marcegaglia Coateel","description":"Our colors, your life","publisher":{"@id":"https:\/\/coateel.it\/fr\/#organization"},"potentialAction":[{"@type":"SearchAction","target":{"@type":"EntryPoint","urlTemplate":"https:\/\/coateel.it\/fr\/?s={search_term_string}"},"query-input":{"@type":"PropertyValueSpecification","valueRequired":true,"valueName":"search_term_string"}}],"inLanguage":"fr-FR"},{"@type":"Organization","@id":"https:\/\/coateel.it\/fr\/#organization","name":"Marcegaglia Coateel","alternateName":"Coateel","url":"https:\/\/coateel.it\/fr\/","logo":{"@type":"ImageObject","inLanguage":"fr-FR","@id":"https:\/\/coateel.it\/fr\/#\/schema\/logo\/image\/","url":"https:\/\/coateel.it\/wp-content\/uploads\/2023\/08\/favicon_marcegaglia-carbon-steel_512x512.jpg","contentUrl":"https:\/\/coateel.it\/wp-content\/uploads\/2023\/08\/favicon_marcegaglia-carbon-steel_512x512.jpg","width":512,"height":512,"caption":"Marcegaglia Coateel"},"image":{"@id":"https:\/\/coateel.it\/fr\/#\/schema\/logo\/image\/"}}]}},"_links":{"self":[{"href":"https:\/\/coateel.it\/fr\/wp-json\/wp\/v2\/pages\/20342","targetHints":{"allow":["GET"]}}],"collection":[{"href":"https:\/\/coateel.it\/fr\/wp-json\/wp\/v2\/pages"}],"about":[{"href":"https:\/\/coateel.it\/fr\/wp-json\/wp\/v2\/types\/page"}],"author":[{"embeddable":true,"href":"https:\/\/coateel.it\/fr\/wp-json\/wp\/v2\/users\/1"}],"replies":[{"embeddable":true,"href":"https:\/\/coateel.it\/fr\/wp-json\/wp\/v2\/comments?post=20342"}],"version-history":[{"count":7,"href":"https:\/\/coateel.it\/fr\/wp-json\/wp\/v2\/pages\/20342\/revisions"}],"predecessor-version":[{"id":24141,"href":"https:\/\/coateel.it\/fr\/wp-json\/wp\/v2\/pages\/20342\/revisions\/24141"}],"wp:attachment":[{"href":"https:\/\/coateel.it\/fr\/wp-json\/wp\/v2\/media?parent=20342"}],"curies":[{"name":"wp","href":"https:\/\/api.w.org\/{rel}","templated":true}]}}