{"id":20396,"date":"2020-07-15T15:02:58","date_gmt":"2020-07-15T15:02:58","guid":{"rendered":"https:\/\/coateel.it\/prodotti-piani-in-acciaio-preverniciato-imballi-standard-coils\/"},"modified":"2023-01-17T08:06:34","modified_gmt":"2023-01-17T08:06:34","slug":"conditionnement-standard-bobines-prelaques","status":"publish","type":"page","link":"https:\/\/coateel.it\/fr\/conditionnement-standard-bobines-prelaques\/","title":{"rendered":"Imballaggi standard &#8211; Coils preverniciati &#8211; FR"},"content":{"rendered":"<div class=\"wpb-content-wrapper\"><p>[vc_row full_width=\u00a0\u00bbstretch_row_content_no_spaces\u00a0\u00bb css=\u00a0\u00bb.vc_custom_1588593877038{margin-bottom: 2em !important;background-image: url(https:\/\/coateel.it\/wp-content\/uploads\/2020\/04\/marcegaglia_poland-carbon-steel-pre-painted-steel-banner-1920&#215;306-1.jpg?id=10183) !important;background-position: center !important;background-repeat: no-repeat !important;background-size: cover !important;}\u00a0\u00bb el_id=\u00a0\u00bbdesk\u00a0\u00bb][vc_column css=\u00a0\u00bb.vc_custom_1588591974425{padding-top: 10em !important;padding-bottom: 10em !important;background-position: center !important;background-repeat: no-repeat !important;background-size: cover !important;}\u00a0\u00bb el_id=\u00a0\u00bbdesk\u00a0\u00bb offset=\u00a0\u00bbvc_hidden-sm vc_hidden-xs\u00a0\u00bb][\/vc_column][\/vc_row][vc_row full_width=\u00a0\u00bbstretch_row_content_no_spaces\u00a0\u00bb css=\u00a0\u00bb.vc_custom_1594632974795{margin-bottom: 2em !important;padding-top: 5em !important;padding-bottom: 5em !important;background-image: url(https:\/\/coateel.it\/wp-content\/uploads\/2020\/07\/marcegaglia_poland-carbon-steel-pre-painted-steel-banner-1400&#215;700-1.jpg?id=14377) !important;background-position: center !important;background-repeat: no-repeat !important;background-size: cover !important;}\u00a0\u00bb el_id=\u00a0\u00bbresp\u00a0\u00bb][vc_column css=\u00a0\u00bb.vc_custom_1588592239658{background-position: center !important;background-repeat: no-repeat !important;background-size: cover !important;}\u00a0\u00bb el_id=\u00a0\u00bbresp\u00a0\u00bb offset=\u00a0\u00bbvc_hidden-lg vc_hidden-md\u00a0\u00bb][\/vc_column][\/vc_row][vc_row full_width=\u00a0\u00bbstretch_row\u00a0\u00bb css=\u00a0\u00bb.vc_custom_1585049350308{margin-bottom: 2em !important;background-position: center !important;background-repeat: no-repeat !important;background-size: cover !important;}\u00a0\u00bb][vc_column width=\u00a0\u00bb1\/2&Prime;][vc_column_text]<\/p>\n<h2><span style=\"color: #609657;\">BOBINES PR\u00c9LAQU\u00c9S<br \/>\n<span style=\"font-size: 16px;\">CONDITIONNEMENT STANDARD<\/span><br \/>\n<\/span><\/h2>\n<p>[\/vc_column_text][vc_empty_space height=\u00a0\u00bb20px\u00a0\u00bb][vc_column_text]<span class=\"font5\">Marcegaglia Carbon Steel propose une vaste gamme d\u2019emballages standard pour ses produits pr\u00e9-laqu\u00e9s.<\/span>[\/vc_column_text][vc_empty_space height=\u00a0\u00bb30&Prime;][vc_row_inner el_id=\u00a0\u00bbresp\u00a0\u00bb css=\u00a0\u00bb.vc_custom_1594632999623{margin-bottom: 1em !important;}\u00a0\u00bb][vc_column_inner width=\u00a0\u00bb1\/3&Prime; offset=\u00a0\u00bbvc_col-xs-4&Prime;][vc_single_image image=\u00a0\u00bb20489&Prime; img_size=\u00a0\u00bb30&Prime; alignment=\u00a0\u00bbright\u00a0\u00bb onclick=\u00a0\u00bbcustom_link\u00a0\u00bb img_link_target=\u00a0\u00bb_blank\u00a0\u00bb link=\u00a0\u00bbhttps:\/\/coateel.it\/wp-content\/uploads\/2022\/11\/Marcegaglia-Coateel-standard-packaging-coils-fr.pdf\u00a0\u00bb][\/vc_column_inner][vc_column_inner width=\u00a0\u00bb2\/3&Prime; offset=\u00a0\u00bbvc_col-xs-4&Prime;][vc_column_text css=\u00a0\u00bb.vc_custom_1667565686561{margin-left: 0px !important;border-left-width: 0px !important;padding-left: 0px !important;}\u00a0\u00bb]<span style=\"color: #609657;\">CONDITIONNEMENT STANDARD &#8211; BOBINES<\/span>[\/vc_column_text][\/vc_column_inner][\/vc_row_inner][\/vc_column][vc_column width=\u00a0\u00bb1\/2&Prime;][vc_empty_space height=\u00a0\u00bb60&Prime;][vc_row_inner el_id=\u00a0\u00bbdesk\u00a0\u00bb][vc_column_inner width=\u00a0\u00bb1\/3&Prime;][vc_single_image image=\u00a0\u00bb20489&Prime; img_size=\u00a0\u00bb30&Prime; alignment=\u00a0\u00bbright\u00a0\u00bb onclick=\u00a0\u00bbcustom_link\u00a0\u00bb img_link_target=\u00a0\u00bb_blank\u00a0\u00bb link=\u00a0\u00bbhttps:\/\/coateel.it\/wp-content\/uploads\/2022\/11\/Marcegaglia-Coateel-standard-packaging-coils-fr.pdf\u00a0\u00bb][\/vc_column_inner][vc_column_inner width=\u00a0\u00bb2\/3&Prime; css=\u00a0\u00bb.vc_custom_1656932548234{margin-left: 0px !important;border-left-width: 0px !important;padding-left: 0px !important;}\u00a0\u00bb][vc_column_text css=\u00a0\u00bb.vc_custom_1667565596164{margin-left: 0px !important;border-left-width: 0px !important;padding-left: 0px !important;}\u00a0\u00bb]<span style=\"color: #609657;\">CONDITIONNEMENT STANDARD &#8211; BOBINES<\/span>[\/vc_column_text][\/vc_column_inner][\/vc_row_inner][\/vc_column][\/vc_row][vc_row][vc_column width=\u00a0\u00bb1\/2&Prime;]<div id=\"cz_27769\" data-arrows='{\"open\":\"fa fa-angle-down\",\"close\":\"fa fa-angle-up\"}' class=\"cz_27769 cz_acc clr\"><div><div id=\"\"><span class=\"cz_acc_child\"><div>PV1 - PV4 - PV7<\/div><\/span><div class=\"cz_acc_child_content clr\">[vc_column_text]\u2022 manchon int\u00e9rieur en carton de 8 mm d&rsquo;\u00e9paisseur <span style=\"color: #aaaaaa; font-size: 7px;\"><sup>a)<\/sup><\/span><br \/>\n\u2022 protecteur d&rsquo;angle interne avec collier en acier <span style=\"color: #aaaaaa; font-size: 7px;\"><sup>b)<\/sup><\/span><br \/>\n\u2022 corni\u00e8re de protection ext\u00e9rieure avec collier en acier<br \/>\n\u2022 fixation de la corni\u00e8re de protection ext\u00e9rieure avec un cerclage plastique circonf\u00e9rentiel thermosoud\u00e9<br \/>\n\u2022 cerclage radial en acier de 17 mm dispos\u00e9 \u00e0 120\u00b0 x3[\/vc_column_text][vc_empty_space height=\u00a0\u00bb20&Prime;][vc_column_text]<span style=\"font-size: 12px; color: #666666;\">a) PV1-PV4: sur demande<\/span><br \/>\n<span style=\"font-size: 12px; color: #666666;\">b) PV4-PV7: avec \u00e9paisseur renforc\u00e9e de 2,50 mm<br \/>\nPV1: Selle en bois fumig\u00e9 &#8211; PV4-PV7: Contraintes de stockage : les bandes superpos\u00e9es sont express\u00e9ment interdites pendant le stockage ; en plus d&rsquo;une \u00e9tiquette d&rsquo;identification, le personnel d&#8217;emballage apposera \u00e9galement une \u00e9tiquette de couleur sur l&rsquo;anneau de la bande<br \/>\n<\/span>[\/vc_column_text]<\/div><\/div><div id=\"\"><span class=\"cz_acc_child\"><div>PV2 - PV5 - PV8<small>POLY\u00c9THYL\u00c8NE\/PAPIER ENDUIT DE R\u00c9SINE<\/small><\/div><\/span><div class=\"cz_acc_child_content clr\">[vc_column_text]\u2022 manchon int\u00e9rieur en carton de 8 mm d&rsquo;\u00e9paisseur <span style=\"color: #aaaaaa;\"><sup>a)<\/sup><\/span><br \/>\n\u2022 poly\u00e9thyl\u00e8ne ou papier recouvert de r\u00e9sine pour la protection externe de la bobine\/de l&rsquo;anneau<br \/>\n\u2022 corni\u00e8re de protection interne avec collier en acier <span style=\"color: #aaaaaa;\"><sup>b)<\/sup><\/span><br \/>\n\u2022 protecteur d&rsquo;angle externe avec collier en acier<br \/>\n\u2022 fixation de l&rsquo;angle protecteur externe avec cerclage plastique circonf\u00e9rentiel thermosoud\u00e9<br \/>\n\u2022 cerclage radial en acier de 17 mm x3 dispos\u00e9 \u00e0 120\u00b0[\/vc_column_text][vc_empty_space height=\u00a0\u00bb20&Prime;][vc_column_text]<\/p>\n<p class=\"testo\"><span style=\"font-size: 12px; color: #666666;\">a) PV2-PV5: sur demande<\/span><br \/>\n<span style=\"font-size: 12px; color: #666666;\">b) PV5-PV8: avec \u00e9paisseur renforc\u00e9e de 2,50 mm<br \/>\nPV5-PV8: Contraintes de stockage : les bandes superpos\u00e9es sont express\u00e9ment interdites pendant le stockage ; en plus d&rsquo;une \u00e9tiquette d&rsquo;identification, le personnel d&#8217;emballage apposera \u00e9galement une \u00e9tiquette de couleur sur l&rsquo;anneau de la bande<br \/>\n<\/span><\/p>\n<p>[\/vc_column_text]<\/div><\/div><div id=\"\"><span class=\"cz_acc_child\"><div>PV11<\/div><\/span><div class=\"cz_acc_child_content clr\">[vc_column_text]\u2022 manchon int\u00e9rieur en carton de 8 mm d&rsquo;\u00e9paisseur<br \/>\n\u2022 papier enduit de r\u00e9sineou de poly\u00e9thyl\u00e8ne pour le protecteur de bobine\/anneau externe<br \/>\n\u2022 corni\u00e8re de protection interne avec collier en acier de <strong>2,50 mm d&rsquo;\u00e9paisseur renforc\u00e9e<\/strong><br \/>\n\u2022 corni\u00e8re de protection ext\u00e9rieure avec collier en acier<br \/>\n\u2022 fixation de la corni\u00e8re de protection interne et externe avec cerclage circonf\u00e9rentiel et cerclage radial en fer x3 \u00e0 des angles de 120\u00b0<br \/>\n\u2022 fixation de la bobine par contact au moyen d&rsquo;un cerclage plastique circonf\u00e9rentiel thermosoud\u00e9<br \/>\n\u2022 selles porte-bobines en bois d\u00e9pla\u00e7ables par chariot \u00e9l\u00e9vateur \u00e0 fourche<br \/>\n\u2022 bande de caoutchouc de 4\/5 mm entre le feuillard et la selle[\/vc_column_text]<\/div><\/div><div id=\"\"><span class=\"cz_acc_child\"><div>PV3-PV3S - PV6 - PV9 \/ PV3M - PV6M - PV9M<small>MARITIME \/ MARITIME AVEC DOUBLE PROTECTION<\/small><\/div><\/span><div class=\"cz_acc_child_content clr\">[vc_column_text]\u2022 manchon int\u00e9rieur en carton de 8 mm d&rsquo;\u00e9paisseur si n\u00e9cessaire<br \/>\n\u2022 poly\u00e9thyl\u00e8ne ou papier enduit de r\u00e9sine pour la protection externe de la bobine\/de l&rsquo;anneau<br \/>\n\u2022 coque externe en acier <span style=\"color: #aaaaaa;\"><sup>a)<\/sup><\/span><br \/>\n\u2022 protection externe en acier <span style=\"color: #aaaaaa;\"><sup>b)<\/sup><\/span><br \/>\n\u2022 protecteur d&rsquo;angle interne avec collier en acier <span style=\"color: #aaaaaa;\"><sup>c)<\/sup><\/span><br \/>\n\u2022 disque pare-chocs en acier<br \/>\n\u2022 protection d&rsquo;angle externe avec collier en acier <span style=\"color: #aaaaaa;\"><sup>d)<\/sup><\/span><br \/>\n\u2022 fixation de la protection d&rsquo;angle externe avec cerclage circonf\u00e9rentiel x3 et cerclage radial en acier x4[\/vc_column_text][vc_empty_space height=\u00a0\u00bb20&Prime;][vc_column_text]<span style=\"font-size: 12px; color: #666666;\">a) Pour PV6 et PV9<\/span><br \/>\n<span style=\"font-size: 12px; color: #666666;\">b) Pour PV3-PV3S<\/span><br \/>\n<span style=\"font-size: 12px; color: #666666;\">c) PV6-PV9: avec \u00e9paisseur renforc\u00e9e de 2,50 mm<\/span><br \/>\n<span style=\"font-size: 12px; color: #666666;\">d) PV3M, PV6M e PV9M: collier acier perfor\u00e9<\/span><br \/>\n<span style=\"font-size: 12px; color: #666666;\">d) Pour PV3M, PV6M et PV9M<br \/>\nPV3S: Selle en bois fumig\u00e9 &#8211; PV6-PV9-PV6M-PV9M:<br \/>\nContraintes de stockage : les bandes superpos\u00e9es sont express\u00e9ment interdites pendant le stockage ; en plus d&rsquo;une \u00e9tiquette d&rsquo;identification, le personnel d&#8217;emballage apposera \u00e9galement une \u00e9tiquette de couleur sur l&rsquo;anneau de la bande<br \/>\n<\/span>[\/vc_column_text]<\/div><\/div><div id=\"\"><span class=\"cz_acc_child\"><div>PV12<small>AXE VERTICAL MARITIME<\/small><\/div><\/span><div class=\"cz_acc_child_content clr\">[vc_column_text]\u2022 manchon int\u00e9rieur en carton de 8 mm d&rsquo;\u00e9paisseur si n\u00e9cessaire<br \/>\n\u2022 protecteur d&rsquo;angle interne avec collier en acier<br \/>\n\u2022 corni\u00e8re de protection ext\u00e9rieure avec collier en acier<br \/>\n\u2022 fixation de l&rsquo;angle protecteur externe avec cerclage plastique circonf\u00e9rentiel thermosoud\u00e9<br \/>\n\u2022 cerclage radial en acier de 17 mm x3, dispos\u00e9 \u00e0 120\u00b0<br \/>\n\u2022 trou d&rsquo;axe vertical<br \/>\n\u2022 palettisation exclusivement sur bois fumig\u00e9 et marqu\u00e9<br \/>\n\u2022 fixation de la bande sur la palette \u00e0 l&rsquo;aide de 4 cerclages, 1 par c\u00f4t\u00e9[\/vc_column_text][vc_empty_space height=\u00a0\u00bb20&Prime;][vc_column_text]<span style=\"font-size: 12px; color: #666666;\">Contraintes de stockage : les bandes superpos\u00e9es sont express\u00e9ment interdites pendant le stockage ; en plus d&rsquo;une \u00e9tiquette d&rsquo;identification, le personnel d&#8217;emballage apposera \u00e9galement une \u00e9tiquette de couleur sur l&rsquo;anneau de la bande<br \/>\n<\/span>[\/vc_column_text]<\/div><\/div><div id=\"\"><span class=\"cz_acc_child\"><div>PV15<small>MARITIME<\/small><\/div><\/span><div class=\"cz_acc_child_content clr\">[vc_column_text]\u2022 manchon int\u00e9rieur en carton de 8 mm d&rsquo;\u00e9paisseur<br \/>\n\u2022 poly\u00e9thyl\u00e8ne ou papier enduit de r\u00e9sine pour le protecteur de bobine\/anneau externe<br \/>\n\u2022 corni\u00e8re de protection interne avec collier en acier de <strong>2,50 mm d&rsquo;\u00e9paisseur renforc\u00e9e<\/strong><br \/>\n\u2022 protecteur d&rsquo;angle externe avec collier en acier<br \/>\n\u2022 bande de caoutchouc de 4\/5 mm sous le coin externe en acier<br \/>\n\u2022 coque interne et externe en acier<br \/>\n\u2022 protecteur d&rsquo;anneau en acier<br \/>\n\u2022 fixation de la caisse m\u00e9tallique \u00e0 l&rsquo;aide de 3 cerclages radiaux en fer positionn\u00e9s \u00e0 120\u00b0<br \/>\n\u2022 fixation de la bobine par contact avec un cerclage plastique circonf\u00e9rentiel[\/vc_column_text][vc_empty_space height=\u00a0\u00bb20&Prime;][vc_column_text]<span style=\"font-size: 12px; color: #666666;\">Contraintes de stockage : les bandes superpos\u00e9es sont express\u00e9ment interdites pendant le stockage ; en plus d&rsquo;une \u00e9tiquette d&rsquo;identification, le personnel d&#8217;emballage apposera \u00e9galement une \u00e9tiquette de couleur sur l&rsquo;anneau de la bande<br \/>\n<\/span>[\/vc_column_text]<\/div><\/div><div id=\"\"><span class=\"cz_acc_child\"><div>PV18<small>PROTECTION DOUBLE ANGLE SCELL\u00c9E MARITIME<\/small><\/div><\/span><div class=\"cz_acc_child_content clr\">[vc_column_text]\u2022 protecteurs d&rsquo;angle en plastique pour les coins int\u00e9rieurs<br \/>\n\u2022 protections d&rsquo;angle en plastique pour les coins ext\u00e9rieurs : faire des incisions pour assurer l&rsquo;adh\u00e9sion au produit<br \/>\n\u2022 polypropyl\u00e8ne double couche pour la protection des bobines\/anneaux ext\u00e9rieurs<br \/>\n\u2022 protecteur de trou interne en plastique ondul\u00e9 : le trou doit \u00eatre scell\u00e9 \u00e0 l&rsquo;aide d&rsquo;un large ruban adh\u00e9sif sur le coin interne<br \/>\n\u2022 emballage en caisse m\u00e9tallique avec protection interne et externe en t\u00f4le d&rsquo;acier, fix\u00e9 avec un cerclage circonf\u00e9rentiel<br \/>\n\u2022 protection de l&rsquo;anneau avec disque en acier<br \/>\n\u2022 protection de l&rsquo;angle interne avec collier en acier<br \/>\n\u2022 collier en acier perfor\u00e9 pour la protection du coin ext\u00e9rieur<br \/>\n\u2022 colliers externes fix\u00e9s par au moins 2 cerclages circonf\u00e9rentiels<br \/>\n\u2022 fixation par au moins 3 cerclages radiaux dispos\u00e9s \u00e0 120\u00b0[\/vc_column_text][vc_empty_space height=\u00a0\u00bb20&Prime;][vc_column_text]<span style=\"font-size: 12px; color: #666666;\">Contraintes de stockage : les bandes superpos\u00e9es sont express\u00e9ment interdites pendant le stockage ; en plus d&rsquo;une \u00e9tiquette d&rsquo;identification, le personnel d&#8217;emballage apposera \u00e9galement une \u00e9tiquette de couleur sur l&rsquo;anneau de la bande<br \/>\n<\/span>[\/vc_column_text]<\/div><\/div><\/div><\/div>[\/vc_column][vc_column width=\u00a0\u00bb1\/2&Prime;]<div id=\"cz_49900\" class=\"cz_49900 slick arrows_mlr no_dots arrows_inner\" data-slick='{\"selector\":\"\",\"slidesToShow\":1,\"slidesToScroll\":1,\"rows\":1,\"fade\":false,\"vertical\":false,\"verticalSwiping\":false,\"infinite\":true,\"speed\":1000,\"swipeToSlide\":true,\"centerMode\":false,\"centerPadding\":\"\",\"variableWidth\":false,\"autoplay\":true,\"autoplaySpeed\":4000,\"dots\":true,\"counts\":false,\"adaptiveHeight\":false,\"responsive\":[{\"breakpoint\":769,\"settings\":{\"slidesToShow\":1,\"slidesToScroll\":1,\"infinite\":true,\"touchMove\":true}},{\"breakpoint\":481,\"settings\":{\"slidesToShow\":1,\"slidesToScroll\":1,\"infinite\":true,\"touchMove\":true}}]}' data-slick-prev=\"fa fa-chevron-left\" data-slick-next=\"fa fa-chevron-right\">[vc_single_image image=\u00a0\u00bb20397&Prime; img_size=\u00a0\u00bbfull\u00a0\u00bb][vc_single_image image=\u00a0\u00bb20399&Prime; img_size=\u00a0\u00bbfull\u00a0\u00bb][vc_single_image image=\u00a0\u00bb20400&Prime; img_size=\u00a0\u00bbfull\u00a0\u00bb][vc_single_image image=\u00a0\u00bb20401&Prime; img_size=\u00a0\u00bbfull\u00a0\u00bb]<\/div><div><\/div>[vc_empty_space height=\u00a0\u00bb30px\u00a0\u00bb][\/vc_column][\/vc_row][vc_row][vc_column][vc_empty_space height=\u00a0\u00bb50&Prime;][\/vc_column][\/vc_row]<\/p>\n<\/div>","protected":false},"excerpt":{"rendered":"<p>[vc_column css=\u00a0\u00bb.vc_custom_1588591974425{padding-top: 10em !important;padding-bottom: 10em !important;background-position: center &#8230; <\/p>\n","protected":false},"author":2,"featured_media":0,"parent":0,"menu_order":0,"comment_status":"closed","ping_status":"closed","template":"","meta":{"footnotes":""},"class_list":["post-20396","page","type-page","status-publish","hentry"],"yoast_head":"<!-- This site is optimized with the Yoast SEO plugin v27.4 - https:\/\/yoast.com\/product\/yoast-seo-wordpress\/ -->\n<title>Conditionnement standard bobines pr\u00e9laqu\u00e9s | Marcegaglia Coateel\u00ae<\/title>\n<meta name=\"description\" content=\"Une vaste gamme d&#039;emballages pour bobines pour assurer et garantir une protection maximale du produit Marcegaglia Carbon Steel.\" \/>\n<meta name=\"robots\" content=\"index, follow, max-snippet:-1, max-image-preview:large, max-video-preview:-1\" \/>\n<link rel=\"canonical\" href=\"https:\/\/coateel.it\/fr\/conditionnement-standard-bobines-prelaques\/\" \/>\n<meta property=\"og:locale\" content=\"fr_FR\" \/>\n<meta property=\"og:type\" content=\"article\" \/>\n<meta property=\"og:title\" content=\"Conditionnement standard bobines pr\u00e9laqu\u00e9s | Marcegaglia Coateel\u00ae\" \/>\n<meta property=\"og:description\" content=\"Une vaste gamme d&#039;emballages pour bobines pour assurer et garantir une protection maximale du produit Marcegaglia Carbon Steel.\" \/>\n<meta property=\"og:url\" content=\"https:\/\/coateel.it\/fr\/conditionnement-standard-bobines-prelaques\/\" \/>\n<meta property=\"og:site_name\" content=\"Marcegaglia Coateel\" \/>\n<meta property=\"article:modified_time\" content=\"2023-01-17T08:06:34+00:00\" \/>\n<meta property=\"og:image\" content=\"https:\/\/coateel.it\/wp-content\/uploads\/2024\/03\/Marcegaglia-Coateel-yoast.jpg\" \/>\n\t<meta property=\"og:image:width\" content=\"1200\" \/>\n\t<meta property=\"og:image:height\" content=\"675\" \/>\n\t<meta property=\"og:image:type\" content=\"image\/jpeg\" \/>\n<meta name=\"twitter:card\" content=\"summary_large_image\" \/>\n<meta name=\"twitter:label1\" content=\"Dur\u00e9e de lecture estim\u00e9e\" \/>\n\t<meta name=\"twitter:data1\" content=\"5 minutes\" \/>\n<script type=\"application\/ld+json\" class=\"yoast-schema-graph\">{\"@context\":\"https:\\\/\\\/schema.org\",\"@graph\":[{\"@type\":\"WebPage\",\"@id\":\"https:\\\/\\\/coateel.it\\\/fr\\\/conditionnement-standard-bobines-prelaques\\\/\",\"url\":\"https:\\\/\\\/coateel.it\\\/fr\\\/conditionnement-standard-bobines-prelaques\\\/\",\"name\":\"Conditionnement standard bobines pr\u00e9laqu\u00e9s | Marcegaglia Coateel\u00ae\",\"isPartOf\":{\"@id\":\"https:\\\/\\\/coateel.it\\\/fr\\\/#website\"},\"datePublished\":\"2020-07-15T15:02:58+00:00\",\"dateModified\":\"2023-01-17T08:06:34+00:00\",\"description\":\"Une vaste gamme d'emballages pour bobines pour assurer et garantir une protection maximale du produit Marcegaglia Carbon Steel.\",\"breadcrumb\":{\"@id\":\"https:\\\/\\\/coateel.it\\\/fr\\\/conditionnement-standard-bobines-prelaques\\\/#breadcrumb\"},\"inLanguage\":\"fr-FR\",\"potentialAction\":[{\"@type\":\"ReadAction\",\"target\":[\"https:\\\/\\\/coateel.it\\\/fr\\\/conditionnement-standard-bobines-prelaques\\\/\"]}]},{\"@type\":\"BreadcrumbList\",\"@id\":\"https:\\\/\\\/coateel.it\\\/fr\\\/conditionnement-standard-bobines-prelaques\\\/#breadcrumb\",\"itemListElement\":[{\"@type\":\"ListItem\",\"position\":1,\"name\":\"Home\",\"item\":\"https:\\\/\\\/coateel.it\\\/fr\\\/\"},{\"@type\":\"ListItem\",\"position\":2,\"name\":\"Imballaggi standard &#8211; Coils preverniciati &#8211; FR\"}]},{\"@type\":\"WebSite\",\"@id\":\"https:\\\/\\\/coateel.it\\\/fr\\\/#website\",\"url\":\"https:\\\/\\\/coateel.it\\\/fr\\\/\",\"name\":\"Marcegaglia Coateel\",\"description\":\"Our colors, your life\",\"publisher\":{\"@id\":\"https:\\\/\\\/coateel.it\\\/fr\\\/#organization\"},\"potentialAction\":[{\"@type\":\"SearchAction\",\"target\":{\"@type\":\"EntryPoint\",\"urlTemplate\":\"https:\\\/\\\/coateel.it\\\/fr\\\/?s={search_term_string}\"},\"query-input\":{\"@type\":\"PropertyValueSpecification\",\"valueRequired\":true,\"valueName\":\"search_term_string\"}}],\"inLanguage\":\"fr-FR\"},{\"@type\":\"Organization\",\"@id\":\"https:\\\/\\\/coateel.it\\\/fr\\\/#organization\",\"name\":\"Marcegaglia Coateel\",\"alternateName\":\"Coateel\",\"url\":\"https:\\\/\\\/coateel.it\\\/fr\\\/\",\"logo\":{\"@type\":\"ImageObject\",\"inLanguage\":\"fr-FR\",\"@id\":\"https:\\\/\\\/coateel.it\\\/fr\\\/#\\\/schema\\\/logo\\\/image\\\/\",\"url\":\"https:\\\/\\\/coateel.it\\\/wp-content\\\/uploads\\\/2023\\\/08\\\/favicon_marcegaglia-carbon-steel_512x512.jpg\",\"contentUrl\":\"https:\\\/\\\/coateel.it\\\/wp-content\\\/uploads\\\/2023\\\/08\\\/favicon_marcegaglia-carbon-steel_512x512.jpg\",\"width\":512,\"height\":512,\"caption\":\"Marcegaglia Coateel\"},\"image\":{\"@id\":\"https:\\\/\\\/coateel.it\\\/fr\\\/#\\\/schema\\\/logo\\\/image\\\/\"}}]}<\/script>\n<!-- \/ Yoast SEO plugin. -->","yoast_head_json":{"title":"Conditionnement standard bobines pr\u00e9laqu\u00e9s | Marcegaglia Coateel\u00ae","description":"Une vaste gamme d'emballages pour bobines pour assurer et garantir une protection maximale du produit Marcegaglia Carbon Steel.","robots":{"index":"index","follow":"follow","max-snippet":"max-snippet:-1","max-image-preview":"max-image-preview:large","max-video-preview":"max-video-preview:-1"},"canonical":"https:\/\/coateel.it\/fr\/conditionnement-standard-bobines-prelaques\/","og_locale":"fr_FR","og_type":"article","og_title":"Conditionnement standard bobines pr\u00e9laqu\u00e9s | Marcegaglia Coateel\u00ae","og_description":"Une vaste gamme d'emballages pour bobines pour assurer et garantir une protection maximale du produit Marcegaglia Carbon Steel.","og_url":"https:\/\/coateel.it\/fr\/conditionnement-standard-bobines-prelaques\/","og_site_name":"Marcegaglia Coateel","article_modified_time":"2023-01-17T08:06:34+00:00","og_image":[{"width":1200,"height":675,"url":"https:\/\/coateel.it\/wp-content\/uploads\/2024\/03\/Marcegaglia-Coateel-yoast.jpg","type":"image\/jpeg"}],"twitter_card":"summary_large_image","twitter_misc":{"Dur\u00e9e de lecture estim\u00e9e":"5 minutes"},"schema":{"@context":"https:\/\/schema.org","@graph":[{"@type":"WebPage","@id":"https:\/\/coateel.it\/fr\/conditionnement-standard-bobines-prelaques\/","url":"https:\/\/coateel.it\/fr\/conditionnement-standard-bobines-prelaques\/","name":"Conditionnement standard bobines pr\u00e9laqu\u00e9s | Marcegaglia Coateel\u00ae","isPartOf":{"@id":"https:\/\/coateel.it\/fr\/#website"},"datePublished":"2020-07-15T15:02:58+00:00","dateModified":"2023-01-17T08:06:34+00:00","description":"Une vaste gamme d'emballages pour bobines pour assurer et garantir une protection maximale du produit Marcegaglia Carbon Steel.","breadcrumb":{"@id":"https:\/\/coateel.it\/fr\/conditionnement-standard-bobines-prelaques\/#breadcrumb"},"inLanguage":"fr-FR","potentialAction":[{"@type":"ReadAction","target":["https:\/\/coateel.it\/fr\/conditionnement-standard-bobines-prelaques\/"]}]},{"@type":"BreadcrumbList","@id":"https:\/\/coateel.it\/fr\/conditionnement-standard-bobines-prelaques\/#breadcrumb","itemListElement":[{"@type":"ListItem","position":1,"name":"Home","item":"https:\/\/coateel.it\/fr\/"},{"@type":"ListItem","position":2,"name":"Imballaggi standard &#8211; Coils preverniciati &#8211; FR"}]},{"@type":"WebSite","@id":"https:\/\/coateel.it\/fr\/#website","url":"https:\/\/coateel.it\/fr\/","name":"Marcegaglia Coateel","description":"Our colors, your life","publisher":{"@id":"https:\/\/coateel.it\/fr\/#organization"},"potentialAction":[{"@type":"SearchAction","target":{"@type":"EntryPoint","urlTemplate":"https:\/\/coateel.it\/fr\/?s={search_term_string}"},"query-input":{"@type":"PropertyValueSpecification","valueRequired":true,"valueName":"search_term_string"}}],"inLanguage":"fr-FR"},{"@type":"Organization","@id":"https:\/\/coateel.it\/fr\/#organization","name":"Marcegaglia Coateel","alternateName":"Coateel","url":"https:\/\/coateel.it\/fr\/","logo":{"@type":"ImageObject","inLanguage":"fr-FR","@id":"https:\/\/coateel.it\/fr\/#\/schema\/logo\/image\/","url":"https:\/\/coateel.it\/wp-content\/uploads\/2023\/08\/favicon_marcegaglia-carbon-steel_512x512.jpg","contentUrl":"https:\/\/coateel.it\/wp-content\/uploads\/2023\/08\/favicon_marcegaglia-carbon-steel_512x512.jpg","width":512,"height":512,"caption":"Marcegaglia Coateel"},"image":{"@id":"https:\/\/coateel.it\/fr\/#\/schema\/logo\/image\/"}}]}},"_links":{"self":[{"href":"https:\/\/coateel.it\/fr\/wp-json\/wp\/v2\/pages\/20396","targetHints":{"allow":["GET"]}}],"collection":[{"href":"https:\/\/coateel.it\/fr\/wp-json\/wp\/v2\/pages"}],"about":[{"href":"https:\/\/coateel.it\/fr\/wp-json\/wp\/v2\/types\/page"}],"author":[{"embeddable":true,"href":"https:\/\/coateel.it\/fr\/wp-json\/wp\/v2\/users\/2"}],"replies":[{"embeddable":true,"href":"https:\/\/coateel.it\/fr\/wp-json\/wp\/v2\/comments?post=20396"}],"version-history":[{"count":5,"href":"https:\/\/coateel.it\/fr\/wp-json\/wp\/v2\/pages\/20396\/revisions"}],"predecessor-version":[{"id":20403,"href":"https:\/\/coateel.it\/fr\/wp-json\/wp\/v2\/pages\/20396\/revisions\/20403"}],"wp:attachment":[{"href":"https:\/\/coateel.it\/fr\/wp-json\/wp\/v2\/media?parent=20396"}],"curies":[{"name":"wp","href":"https:\/\/api.w.org\/{rel}","templated":true}]}}