{"id":20810,"date":"2022-06-30T13:52:03","date_gmt":"2022-06-30T13:52:03","guid":{"rendered":"https:\/\/coateel.it\/sistema-verniciante-digital\/"},"modified":"2024-10-22T12:43:44","modified_gmt":"2024-10-22T12:43:44","slug":"systemes-de-revetement-numeriques","status":"publish","type":"page","link":"https:\/\/coateel.it\/fr\/systemes-de-revetement-numeriques\/","title":{"rendered":"Coateel &#8211; Sistema verniciante &#8211; Digital &#8211; FR"},"content":{"rendered":"<div class=\"wpb-content-wrapper\"><p>[vc_row full_width=\u00a0\u00bbstretch_row_content_no_spaces\u00a0\u00bb css=\u00a0\u00bb.vc_custom_1729600192328{margin-bottom: 2em !important;background-image: url(https:\/\/coateel.it\/wp-content\/uploads\/2024\/10\/Marcegaglia-Coateel-digital-coating-system-header.jpg?id=23687) !important;background-position: center !important;background-repeat: no-repeat !important;background-size: cover !important;}\u00a0\u00bb el_id=\u00a0\u00bbdesk\u00a0\u00bb][vc_column css=\u00a0\u00bb.vc_custom_1588591974425{padding-top: 10em !important;padding-bottom: 10em !important;background-position: center !important;background-repeat: no-repeat !important;background-size: cover !important;}\u00a0\u00bb el_id=\u00a0\u00bbdesk\u00a0\u00bb offset=\u00a0\u00bbvc_hidden-sm vc_hidden-xs\u00a0\u00bb][\/vc_column][\/vc_row][vc_row full_width=\u00a0\u00bbstretch_row_content_no_spaces\u00a0\u00bb css=\u00a0\u00bb.vc_custom_1729600210421{margin-bottom: 2em !important;padding-top: 5em !important;padding-bottom: 5em !important;background-image: url(https:\/\/coateel.it\/wp-content\/uploads\/2024\/10\/Marcegaglia-Coateel-digital-coating-system-header-mobile.jpg?id=23694) !important;background-position: center !important;background-repeat: no-repeat !important;background-size: cover !important;}\u00a0\u00bb el_id=\u00a0\u00bbresp\u00a0\u00bb][vc_column css=\u00a0\u00bb.vc_custom_1588592239658{background-position: center !important;background-repeat: no-repeat !important;background-size: cover !important;}\u00a0\u00bb el_id=\u00a0\u00bbresp\u00a0\u00bb offset=\u00a0\u00bbvc_hidden-lg vc_hidden-md\u00a0\u00bb][\/vc_column][\/vc_row][vc_row full_width=\u00a0\u00bbstretch_row\u00a0\u00bb css=\u00a0\u00bb.vc_custom_1585049350308{margin-bottom: 2em !important;background-position: center !important;background-repeat: no-repeat !important;background-size: cover !important;}\u00a0\u00bb][vc_column width=\u00a0\u00bb1\/2&Prime; css=\u00a0\u00bb.vc_custom_1656515777122{margin-right: 500px !important;}\u00a0\u00bb][vc_column_text]<\/p>\n<h2><span style=\"color: #d06d2c;\">SYST\u00c8MES DE REV\u00caTEMENT NUM\u00c9RIQUES<\/span><\/h2>\n<p>[\/vc_column_text][vc_empty_space height=\u00a0\u00bb30px\u00a0\u00bb][vc_column_text]<strong>UNE SOLUTION TOTALEMENT PERSONNALISABLE<\/strong><br \/>\nCompte tenu des tendances du march\u00e9 vers la personnalisation des produits, nous avons cr\u00e9\u00e9 une <strong>solution innovante<\/strong> et de haute technologie <strong>qui int\u00e8gre l&rsquo;impression num\u00e9rique au traitement continu des bobines d&rsquo;acier \u00e0 grande \u00e9chelle<\/strong>.<\/p>\n<p><strong><span style=\"color: #d06d2c;\">CROMATICA<\/span><\/strong> est la derni\u00e8re \u00e9volution de COATEEL<sup>\u00ae<\/sup>, permettant la <strong>personnalisation compl\u00e8te<\/strong> de la surface et de l&rsquo;aspect sensoriel de l&rsquo;acier afin de satisfaire toutes les exigences de l&rsquo;imagination, rapprochant ainsi le monde de l&rsquo;acier de l&rsquo;architecture et du design.[\/vc_column_text][vc_empty_space height=\u00a0\u00bb30px\u00a0\u00bb][vc_row_inner][vc_column_inner width=\u00a0\u00bb1\/2&Prime;][vc_column_text]<span style=\"font-size: 10px;\"><a href=\"https:\/\/coateel.it\/wp-content\/uploads\/2022\/11\/Marcegaglia-Coateel-digital-coating-system-CPMD-FR.pdf\" target=\"_blank\" rel=\"noopener\"><img decoding=\"async\" class=\"alignnone wp-image-18998 size-full\" src=\"https:\/\/coateel.it\/wp-content\/uploads\/2022\/06\/CMPD-cromatica-icona.png\" alt=\"\" width=\"62\" height=\"81\" \/><\/a><span style=\"font-size: 11px;\">T\u00c9L\u00c9CHARGER LA FICHE TECHNIQUE<\/span><br \/>\n<\/span>[\/vc_column_text][\/vc_column_inner][vc_column_inner width=\u00a0\u00bb1\/2&Prime;][vc_empty_space height=\u00a0\u00bb40px\u00a0\u00bb][vc_column_text]<span style=\"font-size: 10px;\"><a href=\"https:\/\/cromatica.marcegaglia.com\/en\/home-2\/\" target=\"_blank\" rel=\"noopener\"><strong><span style=\"color: #d06d2c; font-size: 12px;\"><img decoding=\"async\" class=\"alignnone size-full wp-image-19010\" src=\"https:\/\/coateel.it\/wp-content\/uploads\/2022\/06\/website-icona-1.png\" alt=\"\" width=\"40\" height=\"40\" \/><\/span><\/strong><\/a><span style=\"color: #d06d2c; font-size: 11px;\">VISITER LE SITE<\/span><br \/>\n<\/span>[\/vc_column_text][\/vc_column_inner][\/vc_row_inner][\/vc_column][vc_column width=\u00a0\u00bb1\/2&Prime;][vc_empty_space height=\u00a0\u00bb60&Prime;][vc_single_image image=\u00a0\u00bb23407&Prime; img_size=\u00a0\u00bbfull\u00a0\u00bb alignment=\u00a0\u00bbcenter\u00a0\u00bb onclick=\u00a0\u00bbcustom_link\u00a0\u00bb][vc_empty_space height=\u00a0\u00bb30&Prime;][vc_single_image image=\u00a0\u00bb20818&Prime; img_size=\u00a0\u00bbfull\u00a0\u00bb alignment=\u00a0\u00bbcenter\u00a0\u00bb][\/vc_column][\/vc_row][vc_row][vc_column width=\u00a0\u00bb1\/2&Prime;][vc_single_image image=\u00a0\u00bb20819&Prime; img_size=\u00a0\u00bbfull\u00a0\u00bb][\/vc_column][vc_column width=\u00a0\u00bb1\/2&Prime;][vc_empty_space][vc_images_carousel images=\u00a0\u00bb23342,20824,20823,23649,23656,23328,23677&Prime; img_size=\u00a0\u00bb377&#215;218&Prime; onclick=\u00a0\u00bblink_no\u00a0\u00bb autoplay=\u00a0\u00bbyes\u00a0\u00bb hide_pagination_control=\u00a0\u00bbyes\u00a0\u00bb hide_prev_next_buttons=\u00a0\u00bbyes\u00a0\u00bb wrap=\u00a0\u00bbyes\u00a0\u00bb el_id=\u00a0\u00bbslider_coateel\u00a0\u00bb][\/vc_column][\/vc_row][vc_row][vc_column][vc_single_image image=\u00a0\u00bb23642&Prime; img_size=\u00a0\u00bbfull\u00a0\u00bb][\/vc_column][\/vc_row]<\/p>\n<\/div>","protected":false},"excerpt":{"rendered":"<p>[vc_column css=\u00a0\u00bb.vc_custom_1588591974425{padding-top: 10em !important;padding-bottom: 10em !important;background-position: center &#8230; <\/p>\n","protected":false},"author":1,"featured_media":0,"parent":0,"menu_order":0,"comment_status":"closed","ping_status":"closed","template":"","meta":{"footnotes":""},"class_list":["post-20810","page","type-page","status-publish","hentry"],"yoast_head":"<!-- This site is optimized with the Yoast SEO plugin v27.5 - https:\/\/yoast.com\/product\/yoast-seo-wordpress\/ -->\n<title>Systemes de rev\u00eatement numeriques | Marcegaglia Coateel\u00ae<\/title>\n<meta name=\"description\" content=\"Une solution innovante qui int\u00e8gre l\u2019impression num\u00e9rique au traitement continu des bobines d\u2019acier \u00e0 grande \u00e9chelle.\" \/>\n<meta name=\"robots\" content=\"index, follow, max-snippet:-1, max-image-preview:large, max-video-preview:-1\" \/>\n<link rel=\"canonical\" href=\"https:\/\/coateel.it\/fr\/systemes-de-revetement-numeriques\/\" \/>\n<meta property=\"og:locale\" content=\"fr_FR\" \/>\n<meta property=\"og:type\" content=\"article\" \/>\n<meta property=\"og:title\" content=\"Systemes de rev\u00eatement numeriques | Marcegaglia Coateel\u00ae\" \/>\n<meta property=\"og:description\" content=\"Une solution innovante qui int\u00e8gre l\u2019impression num\u00e9rique au traitement continu des bobines d\u2019acier \u00e0 grande \u00e9chelle.\" \/>\n<meta property=\"og:url\" content=\"https:\/\/coateel.it\/fr\/systemes-de-revetement-numeriques\/\" \/>\n<meta property=\"og:site_name\" content=\"Marcegaglia Coateel\" \/>\n<meta property=\"article:modified_time\" content=\"2024-10-22T12:43:44+00:00\" \/>\n<meta property=\"og:image\" content=\"https:\/\/coateel.it\/wp-content\/uploads\/2022\/06\/CMPD-cromatica-icona.png\" \/>\n<meta name=\"twitter:card\" content=\"summary_large_image\" \/>\n<meta name=\"twitter:label1\" content=\"Dur\u00e9e de lecture estim\u00e9e\" \/>\n\t<meta name=\"twitter:data1\" content=\"2 minutes\" \/>\n<script type=\"application\/ld+json\" class=\"yoast-schema-graph\">{\"@context\":\"https:\\\/\\\/schema.org\",\"@graph\":[{\"@type\":\"WebPage\",\"@id\":\"https:\\\/\\\/coateel.it\\\/fr\\\/systemes-de-revetement-numeriques\\\/\",\"url\":\"https:\\\/\\\/coateel.it\\\/fr\\\/systemes-de-revetement-numeriques\\\/\",\"name\":\"Systemes de rev\u00eatement numeriques | Marcegaglia Coateel\u00ae\",\"isPartOf\":{\"@id\":\"https:\\\/\\\/coateel.it\\\/fr\\\/#website\"},\"primaryImageOfPage\":{\"@id\":\"https:\\\/\\\/coateel.it\\\/fr\\\/systemes-de-revetement-numeriques\\\/#primaryimage\"},\"image\":{\"@id\":\"https:\\\/\\\/coateel.it\\\/fr\\\/systemes-de-revetement-numeriques\\\/#primaryimage\"},\"thumbnailUrl\":\"https:\\\/\\\/coateel.it\\\/wp-content\\\/uploads\\\/2022\\\/06\\\/CMPD-cromatica-icona.png\",\"datePublished\":\"2022-06-30T13:52:03+00:00\",\"dateModified\":\"2024-10-22T12:43:44+00:00\",\"description\":\"Une solution innovante qui int\u00e8gre l\u2019impression num\u00e9rique au traitement continu des bobines d\u2019acier \u00e0 grande \u00e9chelle.\",\"breadcrumb\":{\"@id\":\"https:\\\/\\\/coateel.it\\\/fr\\\/systemes-de-revetement-numeriques\\\/#breadcrumb\"},\"inLanguage\":\"fr-FR\",\"potentialAction\":[{\"@type\":\"ReadAction\",\"target\":[\"https:\\\/\\\/coateel.it\\\/fr\\\/systemes-de-revetement-numeriques\\\/\"]}]},{\"@type\":\"ImageObject\",\"inLanguage\":\"fr-FR\",\"@id\":\"https:\\\/\\\/coateel.it\\\/fr\\\/systemes-de-revetement-numeriques\\\/#primaryimage\",\"url\":\"https:\\\/\\\/coateel.it\\\/wp-content\\\/uploads\\\/2022\\\/06\\\/CMPD-cromatica-icona.png\",\"contentUrl\":\"https:\\\/\\\/coateel.it\\\/wp-content\\\/uploads\\\/2022\\\/06\\\/CMPD-cromatica-icona.png\"},{\"@type\":\"BreadcrumbList\",\"@id\":\"https:\\\/\\\/coateel.it\\\/fr\\\/systemes-de-revetement-numeriques\\\/#breadcrumb\",\"itemListElement\":[{\"@type\":\"ListItem\",\"position\":1,\"name\":\"Home\",\"item\":\"https:\\\/\\\/coateel.it\\\/fr\\\/\"},{\"@type\":\"ListItem\",\"position\":2,\"name\":\"Coateel &#8211; Sistema verniciante &#8211; Digital &#8211; FR\"}]},{\"@type\":\"WebSite\",\"@id\":\"https:\\\/\\\/coateel.it\\\/fr\\\/#website\",\"url\":\"https:\\\/\\\/coateel.it\\\/fr\\\/\",\"name\":\"Marcegaglia Coateel\",\"description\":\"Our colors, your life\",\"publisher\":{\"@id\":\"https:\\\/\\\/coateel.it\\\/fr\\\/#organization\"},\"potentialAction\":[{\"@type\":\"SearchAction\",\"target\":{\"@type\":\"EntryPoint\",\"urlTemplate\":\"https:\\\/\\\/coateel.it\\\/fr\\\/?s={search_term_string}\"},\"query-input\":{\"@type\":\"PropertyValueSpecification\",\"valueRequired\":true,\"valueName\":\"search_term_string\"}}],\"inLanguage\":\"fr-FR\"},{\"@type\":\"Organization\",\"@id\":\"https:\\\/\\\/coateel.it\\\/fr\\\/#organization\",\"name\":\"Marcegaglia Coateel\",\"alternateName\":\"Coateel\",\"url\":\"https:\\\/\\\/coateel.it\\\/fr\\\/\",\"logo\":{\"@type\":\"ImageObject\",\"inLanguage\":\"fr-FR\",\"@id\":\"https:\\\/\\\/coateel.it\\\/fr\\\/#\\\/schema\\\/logo\\\/image\\\/\",\"url\":\"https:\\\/\\\/coateel.it\\\/wp-content\\\/uploads\\\/2023\\\/08\\\/favicon_marcegaglia-carbon-steel_512x512.jpg\",\"contentUrl\":\"https:\\\/\\\/coateel.it\\\/wp-content\\\/uploads\\\/2023\\\/08\\\/favicon_marcegaglia-carbon-steel_512x512.jpg\",\"width\":512,\"height\":512,\"caption\":\"Marcegaglia Coateel\"},\"image\":{\"@id\":\"https:\\\/\\\/coateel.it\\\/fr\\\/#\\\/schema\\\/logo\\\/image\\\/\"}}]}<\/script>\n<!-- \/ Yoast SEO plugin. -->","yoast_head_json":{"title":"Systemes de rev\u00eatement numeriques | Marcegaglia Coateel\u00ae","description":"Une solution innovante qui int\u00e8gre l\u2019impression num\u00e9rique au traitement continu des bobines d\u2019acier \u00e0 grande \u00e9chelle.","robots":{"index":"index","follow":"follow","max-snippet":"max-snippet:-1","max-image-preview":"max-image-preview:large","max-video-preview":"max-video-preview:-1"},"canonical":"https:\/\/coateel.it\/fr\/systemes-de-revetement-numeriques\/","og_locale":"fr_FR","og_type":"article","og_title":"Systemes de rev\u00eatement numeriques | Marcegaglia Coateel\u00ae","og_description":"Une solution innovante qui int\u00e8gre l\u2019impression num\u00e9rique au traitement continu des bobines d\u2019acier \u00e0 grande \u00e9chelle.","og_url":"https:\/\/coateel.it\/fr\/systemes-de-revetement-numeriques\/","og_site_name":"Marcegaglia Coateel","article_modified_time":"2024-10-22T12:43:44+00:00","og_image":[{"url":"https:\/\/coateel.it\/wp-content\/uploads\/2022\/06\/CMPD-cromatica-icona.png","type":"","width":"","height":""}],"twitter_card":"summary_large_image","twitter_misc":{"Dur\u00e9e de lecture estim\u00e9e":"2 minutes"},"schema":{"@context":"https:\/\/schema.org","@graph":[{"@type":"WebPage","@id":"https:\/\/coateel.it\/fr\/systemes-de-revetement-numeriques\/","url":"https:\/\/coateel.it\/fr\/systemes-de-revetement-numeriques\/","name":"Systemes de rev\u00eatement numeriques | Marcegaglia Coateel\u00ae","isPartOf":{"@id":"https:\/\/coateel.it\/fr\/#website"},"primaryImageOfPage":{"@id":"https:\/\/coateel.it\/fr\/systemes-de-revetement-numeriques\/#primaryimage"},"image":{"@id":"https:\/\/coateel.it\/fr\/systemes-de-revetement-numeriques\/#primaryimage"},"thumbnailUrl":"https:\/\/coateel.it\/wp-content\/uploads\/2022\/06\/CMPD-cromatica-icona.png","datePublished":"2022-06-30T13:52:03+00:00","dateModified":"2024-10-22T12:43:44+00:00","description":"Une solution innovante qui int\u00e8gre l\u2019impression num\u00e9rique au traitement continu des bobines d\u2019acier \u00e0 grande \u00e9chelle.","breadcrumb":{"@id":"https:\/\/coateel.it\/fr\/systemes-de-revetement-numeriques\/#breadcrumb"},"inLanguage":"fr-FR","potentialAction":[{"@type":"ReadAction","target":["https:\/\/coateel.it\/fr\/systemes-de-revetement-numeriques\/"]}]},{"@type":"ImageObject","inLanguage":"fr-FR","@id":"https:\/\/coateel.it\/fr\/systemes-de-revetement-numeriques\/#primaryimage","url":"https:\/\/coateel.it\/wp-content\/uploads\/2022\/06\/CMPD-cromatica-icona.png","contentUrl":"https:\/\/coateel.it\/wp-content\/uploads\/2022\/06\/CMPD-cromatica-icona.png"},{"@type":"BreadcrumbList","@id":"https:\/\/coateel.it\/fr\/systemes-de-revetement-numeriques\/#breadcrumb","itemListElement":[{"@type":"ListItem","position":1,"name":"Home","item":"https:\/\/coateel.it\/fr\/"},{"@type":"ListItem","position":2,"name":"Coateel &#8211; Sistema verniciante &#8211; Digital &#8211; FR"}]},{"@type":"WebSite","@id":"https:\/\/coateel.it\/fr\/#website","url":"https:\/\/coateel.it\/fr\/","name":"Marcegaglia Coateel","description":"Our colors, your life","publisher":{"@id":"https:\/\/coateel.it\/fr\/#organization"},"potentialAction":[{"@type":"SearchAction","target":{"@type":"EntryPoint","urlTemplate":"https:\/\/coateel.it\/fr\/?s={search_term_string}"},"query-input":{"@type":"PropertyValueSpecification","valueRequired":true,"valueName":"search_term_string"}}],"inLanguage":"fr-FR"},{"@type":"Organization","@id":"https:\/\/coateel.it\/fr\/#organization","name":"Marcegaglia Coateel","alternateName":"Coateel","url":"https:\/\/coateel.it\/fr\/","logo":{"@type":"ImageObject","inLanguage":"fr-FR","@id":"https:\/\/coateel.it\/fr\/#\/schema\/logo\/image\/","url":"https:\/\/coateel.it\/wp-content\/uploads\/2023\/08\/favicon_marcegaglia-carbon-steel_512x512.jpg","contentUrl":"https:\/\/coateel.it\/wp-content\/uploads\/2023\/08\/favicon_marcegaglia-carbon-steel_512x512.jpg","width":512,"height":512,"caption":"Marcegaglia Coateel"},"image":{"@id":"https:\/\/coateel.it\/fr\/#\/schema\/logo\/image\/"}}]}},"_links":{"self":[{"href":"https:\/\/coateel.it\/fr\/wp-json\/wp\/v2\/pages\/20810","targetHints":{"allow":["GET"]}}],"collection":[{"href":"https:\/\/coateel.it\/fr\/wp-json\/wp\/v2\/pages"}],"about":[{"href":"https:\/\/coateel.it\/fr\/wp-json\/wp\/v2\/types\/page"}],"author":[{"embeddable":true,"href":"https:\/\/coateel.it\/fr\/wp-json\/wp\/v2\/users\/1"}],"replies":[{"embeddable":true,"href":"https:\/\/coateel.it\/fr\/wp-json\/wp\/v2\/comments?post=20810"}],"version-history":[{"count":5,"href":"https:\/\/coateel.it\/fr\/wp-json\/wp\/v2\/pages\/20810\/revisions"}],"predecessor-version":[{"id":23712,"href":"https:\/\/coateel.it\/fr\/wp-json\/wp\/v2\/pages\/20810\/revisions\/23712"}],"wp:attachment":[{"href":"https:\/\/coateel.it\/fr\/wp-json\/wp\/v2\/media?parent=20810"}],"curies":[{"name":"wp","href":"https:\/\/api.w.org\/{rel}","templated":true}]}}