{"id":18984,"date":"2022-06-30T13:52:03","date_gmt":"2022-06-30T13:52:03","guid":{"rendered":"https:\/\/coateel.it\/?page_id=18984"},"modified":"2024-10-22T07:59:54","modified_gmt":"2024-10-22T07:59:54","slug":"sistema-verniciante-digital","status":"publish","type":"page","link":"https:\/\/coateel.it\/it\/sistema-verniciante-digital\/","title":{"rendered":"Coateel &#8211; Sistema verniciante &#8211; Digital"},"content":{"rendered":"<div class=\"wpb-content-wrapper\"><p>[vc_row full_width=&#8221;stretch_row_content_no_spaces&#8221; css=&#8221;.vc_custom_1729520137205{margin-bottom: 2em !important;background-image: url(https:\/\/coateel.it\/wp-content\/uploads\/2024\/10\/Marcegaglia-Coateel-digital-coating-system-header.jpg?id=23689) !important;background-position: center !important;background-repeat: no-repeat !important;background-size: cover !important;}&#8221; el_id=&#8221;desk&#8221;][vc_column css=&#8221;.vc_custom_1588591974425{padding-top: 10em !important;padding-bottom: 10em !important;background-position: center !important;background-repeat: no-repeat !important;background-size: cover !important;}&#8221; el_id=&#8221;desk&#8221; offset=&#8221;vc_hidden-sm vc_hidden-xs&#8221;][\/vc_column][\/vc_row][vc_row full_width=&#8221;stretch_row_content_no_spaces&#8221; css=&#8221;.vc_custom_1729520151519{margin-bottom: 2em !important;padding-top: 5em !important;padding-bottom: 5em !important;background-image: url(https:\/\/coateel.it\/wp-content\/uploads\/2024\/10\/Marcegaglia-Coateel-digital-coating-system-header-mobile.jpg?id=23696) !important;background-position: center !important;background-repeat: no-repeat !important;background-size: cover !important;}&#8221; el_id=&#8221;resp&#8221;][vc_column css=&#8221;.vc_custom_1588592239658{background-position: center !important;background-repeat: no-repeat !important;background-size: cover !important;}&#8221; el_id=&#8221;resp&#8221; offset=&#8221;vc_hidden-lg vc_hidden-md&#8221;][\/vc_column][\/vc_row][vc_row full_width=&#8221;stretch_row&#8221; css=&#8221;.vc_custom_1585049350308{margin-bottom: 2em !important;background-position: center !important;background-repeat: no-repeat !important;background-size: cover !important;}&#8221;][vc_column width=&#8221;1\/2&#8243; css=&#8221;.vc_custom_1656515777122{margin-right: 500px !important;}&#8221;][vc_column_text]<\/p>\n<h2><span style=\"color: #d06d2c;\">SISTEMA VERNICIANTE DIGITAL<\/span><\/h2>\n<p>[\/vc_column_text][vc_empty_space height=&#8221;30px&#8221;][vc_column_text]<strong>SOLUZIONE TOTALMENTE PERSONALIZZABILE<\/strong><br \/>\nData la tendenza del mercato verso la customizzazione del prodotto, abbiamo creato una <strong>soluzione innovativa<\/strong> a elevato contenuto tecnologico che <strong>integra la stampa digitale con la lavorazione in continuo dei coils in acciaio su larga scala<\/strong>.<\/p>\n<p><strong><span style=\"color: #d06d2c;\">CROMATICA<\/span><\/strong> \u00e8 l\u2019ultima evoluzione di COATEEL<sup>\u00ae<\/sup>, che porta alla <strong>completa personalizzazione dell&#8217;acciaio<\/strong> nell\u2019aspetto superficiale e sensoriale, per soddisfare ogni esigenza di creativit\u00e0, avvicinando cos\u00ec sempre di pi\u00f9 il mondo siderurgico all\u2019architettura e al design.[\/vc_column_text][vc_empty_space height=&#8221;30px&#8221;][vc_row_inner][vc_column_inner width=&#8221;1\/3&#8243;][vc_column_text]<span style=\"font-size: 10px;\"><a href=\"https:\/\/coateel.it\/wp-content\/uploads\/2022\/06\/Marcegaglia-Coateel-digital-coating-system-CPMD.pdf\" target=\"_blank\" rel=\"noopener\"><img decoding=\"async\" class=\"alignnone size-full wp-image-18998\" src=\"https:\/\/coateel.it\/wp-content\/uploads\/2022\/06\/CMPD-cromatica-icona.png\" alt=\"\" width=\"62\" height=\"81\" \/><\/a><span style=\"font-size: 11px;\">SCARICA LA SCHEDA TECNICA<\/span><br \/>\n<\/span>[\/vc_column_text][\/vc_column_inner][vc_column_inner width=&#8221;1\/3&#8243;][vc_empty_space height=&#8221;40px&#8221;][vc_column_text]<span style=\"font-size: 10px;\"><a href=\"https:\/\/cromatica.marcegaglia.com\" target=\"_blank\" rel=\"noopener\"><strong><span style=\"color: #d06d2c; font-size: 12px;\"><img decoding=\"async\" class=\"alignnone size-full wp-image-19010\" src=\"https:\/\/coateel.it\/wp-content\/uploads\/2022\/06\/website-icona-1.png\" alt=\"\" width=\"40\" height=\"40\" \/><\/span><\/strong><\/a><span style=\"color: #d06d2c; font-size: 11px;\">VISITA IL SITO<\/span><br \/>\n<\/span>[\/vc_column_text][\/vc_column_inner][vc_column_inner width=&#8221;1\/3&#8243;][\/vc_column_inner][\/vc_row_inner][\/vc_column][vc_column width=&#8221;1\/2&#8243;][vc_empty_space height=&#8221;60&#8243;][vc_single_image image=&#8221;23348&#8243; img_size=&#8221;full&#8221; alignment=&#8221;center&#8221; onclick=&#8221;custom_link&#8221;][vc_empty_space height=&#8221;30&#8243;][vc_single_image image=&#8221;19020&#8243; img_size=&#8221;full&#8221; alignment=&#8221;center&#8221;][\/vc_column][\/vc_row][vc_row content_placement=&#8221;middle&#8221;][vc_column width=&#8221;1\/2&#8243;][vc_single_image image=&#8221;19028&#8243; img_size=&#8221;full&#8221;][vc_empty_space][\/vc_column][vc_column width=&#8221;1\/2&#8243;][vc_empty_space][vc_images_carousel images=&#8221;23340,19039,19037,23647,23654,23661,23668,23675&#8243; img_size=&#8221;377&#215;218&#8243; onclick=&#8221;link_no&#8221; autoplay=&#8221;yes&#8221; hide_pagination_control=&#8221;yes&#8221; hide_prev_next_buttons=&#8221;yes&#8221; wrap=&#8221;yes&#8221; el_id=&#8221;slider_coateel&#8221;][\/vc_column][\/vc_row][vc_row][vc_column][vc_single_image image=&#8221;23640&#8243; img_size=&#8221;full&#8221;][\/vc_column][\/vc_row]<\/p>\n<\/div>","protected":false},"excerpt":{"rendered":"<p>[vc_column css=&#8221;.vc_custom_1588591974425{padding-top: 10em !important;padding-bottom: 10em !important;background-position: center &#8230; <\/p>\n","protected":false},"author":1,"featured_media":0,"parent":0,"menu_order":0,"comment_status":"closed","ping_status":"closed","template":"","meta":{"footnotes":""},"class_list":["post-18984","page","type-page","status-publish","hentry"],"yoast_head":"<!-- This site is optimized with the Yoast SEO plugin v27.5 - https:\/\/yoast.com\/product\/yoast-seo-wordpress\/ -->\n<title>Sistema vernicianta Digitale | CPMD Cromatica<\/title>\n<meta name=\"description\" content=\"Una soluzione innovativa che integra la stampa digitale con la lavorazione in continuo dei coils in acciaio su larga scala.\" \/>\n<meta name=\"robots\" content=\"index, follow, max-snippet:-1, max-image-preview:large, max-video-preview:-1\" \/>\n<link rel=\"canonical\" href=\"https:\/\/coateel.it\/it\/sistema-verniciante-digital\/\" \/>\n<meta property=\"og:locale\" content=\"it_IT\" \/>\n<meta property=\"og:type\" content=\"article\" \/>\n<meta property=\"og:title\" content=\"Sistema vernicianta Digitale | CPMD Cromatica\" \/>\n<meta property=\"og:description\" content=\"Una soluzione innovativa che integra la stampa digitale con la lavorazione in continuo dei coils in acciaio su larga scala.\" \/>\n<meta property=\"og:url\" content=\"https:\/\/coateel.it\/it\/sistema-verniciante-digital\/\" \/>\n<meta property=\"og:site_name\" content=\"Marcegaglia Coateel\" \/>\n<meta property=\"article:modified_time\" content=\"2024-10-22T07:59:54+00:00\" \/>\n<meta property=\"og:image\" content=\"https:\/\/coateel.it\/wp-content\/uploads\/2022\/06\/CMPD-cromatica-icona.png\" \/>\n<meta name=\"twitter:card\" content=\"summary_large_image\" \/>\n<meta name=\"twitter:label1\" content=\"Tempo di lettura stimato\" \/>\n\t<meta name=\"twitter:data1\" content=\"2 minuti\" \/>\n<script type=\"application\/ld+json\" class=\"yoast-schema-graph\">{\"@context\":\"https:\\\/\\\/schema.org\",\"@graph\":[{\"@type\":\"WebPage\",\"@id\":\"https:\\\/\\\/coateel.it\\\/it\\\/sistema-verniciante-digital\\\/\",\"url\":\"https:\\\/\\\/coateel.it\\\/it\\\/sistema-verniciante-digital\\\/\",\"name\":\"Sistema vernicianta Digitale | CPMD Cromatica\",\"isPartOf\":{\"@id\":\"https:\\\/\\\/coateel.it\\\/it\\\/#website\"},\"primaryImageOfPage\":{\"@id\":\"https:\\\/\\\/coateel.it\\\/it\\\/sistema-verniciante-digital\\\/#primaryimage\"},\"image\":{\"@id\":\"https:\\\/\\\/coateel.it\\\/it\\\/sistema-verniciante-digital\\\/#primaryimage\"},\"thumbnailUrl\":\"https:\\\/\\\/coateel.it\\\/wp-content\\\/uploads\\\/2022\\\/06\\\/CMPD-cromatica-icona.png\",\"datePublished\":\"2022-06-30T13:52:03+00:00\",\"dateModified\":\"2024-10-22T07:59:54+00:00\",\"description\":\"Una soluzione innovativa che integra la stampa digitale con la lavorazione in continuo dei coils in acciaio su larga scala.\",\"breadcrumb\":{\"@id\":\"https:\\\/\\\/coateel.it\\\/it\\\/sistema-verniciante-digital\\\/#breadcrumb\"},\"inLanguage\":\"it-IT\",\"potentialAction\":[{\"@type\":\"ReadAction\",\"target\":[\"https:\\\/\\\/coateel.it\\\/it\\\/sistema-verniciante-digital\\\/\"]}]},{\"@type\":\"ImageObject\",\"inLanguage\":\"it-IT\",\"@id\":\"https:\\\/\\\/coateel.it\\\/it\\\/sistema-verniciante-digital\\\/#primaryimage\",\"url\":\"https:\\\/\\\/coateel.it\\\/wp-content\\\/uploads\\\/2022\\\/06\\\/CMPD-cromatica-icona.png\",\"contentUrl\":\"https:\\\/\\\/coateel.it\\\/wp-content\\\/uploads\\\/2022\\\/06\\\/CMPD-cromatica-icona.png\"},{\"@type\":\"BreadcrumbList\",\"@id\":\"https:\\\/\\\/coateel.it\\\/it\\\/sistema-verniciante-digital\\\/#breadcrumb\",\"itemListElement\":[{\"@type\":\"ListItem\",\"position\":1,\"name\":\"Home\",\"item\":\"https:\\\/\\\/coateel.it\\\/it\\\/\"},{\"@type\":\"ListItem\",\"position\":2,\"name\":\"Coateel &#8211; Sistema verniciante &#8211; Digital\"}]},{\"@type\":\"WebSite\",\"@id\":\"https:\\\/\\\/coateel.it\\\/it\\\/#website\",\"url\":\"https:\\\/\\\/coateel.it\\\/it\\\/\",\"name\":\"Marcegaglia Coateel\",\"description\":\"Our colors, your life\",\"publisher\":{\"@id\":\"https:\\\/\\\/coateel.it\\\/it\\\/#organization\"},\"potentialAction\":[{\"@type\":\"SearchAction\",\"target\":{\"@type\":\"EntryPoint\",\"urlTemplate\":\"https:\\\/\\\/coateel.it\\\/it\\\/?s={search_term_string}\"},\"query-input\":{\"@type\":\"PropertyValueSpecification\",\"valueRequired\":true,\"valueName\":\"search_term_string\"}}],\"inLanguage\":\"it-IT\"},{\"@type\":\"Organization\",\"@id\":\"https:\\\/\\\/coateel.it\\\/it\\\/#organization\",\"name\":\"Marcegaglia Coateel\",\"alternateName\":\"Coateel\",\"url\":\"https:\\\/\\\/coateel.it\\\/it\\\/\",\"logo\":{\"@type\":\"ImageObject\",\"inLanguage\":\"it-IT\",\"@id\":\"https:\\\/\\\/coateel.it\\\/it\\\/#\\\/schema\\\/logo\\\/image\\\/\",\"url\":\"https:\\\/\\\/coateel.it\\\/wp-content\\\/uploads\\\/2023\\\/08\\\/favicon_marcegaglia-carbon-steel_512x512.jpg\",\"contentUrl\":\"https:\\\/\\\/coateel.it\\\/wp-content\\\/uploads\\\/2023\\\/08\\\/favicon_marcegaglia-carbon-steel_512x512.jpg\",\"width\":512,\"height\":512,\"caption\":\"Marcegaglia Coateel\"},\"image\":{\"@id\":\"https:\\\/\\\/coateel.it\\\/it\\\/#\\\/schema\\\/logo\\\/image\\\/\"}}]}<\/script>\n<!-- \/ Yoast SEO plugin. -->","yoast_head_json":{"title":"Sistema vernicianta Digitale | CPMD Cromatica","description":"Una soluzione innovativa che integra la stampa digitale con la lavorazione in continuo dei coils in acciaio su larga scala.","robots":{"index":"index","follow":"follow","max-snippet":"max-snippet:-1","max-image-preview":"max-image-preview:large","max-video-preview":"max-video-preview:-1"},"canonical":"https:\/\/coateel.it\/it\/sistema-verniciante-digital\/","og_locale":"it_IT","og_type":"article","og_title":"Sistema vernicianta Digitale | CPMD Cromatica","og_description":"Una soluzione innovativa che integra la stampa digitale con la lavorazione in continuo dei coils in acciaio su larga scala.","og_url":"https:\/\/coateel.it\/it\/sistema-verniciante-digital\/","og_site_name":"Marcegaglia Coateel","article_modified_time":"2024-10-22T07:59:54+00:00","og_image":[{"url":"https:\/\/coateel.it\/wp-content\/uploads\/2022\/06\/CMPD-cromatica-icona.png","type":"","width":"","height":""}],"twitter_card":"summary_large_image","twitter_misc":{"Tempo di lettura stimato":"2 minuti"},"schema":{"@context":"https:\/\/schema.org","@graph":[{"@type":"WebPage","@id":"https:\/\/coateel.it\/it\/sistema-verniciante-digital\/","url":"https:\/\/coateel.it\/it\/sistema-verniciante-digital\/","name":"Sistema vernicianta Digitale | CPMD Cromatica","isPartOf":{"@id":"https:\/\/coateel.it\/it\/#website"},"primaryImageOfPage":{"@id":"https:\/\/coateel.it\/it\/sistema-verniciante-digital\/#primaryimage"},"image":{"@id":"https:\/\/coateel.it\/it\/sistema-verniciante-digital\/#primaryimage"},"thumbnailUrl":"https:\/\/coateel.it\/wp-content\/uploads\/2022\/06\/CMPD-cromatica-icona.png","datePublished":"2022-06-30T13:52:03+00:00","dateModified":"2024-10-22T07:59:54+00:00","description":"Una soluzione innovativa che integra la stampa digitale con la lavorazione in continuo dei coils in acciaio su larga scala.","breadcrumb":{"@id":"https:\/\/coateel.it\/it\/sistema-verniciante-digital\/#breadcrumb"},"inLanguage":"it-IT","potentialAction":[{"@type":"ReadAction","target":["https:\/\/coateel.it\/it\/sistema-verniciante-digital\/"]}]},{"@type":"ImageObject","inLanguage":"it-IT","@id":"https:\/\/coateel.it\/it\/sistema-verniciante-digital\/#primaryimage","url":"https:\/\/coateel.it\/wp-content\/uploads\/2022\/06\/CMPD-cromatica-icona.png","contentUrl":"https:\/\/coateel.it\/wp-content\/uploads\/2022\/06\/CMPD-cromatica-icona.png"},{"@type":"BreadcrumbList","@id":"https:\/\/coateel.it\/it\/sistema-verniciante-digital\/#breadcrumb","itemListElement":[{"@type":"ListItem","position":1,"name":"Home","item":"https:\/\/coateel.it\/it\/"},{"@type":"ListItem","position":2,"name":"Coateel &#8211; Sistema verniciante &#8211; Digital"}]},{"@type":"WebSite","@id":"https:\/\/coateel.it\/it\/#website","url":"https:\/\/coateel.it\/it\/","name":"Marcegaglia Coateel","description":"Our colors, your life","publisher":{"@id":"https:\/\/coateel.it\/it\/#organization"},"potentialAction":[{"@type":"SearchAction","target":{"@type":"EntryPoint","urlTemplate":"https:\/\/coateel.it\/it\/?s={search_term_string}"},"query-input":{"@type":"PropertyValueSpecification","valueRequired":true,"valueName":"search_term_string"}}],"inLanguage":"it-IT"},{"@type":"Organization","@id":"https:\/\/coateel.it\/it\/#organization","name":"Marcegaglia Coateel","alternateName":"Coateel","url":"https:\/\/coateel.it\/it\/","logo":{"@type":"ImageObject","inLanguage":"it-IT","@id":"https:\/\/coateel.it\/it\/#\/schema\/logo\/image\/","url":"https:\/\/coateel.it\/wp-content\/uploads\/2023\/08\/favicon_marcegaglia-carbon-steel_512x512.jpg","contentUrl":"https:\/\/coateel.it\/wp-content\/uploads\/2023\/08\/favicon_marcegaglia-carbon-steel_512x512.jpg","width":512,"height":512,"caption":"Marcegaglia Coateel"},"image":{"@id":"https:\/\/coateel.it\/it\/#\/schema\/logo\/image\/"}}]}},"_links":{"self":[{"href":"https:\/\/coateel.it\/it\/wp-json\/wp\/v2\/pages\/18984","targetHints":{"allow":["GET"]}}],"collection":[{"href":"https:\/\/coateel.it\/it\/wp-json\/wp\/v2\/pages"}],"about":[{"href":"https:\/\/coateel.it\/it\/wp-json\/wp\/v2\/types\/page"}],"author":[{"embeddable":true,"href":"https:\/\/coateel.it\/it\/wp-json\/wp\/v2\/users\/1"}],"replies":[{"embeddable":true,"href":"https:\/\/coateel.it\/it\/wp-json\/wp\/v2\/comments?post=18984"}],"version-history":[{"count":4,"href":"https:\/\/coateel.it\/it\/wp-json\/wp\/v2\/pages\/18984\/revisions"}],"predecessor-version":[{"id":23705,"href":"https:\/\/coateel.it\/it\/wp-json\/wp\/v2\/pages\/18984\/revisions\/23705"}],"wp:attachment":[{"href":"https:\/\/coateel.it\/it\/wp-json\/wp\/v2\/media?parent=18984"}],"curies":[{"name":"wp","href":"https:\/\/api.w.org\/{rel}","templated":true}]}}