{"id":21729,"date":"2020-07-15T15:02:58","date_gmt":"2020-07-15T15:02:58","guid":{"rendered":"https:\/\/coateel.it\/prodotti-piani-in-acciaio-preverniciato-imballi-standard-coils\/"},"modified":"2023-01-17T10:25:15","modified_gmt":"2023-01-17T10:25:15","slug":"wyroby-plaskie-powlekane-standardowe-opakowanie-zwoje","status":"publish","type":"page","link":"https:\/\/coateel.it\/pl\/wyroby-plaskie-powlekane-standardowe-opakowanie-zwoje\/","title":{"rendered":"Imballaggi standard &#8211; Coils preverniciati &#8211; PL"},"content":{"rendered":"<div class=\"wpb-content-wrapper\"><p>[vc_row full_width=&#8221;stretch_row_content_no_spaces&#8221; css=&#8221;.vc_custom_1588593877038{margin-bottom: 2em !important;background-image: url(https:\/\/coateel.it\/wp-content\/uploads\/2020\/04\/marcegaglia_poland-carbon-steel-pre-painted-steel-banner-1920&#215;306-1.jpg?id=10183) !important;background-position: center !important;background-repeat: no-repeat !important;background-size: cover !important;}&#8221; el_id=&#8221;desk&#8221;][vc_column css=&#8221;.vc_custom_1588591974425{padding-top: 10em !important;padding-bottom: 10em !important;background-position: center !important;background-repeat: no-repeat !important;background-size: cover !important;}&#8221; el_id=&#8221;desk&#8221; offset=&#8221;vc_hidden-sm vc_hidden-xs&#8221;][\/vc_column][\/vc_row][vc_row full_width=&#8221;stretch_row_content_no_spaces&#8221; css=&#8221;.vc_custom_1594632974795{margin-bottom: 2em !important;padding-top: 5em !important;padding-bottom: 5em !important;background-image: url(https:\/\/coateel.it\/wp-content\/uploads\/2020\/07\/marcegaglia_poland-carbon-steel-pre-painted-steel-banner-1400&#215;700-1.jpg?id=14377) !important;background-position: center !important;background-repeat: no-repeat !important;background-size: cover !important;}&#8221; el_id=&#8221;resp&#8221;][vc_column css=&#8221;.vc_custom_1588592239658{background-position: center !important;background-repeat: no-repeat !important;background-size: cover !important;}&#8221; el_id=&#8221;resp&#8221; offset=&#8221;vc_hidden-lg vc_hidden-md&#8221;][\/vc_column][\/vc_row][vc_row full_width=&#8221;stretch_row&#8221; css=&#8221;.vc_custom_1585049350308{margin-bottom: 2em !important;background-position: center !important;background-repeat: no-repeat !important;background-size: cover !important;}&#8221;][vc_column width=&#8221;1\/2&#8243;][vc_column_text]<\/p>\n<h2><span style=\"color: #609657;\">ZWOJE POWLEKANE<br \/>\n<span style=\"font-size: 16px;\">STANDARDOWE OPAKOWANIE<\/span><br \/>\n<\/span><\/h2>\n<p>[\/vc_column_text][vc_empty_space height=&#8221;20px&#8221;][vc_column_text]Marcegaglia oferuje standard opakowa\u0144 dla wyroby p\u0142askie powlekane[\/vc_column_text][vc_empty_space height=&#8221;30&#8243;][vc_row_inner el_id=&#8221;resp&#8221; css=&#8221;.vc_custom_1594632999623{margin-bottom: 1em !important;}&#8221;][vc_column_inner width=&#8221;1\/3&#8243; offset=&#8221;vc_col-xs-4&#8243;][vc_single_image image=&#8221;21824&#8243; img_size=&#8221;30&#8243; alignment=&#8221;right&#8221; onclick=&#8221;custom_link&#8221; img_link_target=&#8221;_blank&#8221; link=&#8221;https:\/\/coateel.it\/wp-content\/uploads\/2022\/11\/Marcegaglia-Coateel-standard-packaging-coils-PL.pdf&#8221;][\/vc_column_inner][vc_column_inner width=&#8221;2\/3&#8243; offset=&#8221;vc_col-xs-4&#8243;][vc_column_text css=&#8221;.vc_custom_1668785954517{margin-left: 0px !important;border-left-width: 0px !important;padding-left: 0px !important;}&#8221;]<span style=\"color: #609657;\">STANDARDOWE OPAKOWANIE ZWOJE<\/span>[\/vc_column_text][\/vc_column_inner][\/vc_row_inner][\/vc_column][vc_column width=&#8221;1\/2&#8243;][vc_empty_space height=&#8221;60&#8243;][vc_row_inner el_id=&#8221;desk&#8221;][vc_column_inner width=&#8221;1\/3&#8243;][vc_single_image image=&#8221;21824&#8243; img_size=&#8221;30&#8243; alignment=&#8221;right&#8221; onclick=&#8221;custom_link&#8221; img_link_target=&#8221;_blank&#8221; link=&#8221;https:\/\/coateel.it\/wp-content\/uploads\/2022\/11\/Marcegaglia-Coateel-standard-packaging-coils-PL.pdf&#8221;][\/vc_column_inner][vc_column_inner width=&#8221;2\/3&#8243; css=&#8221;.vc_custom_1656932548234{margin-left: 0px !important;border-left-width: 0px !important;padding-left: 0px !important;}&#8221;][vc_column_text css=&#8221;.vc_custom_1668785940870{margin-left: 0px !important;border-left-width: 0px !important;padding-left: 0px !important;}&#8221;]<span style=\"color: #609657;\">STANDARDOWE OPAKOWANIE ZWOJE<\/span>[\/vc_column_text][\/vc_column_inner][\/vc_row_inner][\/vc_column][\/vc_row][vc_row][vc_column width=&#8221;1\/2&#8243;]<div id=\"cz_27769\" data-arrows='{\"open\":\"fa fa-angle-down\",\"close\":\"fa fa-angle-up\"}' class=\"cz_27769 cz_acc clr\"><div><div id=\"\"><span class=\"cz_acc_child\"><div>PV1 - PV4 - PV7<\/div><\/span><div class=\"cz_acc_child_content clr\">[vc_column_text]\u2022 wewne\u0328trzna tuleja karty o grubos\u0301ci 8 mm <span style=\"color: #aaaaaa; font-size: 7px;\"><sup>a)<\/sup><\/span><br \/>\n\u2022 wewne\u0328trzna os\u0142ona naroz\u0307nika ze stalowym ko\u0142nierzem <span style=\"color: #aaaaaa; font-size: 7px;\"><sup>b)<\/sup><\/span><br \/>\n\u2022 zewne\u0328trzna os\u0142ona naroz\u0307nika ze stalowym ko\u0142nierzem<br \/>\n\u2022 mocowanie zewne\u0328trznego naroz\u0307nika za pomoca\u0328 zgrzewanego plastikowego obwodowego paska<br \/>\n\u2022 17 mm stalowe tas\u0301my promieniowe rozmieszczone pod ka\u0328tem 120\u00b0 x3[\/vc_column_text][vc_empty_space height=&#8221;20&#8243;][vc_column_text]<span style=\"font-size: 12px; color: #666666;\">a) PV1-PV4: na z\u0307a\u0328danie<\/span><br \/>\n<span style=\"font-size: 12px; color: #666666;\">b) PV4-PV7: o wzmocnionej grubos\u0301ci 2,50 mm<br \/>\nPV1: Poddane fumigacji drewniane siod\u0142o &#8211; PV4-PV7:<br \/>\nOgraniczenia sk\u0142adowania: nak\u0142adanie si\u0119 pask\u00f3w jest wyra\u017anie zabronione podczas przechowywania; opr\u00f3cz etykiety identyfikacyjnej personel pakuj\u0105cy nak\u0142ada r\u00f3wnie\u017c kolorow\u0105 etykiet\u0119 na pier\u015bcieniu paska<br \/>\n<\/span>[\/vc_column_text]<\/div><\/div><div id=\"\"><span class=\"cz_acc_child\"><div>PV2 - PV5 - PV8<small>PAPIER POWLEKANY POLIETYLENEM\/\u017bYWIC\u0104<\/small><\/div><\/span><div class=\"cz_acc_child_content clr\">[vc_column_text]\u2022 wewne\u0328trzna tuleja karty o grubos\u0301ci 8 mm <span style=\"color: #aaaaaa;\"><sup>a)<\/sup><\/span><br \/>\n\u2022 polietylen lub papier powlekany z\u0307ywica\u0328 do zewne\u0328trznej os\u0142ony zwoju \/ piers\u0301cienia<br \/>\n\u2022 wewne\u0328trzna os\u0142ona naroz\u0307nika ze stalowym ko\u0142nierzem <span style=\"color: #aaaaaa;\"><sup>b)<\/sup><\/span><br \/>\n\u2022 zewne\u0328trzna os\u0142ona naroz\u0307nika ze stalowym ko\u0142nierzem<br \/>\n\u2022 mocowanie zewne\u0328trznego naroz\u0307nika za pomoca\u0328 zgrzewanego plastikowego obwodowego paska<br \/>\n\u2022 17 mm stalowe tas\u0301my promieniowe rozmieszczone pod ka\u0328tem 120\u00b0 x3[\/vc_column_text][vc_empty_space height=&#8221;20&#8243;][vc_column_text]<\/p>\n<p class=\"testo\"><span style=\"font-size: 12px; color: #666666;\">a) PV2-PV5: na z\u0307a\u0328danie<\/span><br \/>\n<span style=\"font-size: 12px; color: #666666;\">b)PV5-PV8: o wzmocnionej grubos\u0301ci 2,50 mm<br \/>\nPV5-PV8: Ograniczenia sk\u0142adowania: nak\u0142adanie si\u0119 pask\u00f3w jest wyra\u017anie zabronione podczas przechowywania; opr\u00f3cz etykiety identyfikacyjnej personel pakuj\u0105cy nak\u0142ada r\u00f3wnie\u017c kolorow\u0105 etykiet\u0119 na pier\u015bcieniu paska<br \/>\n<\/span><\/p>\n<p>[\/vc_column_text]<\/div><\/div><div id=\"\"><span class=\"cz_acc_child\"><div>PV11<\/div><\/span><div class=\"cz_acc_child_content clr\">[vc_column_text]\u2022 wewne\u0328trzna tuleja karty o grubos\u0301ci 8 mm<br \/>\n\u2022 polietylen lub papier powlekany z\u0307ywica\u0328 do zewne\u0328trznej os\u0142ony zwoju\/piers\u0301cienia<br \/>\n\u2022 wewne\u0328trzna os\u0142ona naroz\u0307nika ze stalowym ko\u0142nierzem <strong>o wzmocnionej grubos\u0301ci 2,50 mm<\/strong><br \/>\n\u2022 zewne\u0328trzna os\u0142ona naroz\u0307nika ze stalowym ko\u0142nierzem<br \/>\n\u2022 mocowanie wewne\u0328trznego i zewne\u0328trznego naroz\u0307nika za pomoca\u0328 obwodowego paska<br \/>\ni promieniowe z\u0307elazne opasanie x3 pod ka\u0328tem 120\u00b0<br \/>\n\u2022 stykowe mocowanie zwoju za pomoca\u0328 zgrzewanego plastikowego obwodowego paska<br \/>\n\u2022 siode\u0142ka z ruchomym drewnianym uchwytem zwojo\u0301w dla wo\u0301zka wid\u0142owego<br \/>\n\u2022 tas\u0301ma gumowa 4\/5 mm mie\u0328dzy paskiem a siod\u0142em[\/vc_column_text]<\/div><\/div><div id=\"\"><span class=\"cz_acc_child\"><div>PV3-PV3S - PV6 - PV9 \/ PV3M - PV6M - PV9M<small>MORSKIE \/ MORSKA USZCZELNIANA, PODW\u00d3JNA OCHRONA NARO\u017bNIK\u00d3W<\/small><\/div><\/span><div class=\"cz_acc_child_content clr\">[vc_column_text]\u2022 wewne\u0328trzna tuleja karty 8 mm na z\u0307yczenie<br \/>\n\u2022 polietylen lub papier powlekany z\u0307ywica\u0328 do zewne\u0328trznej os\u0142ony zwoju\/piers\u0301cienia<br \/>\n\u2022 zewne\u0328trzna stalowa skorupa <span style=\"color: #aaaaaa;\"><sup>a)<\/sup><\/span><br \/>\n\u2022 zewne\u0328trzna os\u0142ona p\u0142yty stalowej <span style=\"color: #aaaaaa;\"><sup>b)<\/sup><\/span><br \/>\n\u2022 wewne\u0328trzna os\u0142ona naroz\u0307nika ze stalowym ko\u0142nierzem <span style=\"color: #aaaaaa;\"><sup>c)<\/sup><\/span><br \/>\n\u2022 stalowa tarcza zderzaka<br \/>\n\u2022 mocowanie zewne\u0328trznego naroz\u0307nika ze stalowym ko\u0142nierzem <span style=\"color: #aaaaaa;\"><sup>d)<\/sup><\/span><br \/>\n\u2022 mocowanie zewne\u0328trznej os\u0142ony naroz\u0307nika za pomoca\u0328 obwodowego paska z tas\u0301ma\u0328 obwodowa\u0328 x3 i stalowa\u0328 tas\u0301ma\u0328 promieniowa\u0328 x4 [\/vc_column_text][vc_empty_space height=&#8221;20&#8243;][vc_column_text]<span style=\"font-size: 12px; color: #666666;\">a) Dla PV6 i PV9<\/span><br \/>\n<span style=\"font-size: 12px; color: #666666;\">b) Dla PV3-PV3S<\/span><br \/>\n<span style=\"font-size: 12px; color: #666666;\">c) PV6-PV9: o wzmocnionej grubos\u0301ci 2,50 mm <\/span><br \/>\n<span style=\"font-size: 12px; color: #666666;\">d) PV3M, PV6M i PV9M: perforowany ko\u0142nierz stalowy <\/span><br \/>\n<span style=\"font-size: 12px; color: #666666;\">d) Dla PV3M, PV6M i PV9M<br \/>\nPV3S: Poddane fumigacji drewniane siod\u0142o &#8211; PV6-PV9-PV6M-PV9M: Ograniczenia sk\u0142adowania: nak\u0142adanie si\u0119 pask\u00f3w jest wyra\u017anie zabronione podczas przechowywania; opr\u00f3cz etykiety identyfikacyjnej personel pakuj\u0105cy nak\u0142ada r\u00f3wnie\u017c kolorow\u0105 etykiet\u0119 na pier\u015bcieniu paska<br \/>\n<\/span>[\/vc_column_text]<\/div><\/div><div id=\"\"><span class=\"cz_acc_child\"><div>PV12<small>PIONOWYCH OSI W ZASTOSOWANIACH MORSKICH<\/small><\/div><\/span><div class=\"cz_acc_child_content clr\">[vc_column_text]\u2022 wewne\u0328trzna tuleja karty 8 mm na z\u0307yczenie<br \/>\n\u2022 wewne\u0328trzna ochrona naroz\u0307nika ze stalowym ko\u0142nierzem<br \/>\n\u2022 zewne\u0328trzna os\u0142ona naroz\u0307nika ze stalowym ko\u0142nierzem<br \/>\n\u2022 mocowanie ochrony zewne\u0328trznego naroz\u0307nika za pomoca\u0328 zgrzewanego plastikowego obwodowego paska<br \/>\n\u2022 17 mm stalowe tas\u0301my promieniowe x3 rozmieszczone pod ka\u0328tem 120\u00b0<br \/>\n\u2022 otwo\u0301r w osi pionowej<br \/>\n\u2022 paletyzowane wy\u0142a\u0328cznie na drewnie poddanym fumigacji i markowym<br \/>\n\u2022 mocowanie paska do palety za pomoca\u0328 4 pasko\u0301w, po 1 z kaz\u0307dej strony[\/vc_column_text][vc_empty_space height=&#8221;20&#8243;][vc_column_text]<span style=\"font-size: 12px; color: #666666;\">Ograniczenia sk\u0142adowania: nak\u0142adanie si\u0119 pask\u00f3w jest wyra\u017anie zabronione podczas przechowywania; opr\u00f3cz etykiety identyfikacyjnej personel pakuj\u0105cy nak\u0142ada r\u00f3wnie\u017c kolorow\u0105 etykiet\u0119 na pier\u015bcieniu paska<\/span>[\/vc_column_text]<\/div><\/div><div id=\"\"><span class=\"cz_acc_child\"><div>PV15<small>MORSKIE<\/small><\/div><\/span><div class=\"cz_acc_child_content clr\">[vc_column_text]\u2022 wewne\u0328trzna tuleja karty o grubos\u0301ci 8 mm<br \/>\n\u2022 polietylen lub papier powlekany z\u0307ywica\u0328 do zewne\u0328trznej os\u0142ony zwoju\/piers\u0301cienia<br \/>\n\u2022 wewne\u0328trzna os\u0142ona naroz\u0307nika ze stalowym <strong>o wzmocnionej grubos\u0301ci 2,50 mm<\/strong><br \/>\n\u2022 zewne\u0328trzna os\u0142ona naroz\u0307nika ze stalowym ko\u0142nierzem<br \/>\n\u2022 opaska gumowa 4\/5mm pod zewne\u0328trznym stalowym naroz\u0307nikiem<br \/>\n\u2022 stalowa skorupa wewne\u0328trzna i zewne\u0328trzna<br \/>\n\u2022 stalowy piers\u0301cien\u0301 ochronny<br \/>\n\u2022 mocowanie metalowej skrzyni za pomoca\u0328 3 promieniowych tas\u0301m z\u0307elaznych u\u0142oz\u0307onych pod ka\u0328tem 120\u00b0<br \/>\n\u2022 stykowe mocowanie zwoju za pomoca\u0328 plastikowego obwodowego paska[\/vc_column_text][vc_empty_space height=&#8221;20&#8243;][vc_column_text]<span style=\"font-size: 12px; color: #666666;\">Ograniczenia sk\u0142adowania: nak\u0142adanie si\u0119 pask\u00f3w jest wyra\u017anie zabronione podczas przechowywania; opr\u00f3cz etykiety identyfikacyjnej personel pakuj\u0105cy nak\u0142ada r\u00f3wnie\u017c kolorow\u0105 etykiet\u0119 na pier\u015bcieniu paska<\/span>[\/vc_column_text]<\/div><\/div><div id=\"\"><span class=\"cz_acc_child\"><div>PV18<small>MORSKA USZCZELNIANA, PODW\u00d3JNA OCHRONA NARO\u017bNIK\u00d3W<\/small><\/div><\/span><div class=\"cz_acc_child_content clr\">[vc_column_text]\u2022 plastikowa ochrona naroz\u0307nika do zastosowan\u0301 wewne\u0328trznych<br \/>\n\u2022 plastikowa ochrona naroz\u0307nika do zastosowan\u0301 zewne\u0328trznych: wykonaj nacie\u0328cia, aby zapewnic\u0301 przyczepnos\u0301c\u0301 do produktu<br \/>\n\u2022 dwuwarstwowy polipropylen do zewne\u0328trznej ochrony zwoju \/ piers\u0301cienia<br \/>\n\u2022 faliste plastikowe zabezpieczenie wewne\u0328trznego otworu: otwo\u0301r nalez\u0307y uszczelnic\u0301 szeroka\u0328 tas\u0301ma\u0328 kleja\u0328ca\u0328 w wewne\u0328trznym naroz\u0307niku<br \/>\n\u2022 opakowanie z metalowa\u0328 skrzynia\u0328 z wewne\u0328trzna\u0328 i zewne\u0328trzna\u0328 os\u0142ona\u0328 stalowa\u0328, zapinane na obwodowe paski<br \/>\n\u2022 zabezpieczenie piers\u0301cienia stalowa\u0328 tarcza\u0328<br \/>\n\u2022 wewne\u0328trzna ochrona naroz\u0307nika ze stalowym ko\u0142nierzem<br \/>\n\u2022 perforowany stalowy ko\u0142nierz do ochrony zewne\u0328trznego naroz\u0307nika<br \/>\n\u2022 ko\u0142nierze zewne\u0328trzne zapinane na minimum 2 paski obwodowe<br \/>\n\u2022 mocowanie za pomoca\u0328 co najmniej 3 pasko\u0301w promieniowych rozmieszczonych pod ka\u0328tem 120\u00b0[\/vc_column_text][vc_empty_space height=&#8221;20&#8243;][vc_column_text]<span style=\"font-size: 12px; color: #666666;\">Ograniczenia sk\u0142adowania: nak\u0142adanie si\u0119 pask\u00f3w jest wyra\u017anie zabronione podczas przechowywania; opr\u00f3cz etykiety identyfikacyjnej personel pakuj\u0105cy nak\u0142ada r\u00f3wnie\u017c kolorow\u0105 etykiet\u0119 na pier\u015bcieniu paska<\/span>[\/vc_column_text]<\/div><\/div><\/div><\/div>[\/vc_column][vc_column width=&#8221;1\/2&#8243;]<div id=\"cz_49900\" class=\"cz_49900 slick arrows_mlr no_dots arrows_inner\" data-slick='{\"selector\":\"\",\"slidesToShow\":1,\"slidesToScroll\":1,\"rows\":1,\"fade\":false,\"vertical\":false,\"verticalSwiping\":false,\"infinite\":true,\"speed\":1000,\"swipeToSlide\":true,\"centerMode\":false,\"centerPadding\":\"\",\"variableWidth\":false,\"autoplay\":true,\"autoplaySpeed\":4000,\"dots\":true,\"counts\":false,\"adaptiveHeight\":false,\"responsive\":[{\"breakpoint\":769,\"settings\":{\"slidesToShow\":1,\"slidesToScroll\":1,\"infinite\":true,\"touchMove\":true}},{\"breakpoint\":481,\"settings\":{\"slidesToShow\":1,\"slidesToScroll\":1,\"infinite\":true,\"touchMove\":true}}]}' data-slick-prev=\"fa fa-chevron-left\" data-slick-next=\"fa fa-chevron-right\">[vc_single_image image=&#8221;21731&#8243; img_size=&#8221;full&#8221;][vc_single_image image=&#8221;21733&#8243; img_size=&#8221;full&#8221;][vc_single_image image=&#8221;21734&#8243; img_size=&#8221;full&#8221;][vc_single_image image=&#8221;21735&#8243; img_size=&#8221;full&#8221;]<\/div><div><\/div>[vc_empty_space height=&#8221;30px&#8221;][\/vc_column][\/vc_row][vc_row][vc_column][vc_empty_space height=&#8221;50&#8243;][\/vc_column][\/vc_row]<\/p>\n<\/div>","protected":false},"excerpt":{"rendered":"<p>[vc_column css=&#8221;.vc_custom_1588591974425{padding-top: 10em !important;padding-bottom: 10em !important;background-position: center &#8230; <\/p>\n","protected":false},"author":2,"featured_media":0,"parent":0,"menu_order":0,"comment_status":"closed","ping_status":"closed","template":"","meta":{"footnotes":""},"class_list":["post-21729","page","type-page","status-publish","hentry"],"yoast_head":"<!-- This site is optimized with the Yoast SEO plugin v27.4 - https:\/\/yoast.com\/product\/yoast-seo-wordpress\/ -->\n<title>Standardowe opakowanie zwoje powlekane | Marcegaglia Coateel\u00ae<\/title>\n<meta name=\"description\" content=\"Marcegaglia Carbon Steel oferuje standard opakowa\u0144 dla zwoje powlekane.\" \/>\n<meta name=\"robots\" content=\"index, follow, max-snippet:-1, max-image-preview:large, max-video-preview:-1\" \/>\n<link rel=\"canonical\" href=\"https:\/\/coateel.it\/pl\/wyroby-plaskie-powlekane-standardowe-opakowanie-zwoje\/\" \/>\n<meta property=\"og:locale\" content=\"pl_PL\" \/>\n<meta property=\"og:type\" content=\"article\" \/>\n<meta property=\"og:title\" content=\"Standardowe opakowanie zwoje powlekane | Marcegaglia Coateel\u00ae\" \/>\n<meta property=\"og:description\" content=\"Marcegaglia Carbon Steel oferuje standard opakowa\u0144 dla zwoje powlekane.\" \/>\n<meta property=\"og:url\" content=\"https:\/\/coateel.it\/pl\/wyroby-plaskie-powlekane-standardowe-opakowanie-zwoje\/\" \/>\n<meta property=\"og:site_name\" content=\"Marcegaglia Coateel\" \/>\n<meta property=\"article:modified_time\" content=\"2023-01-17T10:25:15+00:00\" \/>\n<meta property=\"og:image\" content=\"https:\/\/coateel.it\/wp-content\/uploads\/2024\/03\/Marcegaglia-Coateel-yoast.jpg\" \/>\n\t<meta property=\"og:image:width\" content=\"1200\" \/>\n\t<meta property=\"og:image:height\" content=\"675\" \/>\n\t<meta property=\"og:image:type\" content=\"image\/jpeg\" \/>\n<meta name=\"twitter:card\" content=\"summary_large_image\" \/>\n<meta name=\"twitter:label1\" content=\"Szacowany czas czytania\" \/>\n\t<meta name=\"twitter:data1\" content=\"4 minuty\" \/>\n<script type=\"application\/ld+json\" class=\"yoast-schema-graph\">{\"@context\":\"https:\\\/\\\/schema.org\",\"@graph\":[{\"@type\":\"WebPage\",\"@id\":\"https:\\\/\\\/coateel.it\\\/pl\\\/wyroby-plaskie-powlekane-standardowe-opakowanie-zwoje\\\/\",\"url\":\"https:\\\/\\\/coateel.it\\\/pl\\\/wyroby-plaskie-powlekane-standardowe-opakowanie-zwoje\\\/\",\"name\":\"Standardowe opakowanie zwoje powlekane | Marcegaglia Coateel\u00ae\",\"isPartOf\":{\"@id\":\"https:\\\/\\\/coateel.it\\\/pl\\\/#website\"},\"datePublished\":\"2020-07-15T15:02:58+00:00\",\"dateModified\":\"2023-01-17T10:25:15+00:00\",\"description\":\"Marcegaglia Carbon Steel oferuje standard opakowa\u0144 dla zwoje powlekane.\",\"breadcrumb\":{\"@id\":\"https:\\\/\\\/coateel.it\\\/pl\\\/wyroby-plaskie-powlekane-standardowe-opakowanie-zwoje\\\/#breadcrumb\"},\"inLanguage\":\"pl-PL\",\"potentialAction\":[{\"@type\":\"ReadAction\",\"target\":[\"https:\\\/\\\/coateel.it\\\/pl\\\/wyroby-plaskie-powlekane-standardowe-opakowanie-zwoje\\\/\"]}]},{\"@type\":\"BreadcrumbList\",\"@id\":\"https:\\\/\\\/coateel.it\\\/pl\\\/wyroby-plaskie-powlekane-standardowe-opakowanie-zwoje\\\/#breadcrumb\",\"itemListElement\":[{\"@type\":\"ListItem\",\"position\":1,\"name\":\"Home\",\"item\":\"https:\\\/\\\/coateel.it\\\/pl\\\/\"},{\"@type\":\"ListItem\",\"position\":2,\"name\":\"Imballaggi standard &#8211; Coils preverniciati &#8211; PL\"}]},{\"@type\":\"WebSite\",\"@id\":\"https:\\\/\\\/coateel.it\\\/pl\\\/#website\",\"url\":\"https:\\\/\\\/coateel.it\\\/pl\\\/\",\"name\":\"Marcegaglia Coateel\",\"description\":\"Our colors, your life\",\"publisher\":{\"@id\":\"https:\\\/\\\/coateel.it\\\/pl\\\/#organization\"},\"potentialAction\":[{\"@type\":\"SearchAction\",\"target\":{\"@type\":\"EntryPoint\",\"urlTemplate\":\"https:\\\/\\\/coateel.it\\\/pl\\\/?s={search_term_string}\"},\"query-input\":{\"@type\":\"PropertyValueSpecification\",\"valueRequired\":true,\"valueName\":\"search_term_string\"}}],\"inLanguage\":\"pl-PL\"},{\"@type\":\"Organization\",\"@id\":\"https:\\\/\\\/coateel.it\\\/pl\\\/#organization\",\"name\":\"Marcegaglia Coateel\",\"alternateName\":\"Coateel\",\"url\":\"https:\\\/\\\/coateel.it\\\/pl\\\/\",\"logo\":{\"@type\":\"ImageObject\",\"inLanguage\":\"pl-PL\",\"@id\":\"https:\\\/\\\/coateel.it\\\/pl\\\/#\\\/schema\\\/logo\\\/image\\\/\",\"url\":\"https:\\\/\\\/coateel.it\\\/wp-content\\\/uploads\\\/2023\\\/08\\\/favicon_marcegaglia-carbon-steel_512x512.jpg\",\"contentUrl\":\"https:\\\/\\\/coateel.it\\\/wp-content\\\/uploads\\\/2023\\\/08\\\/favicon_marcegaglia-carbon-steel_512x512.jpg\",\"width\":512,\"height\":512,\"caption\":\"Marcegaglia Coateel\"},\"image\":{\"@id\":\"https:\\\/\\\/coateel.it\\\/pl\\\/#\\\/schema\\\/logo\\\/image\\\/\"}}]}<\/script>\n<!-- \/ Yoast SEO plugin. -->","yoast_head_json":{"title":"Standardowe opakowanie zwoje powlekane | Marcegaglia Coateel\u00ae","description":"Marcegaglia Carbon Steel oferuje standard opakowa\u0144 dla zwoje powlekane.","robots":{"index":"index","follow":"follow","max-snippet":"max-snippet:-1","max-image-preview":"max-image-preview:large","max-video-preview":"max-video-preview:-1"},"canonical":"https:\/\/coateel.it\/pl\/wyroby-plaskie-powlekane-standardowe-opakowanie-zwoje\/","og_locale":"pl_PL","og_type":"article","og_title":"Standardowe opakowanie zwoje powlekane | Marcegaglia Coateel\u00ae","og_description":"Marcegaglia Carbon Steel oferuje standard opakowa\u0144 dla zwoje powlekane.","og_url":"https:\/\/coateel.it\/pl\/wyroby-plaskie-powlekane-standardowe-opakowanie-zwoje\/","og_site_name":"Marcegaglia Coateel","article_modified_time":"2023-01-17T10:25:15+00:00","og_image":[{"width":1200,"height":675,"url":"https:\/\/coateel.it\/wp-content\/uploads\/2024\/03\/Marcegaglia-Coateel-yoast.jpg","type":"image\/jpeg"}],"twitter_card":"summary_large_image","twitter_misc":{"Szacowany czas czytania":"4 minuty"},"schema":{"@context":"https:\/\/schema.org","@graph":[{"@type":"WebPage","@id":"https:\/\/coateel.it\/pl\/wyroby-plaskie-powlekane-standardowe-opakowanie-zwoje\/","url":"https:\/\/coateel.it\/pl\/wyroby-plaskie-powlekane-standardowe-opakowanie-zwoje\/","name":"Standardowe opakowanie zwoje powlekane | Marcegaglia Coateel\u00ae","isPartOf":{"@id":"https:\/\/coateel.it\/pl\/#website"},"datePublished":"2020-07-15T15:02:58+00:00","dateModified":"2023-01-17T10:25:15+00:00","description":"Marcegaglia Carbon Steel oferuje standard opakowa\u0144 dla zwoje powlekane.","breadcrumb":{"@id":"https:\/\/coateel.it\/pl\/wyroby-plaskie-powlekane-standardowe-opakowanie-zwoje\/#breadcrumb"},"inLanguage":"pl-PL","potentialAction":[{"@type":"ReadAction","target":["https:\/\/coateel.it\/pl\/wyroby-plaskie-powlekane-standardowe-opakowanie-zwoje\/"]}]},{"@type":"BreadcrumbList","@id":"https:\/\/coateel.it\/pl\/wyroby-plaskie-powlekane-standardowe-opakowanie-zwoje\/#breadcrumb","itemListElement":[{"@type":"ListItem","position":1,"name":"Home","item":"https:\/\/coateel.it\/pl\/"},{"@type":"ListItem","position":2,"name":"Imballaggi standard &#8211; Coils preverniciati &#8211; PL"}]},{"@type":"WebSite","@id":"https:\/\/coateel.it\/pl\/#website","url":"https:\/\/coateel.it\/pl\/","name":"Marcegaglia Coateel","description":"Our colors, your life","publisher":{"@id":"https:\/\/coateel.it\/pl\/#organization"},"potentialAction":[{"@type":"SearchAction","target":{"@type":"EntryPoint","urlTemplate":"https:\/\/coateel.it\/pl\/?s={search_term_string}"},"query-input":{"@type":"PropertyValueSpecification","valueRequired":true,"valueName":"search_term_string"}}],"inLanguage":"pl-PL"},{"@type":"Organization","@id":"https:\/\/coateel.it\/pl\/#organization","name":"Marcegaglia Coateel","alternateName":"Coateel","url":"https:\/\/coateel.it\/pl\/","logo":{"@type":"ImageObject","inLanguage":"pl-PL","@id":"https:\/\/coateel.it\/pl\/#\/schema\/logo\/image\/","url":"https:\/\/coateel.it\/wp-content\/uploads\/2023\/08\/favicon_marcegaglia-carbon-steel_512x512.jpg","contentUrl":"https:\/\/coateel.it\/wp-content\/uploads\/2023\/08\/favicon_marcegaglia-carbon-steel_512x512.jpg","width":512,"height":512,"caption":"Marcegaglia Coateel"},"image":{"@id":"https:\/\/coateel.it\/pl\/#\/schema\/logo\/image\/"}}]}},"_links":{"self":[{"href":"https:\/\/coateel.it\/pl\/wp-json\/wp\/v2\/pages\/21729","targetHints":{"allow":["GET"]}}],"collection":[{"href":"https:\/\/coateel.it\/pl\/wp-json\/wp\/v2\/pages"}],"about":[{"href":"https:\/\/coateel.it\/pl\/wp-json\/wp\/v2\/types\/page"}],"author":[{"embeddable":true,"href":"https:\/\/coateel.it\/pl\/wp-json\/wp\/v2\/users\/2"}],"replies":[{"embeddable":true,"href":"https:\/\/coateel.it\/pl\/wp-json\/wp\/v2\/comments?post=21729"}],"version-history":[{"count":5,"href":"https:\/\/coateel.it\/pl\/wp-json\/wp\/v2\/pages\/21729\/revisions"}],"predecessor-version":[{"id":23191,"href":"https:\/\/coateel.it\/pl\/wp-json\/wp\/v2\/pages\/21729\/revisions\/23191"}],"wp:attachment":[{"href":"https:\/\/coateel.it\/pl\/wp-json\/wp\/v2\/media?parent=21729"}],"curies":[{"name":"wp","href":"https:\/\/api.w.org\/{rel}","templated":true}]}}