{"id":21776,"date":"2021-02-12T10:42:22","date_gmt":"2021-02-12T10:42:22","guid":{"rendered":"https:\/\/coateel.it\/prodotti-piani-in-acciaio-preverniciato-imballi-standard-lamiere\/"},"modified":"2023-01-17T10:27:49","modified_gmt":"2023-01-17T10:27:49","slug":"wyroby-plaskie-powlekane-arkusze-powlekane","status":"publish","type":"page","link":"https:\/\/coateel.it\/pl\/wyroby-plaskie-powlekane-arkusze-powlekane\/","title":{"rendered":"Imballaggi standard &#8211; Lamiere preverniciati &#8211; PL"},"content":{"rendered":"<div class=\"wpb-content-wrapper\"><p>[vc_row full_width=&#8221;stretch_row_content_no_spaces&#8221; css=&#8221;.vc_custom_1656946584811{margin-bottom: 2em !important;background-image: url(https:\/\/coateel.it\/wp-content\/uploads\/2022\/07\/Marcegaglia-Coateel-standard-packaging-sheets-header.jpg?id=19321) !important;background-position: center !important;background-repeat: no-repeat !important;background-size: cover !important;}&#8221; el_id=&#8221;desk&#8221;][vc_column css=&#8221;.vc_custom_1588591974425{padding-top: 10em !important;padding-bottom: 10em !important;background-position: center !important;background-repeat: no-repeat !important;background-size: cover !important;}&#8221; el_id=&#8221;desk&#8221; offset=&#8221;vc_hidden-sm vc_hidden-xs&#8221;][\/vc_column][\/vc_row][vc_row full_width=&#8221;stretch_row_content_no_spaces&#8221; css=&#8221;.vc_custom_1656946598326{margin-bottom: 2em !important;padding-top: 5em !important;padding-bottom: 5em !important;background-image: url(https:\/\/coateel.it\/wp-content\/uploads\/2022\/07\/Marcegaglia-Coateel-standard-packaging-sheets-header-mobile.jpg?id=19319) !important;background-position: center !important;background-repeat: no-repeat !important;background-size: cover !important;}&#8221; el_id=&#8221;resp&#8221;][vc_column css=&#8221;.vc_custom_1588592239658{background-position: center !important;background-repeat: no-repeat !important;background-size: cover !important;}&#8221; el_id=&#8221;resp&#8221; offset=&#8221;vc_hidden-lg vc_hidden-md&#8221;][\/vc_column][\/vc_row][vc_row full_width=&#8221;stretch_row&#8221; css=&#8221;.vc_custom_1585049350308{margin-bottom: 2em !important;background-position: center !important;background-repeat: no-repeat !important;background-size: cover !important;}&#8221;][vc_column width=&#8221;1\/2&#8243;][vc_column_text]<\/p>\n<h2><span style=\"color: #609657;\">ARKUSZE POWLEKANE<br \/>\n<span style=\"font-size: 16px;\">STANDARDOWE OPAKOWANIE<\/span><br \/>\n<\/span><\/h2>\n<p>[\/vc_column_text][vc_empty_space height=&#8221;20px&#8221;][vc_column_text]Marcegaglia oferuje standard opakowa\u0144 dla wyroby p\u0142askie powlekane.[\/vc_column_text][vc_empty_space height=&#8221;30&#8243;][vc_row_inner el_id=&#8221;resp&#8221; css=&#8221;.vc_custom_1594632999623{margin-bottom: 1em !important;}&#8221;][vc_column_inner width=&#8221;1\/3&#8243; offset=&#8221;vc_col-xs-4&#8243;][vc_single_image image=&#8221;21824&#8243; img_size=&#8221;30&#8243; alignment=&#8221;right&#8221; onclick=&#8221;custom_link&#8221; img_link_target=&#8221;_blank&#8221; link=&#8221;https:\/\/coateel.it\/wp-content\/uploads\/2022\/11\/Marcegaglia-Coateel-standard-packaging-sheets_PL.pdf&#8221;][\/vc_column_inner][vc_column_inner width=&#8221;2\/3&#8243; offset=&#8221;vc_col-xs-4&#8243;][vc_column_text css=&#8221;.vc_custom_1669308922568{margin-left: 0px !important;border-left-width: 0px !important;padding-left: 0px !important;}&#8221;]<span style=\"color: #609657;\">STANDARDOWE OPAKOWANIE &#8211; ARKUSZE<\/span>[\/vc_column_text][\/vc_column_inner][\/vc_row_inner][\/vc_column][vc_column width=&#8221;1\/2&#8243;][vc_empty_space height=&#8221;60&#8243;][vc_row_inner el_id=&#8221;desk&#8221;][vc_column_inner width=&#8221;1\/3&#8243;][vc_single_image image=&#8221;21824&#8243; img_size=&#8221;30&#8243; alignment=&#8221;right&#8221; onclick=&#8221;custom_link&#8221; img_link_target=&#8221;_blank&#8221; link=&#8221;https:\/\/coateel.it\/wp-content\/uploads\/2022\/11\/Marcegaglia-Coateel-standard-packaging-sheets_PL.pdf&#8221;][\/vc_column_inner][vc_column_inner width=&#8221;2\/3&#8243;][vc_column_text css=&#8221;.vc_custom_1669308912130{margin-left: 0px !important;border-left-width: 0px !important;padding-left: 0px !important;}&#8221;]<\/p>\n<div class=\"page\" title=\"Page 38\">\n<div class=\"layoutArea\">\n<div class=\"column\">\n<p>STANDARDOWE OPAKOWANIE &#8211; ARKUSZE<\/p>\n<\/div>\n<\/div>\n<\/div>\n<p><span style=\"color: #609657;\">\u00a0<\/span>[\/vc_column_text][\/vc_column_inner][\/vc_row_inner][\/vc_column][\/vc_row][vc_row][vc_column width=&#8221;1\/2&#8243;]<div id=\"cz_11254\" data-arrows='{\"open\":\"fa fa-angle-down\",\"close\":\"fa fa-angle-up\"}' class=\"cz_11254 cz_acc clr\"><div><div id=\"\"><span class=\"cz_acc_child\"><div>BL3 C<\/div><\/span><div class=\"cz_acc_child_content clr\">[vc_column_text]\u2022 Wszystkie formaty<br \/>\n\u2022 Zastosowanie drewnianych belek (minimum 3)<br \/>\n\u2022 1 pas na belk\u0119<br \/>\n\u2022 Naro\u017cniki dla grubo\u015bci \u2264 2 mm; dla grubo\u015bci &gt; 2 mm naro\u017cniki na zam\u00f3wienie<br \/>\n\u2022 +C: u\u017cycie arkuszy papieru<br \/>\n\u2022 +M: u\u017cycie arkuszy papieru i skrzynki metalowej dla wysy\u0142ki morskiej[\/vc_column_text]<\/div><\/div><div id=\"\"><span class=\"cz_acc_child\"><div>BL5 I<\/div><\/span><div class=\"cz_acc_child_content clr\">[vc_column_text]\u2022 Wszystkie formaty<br \/>\n\u2022 Arkusze na paletach<br \/>\n\u2022 Krzy\u017c (1 na belk\u0119 palety) i ta\u015bmy wzd\u0142u\u017cne (co najmniej 1)<br \/>\n\u2022 Naro\u017cniki dla wszystkich grubo\u015bci<br \/>\n\u2022 +C: u\u017cycie arkuszy papieru<br \/>\n\u2022 +M: u\u017cycie arkuszy papieru i skrzynki metalowej dla wysy\u0142ki morskiej[\/vc_column_text]<\/div><\/div><div id=\"\"><span class=\"cz_acc_child\"><div>BL5 P<\/div><\/span><div class=\"cz_acc_child_content clr\">[vc_column_text]\u2022 Wszystkie formaty<br \/>\n\u2022 Arkusze na paletach (standardowa paleta Marcegaglia)<br \/>\n\u2022 Krzy\u017c (1 na belk\u0119 palety) zabezpieczenia kraw\u0119dzi<br \/>\n\u2022 Naro\u017cniki dla wszystkich grubo\u015bci<br \/>\n\u2022 +C: u\u017cycie arkuszy papieru<br \/>\n\u2022 +M: u\u017cycie arkuszy papieru i skrzynki metalowej dla wysy\u0142ki morskiej[\/vc_column_text]<\/div><\/div><div id=\"\"><span class=\"cz_acc_child\"><div>BL6<\/div><\/span><div class=\"cz_acc_child_content clr\">[vc_column_text]\u2022 Opakowanie zgodne z projektem klienta[\/vc_column_text]<\/div><\/div><\/div><\/div>[\/vc_column][vc_column width=&#8221;1\/2&#8243;]<div id=\"cz_82666\" class=\"cz_82666 slick arrows_mlr no_dots arrows_inner\" data-slick='{\"selector\":\"\",\"slidesToShow\":1,\"slidesToScroll\":1,\"rows\":1,\"fade\":false,\"vertical\":false,\"verticalSwiping\":false,\"infinite\":true,\"speed\":1000,\"swipeToSlide\":true,\"centerMode\":false,\"centerPadding\":\"\",\"variableWidth\":false,\"autoplay\":true,\"autoplaySpeed\":4000,\"dots\":true,\"counts\":false,\"adaptiveHeight\":false,\"responsive\":[{\"breakpoint\":769,\"settings\":{\"slidesToShow\":1,\"slidesToScroll\":1,\"infinite\":true,\"touchMove\":true}},{\"breakpoint\":481,\"settings\":{\"slidesToShow\":1,\"slidesToScroll\":1,\"infinite\":true,\"touchMove\":true}}]}' data-slick-prev=\"fa fa-chevron-left\" data-slick-next=\"fa fa-chevron-right\">[vc_single_image image=&#8221;21785&#8243; img_size=&#8221;full&#8221;][vc_single_image image=&#8221;21786&#8243; img_size=&#8221;full&#8221;][vc_single_image image=&#8221;21780&#8243; img_size=&#8221;full&#8221;][vc_single_image image=&#8221;21781&#8243; img_size=&#8221;full&#8221;][vc_single_image image=&#8221;21782&#8243; img_size=&#8221;full&#8221;][vc_single_image image=&#8221;21787&#8243; img_size=&#8221;full&#8221;]<\/div><div><\/div>[vc_empty_space height=&#8221;30px&#8221;][\/vc_column][\/vc_row][vc_row][vc_column][vc_empty_space height=&#8221;50&#8243;][\/vc_column][\/vc_row]<\/p>\n<\/div>","protected":false},"excerpt":{"rendered":"<p>[vc_column css=&#8221;.vc_custom_1588591974425{padding-top: 10em !important;padding-bottom: 10em !important;background-position: center &#8230; <\/p>\n","protected":false},"author":1,"featured_media":0,"parent":0,"menu_order":0,"comment_status":"closed","ping_status":"closed","template":"","meta":{"footnotes":""},"class_list":["post-21776","page","type-page","status-publish","hentry"],"yoast_head":"<!-- This site is optimized with the Yoast SEO plugin v27.4 - https:\/\/yoast.com\/product\/yoast-seo-wordpress\/ -->\n<title>Standardowe opakowanie - Arkusze powlekane | Marcegaglia Coateel\u00ae<\/title>\n<meta name=\"description\" content=\"Marcegaglia Carbon Steel oferuje standard opakowa\u0144 dla arkusze powlekane.\" \/>\n<meta name=\"robots\" content=\"index, follow, max-snippet:-1, max-image-preview:large, max-video-preview:-1\" \/>\n<link rel=\"canonical\" href=\"https:\/\/coateel.it\/pl\/wyroby-plaskie-powlekane-arkusze-powlekane\/\" \/>\n<meta property=\"og:locale\" content=\"pl_PL\" \/>\n<meta property=\"og:type\" content=\"article\" \/>\n<meta property=\"og:title\" content=\"Standardowe opakowanie - Arkusze powlekane | Marcegaglia Coateel\u00ae\" \/>\n<meta property=\"og:description\" content=\"Marcegaglia Carbon Steel oferuje standard opakowa\u0144 dla arkusze powlekane.\" \/>\n<meta property=\"og:url\" content=\"https:\/\/coateel.it\/pl\/wyroby-plaskie-powlekane-arkusze-powlekane\/\" \/>\n<meta property=\"og:site_name\" content=\"Marcegaglia Coateel\" \/>\n<meta property=\"article:modified_time\" content=\"2023-01-17T10:27:49+00:00\" \/>\n<meta property=\"og:image\" content=\"https:\/\/coateel.it\/wp-content\/uploads\/2024\/03\/Marcegaglia-Coateel-yoast.jpg\" \/>\n\t<meta property=\"og:image:width\" content=\"1200\" \/>\n\t<meta property=\"og:image:height\" content=\"675\" \/>\n\t<meta property=\"og:image:type\" content=\"image\/jpeg\" \/>\n<meta name=\"twitter:card\" content=\"summary_large_image\" \/>\n<meta name=\"twitter:label1\" content=\"Szacowany czas czytania\" \/>\n\t<meta name=\"twitter:data1\" content=\"2 minuty\" \/>\n<script type=\"application\/ld+json\" class=\"yoast-schema-graph\">{\"@context\":\"https:\\\/\\\/schema.org\",\"@graph\":[{\"@type\":\"WebPage\",\"@id\":\"https:\\\/\\\/coateel.it\\\/pl\\\/wyroby-plaskie-powlekane-arkusze-powlekane\\\/\",\"url\":\"https:\\\/\\\/coateel.it\\\/pl\\\/wyroby-plaskie-powlekane-arkusze-powlekane\\\/\",\"name\":\"Standardowe opakowanie - Arkusze powlekane | Marcegaglia Coateel\u00ae\",\"isPartOf\":{\"@id\":\"https:\\\/\\\/coateel.it\\\/pl\\\/#website\"},\"datePublished\":\"2021-02-12T10:42:22+00:00\",\"dateModified\":\"2023-01-17T10:27:49+00:00\",\"description\":\"Marcegaglia Carbon Steel oferuje standard opakowa\u0144 dla arkusze powlekane.\",\"breadcrumb\":{\"@id\":\"https:\\\/\\\/coateel.it\\\/pl\\\/wyroby-plaskie-powlekane-arkusze-powlekane\\\/#breadcrumb\"},\"inLanguage\":\"pl-PL\",\"potentialAction\":[{\"@type\":\"ReadAction\",\"target\":[\"https:\\\/\\\/coateel.it\\\/pl\\\/wyroby-plaskie-powlekane-arkusze-powlekane\\\/\"]}]},{\"@type\":\"BreadcrumbList\",\"@id\":\"https:\\\/\\\/coateel.it\\\/pl\\\/wyroby-plaskie-powlekane-arkusze-powlekane\\\/#breadcrumb\",\"itemListElement\":[{\"@type\":\"ListItem\",\"position\":1,\"name\":\"Home\",\"item\":\"https:\\\/\\\/coateel.it\\\/pl\\\/\"},{\"@type\":\"ListItem\",\"position\":2,\"name\":\"Imballaggi standard &#8211; Lamiere preverniciati &#8211; PL\"}]},{\"@type\":\"WebSite\",\"@id\":\"https:\\\/\\\/coateel.it\\\/pl\\\/#website\",\"url\":\"https:\\\/\\\/coateel.it\\\/pl\\\/\",\"name\":\"Marcegaglia Coateel\",\"description\":\"Our colors, your life\",\"publisher\":{\"@id\":\"https:\\\/\\\/coateel.it\\\/pl\\\/#organization\"},\"potentialAction\":[{\"@type\":\"SearchAction\",\"target\":{\"@type\":\"EntryPoint\",\"urlTemplate\":\"https:\\\/\\\/coateel.it\\\/pl\\\/?s={search_term_string}\"},\"query-input\":{\"@type\":\"PropertyValueSpecification\",\"valueRequired\":true,\"valueName\":\"search_term_string\"}}],\"inLanguage\":\"pl-PL\"},{\"@type\":\"Organization\",\"@id\":\"https:\\\/\\\/coateel.it\\\/pl\\\/#organization\",\"name\":\"Marcegaglia Coateel\",\"alternateName\":\"Coateel\",\"url\":\"https:\\\/\\\/coateel.it\\\/pl\\\/\",\"logo\":{\"@type\":\"ImageObject\",\"inLanguage\":\"pl-PL\",\"@id\":\"https:\\\/\\\/coateel.it\\\/pl\\\/#\\\/schema\\\/logo\\\/image\\\/\",\"url\":\"https:\\\/\\\/coateel.it\\\/wp-content\\\/uploads\\\/2023\\\/08\\\/favicon_marcegaglia-carbon-steel_512x512.jpg\",\"contentUrl\":\"https:\\\/\\\/coateel.it\\\/wp-content\\\/uploads\\\/2023\\\/08\\\/favicon_marcegaglia-carbon-steel_512x512.jpg\",\"width\":512,\"height\":512,\"caption\":\"Marcegaglia Coateel\"},\"image\":{\"@id\":\"https:\\\/\\\/coateel.it\\\/pl\\\/#\\\/schema\\\/logo\\\/image\\\/\"}}]}<\/script>\n<!-- \/ Yoast SEO plugin. -->","yoast_head_json":{"title":"Standardowe opakowanie - Arkusze powlekane | Marcegaglia Coateel\u00ae","description":"Marcegaglia Carbon Steel oferuje standard opakowa\u0144 dla arkusze powlekane.","robots":{"index":"index","follow":"follow","max-snippet":"max-snippet:-1","max-image-preview":"max-image-preview:large","max-video-preview":"max-video-preview:-1"},"canonical":"https:\/\/coateel.it\/pl\/wyroby-plaskie-powlekane-arkusze-powlekane\/","og_locale":"pl_PL","og_type":"article","og_title":"Standardowe opakowanie - Arkusze powlekane | Marcegaglia Coateel\u00ae","og_description":"Marcegaglia Carbon Steel oferuje standard opakowa\u0144 dla arkusze powlekane.","og_url":"https:\/\/coateel.it\/pl\/wyroby-plaskie-powlekane-arkusze-powlekane\/","og_site_name":"Marcegaglia Coateel","article_modified_time":"2023-01-17T10:27:49+00:00","og_image":[{"width":1200,"height":675,"url":"https:\/\/coateel.it\/wp-content\/uploads\/2024\/03\/Marcegaglia-Coateel-yoast.jpg","type":"image\/jpeg"}],"twitter_card":"summary_large_image","twitter_misc":{"Szacowany czas czytania":"2 minuty"},"schema":{"@context":"https:\/\/schema.org","@graph":[{"@type":"WebPage","@id":"https:\/\/coateel.it\/pl\/wyroby-plaskie-powlekane-arkusze-powlekane\/","url":"https:\/\/coateel.it\/pl\/wyroby-plaskie-powlekane-arkusze-powlekane\/","name":"Standardowe opakowanie - Arkusze powlekane | Marcegaglia Coateel\u00ae","isPartOf":{"@id":"https:\/\/coateel.it\/pl\/#website"},"datePublished":"2021-02-12T10:42:22+00:00","dateModified":"2023-01-17T10:27:49+00:00","description":"Marcegaglia Carbon Steel oferuje standard opakowa\u0144 dla arkusze powlekane.","breadcrumb":{"@id":"https:\/\/coateel.it\/pl\/wyroby-plaskie-powlekane-arkusze-powlekane\/#breadcrumb"},"inLanguage":"pl-PL","potentialAction":[{"@type":"ReadAction","target":["https:\/\/coateel.it\/pl\/wyroby-plaskie-powlekane-arkusze-powlekane\/"]}]},{"@type":"BreadcrumbList","@id":"https:\/\/coateel.it\/pl\/wyroby-plaskie-powlekane-arkusze-powlekane\/#breadcrumb","itemListElement":[{"@type":"ListItem","position":1,"name":"Home","item":"https:\/\/coateel.it\/pl\/"},{"@type":"ListItem","position":2,"name":"Imballaggi standard &#8211; Lamiere preverniciati &#8211; PL"}]},{"@type":"WebSite","@id":"https:\/\/coateel.it\/pl\/#website","url":"https:\/\/coateel.it\/pl\/","name":"Marcegaglia Coateel","description":"Our colors, your life","publisher":{"@id":"https:\/\/coateel.it\/pl\/#organization"},"potentialAction":[{"@type":"SearchAction","target":{"@type":"EntryPoint","urlTemplate":"https:\/\/coateel.it\/pl\/?s={search_term_string}"},"query-input":{"@type":"PropertyValueSpecification","valueRequired":true,"valueName":"search_term_string"}}],"inLanguage":"pl-PL"},{"@type":"Organization","@id":"https:\/\/coateel.it\/pl\/#organization","name":"Marcegaglia Coateel","alternateName":"Coateel","url":"https:\/\/coateel.it\/pl\/","logo":{"@type":"ImageObject","inLanguage":"pl-PL","@id":"https:\/\/coateel.it\/pl\/#\/schema\/logo\/image\/","url":"https:\/\/coateel.it\/wp-content\/uploads\/2023\/08\/favicon_marcegaglia-carbon-steel_512x512.jpg","contentUrl":"https:\/\/coateel.it\/wp-content\/uploads\/2023\/08\/favicon_marcegaglia-carbon-steel_512x512.jpg","width":512,"height":512,"caption":"Marcegaglia Coateel"},"image":{"@id":"https:\/\/coateel.it\/pl\/#\/schema\/logo\/image\/"}}]}},"_links":{"self":[{"href":"https:\/\/coateel.it\/pl\/wp-json\/wp\/v2\/pages\/21776","targetHints":{"allow":["GET"]}}],"collection":[{"href":"https:\/\/coateel.it\/pl\/wp-json\/wp\/v2\/pages"}],"about":[{"href":"https:\/\/coateel.it\/pl\/wp-json\/wp\/v2\/types\/page"}],"author":[{"embeddable":true,"href":"https:\/\/coateel.it\/pl\/wp-json\/wp\/v2\/users\/1"}],"replies":[{"embeddable":true,"href":"https:\/\/coateel.it\/pl\/wp-json\/wp\/v2\/comments?post=21776"}],"version-history":[{"count":5,"href":"https:\/\/coateel.it\/pl\/wp-json\/wp\/v2\/pages\/21776\/revisions"}],"predecessor-version":[{"id":23192,"href":"https:\/\/coateel.it\/pl\/wp-json\/wp\/v2\/pages\/21776\/revisions\/23192"}],"wp:attachment":[{"href":"https:\/\/coateel.it\/pl\/wp-json\/wp\/v2\/media?parent=21776"}],"curies":[{"name":"wp","href":"https:\/\/api.w.org\/{rel}","templated":true}]}}