{"id":22329,"date":"2022-06-30T13:52:03","date_gmt":"2022-06-30T13:52:03","guid":{"rendered":"https:\/\/coateel.it\/sistema-verniciante-digital\/"},"modified":"2024-10-22T13:48:50","modified_gmt":"2024-10-22T13:48:50","slug":"digital-system-powlekania","status":"publish","type":"page","link":"https:\/\/coateel.it\/pl\/digital-system-powlekania\/","title":{"rendered":"Coateel &#8211; Sistema verniciante &#8211; Digital &#8211; PL"},"content":{"rendered":"<div class=\"wpb-content-wrapper\"><p>[vc_row full_width=&#8221;stretch_row_content_no_spaces&#8221; css=&#8221;.vc_custom_1729604903573{margin-bottom: 2em !important;background-image: url(https:\/\/coateel.it\/wp-content\/uploads\/2024\/10\/Marcegaglia-Coateel-digital-coating-system-header.jpg?id=23690) !important;background-position: center !important;background-repeat: no-repeat !important;background-size: cover !important;}&#8221; el_id=&#8221;desk&#8221;][vc_column css=&#8221;.vc_custom_1588591974425{padding-top: 10em !important;padding-bottom: 10em !important;background-position: center !important;background-repeat: no-repeat !important;background-size: cover !important;}&#8221; el_id=&#8221;desk&#8221; offset=&#8221;vc_hidden-sm vc_hidden-xs&#8221;][\/vc_column][\/vc_row][vc_row full_width=&#8221;stretch_row_content_no_spaces&#8221; css=&#8221;.vc_custom_1729604918584{margin-bottom: 2em !important;padding-top: 5em !important;padding-bottom: 5em !important;background-image: url(https:\/\/coateel.it\/wp-content\/uploads\/2024\/10\/Marcegaglia-Coateel-digital-coating-system-header-mobile.jpg?id=23697) !important;background-position: center !important;background-repeat: no-repeat !important;background-size: cover !important;}&#8221; el_id=&#8221;resp&#8221;][vc_column css=&#8221;.vc_custom_1588592239658{background-position: center !important;background-repeat: no-repeat !important;background-size: cover !important;}&#8221; el_id=&#8221;resp&#8221; offset=&#8221;vc_hidden-lg vc_hidden-md&#8221;][\/vc_column][\/vc_row][vc_row full_width=&#8221;stretch_row&#8221; css=&#8221;.vc_custom_1585049350308{margin-bottom: 2em !important;background-position: center !important;background-repeat: no-repeat !important;background-size: cover !important;}&#8221;][vc_column width=&#8221;1\/2&#8243; css=&#8221;.vc_custom_1656515777122{margin-right: 500px !important;}&#8221;][vc_column_text]<\/p>\n<h2><span style=\"color: #d06d2c;\">DIGITAL SYSTEM POWLEKANIA<\/span><\/h2>\n<p>[\/vc_column_text][vc_empty_space height=&#8221;30px&#8221;][vc_column_text]<strong>CA\u0141KOWICIE DOSTOSOWANE ROZWI\u0104ZANIE<\/strong><br \/>\nBior\u0105c pod uwag\u0119 trendy rynkowe w kierunku <strong>dostosowywania produkt\u00f3w<\/strong>, stworzyli\u015bmy <strong>innowacyjne<\/strong>, zaawansowane technologicznie rozwi\u0105zanie, kt\u00f3re integruje <strong>druk cyfrowy<\/strong> z ci\u0105g\u0142\u0105 obr\u00f3bk\u0105 zwoj\u00f3w stali na <strong>du\u017c\u0105 skal\u0119<\/strong>.<\/p>\n<p><strong><span style=\"color: #d06d2c;\">CROMATICA<\/span><\/strong> to najnowsza ewolucja firmy COATEEL<sup>\u00ae<\/sup>, prowadz\u0105ca do ca\u0142kowitej personalizacji powierzchni i sensorycznego wygl\u0105du stali, tak aby zaspokoi\u0107 wszelkie wymagania wyobra\u017ani, przybli\u017caj\u0105c w ten spos\u00f3b \u015bwiat stali do architektury i wzornictwa.[\/vc_column_text][vc_empty_space height=&#8221;30px&#8221;][vc_row_inner][vc_column_inner width=&#8221;1\/2&#8243;][vc_column_text]<span style=\"font-size: 10px;\"><a href=\"https:\/\/coateel.it\/wp-content\/uploads\/2022\/12\/Marcegaglia-Coateel-digital-coating-system-CPMD-PL.pdf\" target=\"_blank\" rel=\"noopener\"><img decoding=\"async\" class=\"alignnone wp-image-18998 size-full\" src=\"https:\/\/coateel.it\/wp-content\/uploads\/2022\/06\/CMPD-cromatica-icona.png\" alt=\"\" width=\"62\" height=\"81\" \/><\/a><span style=\"font-size: 11px;\">POBIERZ DOKUMENTACJ\u0118 TECHNICZN\u0104<\/span><br \/>\n<\/span>[\/vc_column_text][\/vc_column_inner][vc_column_inner width=&#8221;1\/2&#8243;][vc_empty_space height=&#8221;40px&#8221;][vc_column_text]<span style=\"font-size: 10px;\"><a href=\"https:\/\/cromatica.marcegaglia.com\/en\/home-2\/\" target=\"_blank\" rel=\"noopener\"><strong><span style=\"color: #d06d2c; font-size: 12px;\"><img decoding=\"async\" class=\"alignnone size-full wp-image-19010\" src=\"https:\/\/coateel.it\/wp-content\/uploads\/2022\/06\/website-icona-1.png\" alt=\"\" width=\"40\" height=\"40\" \/><\/span><\/strong><\/a><span style=\"color: #d06d2c; font-size: 11px;\">ODWIED\u0179 STRON\u0118<\/span><br \/>\n<\/span>[\/vc_column_text][\/vc_column_inner][\/vc_row_inner][\/vc_column][vc_column width=&#8221;1\/2&#8243;][vc_empty_space height=&#8221;60&#8243;][vc_single_image image=&#8221;23424&#8243; img_size=&#8221;full&#8221; alignment=&#8221;center&#8221; onclick=&#8221;custom_link&#8221;][vc_empty_space height=&#8221;30&#8243;][vc_single_image image=&#8221;22337&#8243; img_size=&#8221;full&#8221; alignment=&#8221;center&#8221;][\/vc_column][\/vc_row][vc_row][vc_column width=&#8221;1\/2&#8243;][vc_single_image image=&#8221;22338&#8243; img_size=&#8221;full&#8221;][\/vc_column][vc_column width=&#8221;1\/2&#8243;][vc_empty_space][vc_images_carousel images=&#8221;23344,22343,22342,23651,23658,23330,23672,23679&#8243; img_size=&#8221;377&#215;218&#8243; onclick=&#8221;link_no&#8221; autoplay=&#8221;yes&#8221; hide_pagination_control=&#8221;yes&#8221; wrap=&#8221;yes&#8221; el_id=&#8221;slider_coateel&#8221;][\/vc_column][\/vc_row][vc_row][vc_column][vc_single_image image=&#8221;23644&#8243; img_size=&#8221;full&#8221;][\/vc_column][\/vc_row]<\/p>\n<\/div>","protected":false},"excerpt":{"rendered":"<p>[vc_column css=&#8221;.vc_custom_1588591974425{padding-top: 10em !important;padding-bottom: 10em !important;background-position: center &#8230; <\/p>\n","protected":false},"author":1,"featured_media":0,"parent":0,"menu_order":0,"comment_status":"closed","ping_status":"closed","template":"","meta":{"footnotes":""},"class_list":["post-22329","page","type-page","status-publish","hentry"],"yoast_head":"<!-- This site is optimized with the Yoast SEO plugin v27.4 - https:\/\/yoast.com\/product\/yoast-seo-wordpress\/ -->\n<title>Digital system powlekania | Marcegaglia Coateel\u00ae<\/title>\n<meta name=\"description\" content=\"Innowacyjne, zaawansowane technologicznie rozwi\u0105zanie, kt\u00f3re integruje druk cyfrowy z ci\u0105g\u0142\u0105 obr\u00f3bk\u0105 zwoj\u00f3w stali na du\u017c\u0105 skal\u0119.\" \/>\n<meta name=\"robots\" content=\"index, follow, max-snippet:-1, max-image-preview:large, max-video-preview:-1\" \/>\n<link rel=\"canonical\" href=\"https:\/\/coateel.it\/pl\/digital-system-powlekania\/\" \/>\n<meta property=\"og:locale\" content=\"pl_PL\" \/>\n<meta property=\"og:type\" content=\"article\" \/>\n<meta property=\"og:title\" content=\"Digital system powlekania | Marcegaglia Coateel\u00ae\" \/>\n<meta property=\"og:description\" content=\"Innowacyjne, zaawansowane technologicznie rozwi\u0105zanie, kt\u00f3re integruje druk cyfrowy z ci\u0105g\u0142\u0105 obr\u00f3bk\u0105 zwoj\u00f3w stali na du\u017c\u0105 skal\u0119.\" \/>\n<meta property=\"og:url\" content=\"https:\/\/coateel.it\/pl\/digital-system-powlekania\/\" \/>\n<meta property=\"og:site_name\" content=\"Marcegaglia Coateel\" \/>\n<meta property=\"article:modified_time\" content=\"2024-10-22T13:48:50+00:00\" \/>\n<meta property=\"og:image\" content=\"https:\/\/coateel.it\/wp-content\/uploads\/2022\/06\/CMPD-cromatica-icona.png\" \/>\n<meta name=\"twitter:card\" content=\"summary_large_image\" \/>\n<meta name=\"twitter:label1\" content=\"Szacowany czas czytania\" \/>\n\t<meta name=\"twitter:data1\" content=\"2 minuty\" \/>\n<script type=\"application\/ld+json\" class=\"yoast-schema-graph\">{\"@context\":\"https:\\\/\\\/schema.org\",\"@graph\":[{\"@type\":\"WebPage\",\"@id\":\"https:\\\/\\\/coateel.it\\\/pl\\\/digital-system-powlekania\\\/\",\"url\":\"https:\\\/\\\/coateel.it\\\/pl\\\/digital-system-powlekania\\\/\",\"name\":\"Digital system powlekania | Marcegaglia Coateel\u00ae\",\"isPartOf\":{\"@id\":\"https:\\\/\\\/coateel.it\\\/pl\\\/#website\"},\"primaryImageOfPage\":{\"@id\":\"https:\\\/\\\/coateel.it\\\/pl\\\/digital-system-powlekania\\\/#primaryimage\"},\"image\":{\"@id\":\"https:\\\/\\\/coateel.it\\\/pl\\\/digital-system-powlekania\\\/#primaryimage\"},\"thumbnailUrl\":\"https:\\\/\\\/coateel.it\\\/wp-content\\\/uploads\\\/2022\\\/06\\\/CMPD-cromatica-icona.png\",\"datePublished\":\"2022-06-30T13:52:03+00:00\",\"dateModified\":\"2024-10-22T13:48:50+00:00\",\"description\":\"Innowacyjne, zaawansowane technologicznie rozwi\u0105zanie, kt\u00f3re integruje druk cyfrowy z ci\u0105g\u0142\u0105 obr\u00f3bk\u0105 zwoj\u00f3w stali na du\u017c\u0105 skal\u0119.\",\"breadcrumb\":{\"@id\":\"https:\\\/\\\/coateel.it\\\/pl\\\/digital-system-powlekania\\\/#breadcrumb\"},\"inLanguage\":\"pl-PL\",\"potentialAction\":[{\"@type\":\"ReadAction\",\"target\":[\"https:\\\/\\\/coateel.it\\\/pl\\\/digital-system-powlekania\\\/\"]}]},{\"@type\":\"ImageObject\",\"inLanguage\":\"pl-PL\",\"@id\":\"https:\\\/\\\/coateel.it\\\/pl\\\/digital-system-powlekania\\\/#primaryimage\",\"url\":\"https:\\\/\\\/coateel.it\\\/wp-content\\\/uploads\\\/2022\\\/06\\\/CMPD-cromatica-icona.png\",\"contentUrl\":\"https:\\\/\\\/coateel.it\\\/wp-content\\\/uploads\\\/2022\\\/06\\\/CMPD-cromatica-icona.png\"},{\"@type\":\"BreadcrumbList\",\"@id\":\"https:\\\/\\\/coateel.it\\\/pl\\\/digital-system-powlekania\\\/#breadcrumb\",\"itemListElement\":[{\"@type\":\"ListItem\",\"position\":1,\"name\":\"Home\",\"item\":\"https:\\\/\\\/coateel.it\\\/pl\\\/\"},{\"@type\":\"ListItem\",\"position\":2,\"name\":\"Coateel &#8211; Sistema verniciante &#8211; Digital &#8211; PL\"}]},{\"@type\":\"WebSite\",\"@id\":\"https:\\\/\\\/coateel.it\\\/pl\\\/#website\",\"url\":\"https:\\\/\\\/coateel.it\\\/pl\\\/\",\"name\":\"Marcegaglia Coateel\",\"description\":\"Our colors, your life\",\"publisher\":{\"@id\":\"https:\\\/\\\/coateel.it\\\/pl\\\/#organization\"},\"potentialAction\":[{\"@type\":\"SearchAction\",\"target\":{\"@type\":\"EntryPoint\",\"urlTemplate\":\"https:\\\/\\\/coateel.it\\\/pl\\\/?s={search_term_string}\"},\"query-input\":{\"@type\":\"PropertyValueSpecification\",\"valueRequired\":true,\"valueName\":\"search_term_string\"}}],\"inLanguage\":\"pl-PL\"},{\"@type\":\"Organization\",\"@id\":\"https:\\\/\\\/coateel.it\\\/pl\\\/#organization\",\"name\":\"Marcegaglia Coateel\",\"alternateName\":\"Coateel\",\"url\":\"https:\\\/\\\/coateel.it\\\/pl\\\/\",\"logo\":{\"@type\":\"ImageObject\",\"inLanguage\":\"pl-PL\",\"@id\":\"https:\\\/\\\/coateel.it\\\/pl\\\/#\\\/schema\\\/logo\\\/image\\\/\",\"url\":\"https:\\\/\\\/coateel.it\\\/wp-content\\\/uploads\\\/2023\\\/08\\\/favicon_marcegaglia-carbon-steel_512x512.jpg\",\"contentUrl\":\"https:\\\/\\\/coateel.it\\\/wp-content\\\/uploads\\\/2023\\\/08\\\/favicon_marcegaglia-carbon-steel_512x512.jpg\",\"width\":512,\"height\":512,\"caption\":\"Marcegaglia Coateel\"},\"image\":{\"@id\":\"https:\\\/\\\/coateel.it\\\/pl\\\/#\\\/schema\\\/logo\\\/image\\\/\"}}]}<\/script>\n<!-- \/ Yoast SEO plugin. -->","yoast_head_json":{"title":"Digital system powlekania | Marcegaglia Coateel\u00ae","description":"Innowacyjne, zaawansowane technologicznie rozwi\u0105zanie, kt\u00f3re integruje druk cyfrowy z ci\u0105g\u0142\u0105 obr\u00f3bk\u0105 zwoj\u00f3w stali na du\u017c\u0105 skal\u0119.","robots":{"index":"index","follow":"follow","max-snippet":"max-snippet:-1","max-image-preview":"max-image-preview:large","max-video-preview":"max-video-preview:-1"},"canonical":"https:\/\/coateel.it\/pl\/digital-system-powlekania\/","og_locale":"pl_PL","og_type":"article","og_title":"Digital system powlekania | Marcegaglia Coateel\u00ae","og_description":"Innowacyjne, zaawansowane technologicznie rozwi\u0105zanie, kt\u00f3re integruje druk cyfrowy z ci\u0105g\u0142\u0105 obr\u00f3bk\u0105 zwoj\u00f3w stali na du\u017c\u0105 skal\u0119.","og_url":"https:\/\/coateel.it\/pl\/digital-system-powlekania\/","og_site_name":"Marcegaglia Coateel","article_modified_time":"2024-10-22T13:48:50+00:00","og_image":[{"url":"https:\/\/coateel.it\/wp-content\/uploads\/2022\/06\/CMPD-cromatica-icona.png","type":"","width":"","height":""}],"twitter_card":"summary_large_image","twitter_misc":{"Szacowany czas czytania":"2 minuty"},"schema":{"@context":"https:\/\/schema.org","@graph":[{"@type":"WebPage","@id":"https:\/\/coateel.it\/pl\/digital-system-powlekania\/","url":"https:\/\/coateel.it\/pl\/digital-system-powlekania\/","name":"Digital system powlekania | Marcegaglia Coateel\u00ae","isPartOf":{"@id":"https:\/\/coateel.it\/pl\/#website"},"primaryImageOfPage":{"@id":"https:\/\/coateel.it\/pl\/digital-system-powlekania\/#primaryimage"},"image":{"@id":"https:\/\/coateel.it\/pl\/digital-system-powlekania\/#primaryimage"},"thumbnailUrl":"https:\/\/coateel.it\/wp-content\/uploads\/2022\/06\/CMPD-cromatica-icona.png","datePublished":"2022-06-30T13:52:03+00:00","dateModified":"2024-10-22T13:48:50+00:00","description":"Innowacyjne, zaawansowane technologicznie rozwi\u0105zanie, kt\u00f3re integruje druk cyfrowy z ci\u0105g\u0142\u0105 obr\u00f3bk\u0105 zwoj\u00f3w stali na du\u017c\u0105 skal\u0119.","breadcrumb":{"@id":"https:\/\/coateel.it\/pl\/digital-system-powlekania\/#breadcrumb"},"inLanguage":"pl-PL","potentialAction":[{"@type":"ReadAction","target":["https:\/\/coateel.it\/pl\/digital-system-powlekania\/"]}]},{"@type":"ImageObject","inLanguage":"pl-PL","@id":"https:\/\/coateel.it\/pl\/digital-system-powlekania\/#primaryimage","url":"https:\/\/coateel.it\/wp-content\/uploads\/2022\/06\/CMPD-cromatica-icona.png","contentUrl":"https:\/\/coateel.it\/wp-content\/uploads\/2022\/06\/CMPD-cromatica-icona.png"},{"@type":"BreadcrumbList","@id":"https:\/\/coateel.it\/pl\/digital-system-powlekania\/#breadcrumb","itemListElement":[{"@type":"ListItem","position":1,"name":"Home","item":"https:\/\/coateel.it\/pl\/"},{"@type":"ListItem","position":2,"name":"Coateel &#8211; Sistema verniciante &#8211; Digital &#8211; PL"}]},{"@type":"WebSite","@id":"https:\/\/coateel.it\/pl\/#website","url":"https:\/\/coateel.it\/pl\/","name":"Marcegaglia Coateel","description":"Our colors, your life","publisher":{"@id":"https:\/\/coateel.it\/pl\/#organization"},"potentialAction":[{"@type":"SearchAction","target":{"@type":"EntryPoint","urlTemplate":"https:\/\/coateel.it\/pl\/?s={search_term_string}"},"query-input":{"@type":"PropertyValueSpecification","valueRequired":true,"valueName":"search_term_string"}}],"inLanguage":"pl-PL"},{"@type":"Organization","@id":"https:\/\/coateel.it\/pl\/#organization","name":"Marcegaglia Coateel","alternateName":"Coateel","url":"https:\/\/coateel.it\/pl\/","logo":{"@type":"ImageObject","inLanguage":"pl-PL","@id":"https:\/\/coateel.it\/pl\/#\/schema\/logo\/image\/","url":"https:\/\/coateel.it\/wp-content\/uploads\/2023\/08\/favicon_marcegaglia-carbon-steel_512x512.jpg","contentUrl":"https:\/\/coateel.it\/wp-content\/uploads\/2023\/08\/favicon_marcegaglia-carbon-steel_512x512.jpg","width":512,"height":512,"caption":"Marcegaglia Coateel"},"image":{"@id":"https:\/\/coateel.it\/pl\/#\/schema\/logo\/image\/"}}]}},"_links":{"self":[{"href":"https:\/\/coateel.it\/pl\/wp-json\/wp\/v2\/pages\/22329","targetHints":{"allow":["GET"]}}],"collection":[{"href":"https:\/\/coateel.it\/pl\/wp-json\/wp\/v2\/pages"}],"about":[{"href":"https:\/\/coateel.it\/pl\/wp-json\/wp\/v2\/types\/page"}],"author":[{"embeddable":true,"href":"https:\/\/coateel.it\/pl\/wp-json\/wp\/v2\/users\/1"}],"replies":[{"embeddable":true,"href":"https:\/\/coateel.it\/pl\/wp-json\/wp\/v2\/comments?post=22329"}],"version-history":[{"count":5,"href":"https:\/\/coateel.it\/pl\/wp-json\/wp\/v2\/pages\/22329\/revisions"}],"predecessor-version":[{"id":23720,"href":"https:\/\/coateel.it\/pl\/wp-json\/wp\/v2\/pages\/22329\/revisions\/23720"}],"wp:attachment":[{"href":"https:\/\/coateel.it\/pl\/wp-json\/wp\/v2\/media?parent=22329"}],"curies":[{"name":"wp","href":"https:\/\/api.w.org\/{rel}","templated":true}]}}