{"id":22434,"date":"2022-07-01T10:15:10","date_gmt":"2022-07-01T10:15:10","guid":{"rendered":"https:\/\/coateel.it\/gamma-produttiva\/"},"modified":"2025-06-11T10:02:41","modified_gmt":"2025-06-11T10:02:41","slug":"generala-produs","status":"publish","type":"page","link":"https:\/\/coateel.it\/ro\/generala-produs\/","title":{"rendered":"Coateel &#8211; Gamma produttiva &#8211; RO"},"content":{"rendered":"<div class=\"wpb-content-wrapper\"><p>[vc_row full_width=&#8221;stretch_row_content_no_spaces&#8221; css=&#8221;.vc_custom_1656671287658{margin-bottom: 2em !important;background-image: url(https:\/\/coateel.it\/wp-content\/uploads\/2022\/07\/Marcegaglia-Coateel-product-range.jpg?id=19188) !important;background-position: center !important;background-repeat: no-repeat !important;background-size: cover !important;}&#8221; el_id=&#8221;desk&#8221;][vc_column css=&#8221;.vc_custom_1588591974425{padding-top: 10em !important;padding-bottom: 10em !important;background-position: center !important;background-repeat: no-repeat !important;background-size: cover !important;}&#8221; el_id=&#8221;desk&#8221; offset=&#8221;vc_hidden-sm vc_hidden-xs&#8221;][\/vc_column][\/vc_row][vc_row full_width=&#8221;stretch_row_content_no_spaces&#8221; css=&#8221;.vc_custom_1656671306848{margin-bottom: 2em !important;padding-top: 5em !important;padding-bottom: 5em !important;background-image: url(https:\/\/coateel.it\/wp-content\/uploads\/2022\/07\/Marcegaglia-Coateel-product-range-mobile.jpg?id=19190) !important;background-position: center !important;background-repeat: no-repeat !important;background-size: cover !important;}&#8221; el_id=&#8221;resp&#8221;][vc_column css=&#8221;.vc_custom_1588592239658{background-position: center !important;background-repeat: no-repeat !important;background-size: cover !important;}&#8221; el_id=&#8221;resp&#8221; offset=&#8221;vc_hidden-lg vc_hidden-md&#8221;][\/vc_column][\/vc_row][vc_row full_width=&#8221;stretch_row&#8221; css=&#8221;.vc_custom_1585049350308{margin-bottom: 2em !important;background-position: center !important;background-repeat: no-repeat !important;background-size: cover !important;}&#8221;][vc_column width=&#8221;1\/2&#8243; css=&#8221;.vc_custom_1656515777122{margin-right: 500px !important;}&#8221;][vc_column_text]<\/p>\n<h2><span style=\"color: #609657;\">ACOPERIREA PERFECT\u0102 PENTRU NECESIT\u0102\u021aILE DVS.<\/span><\/h2>\n<p>[\/vc_column_text][vc_empty_space height=&#8221;30px&#8221;][vc_column_text]COATEEL<sup>\u00ae<\/sup> este rezultatul capacit\u0103\u021bii noastre de <strong>inovare<\/strong> \u00eembinate cu <strong>expertiza tehnic\u0103<\/strong> \u0219i cu <strong>flexibilitatea produc\u021biei<\/strong> pentru \u00eendeplinirea rapid\u0103 a necesit\u0103\u021bilor clien\u021bilor.<br \/>\n<strong>Sinergia<\/strong> c\u00e2torva straturi diferite care interac\u021bioneaz\u0103 pentru armarea suportului bazei de o\u021bel carbon galvanizat asigur\u0103 performan\u021b\u0103 maxim\u0103 \u00een ceea ce prive\u0219te rezisten\u021ba la coroziune \u0219i la radia\u021biile UV, luminozitatea, elasticitatea \u0219i durabilitatea, precum \u0219i o gam\u0103 larg\u0103 de culori.<br \/>\nEchipa noastr\u0103 specializat\u0103 este preg\u0103tit\u0103 s\u0103 analizeze solu\u021bia cea mai eficient\u0103, \u00een parteneriat cu clientul, \u00een func\u021bie de utilizarea final\u0103.[\/vc_column_text][vc_empty_space height=&#8221;30px&#8221;][vc_column_text]COATEEL<sup>\u00ae<\/sup> este fabricat \u00een Ravenna, Italia, \u00een <strong>cea mai mare uzin\u0103 metalurgic\u0103 a Marcegaglia<\/strong>, principalul centru logistic \u0219i intermodal al tuturor activit\u0103\u021bilor industriale ale grupului, uzin\u0103 care a fost adus\u0103 la zi la nivelul tehnologiilor de top Industry 4.0, datorit\u0103 unui plan major de investi\u021bii, care a crescut de cinci ori \u00een ultimii dou\u0103zeci de ani \u0219i care a dus la dublarea capacit\u0103\u021bilor de produc\u021bie de rulouri \u0219i tabl\u0103 COATEEL<sup>\u00ae<\/sup>.[\/vc_column_text][\/vc_column][vc_column width=&#8221;1\/2&#8243;][vc_empty_space height=&#8221;60&#8243;][vc_row_inner][vc_column_inner][vc_single_image image=&#8221;22438&#8243; img_size=&#8221;550&#215;351&#8243;][\/vc_column_inner][\/vc_row_inner][vc_empty_space height=&#8221;50&#8243;][vc_row_inner][vc_column_inner width=&#8221;1\/3&#8243;][vc_single_image image=&#8221;22600&#8243; img_size=&#8221;30px&#8221; alignment=&#8221;right&#8221; onclick=&#8221;custom_link&#8221; img_link_target=&#8221;_blank&#8221; link=&#8221;https:\/\/coateel.it\/wp-content\/uploads\/2025\/06\/Marcegaglia-Coateel-coating-system-overview-RO.pdf&#8221;][\/vc_column_inner][vc_column_inner width=&#8221;2\/3&#8243;][vc_column_text]<span style=\"color: #609657;\">COATING SYSTEM OVERVIEW<\/span>[\/vc_column_text][\/vc_column_inner][\/vc_row_inner][\/vc_column][\/vc_row][vc_row][vc_column][vc_empty_space height=&#8221;50&#8243;][\/vc_column][\/vc_row][vc_row full_width=&#8221;stretch_row&#8221; css=&#8221;.vc_custom_1585049350308{margin-bottom: 2em !important;background-position: center !important;background-repeat: no-repeat !important;background-size: cover !important;}&#8221;][vc_column width=&#8221;1\/2&#8243;][vc_row_inner][vc_column_inner][vc_single_image image=&#8221;22448&#8243; img_size=&#8221;full&#8221;][\/vc_column_inner][\/vc_row_inner][vc_empty_space height=&#8221;50&#8243;][\/vc_column][vc_column width=&#8221;1\/2&#8243; css=&#8221;.vc_custom_1656515777122{margin-right: 500px !important;}&#8221;][vc_column_text]<\/p>\n<p style=\"line-height: 20px;\"><span style=\"font-size: 16px;\"><span style=\"color: #609657;\"><strong>FILM DE FINISARE<\/strong><\/span><\/span><br \/>\n<span style=\"color: #609657;\">O vopsea diferit\u0103 pentru fiecare produs necesar.<\/span><\/p>\n<p>[\/vc_column_text][vc_empty_space height=&#8221;10&#8243;][vc_column_text]<\/p>\n<p style=\"line-height: 16px;\"><span style=\"font-size: 14px;\"><strong>PE<\/strong> poliester<\/span><br \/>\n<span style=\"font-size: 14px;\"><strong>PE PA<\/strong> poliester-poliamid\u0103<\/span><br \/>\n<span style=\"font-size: 14px;\"><strong>PE MOD<\/strong> poliester modificat<\/span><br \/>\n<span style=\"font-size: 14px;\"><strong>PE FLEX<\/strong> poliester cu caten\u0103 lung\u0103<\/span><br \/>\n<span style=\"font-size: 14px;\"><strong>PVDF<\/strong> fluorur\u0103 de poliviniliden<\/span><br \/>\n<span style=\"font-size: 14px;\"><strong>PUR<\/strong> poliuretan<\/span><br \/>\n<span style=\"font-size: 14px;\"><strong>PUR PA<\/strong> poliuretan armat cu poliamid\u0103<\/span><br \/>\n<span style=\"font-size: 14px;\"><strong>PUR MOD<\/strong> poliuretan modificat<\/span><br \/>\n<span style=\"font-size: 14px;\"><strong>SPE<\/strong> super-poliester<\/span><br \/>\n<span style=\"font-size: 14px;\"><strong>SPE PA<\/strong> super poliester-poliamid\u0103<\/span><br \/>\n<span style=\"font-size: 14px;\"><strong>SPE PUR<\/strong> super poliester-poliuretan<\/span><br \/>\n<span style=\"font-size: 14px;\"><strong>PLASTISOL<\/strong> clorur\u0103 de polivinil PVC<\/span><\/p>\n<p>[\/vc_column_text][vc_empty_space height=&#8221;50&#8243;][vc_column_text]<\/p>\n<p style=\"line-height: 20px;\"><span style=\"font-size: 16px;\"><span style=\"color: #609657;\"><strong>GRUND<\/strong><\/span><\/span><br \/>\n<span style=\"color: #609657;\">\u00cen func\u021bie de utilizarea final\u0103, sunt utilizarea diferite tipuri de grund anti-coroziune pentru a spori rezisten\u021ba la coroziune, inclusiv \u00een situa\u021bii extreme.<\/span><\/p>\n<p>[\/vc_column_text][vc_empty_space height=&#8221;10&#8243;][vc_column_text]<\/p>\n<p style=\"line-height: 16px;\"><span style=\"font-size: 14px;\"><strong>PE<\/strong> primer epossipoliestere<\/span><br \/>\n<span style=\"font-size: 14px;\"><strong>PUR<\/strong> primer poliuretanico<\/span><br \/>\n<span style=\"font-size: 14px;\"><strong>ACR<\/strong> primer acrilico<\/span><span style=\"font-size: 14px;\"><br \/>\n<\/span><\/p>\n<p>[\/vc_column_text][vc_empty_space height=&#8221;50&#8243;][vc_column_text]<\/p>\n<p style=\"line-height: 20px;\"><span style=\"font-size: 16px;\"><span style=\"color: #609657;\"><strong>SUPORT<\/strong><\/span><\/span><br \/>\n<span style=\"color: #609657;\">O\u021bel galvanizat cu op\u021biuni multiple \u00een ceea ce prive\u0219te calitatea \u0219i excelen\u021ba propriet\u0103\u021bilor de profilare, o garan\u021bie Marcegaglia a durabilit\u0103\u021bii \u00een timp a produsului finit \u0219i a protec\u021biei fa\u021b\u0103 de coroziune.<\/span><\/p>\n<p>[\/vc_column_text][vc_empty_space height=&#8221;10&#8243;][vc_column_text]<\/p>\n<p style=\"line-height: 16px;\"><span style=\"font-size: 14px;\">Z100, Z140, Z200, Z225, Z275<\/span><span style=\"font-size: 14px;\"><br \/>\n<\/span><\/p>\n<p>[\/vc_column_text][vc_empty_space height=&#8221;50&#8243;][vc_column_text]<\/p>\n<p style=\"line-height: 20px;\"><span style=\"font-size: 16px;\"><span style=\"color: #609657;\"><strong>BACK COAT<\/strong><\/span><\/span><br \/>\n<span style=\"color: #609657;\">Strat de baz\u0103 (5\/7, 10 sau 12 \u03bcm) din poliester epoxidic, care garanteaz\u0103 aderen\u021ba la spumele PUR-PIR \u0219i la adezivii de poliuretan.<br \/>\nRezisten\u021b\u0103 temporar\u0103 la agresiune chimic\u0103, performan\u021b\u0103 bun\u0103 de prelucrare.<\/span><\/p>\n<p>[\/vc_column_text][\/vc_column][\/vc_row][vc_row][vc_column][vc_empty_space height=&#8221;50&#8243;][\/vc_column][\/vc_row]<\/p>\n<\/div>","protected":false},"excerpt":{"rendered":"<p>[vc_column css=&#8221;.vc_custom_1588591974425{padding-top: 10em !important;padding-bottom: 10em !important;background-position: center &#8230; <\/p>\n","protected":false},"author":1,"featured_media":0,"parent":0,"menu_order":0,"comment_status":"closed","ping_status":"closed","template":"","meta":{"footnotes":""},"class_list":["post-22434","page","type-page","status-publish","hentry"],"yoast_head":"<!-- This site is optimized with the Yoast SEO plugin v27.5 - https:\/\/yoast.com\/product\/yoast-seo-wordpress\/ -->\n<title>Acoperirea perfect\u0103 pentru necesit\u0103\u021bile dvs | Marcegaglia Coateel\u00ae<\/title>\n<meta name=\"description\" content=\"COATEEL\u00ae este rezultatul capacit\u0103\u021bii de inovare, competen\u021bei \u0219i flexibilit\u0103\u021bii produc\u021biei, pentru a r\u0103spunde rapid nevoilor clien\u021bilor.\" \/>\n<meta name=\"robots\" content=\"index, follow, max-snippet:-1, max-image-preview:large, max-video-preview:-1\" \/>\n<link rel=\"canonical\" href=\"https:\/\/coateel.it\/ro\/generala-produs\/\" \/>\n<meta property=\"og:locale\" content=\"ro_RO\" \/>\n<meta property=\"og:type\" content=\"article\" \/>\n<meta property=\"og:title\" content=\"Acoperirea perfect\u0103 pentru necesit\u0103\u021bile dvs | Marcegaglia Coateel\u00ae\" \/>\n<meta property=\"og:description\" content=\"COATEEL\u00ae este rezultatul capacit\u0103\u021bii de inovare, competen\u021bei \u0219i flexibilit\u0103\u021bii produc\u021biei, pentru a r\u0103spunde rapid nevoilor clien\u021bilor.\" \/>\n<meta property=\"og:url\" content=\"https:\/\/coateel.it\/ro\/generala-produs\/\" \/>\n<meta property=\"og:site_name\" content=\"Marcegaglia Coateel\" \/>\n<meta property=\"article:modified_time\" content=\"2025-06-11T10:02:41+00:00\" \/>\n<meta property=\"og:image\" content=\"https:\/\/coateel.it\/wp-content\/uploads\/2024\/03\/Marcegaglia-Coateel-yoast.jpg\" \/>\n\t<meta property=\"og:image:width\" content=\"1200\" \/>\n\t<meta property=\"og:image:height\" content=\"675\" \/>\n\t<meta property=\"og:image:type\" content=\"image\/jpeg\" \/>\n<meta name=\"twitter:card\" content=\"summary_large_image\" \/>\n<meta name=\"twitter:label1\" content=\"Timp estimat pentru citire\" \/>\n\t<meta name=\"twitter:data1\" content=\"3 minute\" \/>\n<script type=\"application\/ld+json\" class=\"yoast-schema-graph\">{\"@context\":\"https:\\\/\\\/schema.org\",\"@graph\":[{\"@type\":\"WebPage\",\"@id\":\"https:\\\/\\\/coateel.it\\\/ro\\\/generala-produs\\\/\",\"url\":\"https:\\\/\\\/coateel.it\\\/ro\\\/generala-produs\\\/\",\"name\":\"Acoperirea perfect\u0103 pentru necesit\u0103\u021bile dvs | Marcegaglia Coateel\u00ae\",\"isPartOf\":{\"@id\":\"https:\\\/\\\/coateel.it\\\/ro\\\/#website\"},\"datePublished\":\"2022-07-01T10:15:10+00:00\",\"dateModified\":\"2025-06-11T10:02:41+00:00\",\"description\":\"COATEEL\u00ae este rezultatul capacit\u0103\u021bii de inovare, competen\u021bei \u0219i flexibilit\u0103\u021bii produc\u021biei, pentru a r\u0103spunde rapid nevoilor clien\u021bilor.\",\"breadcrumb\":{\"@id\":\"https:\\\/\\\/coateel.it\\\/ro\\\/generala-produs\\\/#breadcrumb\"},\"inLanguage\":\"ro-RO\",\"potentialAction\":[{\"@type\":\"ReadAction\",\"target\":[\"https:\\\/\\\/coateel.it\\\/ro\\\/generala-produs\\\/\"]}]},{\"@type\":\"BreadcrumbList\",\"@id\":\"https:\\\/\\\/coateel.it\\\/ro\\\/generala-produs\\\/#breadcrumb\",\"itemListElement\":[{\"@type\":\"ListItem\",\"position\":1,\"name\":\"Home\",\"item\":\"https:\\\/\\\/coateel.it\\\/ro\\\/\"},{\"@type\":\"ListItem\",\"position\":2,\"name\":\"Coateel &#8211; Gamma produttiva &#8211; RO\"}]},{\"@type\":\"WebSite\",\"@id\":\"https:\\\/\\\/coateel.it\\\/ro\\\/#website\",\"url\":\"https:\\\/\\\/coateel.it\\\/ro\\\/\",\"name\":\"Marcegaglia Coateel\",\"description\":\"Our colors, your life\",\"publisher\":{\"@id\":\"https:\\\/\\\/coateel.it\\\/ro\\\/#organization\"},\"potentialAction\":[{\"@type\":\"SearchAction\",\"target\":{\"@type\":\"EntryPoint\",\"urlTemplate\":\"https:\\\/\\\/coateel.it\\\/ro\\\/?s={search_term_string}\"},\"query-input\":{\"@type\":\"PropertyValueSpecification\",\"valueRequired\":true,\"valueName\":\"search_term_string\"}}],\"inLanguage\":\"ro-RO\"},{\"@type\":\"Organization\",\"@id\":\"https:\\\/\\\/coateel.it\\\/ro\\\/#organization\",\"name\":\"Marcegaglia Coateel\",\"alternateName\":\"Coateel\",\"url\":\"https:\\\/\\\/coateel.it\\\/ro\\\/\",\"logo\":{\"@type\":\"ImageObject\",\"inLanguage\":\"ro-RO\",\"@id\":\"https:\\\/\\\/coateel.it\\\/ro\\\/#\\\/schema\\\/logo\\\/image\\\/\",\"url\":\"https:\\\/\\\/coateel.it\\\/wp-content\\\/uploads\\\/2023\\\/08\\\/favicon_marcegaglia-carbon-steel_512x512.jpg\",\"contentUrl\":\"https:\\\/\\\/coateel.it\\\/wp-content\\\/uploads\\\/2023\\\/08\\\/favicon_marcegaglia-carbon-steel_512x512.jpg\",\"width\":512,\"height\":512,\"caption\":\"Marcegaglia Coateel\"},\"image\":{\"@id\":\"https:\\\/\\\/coateel.it\\\/ro\\\/#\\\/schema\\\/logo\\\/image\\\/\"}}]}<\/script>\n<!-- \/ Yoast SEO plugin. -->","yoast_head_json":{"title":"Acoperirea perfect\u0103 pentru necesit\u0103\u021bile dvs | Marcegaglia Coateel\u00ae","description":"COATEEL\u00ae este rezultatul capacit\u0103\u021bii de inovare, competen\u021bei \u0219i flexibilit\u0103\u021bii produc\u021biei, pentru a r\u0103spunde rapid nevoilor clien\u021bilor.","robots":{"index":"index","follow":"follow","max-snippet":"max-snippet:-1","max-image-preview":"max-image-preview:large","max-video-preview":"max-video-preview:-1"},"canonical":"https:\/\/coateel.it\/ro\/generala-produs\/","og_locale":"ro_RO","og_type":"article","og_title":"Acoperirea perfect\u0103 pentru necesit\u0103\u021bile dvs | Marcegaglia Coateel\u00ae","og_description":"COATEEL\u00ae este rezultatul capacit\u0103\u021bii de inovare, competen\u021bei \u0219i flexibilit\u0103\u021bii produc\u021biei, pentru a r\u0103spunde rapid nevoilor clien\u021bilor.","og_url":"https:\/\/coateel.it\/ro\/generala-produs\/","og_site_name":"Marcegaglia Coateel","article_modified_time":"2025-06-11T10:02:41+00:00","og_image":[{"width":1200,"height":675,"url":"https:\/\/coateel.it\/wp-content\/uploads\/2024\/03\/Marcegaglia-Coateel-yoast.jpg","type":"image\/jpeg"}],"twitter_card":"summary_large_image","twitter_misc":{"Timp estimat pentru citire":"3 minute"},"schema":{"@context":"https:\/\/schema.org","@graph":[{"@type":"WebPage","@id":"https:\/\/coateel.it\/ro\/generala-produs\/","url":"https:\/\/coateel.it\/ro\/generala-produs\/","name":"Acoperirea perfect\u0103 pentru necesit\u0103\u021bile dvs | Marcegaglia Coateel\u00ae","isPartOf":{"@id":"https:\/\/coateel.it\/ro\/#website"},"datePublished":"2022-07-01T10:15:10+00:00","dateModified":"2025-06-11T10:02:41+00:00","description":"COATEEL\u00ae este rezultatul capacit\u0103\u021bii de inovare, competen\u021bei \u0219i flexibilit\u0103\u021bii produc\u021biei, pentru a r\u0103spunde rapid nevoilor clien\u021bilor.","breadcrumb":{"@id":"https:\/\/coateel.it\/ro\/generala-produs\/#breadcrumb"},"inLanguage":"ro-RO","potentialAction":[{"@type":"ReadAction","target":["https:\/\/coateel.it\/ro\/generala-produs\/"]}]},{"@type":"BreadcrumbList","@id":"https:\/\/coateel.it\/ro\/generala-produs\/#breadcrumb","itemListElement":[{"@type":"ListItem","position":1,"name":"Home","item":"https:\/\/coateel.it\/ro\/"},{"@type":"ListItem","position":2,"name":"Coateel &#8211; Gamma produttiva &#8211; RO"}]},{"@type":"WebSite","@id":"https:\/\/coateel.it\/ro\/#website","url":"https:\/\/coateel.it\/ro\/","name":"Marcegaglia Coateel","description":"Our colors, your life","publisher":{"@id":"https:\/\/coateel.it\/ro\/#organization"},"potentialAction":[{"@type":"SearchAction","target":{"@type":"EntryPoint","urlTemplate":"https:\/\/coateel.it\/ro\/?s={search_term_string}"},"query-input":{"@type":"PropertyValueSpecification","valueRequired":true,"valueName":"search_term_string"}}],"inLanguage":"ro-RO"},{"@type":"Organization","@id":"https:\/\/coateel.it\/ro\/#organization","name":"Marcegaglia Coateel","alternateName":"Coateel","url":"https:\/\/coateel.it\/ro\/","logo":{"@type":"ImageObject","inLanguage":"ro-RO","@id":"https:\/\/coateel.it\/ro\/#\/schema\/logo\/image\/","url":"https:\/\/coateel.it\/wp-content\/uploads\/2023\/08\/favicon_marcegaglia-carbon-steel_512x512.jpg","contentUrl":"https:\/\/coateel.it\/wp-content\/uploads\/2023\/08\/favicon_marcegaglia-carbon-steel_512x512.jpg","width":512,"height":512,"caption":"Marcegaglia Coateel"},"image":{"@id":"https:\/\/coateel.it\/ro\/#\/schema\/logo\/image\/"}}]}},"_links":{"self":[{"href":"https:\/\/coateel.it\/ro\/wp-json\/wp\/v2\/pages\/22434","targetHints":{"allow":["GET"]}}],"collection":[{"href":"https:\/\/coateel.it\/ro\/wp-json\/wp\/v2\/pages"}],"about":[{"href":"https:\/\/coateel.it\/ro\/wp-json\/wp\/v2\/types\/page"}],"author":[{"embeddable":true,"href":"https:\/\/coateel.it\/ro\/wp-json\/wp\/v2\/users\/1"}],"replies":[{"embeddable":true,"href":"https:\/\/coateel.it\/ro\/wp-json\/wp\/v2\/comments?post=22434"}],"version-history":[{"count":7,"href":"https:\/\/coateel.it\/ro\/wp-json\/wp\/v2\/pages\/22434\/revisions"}],"predecessor-version":[{"id":24009,"href":"https:\/\/coateel.it\/ro\/wp-json\/wp\/v2\/pages\/22434\/revisions\/24009"}],"wp:attachment":[{"href":"https:\/\/coateel.it\/ro\/wp-json\/wp\/v2\/media?parent=22434"}],"curies":[{"name":"wp","href":"https:\/\/api.w.org\/{rel}","templated":true}]}}