{"id":22500,"date":"2022-10-24T16:02:05","date_gmt":"2022-10-24T16:02:05","guid":{"rendered":"https:\/\/coateel.it\/prodotti-piani-in-acciaio-preverniciato-stoccaggio-e-movimentazione\/"},"modified":"2023-01-17T11:14:18","modified_gmt":"2023-01-17T11:14:18","slug":"depozitare-si-manipulare","status":"publish","type":"page","link":"https:\/\/coateel.it\/ro\/depozitare-si-manipulare\/","title":{"rendered":"Stoccaggio e Movimentazione &#8211; RO"},"content":{"rendered":"<div class=\"wpb-content-wrapper\"><p>[vc_row full_width=&#8221;stretch_row_content_no_spaces&#8221; css=&#8221;.vc_custom_1666627308796{margin-bottom: 2em !important;background-image: url(https:\/\/coateel.it\/wp-content\/uploads\/2022\/10\/Marcegaglia-carbon-steel-PPGI-pre-painted-products-storage-handling.jpg?id=19859) !important;background-position: center !important;background-repeat: no-repeat !important;background-size: cover !important;}&#8221; el_id=&#8221;desk&#8221;][vc_column css=&#8221;.vc_custom_1588591974425{padding-top: 10em !important;padding-bottom: 10em !important;background-position: center !important;background-repeat: no-repeat !important;background-size: cover !important;}&#8221; el_id=&#8221;desk&#8221; offset=&#8221;vc_hidden-sm vc_hidden-xs&#8221;][\/vc_column][\/vc_row][vc_row full_width=&#8221;stretch_row_content_no_spaces&#8221; css=&#8221;.vc_custom_1666627297539{margin-bottom: 2em !important;padding-top: 5em !important;padding-bottom: 5em !important;background-image: url(https:\/\/coateel.it\/wp-content\/uploads\/2022\/10\/Marcegaglia-carbon-steel-PPGI-pre-painted-products-storage-handling_1400x700.jpg?id=19862) !important;background-position: center !important;background-repeat: no-repeat !important;background-size: cover !important;}&#8221; el_id=&#8221;resp&#8221;][vc_column css=&#8221;.vc_custom_1588592239658{background-position: center !important;background-repeat: no-repeat !important;background-size: cover !important;}&#8221; el_id=&#8221;resp&#8221; offset=&#8221;vc_hidden-lg vc_hidden-md&#8221;][\/vc_column][\/vc_row][vc_row css=&#8221;.vc_custom_1607071455096{padding-bottom: 2em !important;}&#8221;][vc_column][vc_column_text]<\/p>\n<h2><span style=\"color: #609657;\">DEPOZITARE \u0218I MANIPULARE<\/span><\/h2>\n<p>[\/vc_column_text][vc_empty_space height=&#8221;20px&#8221;][vc_row_inner][vc_column_inner][vc_column_text]<\/p>\n<p class=\"testo\">Pentru a cre\u0219te durabilitatea \u0219i a asigura integritatea materialelor, este recomandat ca depozitarea \u0219i manipularea s\u0103 respecte c\u00e2teva <strong>indica\u021bii de baz\u0103<\/strong>.<\/p>\n<p>[\/vc_column_text][\/vc_column_inner][\/vc_row_inner][vc_empty_space height=&#8221;20px&#8221;][vc_row_inner][vc_column_inner width=&#8221;1\/2&#8243;][vc_column_text]<\/p>\n<p class=\"testo\"><span style=\"color: #d06d2c;\"><strong>DEPOZITARE<\/strong><\/span><\/p>\n<ul>\n<li class=\"testo\">Depozitare \u00een spa\u021bii \u00eenchise (recomandat): asigura\u021bi ventila\u021bia \u0219i o temperatur\u0103 moderat\u0103<\/li>\n<li class=\"testo\">Depozitare \u00een spa\u021bii exterioare: nu se recomand\u0103<\/li>\n<li class=\"testo\">Proteja\u021bi produsele de umiditate, vapori, ploaie \u0219i orice risc de condens<\/li>\n<li class=\"testo\">Evita\u021bi contactul sau expunerea la substan\u021be corozive (substan\u021be chimice, solven\u021bi, vapori toxici)<\/li>\n<li class=\"testo\">Depozitare pe termen lung: verificare sistematic\u0103 \u0219i periodic\u0103 a absen\u021bei umidit\u0103\u021bii<\/li>\n<li class=\"testo\">Asigura\u021bi cel pu\u021bin 15 cm de spa\u021biu liber \u00eentre baza de ambalare \u0219i sol pentru a asigura o bun\u0103 aerisire<\/li>\n<li class=\"testo\">Sprijini\u021bi piesele lungi cu blocuri suplimentare pozi\u021bionate la lungimi intermediare pentru a le preveni \u00eendoirea<\/li>\n<li class=\"testo\">Carcasa de plastic, dac\u0103 este utilizat\u0103, nu trebuie s\u0103 \u00eenveleasc\u0103 complet produsul<\/li>\n<li class=\"testo\">Foliile de protec\u021bie de pe suprafe\u021bele metalice trebuie \u00eendep\u0103rtate c\u00e2t mai cur\u00e2nd posibil \u0219i nu mai t\u00e2rziu de termenul indicat de produc\u0103tor (maxim 30 de zile, nu se aplic\u0103 rulourilor sau pachetelor)<\/li>\n<li class=\"testo\">Depozitare la sol: folosi\u021bi p\u00e2sl\u0103 de protec\u021bie, altern\u00e2nd laturile vopsite<br \/>\n(partea inferioar\u0103: latura posterioar\u0103 orientat\u0103 \u00een jos)<\/li>\n<\/ul>\n<p>[\/vc_column_text][\/vc_column_inner][vc_column_inner width=&#8221;1\/2&#8243;][vc_column_text]<\/p>\n<p class=\"testo\"><span style=\"color: #d06d2c;\"><strong>MANIPULARE<\/strong><\/span><\/p>\n<ul>\n<li class=\"testo\">C\u00e2nd manipula\u021bi produsul cu stivuitoare: utiliza\u021bi protec\u021bii pe furci<\/li>\n<li class=\"testo\">Manipularea manual\u0103 a pieselor lungi: trebuie s\u0103 fie implicate cel pu\u021bin dou\u0103 persoane, folosind m\u0103nu\u0219i curate \u0219i uscate<\/li>\n<li class=\"testo\">Mi\u0219care mecanic\u0103: utiliza\u021bi ventuz\u0103 pneumatic\u0103 sau magnetic\u0103<\/li>\n<\/ul>\n<p>[\/vc_column_text][\/vc_column_inner][\/vc_row_inner][\/vc_column][\/vc_row]<\/p>\n<\/div>","protected":false},"excerpt":{"rendered":"<p>[vc_column css=&#8221;.vc_custom_1588591974425{padding-top: 10em !important;padding-bottom: 10em !important;background-position: center &#8230; <\/p>\n","protected":false},"author":1,"featured_media":0,"parent":0,"menu_order":0,"comment_status":"closed","ping_status":"closed","template":"","meta":{"footnotes":""},"class_list":["post-22500","page","type-page","status-publish","hentry"],"yoast_head":"<!-- This site is optimized with the Yoast SEO plugin v27.5 - https:\/\/yoast.com\/product\/yoast-seo-wordpress\/ -->\n<title>depozitare \u0219i manipulare - Produse prevopsite | Marcegaglia Coateel\u00ae<\/title>\n<meta name=\"description\" content=\"C\u00e2teva indica\u021bii de baz\u0103 Marcegaglia Carbon Steel pentru a cre\u0219te durabilitatea \u0219i a asigura integritatea materialelor.\" \/>\n<meta name=\"robots\" content=\"index, follow, max-snippet:-1, max-image-preview:large, max-video-preview:-1\" \/>\n<link rel=\"canonical\" href=\"https:\/\/coateel.it\/ro\/depozitare-si-manipulare\/\" \/>\n<meta property=\"og:locale\" content=\"ro_RO\" \/>\n<meta property=\"og:type\" content=\"article\" \/>\n<meta property=\"og:title\" content=\"depozitare \u0219i manipulare - Produse prevopsite | Marcegaglia Coateel\u00ae\" \/>\n<meta property=\"og:description\" content=\"C\u00e2teva indica\u021bii de baz\u0103 Marcegaglia Carbon Steel pentru a cre\u0219te durabilitatea \u0219i a asigura integritatea materialelor.\" \/>\n<meta property=\"og:url\" content=\"https:\/\/coateel.it\/ro\/depozitare-si-manipulare\/\" \/>\n<meta property=\"og:site_name\" content=\"Marcegaglia Coateel\" \/>\n<meta property=\"article:modified_time\" content=\"2023-01-17T11:14:18+00:00\" \/>\n<meta property=\"og:image\" content=\"https:\/\/coateel.it\/wp-content\/uploads\/2024\/03\/Marcegaglia-Coateel-yoast.jpg\" \/>\n\t<meta property=\"og:image:width\" content=\"1200\" \/>\n\t<meta property=\"og:image:height\" content=\"675\" \/>\n\t<meta property=\"og:image:type\" content=\"image\/jpeg\" \/>\n<meta name=\"twitter:card\" content=\"summary_large_image\" \/>\n<meta name=\"twitter:label1\" content=\"Timp estimat pentru citire\" \/>\n\t<meta name=\"twitter:data1\" content=\"2 minute\" \/>\n<script type=\"application\/ld+json\" class=\"yoast-schema-graph\">{\"@context\":\"https:\\\/\\\/schema.org\",\"@graph\":[{\"@type\":\"WebPage\",\"@id\":\"https:\\\/\\\/coateel.it\\\/ro\\\/depozitare-si-manipulare\\\/\",\"url\":\"https:\\\/\\\/coateel.it\\\/ro\\\/depozitare-si-manipulare\\\/\",\"name\":\"depozitare \u0219i manipulare - Produse prevopsite | Marcegaglia Coateel\u00ae\",\"isPartOf\":{\"@id\":\"https:\\\/\\\/coateel.it\\\/ro\\\/#website\"},\"datePublished\":\"2022-10-24T16:02:05+00:00\",\"dateModified\":\"2023-01-17T11:14:18+00:00\",\"description\":\"C\u00e2teva indica\u021bii de baz\u0103 Marcegaglia Carbon Steel pentru a cre\u0219te durabilitatea \u0219i a asigura integritatea materialelor.\",\"breadcrumb\":{\"@id\":\"https:\\\/\\\/coateel.it\\\/ro\\\/depozitare-si-manipulare\\\/#breadcrumb\"},\"inLanguage\":\"ro-RO\",\"potentialAction\":[{\"@type\":\"ReadAction\",\"target\":[\"https:\\\/\\\/coateel.it\\\/ro\\\/depozitare-si-manipulare\\\/\"]}]},{\"@type\":\"BreadcrumbList\",\"@id\":\"https:\\\/\\\/coateel.it\\\/ro\\\/depozitare-si-manipulare\\\/#breadcrumb\",\"itemListElement\":[{\"@type\":\"ListItem\",\"position\":1,\"name\":\"Home\",\"item\":\"https:\\\/\\\/coateel.it\\\/ro\\\/\"},{\"@type\":\"ListItem\",\"position\":2,\"name\":\"Stoccaggio e Movimentazione &#8211; RO\"}]},{\"@type\":\"WebSite\",\"@id\":\"https:\\\/\\\/coateel.it\\\/ro\\\/#website\",\"url\":\"https:\\\/\\\/coateel.it\\\/ro\\\/\",\"name\":\"Marcegaglia Coateel\",\"description\":\"Our colors, your life\",\"publisher\":{\"@id\":\"https:\\\/\\\/coateel.it\\\/ro\\\/#organization\"},\"potentialAction\":[{\"@type\":\"SearchAction\",\"target\":{\"@type\":\"EntryPoint\",\"urlTemplate\":\"https:\\\/\\\/coateel.it\\\/ro\\\/?s={search_term_string}\"},\"query-input\":{\"@type\":\"PropertyValueSpecification\",\"valueRequired\":true,\"valueName\":\"search_term_string\"}}],\"inLanguage\":\"ro-RO\"},{\"@type\":\"Organization\",\"@id\":\"https:\\\/\\\/coateel.it\\\/ro\\\/#organization\",\"name\":\"Marcegaglia Coateel\",\"alternateName\":\"Coateel\",\"url\":\"https:\\\/\\\/coateel.it\\\/ro\\\/\",\"logo\":{\"@type\":\"ImageObject\",\"inLanguage\":\"ro-RO\",\"@id\":\"https:\\\/\\\/coateel.it\\\/ro\\\/#\\\/schema\\\/logo\\\/image\\\/\",\"url\":\"https:\\\/\\\/coateel.it\\\/wp-content\\\/uploads\\\/2023\\\/08\\\/favicon_marcegaglia-carbon-steel_512x512.jpg\",\"contentUrl\":\"https:\\\/\\\/coateel.it\\\/wp-content\\\/uploads\\\/2023\\\/08\\\/favicon_marcegaglia-carbon-steel_512x512.jpg\",\"width\":512,\"height\":512,\"caption\":\"Marcegaglia Coateel\"},\"image\":{\"@id\":\"https:\\\/\\\/coateel.it\\\/ro\\\/#\\\/schema\\\/logo\\\/image\\\/\"}}]}<\/script>\n<!-- \/ Yoast SEO plugin. -->","yoast_head_json":{"title":"depozitare \u0219i manipulare - Produse prevopsite | Marcegaglia Coateel\u00ae","description":"C\u00e2teva indica\u021bii de baz\u0103 Marcegaglia Carbon Steel pentru a cre\u0219te durabilitatea \u0219i a asigura integritatea materialelor.","robots":{"index":"index","follow":"follow","max-snippet":"max-snippet:-1","max-image-preview":"max-image-preview:large","max-video-preview":"max-video-preview:-1"},"canonical":"https:\/\/coateel.it\/ro\/depozitare-si-manipulare\/","og_locale":"ro_RO","og_type":"article","og_title":"depozitare \u0219i manipulare - Produse prevopsite | Marcegaglia Coateel\u00ae","og_description":"C\u00e2teva indica\u021bii de baz\u0103 Marcegaglia Carbon Steel pentru a cre\u0219te durabilitatea \u0219i a asigura integritatea materialelor.","og_url":"https:\/\/coateel.it\/ro\/depozitare-si-manipulare\/","og_site_name":"Marcegaglia Coateel","article_modified_time":"2023-01-17T11:14:18+00:00","og_image":[{"width":1200,"height":675,"url":"https:\/\/coateel.it\/wp-content\/uploads\/2024\/03\/Marcegaglia-Coateel-yoast.jpg","type":"image\/jpeg"}],"twitter_card":"summary_large_image","twitter_misc":{"Timp estimat pentru citire":"2 minute"},"schema":{"@context":"https:\/\/schema.org","@graph":[{"@type":"WebPage","@id":"https:\/\/coateel.it\/ro\/depozitare-si-manipulare\/","url":"https:\/\/coateel.it\/ro\/depozitare-si-manipulare\/","name":"depozitare \u0219i manipulare - Produse prevopsite | Marcegaglia Coateel\u00ae","isPartOf":{"@id":"https:\/\/coateel.it\/ro\/#website"},"datePublished":"2022-10-24T16:02:05+00:00","dateModified":"2023-01-17T11:14:18+00:00","description":"C\u00e2teva indica\u021bii de baz\u0103 Marcegaglia Carbon Steel pentru a cre\u0219te durabilitatea \u0219i a asigura integritatea materialelor.","breadcrumb":{"@id":"https:\/\/coateel.it\/ro\/depozitare-si-manipulare\/#breadcrumb"},"inLanguage":"ro-RO","potentialAction":[{"@type":"ReadAction","target":["https:\/\/coateel.it\/ro\/depozitare-si-manipulare\/"]}]},{"@type":"BreadcrumbList","@id":"https:\/\/coateel.it\/ro\/depozitare-si-manipulare\/#breadcrumb","itemListElement":[{"@type":"ListItem","position":1,"name":"Home","item":"https:\/\/coateel.it\/ro\/"},{"@type":"ListItem","position":2,"name":"Stoccaggio e Movimentazione &#8211; RO"}]},{"@type":"WebSite","@id":"https:\/\/coateel.it\/ro\/#website","url":"https:\/\/coateel.it\/ro\/","name":"Marcegaglia Coateel","description":"Our colors, your life","publisher":{"@id":"https:\/\/coateel.it\/ro\/#organization"},"potentialAction":[{"@type":"SearchAction","target":{"@type":"EntryPoint","urlTemplate":"https:\/\/coateel.it\/ro\/?s={search_term_string}"},"query-input":{"@type":"PropertyValueSpecification","valueRequired":true,"valueName":"search_term_string"}}],"inLanguage":"ro-RO"},{"@type":"Organization","@id":"https:\/\/coateel.it\/ro\/#organization","name":"Marcegaglia Coateel","alternateName":"Coateel","url":"https:\/\/coateel.it\/ro\/","logo":{"@type":"ImageObject","inLanguage":"ro-RO","@id":"https:\/\/coateel.it\/ro\/#\/schema\/logo\/image\/","url":"https:\/\/coateel.it\/wp-content\/uploads\/2023\/08\/favicon_marcegaglia-carbon-steel_512x512.jpg","contentUrl":"https:\/\/coateel.it\/wp-content\/uploads\/2023\/08\/favicon_marcegaglia-carbon-steel_512x512.jpg","width":512,"height":512,"caption":"Marcegaglia Coateel"},"image":{"@id":"https:\/\/coateel.it\/ro\/#\/schema\/logo\/image\/"}}]}},"_links":{"self":[{"href":"https:\/\/coateel.it\/ro\/wp-json\/wp\/v2\/pages\/22500","targetHints":{"allow":["GET"]}}],"collection":[{"href":"https:\/\/coateel.it\/ro\/wp-json\/wp\/v2\/pages"}],"about":[{"href":"https:\/\/coateel.it\/ro\/wp-json\/wp\/v2\/types\/page"}],"author":[{"embeddable":true,"href":"https:\/\/coateel.it\/ro\/wp-json\/wp\/v2\/users\/1"}],"replies":[{"embeddable":true,"href":"https:\/\/coateel.it\/ro\/wp-json\/wp\/v2\/comments?post=22500"}],"version-history":[{"count":3,"href":"https:\/\/coateel.it\/ro\/wp-json\/wp\/v2\/pages\/22500\/revisions"}],"predecessor-version":[{"id":22503,"href":"https:\/\/coateel.it\/ro\/wp-json\/wp\/v2\/pages\/22500\/revisions\/22503"}],"wp:attachment":[{"href":"https:\/\/coateel.it\/ro\/wp-json\/wp\/v2\/media?parent=22500"}],"curies":[{"name":"wp","href":"https:\/\/api.w.org\/{rel}","templated":true}]}}