{"id":22547,"date":"2021-02-12T10:42:22","date_gmt":"2021-02-12T10:42:22","guid":{"rendered":"https:\/\/coateel.it\/prodotti-piani-in-acciaio-preverniciato-imballi-standard-lamiere\/"},"modified":"2023-01-17T11:11:00","modified_gmt":"2023-01-17T11:11:00","slug":"produse-plate-prevopsite-ambalare-standard-tabla-foi","status":"publish","type":"page","link":"https:\/\/coateel.it\/ro\/produse-plate-prevopsite-ambalare-standard-tabla-foi\/","title":{"rendered":"Imballaggi standard &#8211; Lamiere preverniciati &#8211; RO"},"content":{"rendered":"<div class=\"wpb-content-wrapper\"><p>[vc_row full_width=&#8221;stretch_row_content_no_spaces&#8221; css=&#8221;.vc_custom_1656946584811{margin-bottom: 2em !important;background-image: url(https:\/\/coateel.it\/wp-content\/uploads\/2022\/07\/Marcegaglia-Coateel-standard-packaging-sheets-header.jpg?id=19321) !important;background-position: center !important;background-repeat: no-repeat !important;background-size: cover !important;}&#8221; el_id=&#8221;desk&#8221;][vc_column css=&#8221;.vc_custom_1588591974425{padding-top: 10em !important;padding-bottom: 10em !important;background-position: center !important;background-repeat: no-repeat !important;background-size: cover !important;}&#8221; el_id=&#8221;desk&#8221; offset=&#8221;vc_hidden-sm vc_hidden-xs&#8221;][\/vc_column][\/vc_row][vc_row full_width=&#8221;stretch_row_content_no_spaces&#8221; css=&#8221;.vc_custom_1656946598326{margin-bottom: 2em !important;padding-top: 5em !important;padding-bottom: 5em !important;background-image: url(https:\/\/coateel.it\/wp-content\/uploads\/2022\/07\/Marcegaglia-Coateel-standard-packaging-sheets-header-mobile.jpg?id=19319) !important;background-position: center !important;background-repeat: no-repeat !important;background-size: cover !important;}&#8221; el_id=&#8221;resp&#8221;][vc_column css=&#8221;.vc_custom_1588592239658{background-position: center !important;background-repeat: no-repeat !important;background-size: cover !important;}&#8221; el_id=&#8221;resp&#8221; offset=&#8221;vc_hidden-lg vc_hidden-md&#8221;][\/vc_column][\/vc_row][vc_row full_width=&#8221;stretch_row&#8221; css=&#8221;.vc_custom_1585049350308{margin-bottom: 2em !important;background-position: center !important;background-repeat: no-repeat !important;background-size: cover !important;}&#8221;][vc_column width=&#8221;1\/2&#8243;][vc_column_text]<\/p>\n<h2><span style=\"color: #609657;\">TABL\u0102 FOI PREVOPSITE<br \/>\n<span style=\"font-size: 16px;\">AMBALARE STANDARD<\/span><br \/>\n<\/span><\/h2>\n<p>[\/vc_column_text][vc_empty_space height=&#8221;20px&#8221;][vc_column_text]Marcegaglia ofer\u0103 o gam\u0103 larg\u0103 de <strong>ambalaje standard pentru<\/strong> produsele sale prevopsite.[\/vc_column_text][vc_empty_space height=&#8221;30&#8243;][vc_row_inner el_id=&#8221;resp&#8221; css=&#8221;.vc_custom_1594632999623{margin-bottom: 1em !important;}&#8221;][vc_column_inner width=&#8221;1\/3&#8243; offset=&#8221;vc_col-xs-4&#8243;][vc_single_image image=&#8221;22600&#8243; img_size=&#8221;30&#8243; alignment=&#8221;right&#8221; onclick=&#8221;custom_link&#8221; img_link_target=&#8221;_blank&#8221; link=&#8221;https:\/\/coateel.it\/wp-content\/uploads\/2022\/12\/Marcegaglia-Coateel-standard-packaging-sheets-RO.pdf&#8221;][\/vc_column_inner][vc_column_inner width=&#8221;2\/3&#8243; offset=&#8221;vc_col-xs-4&#8243;][vc_column_text css=&#8221;.vc_custom_1669991169940{margin-left: 0px !important;border-left-width: 0px !important;padding-left: 0px !important;}&#8221;]<span style=\"color: #609657;\">AMBALARE STANDARD &#8211; TABL\u0102 FOI<\/span>[\/vc_column_text][\/vc_column_inner][\/vc_row_inner][\/vc_column][vc_column width=&#8221;1\/2&#8243;][vc_empty_space height=&#8221;60&#8243;][vc_row_inner el_id=&#8221;desk&#8221;][vc_column_inner width=&#8221;1\/3&#8243;][vc_single_image image=&#8221;22600&#8243; img_size=&#8221;30&#8243; alignment=&#8221;right&#8221; onclick=&#8221;custom_link&#8221; img_link_target=&#8221;_blank&#8221; link=&#8221;https:\/\/coateel.it\/wp-content\/uploads\/2022\/12\/Marcegaglia-Coateel-standard-packaging-sheets-RO.pdf&#8221;][\/vc_column_inner][vc_column_inner width=&#8221;2\/3&#8243;][vc_column_text css=&#8221;.vc_custom_1669991159930{margin-left: 0px !important;border-left-width: 0px !important;padding-left: 0px !important;}&#8221;]<span style=\"color: #609657;\">AMBALARE STANDARD &#8211; TABL\u0102 FOI<\/span>[\/vc_column_text][\/vc_column_inner][\/vc_row_inner][\/vc_column][\/vc_row][vc_row][vc_column width=&#8221;1\/2&#8243;]<div id=\"cz_11254\" data-arrows='{\"open\":\"fa fa-angle-down\",\"close\":\"fa fa-angle-up\"}' class=\"cz_11254 cz_acc clr\"><div><div id=\"\"><span class=\"cz_acc_child\"><div>BL3 C<\/div><\/span><div class=\"cz_acc_child_content clr\">[vc_column_text]\u2022 Toate formatele<br \/>\n\u2022 Utilizarea de grinzi din lemn (minim 3)<br \/>\n\u2022 1 curea pe grind\u0103<br \/>\n\u2022 Unghi protec\u021bie pentru grosimi \u2264 2 mm; pentru grosime &gt; 2 mm, unghi protec\u021bie la cerere<br \/>\n\u2022 +C: utilizarea foliilor de h\u00e2rtie<br \/>\n\u2022 +M: utilizarea foliilor de h\u00e2rtie \u0219i a l\u0103zilor metalice pentru expediere maritim\u0103[\/vc_column_text]<\/div><\/div><div id=\"\"><span class=\"cz_acc_child\"><div>BL5 I<\/div><\/span><div class=\"cz_acc_child_content clr\">[vc_column_text]\u2022 Toate formatele<br \/>\n\u2022 Tabl\u0103 foi pe pale\u021bi<br \/>\n\u2022 Curele transversale (una pe fiecare grind\u0103 din palet) \u0219i curele longitudinale (cel pu\u021bin 1)<br \/>\n\u2022 Unghi protec\u021bie pentru toate grosimile<br \/>\n\u2022 +C: utilizarea foliilor de h\u00e2rtie<br \/>\n\u2022 +M: utilizarea foliilor de h\u00e2rtie \u0219i a l\u0103zilor metalice pentru expediere maritim\u0103[\/vc_column_text]<\/div><\/div><div id=\"\"><span class=\"cz_acc_child\"><div>BL5 P<\/div><\/span><div class=\"cz_acc_child_content clr\">[vc_column_text]\u2022 Toate formatele<br \/>\n\u2022 Tabl\u0103 foi pe pale\u021bi (palet standard Marcegaglia)<br \/>\n\u2022 Curele transversale (1 pe fiecare grind\u0103 din palet) protec\u021bii margine<br \/>\n\u2022 Unghi protec\u021bie pentru toate grosimile<br \/>\n\u2022 +C: utilizarea foliilor de h\u00e2rtie<br \/>\n\u2022 +M: utilizarea foliilor de h\u00e2rtie \u0219i a l\u0103zilor metalice pentru expediere maritim\u0103[\/vc_column_text]<\/div><\/div><div id=\"\"><span class=\"cz_acc_child\"><div>BL6<\/div><\/span><div class=\"cz_acc_child_content clr\">[vc_column_text]\u2022 Ambala\u021bi \u00een func\u021bie de designul specific al clientului[\/vc_column_text]<\/div><\/div><\/div><\/div>[\/vc_column][vc_column width=&#8221;1\/2&#8243;]<div id=\"cz_82666\" class=\"cz_82666 slick arrows_mlr no_dots arrows_inner\" data-slick='{\"selector\":\"\",\"slidesToShow\":1,\"slidesToScroll\":1,\"rows\":1,\"fade\":false,\"vertical\":false,\"verticalSwiping\":false,\"infinite\":true,\"speed\":1000,\"swipeToSlide\":true,\"centerMode\":false,\"centerPadding\":\"\",\"variableWidth\":false,\"autoplay\":true,\"autoplaySpeed\":4000,\"dots\":true,\"counts\":false,\"adaptiveHeight\":false,\"responsive\":[{\"breakpoint\":769,\"settings\":{\"slidesToShow\":1,\"slidesToScroll\":1,\"infinite\":true,\"touchMove\":true}},{\"breakpoint\":481,\"settings\":{\"slidesToShow\":1,\"slidesToScroll\":1,\"infinite\":true,\"touchMove\":true}}]}' data-slick-prev=\"fa fa-chevron-left\" data-slick-next=\"fa fa-chevron-right\">[vc_single_image image=&#8221;22556&#8243; img_size=&#8221;full&#8221;][vc_single_image image=&#8221;22557&#8243; img_size=&#8221;full&#8221;][vc_single_image image=&#8221;22551&#8243; img_size=&#8221;full&#8221;][vc_single_image image=&#8221;22552&#8243; img_size=&#8221;full&#8221;][vc_single_image image=&#8221;22553&#8243; img_size=&#8221;full&#8221;][vc_single_image image=&#8221;22558&#8243; img_size=&#8221;full&#8221;]<\/div><div><\/div>[vc_empty_space height=&#8221;30px&#8221;][\/vc_column][\/vc_row][vc_row][vc_column][vc_empty_space height=&#8221;50&#8243;][\/vc_column][\/vc_row]<\/p>\n<\/div>","protected":false},"excerpt":{"rendered":"<p>[vc_column css=&#8221;.vc_custom_1588591974425{padding-top: 10em !important;padding-bottom: 10em !important;background-position: center &#8230; <\/p>\n","protected":false},"author":1,"featured_media":0,"parent":0,"menu_order":0,"comment_status":"closed","ping_status":"closed","template":"","meta":{"footnotes":""},"class_list":["post-22547","page","type-page","status-publish","hentry"],"yoast_head":"<!-- This site is optimized with the Yoast SEO plugin v27.4 - https:\/\/yoast.com\/product\/yoast-seo-wordpress\/ -->\n<title>Ambalare standard - Tabl\u0103 foi prevopsite | Marcegaglia Coateel\u00ae<\/title>\n<meta name=\"description\" content=\"Marcegaglia Carbon Steel ofer\u0103 o gam\u0103 larg\u0103 de\u00a0ambalaje standard\u00a0pentru produsele sale prevopsite.\" \/>\n<meta name=\"robots\" content=\"index, follow, max-snippet:-1, max-image-preview:large, max-video-preview:-1\" \/>\n<link rel=\"canonical\" href=\"https:\/\/coateel.it\/ro\/produse-plate-prevopsite-ambalare-standard-tabla-foi\/\" \/>\n<meta property=\"og:locale\" content=\"ro_RO\" \/>\n<meta property=\"og:type\" content=\"article\" \/>\n<meta property=\"og:title\" content=\"Ambalare standard - Tabl\u0103 foi prevopsite | Marcegaglia Coateel\u00ae\" \/>\n<meta property=\"og:description\" content=\"Marcegaglia Carbon Steel ofer\u0103 o gam\u0103 larg\u0103 de\u00a0ambalaje standard\u00a0pentru produsele sale prevopsite.\" \/>\n<meta property=\"og:url\" content=\"https:\/\/coateel.it\/ro\/produse-plate-prevopsite-ambalare-standard-tabla-foi\/\" \/>\n<meta property=\"og:site_name\" content=\"Marcegaglia Coateel\" \/>\n<meta property=\"article:modified_time\" content=\"2023-01-17T11:11:00+00:00\" \/>\n<meta property=\"og:image\" content=\"https:\/\/coateel.it\/wp-content\/uploads\/2024\/03\/Marcegaglia-Coateel-yoast.jpg\" \/>\n\t<meta property=\"og:image:width\" content=\"1200\" \/>\n\t<meta property=\"og:image:height\" content=\"675\" \/>\n\t<meta property=\"og:image:type\" content=\"image\/jpeg\" \/>\n<meta name=\"twitter:card\" content=\"summary_large_image\" \/>\n<meta name=\"twitter:label1\" content=\"Timp estimat pentru citire\" \/>\n\t<meta name=\"twitter:data1\" content=\"2 minute\" \/>\n<script type=\"application\/ld+json\" class=\"yoast-schema-graph\">{\"@context\":\"https:\\\/\\\/schema.org\",\"@graph\":[{\"@type\":\"WebPage\",\"@id\":\"https:\\\/\\\/coateel.it\\\/ro\\\/produse-plate-prevopsite-ambalare-standard-tabla-foi\\\/\",\"url\":\"https:\\\/\\\/coateel.it\\\/ro\\\/produse-plate-prevopsite-ambalare-standard-tabla-foi\\\/\",\"name\":\"Ambalare standard - Tabl\u0103 foi prevopsite | Marcegaglia Coateel\u00ae\",\"isPartOf\":{\"@id\":\"https:\\\/\\\/coateel.it\\\/ro\\\/#website\"},\"datePublished\":\"2021-02-12T10:42:22+00:00\",\"dateModified\":\"2023-01-17T11:11:00+00:00\",\"description\":\"Marcegaglia Carbon Steel ofer\u0103 o gam\u0103 larg\u0103 de\u00a0ambalaje standard\u00a0pentru produsele sale prevopsite.\",\"breadcrumb\":{\"@id\":\"https:\\\/\\\/coateel.it\\\/ro\\\/produse-plate-prevopsite-ambalare-standard-tabla-foi\\\/#breadcrumb\"},\"inLanguage\":\"ro-RO\",\"potentialAction\":[{\"@type\":\"ReadAction\",\"target\":[\"https:\\\/\\\/coateel.it\\\/ro\\\/produse-plate-prevopsite-ambalare-standard-tabla-foi\\\/\"]}]},{\"@type\":\"BreadcrumbList\",\"@id\":\"https:\\\/\\\/coateel.it\\\/ro\\\/produse-plate-prevopsite-ambalare-standard-tabla-foi\\\/#breadcrumb\",\"itemListElement\":[{\"@type\":\"ListItem\",\"position\":1,\"name\":\"Home\",\"item\":\"https:\\\/\\\/coateel.it\\\/ro\\\/\"},{\"@type\":\"ListItem\",\"position\":2,\"name\":\"Imballaggi standard &#8211; Lamiere preverniciati &#8211; RO\"}]},{\"@type\":\"WebSite\",\"@id\":\"https:\\\/\\\/coateel.it\\\/ro\\\/#website\",\"url\":\"https:\\\/\\\/coateel.it\\\/ro\\\/\",\"name\":\"Marcegaglia Coateel\",\"description\":\"Our colors, your life\",\"publisher\":{\"@id\":\"https:\\\/\\\/coateel.it\\\/ro\\\/#organization\"},\"potentialAction\":[{\"@type\":\"SearchAction\",\"target\":{\"@type\":\"EntryPoint\",\"urlTemplate\":\"https:\\\/\\\/coateel.it\\\/ro\\\/?s={search_term_string}\"},\"query-input\":{\"@type\":\"PropertyValueSpecification\",\"valueRequired\":true,\"valueName\":\"search_term_string\"}}],\"inLanguage\":\"ro-RO\"},{\"@type\":\"Organization\",\"@id\":\"https:\\\/\\\/coateel.it\\\/ro\\\/#organization\",\"name\":\"Marcegaglia Coateel\",\"alternateName\":\"Coateel\",\"url\":\"https:\\\/\\\/coateel.it\\\/ro\\\/\",\"logo\":{\"@type\":\"ImageObject\",\"inLanguage\":\"ro-RO\",\"@id\":\"https:\\\/\\\/coateel.it\\\/ro\\\/#\\\/schema\\\/logo\\\/image\\\/\",\"url\":\"https:\\\/\\\/coateel.it\\\/wp-content\\\/uploads\\\/2023\\\/08\\\/favicon_marcegaglia-carbon-steel_512x512.jpg\",\"contentUrl\":\"https:\\\/\\\/coateel.it\\\/wp-content\\\/uploads\\\/2023\\\/08\\\/favicon_marcegaglia-carbon-steel_512x512.jpg\",\"width\":512,\"height\":512,\"caption\":\"Marcegaglia Coateel\"},\"image\":{\"@id\":\"https:\\\/\\\/coateel.it\\\/ro\\\/#\\\/schema\\\/logo\\\/image\\\/\"}}]}<\/script>\n<!-- \/ Yoast SEO plugin. -->","yoast_head_json":{"title":"Ambalare standard - Tabl\u0103 foi prevopsite | Marcegaglia Coateel\u00ae","description":"Marcegaglia Carbon Steel ofer\u0103 o gam\u0103 larg\u0103 de\u00a0ambalaje standard\u00a0pentru produsele sale prevopsite.","robots":{"index":"index","follow":"follow","max-snippet":"max-snippet:-1","max-image-preview":"max-image-preview:large","max-video-preview":"max-video-preview:-1"},"canonical":"https:\/\/coateel.it\/ro\/produse-plate-prevopsite-ambalare-standard-tabla-foi\/","og_locale":"ro_RO","og_type":"article","og_title":"Ambalare standard - Tabl\u0103 foi prevopsite | Marcegaglia Coateel\u00ae","og_description":"Marcegaglia Carbon Steel ofer\u0103 o gam\u0103 larg\u0103 de\u00a0ambalaje standard\u00a0pentru produsele sale prevopsite.","og_url":"https:\/\/coateel.it\/ro\/produse-plate-prevopsite-ambalare-standard-tabla-foi\/","og_site_name":"Marcegaglia Coateel","article_modified_time":"2023-01-17T11:11:00+00:00","og_image":[{"width":1200,"height":675,"url":"https:\/\/coateel.it\/wp-content\/uploads\/2024\/03\/Marcegaglia-Coateel-yoast.jpg","type":"image\/jpeg"}],"twitter_card":"summary_large_image","twitter_misc":{"Timp estimat pentru citire":"2 minute"},"schema":{"@context":"https:\/\/schema.org","@graph":[{"@type":"WebPage","@id":"https:\/\/coateel.it\/ro\/produse-plate-prevopsite-ambalare-standard-tabla-foi\/","url":"https:\/\/coateel.it\/ro\/produse-plate-prevopsite-ambalare-standard-tabla-foi\/","name":"Ambalare standard - Tabl\u0103 foi prevopsite | Marcegaglia Coateel\u00ae","isPartOf":{"@id":"https:\/\/coateel.it\/ro\/#website"},"datePublished":"2021-02-12T10:42:22+00:00","dateModified":"2023-01-17T11:11:00+00:00","description":"Marcegaglia Carbon Steel ofer\u0103 o gam\u0103 larg\u0103 de\u00a0ambalaje standard\u00a0pentru produsele sale prevopsite.","breadcrumb":{"@id":"https:\/\/coateel.it\/ro\/produse-plate-prevopsite-ambalare-standard-tabla-foi\/#breadcrumb"},"inLanguage":"ro-RO","potentialAction":[{"@type":"ReadAction","target":["https:\/\/coateel.it\/ro\/produse-plate-prevopsite-ambalare-standard-tabla-foi\/"]}]},{"@type":"BreadcrumbList","@id":"https:\/\/coateel.it\/ro\/produse-plate-prevopsite-ambalare-standard-tabla-foi\/#breadcrumb","itemListElement":[{"@type":"ListItem","position":1,"name":"Home","item":"https:\/\/coateel.it\/ro\/"},{"@type":"ListItem","position":2,"name":"Imballaggi standard &#8211; Lamiere preverniciati &#8211; RO"}]},{"@type":"WebSite","@id":"https:\/\/coateel.it\/ro\/#website","url":"https:\/\/coateel.it\/ro\/","name":"Marcegaglia Coateel","description":"Our colors, your life","publisher":{"@id":"https:\/\/coateel.it\/ro\/#organization"},"potentialAction":[{"@type":"SearchAction","target":{"@type":"EntryPoint","urlTemplate":"https:\/\/coateel.it\/ro\/?s={search_term_string}"},"query-input":{"@type":"PropertyValueSpecification","valueRequired":true,"valueName":"search_term_string"}}],"inLanguage":"ro-RO"},{"@type":"Organization","@id":"https:\/\/coateel.it\/ro\/#organization","name":"Marcegaglia Coateel","alternateName":"Coateel","url":"https:\/\/coateel.it\/ro\/","logo":{"@type":"ImageObject","inLanguage":"ro-RO","@id":"https:\/\/coateel.it\/ro\/#\/schema\/logo\/image\/","url":"https:\/\/coateel.it\/wp-content\/uploads\/2023\/08\/favicon_marcegaglia-carbon-steel_512x512.jpg","contentUrl":"https:\/\/coateel.it\/wp-content\/uploads\/2023\/08\/favicon_marcegaglia-carbon-steel_512x512.jpg","width":512,"height":512,"caption":"Marcegaglia Coateel"},"image":{"@id":"https:\/\/coateel.it\/ro\/#\/schema\/logo\/image\/"}}]}},"_links":{"self":[{"href":"https:\/\/coateel.it\/ro\/wp-json\/wp\/v2\/pages\/22547","targetHints":{"allow":["GET"]}}],"collection":[{"href":"https:\/\/coateel.it\/ro\/wp-json\/wp\/v2\/pages"}],"about":[{"href":"https:\/\/coateel.it\/ro\/wp-json\/wp\/v2\/types\/page"}],"author":[{"embeddable":true,"href":"https:\/\/coateel.it\/ro\/wp-json\/wp\/v2\/users\/1"}],"replies":[{"embeddable":true,"href":"https:\/\/coateel.it\/ro\/wp-json\/wp\/v2\/comments?post=22547"}],"version-history":[{"count":5,"href":"https:\/\/coateel.it\/ro\/wp-json\/wp\/v2\/pages\/22547\/revisions"}],"predecessor-version":[{"id":23159,"href":"https:\/\/coateel.it\/ro\/wp-json\/wp\/v2\/pages\/22547\/revisions\/23159"}],"wp:attachment":[{"href":"https:\/\/coateel.it\/ro\/wp-json\/wp\/v2\/media?parent=22547"}],"curies":[{"name":"wp","href":"https:\/\/api.w.org\/{rel}","templated":true}]}}