{"id":22904,"date":"2022-06-30T13:52:03","date_gmt":"2022-06-30T13:52:03","guid":{"rendered":"https:\/\/coateel.it\/sistema-verniciante-digital\/"},"modified":"2024-10-22T13:19:45","modified_gmt":"2024-10-22T13:19:45","slug":"sistemul-de-acoperire-digitale","status":"publish","type":"page","link":"https:\/\/coateel.it\/ro\/sistemul-de-acoperire-digitale\/","title":{"rendered":"Coateel &#8211; Sistema verniciante &#8211; Digital &#8211; RO"},"content":{"rendered":"<div class=\"wpb-content-wrapper\"><p>[vc_row full_width=&#8221;stretch_row_content_no_spaces&#8221; css=&#8221;.vc_custom_1729602970067{margin-bottom: 2em !important;background-position: center !important;background-repeat: no-repeat !important;background-size: cover !important;}&#8221; el_id=&#8221;desk&#8221;][vc_column css=&#8221;.vc_custom_1588591974425{padding-top: 10em !important;padding-bottom: 10em !important;background-position: center !important;background-repeat: no-repeat !important;background-size: cover !important;}&#8221; el_id=&#8221;desk&#8221; offset=&#8221;vc_hidden-sm vc_hidden-xs&#8221;][\/vc_column][\/vc_row][vc_row full_width=&#8221;stretch_row_content_no_spaces&#8221; css=&#8221;.vc_custom_1729602986010{margin-bottom: 2em !important;padding-top: 5em !important;padding-bottom: 5em !important;background-image: url(https:\/\/coateel.it\/wp-content\/uploads\/2024\/10\/Marcegaglia-Coateel-digital-coating-system-header-mobile.jpg?id=23698) !important;background-position: center !important;background-repeat: no-repeat !important;background-size: cover !important;}&#8221; el_id=&#8221;resp&#8221;][vc_column css=&#8221;.vc_custom_1588592239658{background-position: center !important;background-repeat: no-repeat !important;background-size: cover !important;}&#8221; el_id=&#8221;resp&#8221; offset=&#8221;vc_hidden-lg vc_hidden-md&#8221;][\/vc_column][\/vc_row][vc_row full_width=&#8221;stretch_row&#8221; css=&#8221;.vc_custom_1585049350308{margin-bottom: 2em !important;background-position: center !important;background-repeat: no-repeat !important;background-size: cover !important;}&#8221;][vc_column width=&#8221;1\/2&#8243; css=&#8221;.vc_custom_1656515777122{margin-right: 500px !important;}&#8221;][vc_column_text]<\/p>\n<h2><span style=\"color: #d06d2c;\">SISTEMUL DE ACOPERIRE DIGITALE<\/span><\/h2>\n<p>[\/vc_column_text][vc_empty_space height=&#8221;30px&#8221;][vc_column_text]<strong>SOLU\u021aIE CARE PERMITE PERSONALIZARE COMPLET\u0102<\/strong><br \/>\nDate fiind tendin\u021bele manifestate de pia\u021b\u0103 \u00een direc\u021bia <strong>personaliz\u0103rii <\/strong>produselor, am creat o <strong>solu\u021bie <\/strong>high-tech <strong>inovatoare<\/strong> care integreaz\u0103 <strong>imprimarea digital\u0103<\/strong> \u00een prelucrarea continu\u0103 a rulourilor din o\u021bel la <strong>scar\u0103 larg\u0103<\/strong>.<\/p>\n<p><strong><span style=\"color: #d06d2c;\">CROMATICA<\/span><\/strong> este cea mai recent\u0103 etap\u0103 de dezvoltare a COATEEL<sup>\u00ae<\/sup>, care duce la <strong>personalizarea complet\u0103 a suprafe\u021bei<\/strong> \u0219i a aspectului senzorial al o\u021belului, pentru a da curs oric\u0103rei cerin\u021be izvor\u00e2te din imagina\u021bie, ceea ce apropie universul o\u021belului mai mult de arhitectur\u0103 \u0219i design.[\/vc_column_text][vc_empty_space height=&#8221;30px&#8221;][vc_row_inner][vc_column_inner width=&#8221;1\/2&#8243;][vc_column_text]<span style=\"font-size: 10px;\"><a href=\"https:\/\/coateel.it\/wp-content\/uploads\/2022\/12\/Marcegaglia-Coateel-digital-coating-system-CPMD-RO.pdf\" target=\"_blank\" rel=\"noopener\"><img decoding=\"async\" class=\"alignnone wp-image-18998 size-full\" src=\"https:\/\/coateel.it\/wp-content\/uploads\/2022\/06\/CMPD-cromatica-icona.png\" alt=\"\" width=\"62\" height=\"81\" \/><\/a><span style=\"font-size: 11px;\">DESCARC\u0102 FI\u0218A TEHNIC\u0102<\/span><br \/>\n<\/span>[\/vc_column_text][\/vc_column_inner][vc_column_inner width=&#8221;1\/2&#8243;][vc_empty_space height=&#8221;40px&#8221;][vc_column_text]<span style=\"font-size: 10px;\"><a href=\"https:\/\/cromatica.marcegaglia.com\/en\/home-2\/\" target=\"_blank\" rel=\"noopener\"><strong><span style=\"color: #d06d2c; font-size: 12px;\"><img decoding=\"async\" class=\"alignnone size-full wp-image-19010\" src=\"https:\/\/coateel.it\/wp-content\/uploads\/2022\/06\/website-icona-1.png\" alt=\"\" width=\"40\" height=\"40\" \/><\/span><\/strong><\/a><span style=\"color: #d06d2c; font-size: 11px;\">VIZITEAZ\u0102 SITE-UL<\/span><br \/>\n<\/span>[\/vc_column_text][\/vc_column_inner][\/vc_row_inner][\/vc_column][vc_column width=&#8221;1\/2&#8243;][vc_empty_space height=&#8221;60&#8243;][vc_single_image image=&#8221;23442&#8243; img_size=&#8221;full&#8221; alignment=&#8221;center&#8221; onclick=&#8221;custom_link&#8221;][vc_empty_space height=&#8221;30&#8243;][vc_single_image image=&#8221;22912&#8243; img_size=&#8221;full&#8221; alignment=&#8221;center&#8221;][\/vc_column][\/vc_row][vc_row][vc_column width=&#8221;1\/2&#8243;][vc_single_image image=&#8221;22913&#8243; img_size=&#8221;full&#8221;][\/vc_column][vc_column width=&#8221;1\/2&#8243;][vc_empty_space][vc_images_carousel images=&#8221;23345,22918,22917,23652,23659,23331,23673,23680&#8243; img_size=&#8221;377&#215;218&#8243; onclick=&#8221;link_no&#8221; autoplay=&#8221;yes&#8221; hide_pagination_control=&#8221;yes&#8221; wrap=&#8221;yes&#8221; el_id=&#8221;slider_coateel&#8221;][\/vc_column][\/vc_row][vc_row][vc_column][vc_single_image image=&#8221;23645&#8243; img_size=&#8221;full&#8221;][\/vc_column][\/vc_row]<\/p>\n<\/div>","protected":false},"excerpt":{"rendered":"<p>[vc_column css=&#8221;.vc_custom_1588591974425{padding-top: 10em !important;padding-bottom: 10em !important;background-position: center !important;background-repeat: no-repeat &#8230; <\/p>\n","protected":false},"author":1,"featured_media":0,"parent":0,"menu_order":0,"comment_status":"closed","ping_status":"closed","template":"","meta":{"footnotes":""},"class_list":["post-22904","page","type-page","status-publish","hentry"],"yoast_head":"<!-- This site is optimized with the Yoast SEO plugin v27.5 - https:\/\/yoast.com\/product\/yoast-seo-wordpress\/ -->\n<title>Sistemul de acoperire digitale | Marcegaglia Coateel\u00ae<\/title>\n<meta name=\"description\" content=\"O solu\u021bie high-tech inovatoare care integreaz\u0103 imprimarea digital\u0103 \u00een prelucrarea continu\u0103 a rulourilor din o\u021bel la scar\u0103 larg\u0103.\" \/>\n<meta name=\"robots\" content=\"index, follow, max-snippet:-1, max-image-preview:large, max-video-preview:-1\" \/>\n<link rel=\"canonical\" href=\"https:\/\/coateel.it\/ro\/sistemul-de-acoperire-digitale\/\" \/>\n<meta property=\"og:locale\" content=\"ro_RO\" \/>\n<meta property=\"og:type\" content=\"article\" \/>\n<meta property=\"og:title\" content=\"Sistemul de acoperire digitale | Marcegaglia Coateel\u00ae\" \/>\n<meta property=\"og:description\" content=\"O solu\u021bie high-tech inovatoare care integreaz\u0103 imprimarea digital\u0103 \u00een prelucrarea continu\u0103 a rulourilor din o\u021bel la scar\u0103 larg\u0103.\" \/>\n<meta property=\"og:url\" content=\"https:\/\/coateel.it\/ro\/sistemul-de-acoperire-digitale\/\" \/>\n<meta property=\"og:site_name\" content=\"Marcegaglia Coateel\" \/>\n<meta property=\"article:modified_time\" content=\"2024-10-22T13:19:45+00:00\" \/>\n<meta property=\"og:image\" content=\"https:\/\/coateel.it\/wp-content\/uploads\/2022\/06\/CMPD-cromatica-icona.png\" \/>\n<meta name=\"twitter:card\" content=\"summary_large_image\" \/>\n<meta name=\"twitter:label1\" content=\"Timp estimat pentru citire\" \/>\n\t<meta name=\"twitter:data1\" content=\"2 minute\" \/>\n<script type=\"application\/ld+json\" class=\"yoast-schema-graph\">{\"@context\":\"https:\\\/\\\/schema.org\",\"@graph\":[{\"@type\":\"WebPage\",\"@id\":\"https:\\\/\\\/coateel.it\\\/ro\\\/sistemul-de-acoperire-digitale\\\/\",\"url\":\"https:\\\/\\\/coateel.it\\\/ro\\\/sistemul-de-acoperire-digitale\\\/\",\"name\":\"Sistemul de acoperire digitale | Marcegaglia Coateel\u00ae\",\"isPartOf\":{\"@id\":\"https:\\\/\\\/coateel.it\\\/ro\\\/#website\"},\"primaryImageOfPage\":{\"@id\":\"https:\\\/\\\/coateel.it\\\/ro\\\/sistemul-de-acoperire-digitale\\\/#primaryimage\"},\"image\":{\"@id\":\"https:\\\/\\\/coateel.it\\\/ro\\\/sistemul-de-acoperire-digitale\\\/#primaryimage\"},\"thumbnailUrl\":\"https:\\\/\\\/coateel.it\\\/wp-content\\\/uploads\\\/2022\\\/06\\\/CMPD-cromatica-icona.png\",\"datePublished\":\"2022-06-30T13:52:03+00:00\",\"dateModified\":\"2024-10-22T13:19:45+00:00\",\"description\":\"O solu\u021bie high-tech inovatoare care integreaz\u0103 imprimarea digital\u0103 \u00een prelucrarea continu\u0103 a rulourilor din o\u021bel la scar\u0103 larg\u0103.\",\"breadcrumb\":{\"@id\":\"https:\\\/\\\/coateel.it\\\/ro\\\/sistemul-de-acoperire-digitale\\\/#breadcrumb\"},\"inLanguage\":\"ro-RO\",\"potentialAction\":[{\"@type\":\"ReadAction\",\"target\":[\"https:\\\/\\\/coateel.it\\\/ro\\\/sistemul-de-acoperire-digitale\\\/\"]}]},{\"@type\":\"ImageObject\",\"inLanguage\":\"ro-RO\",\"@id\":\"https:\\\/\\\/coateel.it\\\/ro\\\/sistemul-de-acoperire-digitale\\\/#primaryimage\",\"url\":\"https:\\\/\\\/coateel.it\\\/wp-content\\\/uploads\\\/2022\\\/06\\\/CMPD-cromatica-icona.png\",\"contentUrl\":\"https:\\\/\\\/coateel.it\\\/wp-content\\\/uploads\\\/2022\\\/06\\\/CMPD-cromatica-icona.png\"},{\"@type\":\"BreadcrumbList\",\"@id\":\"https:\\\/\\\/coateel.it\\\/ro\\\/sistemul-de-acoperire-digitale\\\/#breadcrumb\",\"itemListElement\":[{\"@type\":\"ListItem\",\"position\":1,\"name\":\"Home\",\"item\":\"https:\\\/\\\/coateel.it\\\/ro\\\/\"},{\"@type\":\"ListItem\",\"position\":2,\"name\":\"Coateel &#8211; Sistema verniciante &#8211; Digital &#8211; RO\"}]},{\"@type\":\"WebSite\",\"@id\":\"https:\\\/\\\/coateel.it\\\/ro\\\/#website\",\"url\":\"https:\\\/\\\/coateel.it\\\/ro\\\/\",\"name\":\"Marcegaglia Coateel\",\"description\":\"Our colors, your life\",\"publisher\":{\"@id\":\"https:\\\/\\\/coateel.it\\\/ro\\\/#organization\"},\"potentialAction\":[{\"@type\":\"SearchAction\",\"target\":{\"@type\":\"EntryPoint\",\"urlTemplate\":\"https:\\\/\\\/coateel.it\\\/ro\\\/?s={search_term_string}\"},\"query-input\":{\"@type\":\"PropertyValueSpecification\",\"valueRequired\":true,\"valueName\":\"search_term_string\"}}],\"inLanguage\":\"ro-RO\"},{\"@type\":\"Organization\",\"@id\":\"https:\\\/\\\/coateel.it\\\/ro\\\/#organization\",\"name\":\"Marcegaglia Coateel\",\"alternateName\":\"Coateel\",\"url\":\"https:\\\/\\\/coateel.it\\\/ro\\\/\",\"logo\":{\"@type\":\"ImageObject\",\"inLanguage\":\"ro-RO\",\"@id\":\"https:\\\/\\\/coateel.it\\\/ro\\\/#\\\/schema\\\/logo\\\/image\\\/\",\"url\":\"https:\\\/\\\/coateel.it\\\/wp-content\\\/uploads\\\/2023\\\/08\\\/favicon_marcegaglia-carbon-steel_512x512.jpg\",\"contentUrl\":\"https:\\\/\\\/coateel.it\\\/wp-content\\\/uploads\\\/2023\\\/08\\\/favicon_marcegaglia-carbon-steel_512x512.jpg\",\"width\":512,\"height\":512,\"caption\":\"Marcegaglia Coateel\"},\"image\":{\"@id\":\"https:\\\/\\\/coateel.it\\\/ro\\\/#\\\/schema\\\/logo\\\/image\\\/\"}}]}<\/script>\n<!-- \/ Yoast SEO plugin. -->","yoast_head_json":{"title":"Sistemul de acoperire digitale | Marcegaglia Coateel\u00ae","description":"O solu\u021bie high-tech inovatoare care integreaz\u0103 imprimarea digital\u0103 \u00een prelucrarea continu\u0103 a rulourilor din o\u021bel la scar\u0103 larg\u0103.","robots":{"index":"index","follow":"follow","max-snippet":"max-snippet:-1","max-image-preview":"max-image-preview:large","max-video-preview":"max-video-preview:-1"},"canonical":"https:\/\/coateel.it\/ro\/sistemul-de-acoperire-digitale\/","og_locale":"ro_RO","og_type":"article","og_title":"Sistemul de acoperire digitale | Marcegaglia Coateel\u00ae","og_description":"O solu\u021bie high-tech inovatoare care integreaz\u0103 imprimarea digital\u0103 \u00een prelucrarea continu\u0103 a rulourilor din o\u021bel la scar\u0103 larg\u0103.","og_url":"https:\/\/coateel.it\/ro\/sistemul-de-acoperire-digitale\/","og_site_name":"Marcegaglia Coateel","article_modified_time":"2024-10-22T13:19:45+00:00","og_image":[{"url":"https:\/\/coateel.it\/wp-content\/uploads\/2022\/06\/CMPD-cromatica-icona.png","type":"","width":"","height":""}],"twitter_card":"summary_large_image","twitter_misc":{"Timp estimat pentru citire":"2 minute"},"schema":{"@context":"https:\/\/schema.org","@graph":[{"@type":"WebPage","@id":"https:\/\/coateel.it\/ro\/sistemul-de-acoperire-digitale\/","url":"https:\/\/coateel.it\/ro\/sistemul-de-acoperire-digitale\/","name":"Sistemul de acoperire digitale | Marcegaglia Coateel\u00ae","isPartOf":{"@id":"https:\/\/coateel.it\/ro\/#website"},"primaryImageOfPage":{"@id":"https:\/\/coateel.it\/ro\/sistemul-de-acoperire-digitale\/#primaryimage"},"image":{"@id":"https:\/\/coateel.it\/ro\/sistemul-de-acoperire-digitale\/#primaryimage"},"thumbnailUrl":"https:\/\/coateel.it\/wp-content\/uploads\/2022\/06\/CMPD-cromatica-icona.png","datePublished":"2022-06-30T13:52:03+00:00","dateModified":"2024-10-22T13:19:45+00:00","description":"O solu\u021bie high-tech inovatoare care integreaz\u0103 imprimarea digital\u0103 \u00een prelucrarea continu\u0103 a rulourilor din o\u021bel la scar\u0103 larg\u0103.","breadcrumb":{"@id":"https:\/\/coateel.it\/ro\/sistemul-de-acoperire-digitale\/#breadcrumb"},"inLanguage":"ro-RO","potentialAction":[{"@type":"ReadAction","target":["https:\/\/coateel.it\/ro\/sistemul-de-acoperire-digitale\/"]}]},{"@type":"ImageObject","inLanguage":"ro-RO","@id":"https:\/\/coateel.it\/ro\/sistemul-de-acoperire-digitale\/#primaryimage","url":"https:\/\/coateel.it\/wp-content\/uploads\/2022\/06\/CMPD-cromatica-icona.png","contentUrl":"https:\/\/coateel.it\/wp-content\/uploads\/2022\/06\/CMPD-cromatica-icona.png"},{"@type":"BreadcrumbList","@id":"https:\/\/coateel.it\/ro\/sistemul-de-acoperire-digitale\/#breadcrumb","itemListElement":[{"@type":"ListItem","position":1,"name":"Home","item":"https:\/\/coateel.it\/ro\/"},{"@type":"ListItem","position":2,"name":"Coateel &#8211; Sistema verniciante &#8211; Digital &#8211; RO"}]},{"@type":"WebSite","@id":"https:\/\/coateel.it\/ro\/#website","url":"https:\/\/coateel.it\/ro\/","name":"Marcegaglia Coateel","description":"Our colors, your life","publisher":{"@id":"https:\/\/coateel.it\/ro\/#organization"},"potentialAction":[{"@type":"SearchAction","target":{"@type":"EntryPoint","urlTemplate":"https:\/\/coateel.it\/ro\/?s={search_term_string}"},"query-input":{"@type":"PropertyValueSpecification","valueRequired":true,"valueName":"search_term_string"}}],"inLanguage":"ro-RO"},{"@type":"Organization","@id":"https:\/\/coateel.it\/ro\/#organization","name":"Marcegaglia Coateel","alternateName":"Coateel","url":"https:\/\/coateel.it\/ro\/","logo":{"@type":"ImageObject","inLanguage":"ro-RO","@id":"https:\/\/coateel.it\/ro\/#\/schema\/logo\/image\/","url":"https:\/\/coateel.it\/wp-content\/uploads\/2023\/08\/favicon_marcegaglia-carbon-steel_512x512.jpg","contentUrl":"https:\/\/coateel.it\/wp-content\/uploads\/2023\/08\/favicon_marcegaglia-carbon-steel_512x512.jpg","width":512,"height":512,"caption":"Marcegaglia Coateel"},"image":{"@id":"https:\/\/coateel.it\/ro\/#\/schema\/logo\/image\/"}}]}},"_links":{"self":[{"href":"https:\/\/coateel.it\/ro\/wp-json\/wp\/v2\/pages\/22904","targetHints":{"allow":["GET"]}}],"collection":[{"href":"https:\/\/coateel.it\/ro\/wp-json\/wp\/v2\/pages"}],"about":[{"href":"https:\/\/coateel.it\/ro\/wp-json\/wp\/v2\/types\/page"}],"author":[{"embeddable":true,"href":"https:\/\/coateel.it\/ro\/wp-json\/wp\/v2\/users\/1"}],"replies":[{"embeddable":true,"href":"https:\/\/coateel.it\/ro\/wp-json\/wp\/v2\/comments?post=22904"}],"version-history":[{"count":5,"href":"https:\/\/coateel.it\/ro\/wp-json\/wp\/v2\/pages\/22904\/revisions"}],"predecessor-version":[{"id":23719,"href":"https:\/\/coateel.it\/ro\/wp-json\/wp\/v2\/pages\/22904\/revisions\/23719"}],"wp:attachment":[{"href":"https:\/\/coateel.it\/ro\/wp-json\/wp\/v2\/media?parent=22904"}],"curies":[{"name":"wp","href":"https:\/\/api.w.org\/{rel}","templated":true}]}}